



{"id":89,"date":"2023-08-28T13:39:27","date_gmt":"2023-08-28T13:39:27","guid":{"rendered":"https:\/\/flexdent.hu\/?page_id=89"},"modified":"2023-09-04T08:32:16","modified_gmt":"2023-09-04T08:32:16","slug":"blog","status":"publish","type":"page","link":"https:\/\/flexdent.hu\/en\/blog\/","title":{"rendered":"Blog"},"content":{"rendered":"<div data-elementor-type=\"wp-post\" data-elementor-id=\"89\" class=\"elementor elementor-89\" data-elementor-post-type=\"page\">\n\t\t\t\t<div class=\"elementor-element elementor-element-d5ebe33 e-flex e-con-boxed e-con e-parent\" data-id=\"d5ebe33\" data-element_type=\"container\" data-e-type=\"container\" data-settings=\"{&quot;background_background&quot;:&quot;classic&quot;}\">\n\t\t\t\t\t<div class=\"e-con-inner\">\n\t\t<div class=\"elementor-element elementor-element-c4642e5 e-con-full e-flex e-con e-child\" data-id=\"c4642e5\" data-element_type=\"container\" data-e-type=\"container\">\n\t\t\t\t<div class=\"elementor-element elementor-element-7da4f51 elementor-widget-mobile__width-auto elementor-widget elementor-widget-heading\" data-id=\"7da4f51\" data-element_type=\"widget\" data-e-type=\"widget\" data-widget_type=\"heading.default\">\n\t\t\t\t<div class=\"elementor-widget-container\">\n\t\t\t\t\t<div class=\"elementor-heading-title elementor-size-default\"><a href=\"https:\/\/flexdent.hu\/en\/blog\/\">Blog<\/a><\/div>\t\t\t\t<\/div>\n\t\t\t\t<\/div>\n\t\t\t\t<\/div>\n\t\t\t\t\t<\/div>\n\t\t\t\t<\/div>\n\t\t<div class=\"elementor-element elementor-element-e41684d e-flex e-con-boxed e-con e-parent\" data-id=\"e41684d\" data-element_type=\"container\" data-e-type=\"container\">\n\t\t\t\t\t<div class=\"e-con-inner\">\n\t\t\t\t<div class=\"elementor-element elementor-element-2759866 elementor-widget elementor-widget-ucaddon_flexdent_posts\" data-id=\"2759866\" data-element_type=\"widget\" data-e-type=\"widget\" data-widget_type=\"ucaddon_flexdent_posts.default\">\n\t\t\t\t<div class=\"elementor-widget-container\">\n\t\t\t\t\t<!-- start FlexDent Posts -->\n\t\t<link id='font-awesome-css' href='https:\/\/flexdent.hu\/wp-content\/plugins\/unlimited-elements-for-elementor-premium\/assets_libraries\/font-awesome5\/css\/fontawesome-all.min.css' type='text\/css' rel='stylesheet' >\n\t\t<link id='font-awesome-4-shim-css' href='https:\/\/flexdent.hu\/wp-content\/plugins\/unlimited-elements-for-elementor-premium\/assets_libraries\/font-awesome5\/css\/fontawesome-v4-shims.css' type='text\/css' rel='stylesheet' >\n\n\t\t\t<style type=\"text\/css\">\/* widget: FlexDent Posts *\/\n\n\n\n#uc_flexdent_posts_elementor_2759866.uc_post_grid_style_one .uc_post_grid_style_one_wrap {\n   display:grid;\n}\n\n\n#uc_flexdent_posts_elementor_2759866 .uc_post_grid_style_one_item\n{\n  overflow:hidden;\n  position:relative;\n}\n\n#uc_flexdent_posts_elementor_2759866 .uc_post_image\n{\n  transition:0.3s;\n  position:relative;\n  overflow:hidden;\n}\n\n#uc_flexdent_posts_elementor_2759866 .uc_post_image img\n{\n  width:100%;\n  display:block;\n  transition:0.3s;\n}\n\n\n\t\n\n\n\n\n\n\n#uc_flexdent_posts_elementor_2759866 .uc_post_image_overlay\n{\n  position:absolute;\n  top:0px;\n  left:0px;\n  height:100%;\n  width:100%;\n  transition:0.3s;\n}\n\n#uc_flexdent_posts_elementor_2759866 .uc_more_btn{\n\n  display:inline-block;\n  text-align:center;\n  text-decoration:none;\n  transition:0.3s;\n}\n\n.ue-grid-item-category a\n{\n  display:inline-block;\n  font-size:10px;\n  \n}\n\n.uc_post_title\n{\n  font-size:21px;\n}\n\n\n#uc_flexdent_posts_elementor_2759866 .ue_post_grid_item\n{\n  display:flex;\n  flex-direction:column;\n}\n\n#uc_flexdent_posts_elementor_2759866.uc_post_grid_style_one .uc_content{\n flex-grow:1;\n}\n\n#uc_flexdent_posts_elementor_2759866.uc_post_grid_style_one .uc_content > div\n{\n  height:100%;\n  display:flex;\n  flex-direction:column;\n}\n\n#uc_flexdent_posts_elementor_2759866 .uc_post_button\n{\n  margin-top:auto;\n}\n\n\n\n\n\n\n\n\n\n\n\n\n\n\n\n\n\n\n\n\n\n\n\n\n#uc_flexdent_posts_elementor_2759866 .ue-meta-data\n{\n  \n  display:flex;\n\n  flex-wrap: wrap;\n  line-height:1em;\n}\n\n#uc_flexdent_posts_elementor_2759866 .ue-grid-item-meta-data\n{\n      display:inline-flex;\n      align-items:center;\n}\n\n#uc_flexdent_posts_elementor_2759866 .ue-grid-item-meta-data a{\n  color:inherit;\n}\n\n.ue-grid-item-meta-data\n{\n  font-size:12px;\n}\n\n#uc_flexdent_posts_elementor_2759866 .ue-grid-item-meta-data-icon\n{\n  line-height:1em;\n}\n\n#uc_flexdent_posts_elementor_2759866 .ue-grid-item-meta-data-icon svg\n{\n  width:1em;\n  height:1em;\n}\n\n#uc_flexdent_posts_elementor_2759866 .ue-debug-meta\n{\n  padding:10px;\n  border:1px solid red;\n  position:relative;\n  line-height:1.5em;\n  font-size:11px;\n  width:100%;\n}\n\n#uc_flexdent_posts_elementor_2759866 .uc_btn_inner\n{\n  display:inline-flex;\n  align-items:center;\n}\n\n#uc_flexdent_posts_elementor_2759866 .uc_btn_inner svg\n{\n  width:1em;\n  height:1em;\n}\n\n\n\n\n\n<\/style>\n\n\t\t\t<div class=\"uc_post_grid_style_one\" id=\"uc_flexdent_posts_elementor_2759866\"  >\n\t\t<div class=\"uc_post_grid_style_one_wrap ue_post_grid uc-items-wrapper\">\n\t\t\t<div id=\"uc_flexdent_posts_elementor_2759866_item1\" class=\"uc_post_grid_style_one_item ue_post_grid_item ue-item\">\n  \n      <a class=\"uc_post_grid_style_one_image\" href='https:\/\/flexdent.hu\/en\/flexdent-sinter-laser\/' target=\"_self\">\n     <div class=\"uc_post_image\">\n     <img fetchpriority=\"high\" decoding=\"async\" src=\"https:\/\/flexdent.hu\/wp-content\/uploads\/2023\/09\/FlexDent-Sinter-Laser-01.jpg\"  alt=\"FlexDent-Sinter-Laser-01\" width=\"500\" height=\"400\">\n     <div class=\"uc_post_image_overlay\"><\/div>\n     <\/div>\n    <\/a>\n   \n  <div class=\"uc_content\">\n    <div>\n      \n             \n      <div class=\"ue-meta-data\">\n      <div class=\"ue-grid-item-meta-data\"><span class=\"ue-grid-item-meta-data-icon\"><i class=''><\/i><\/span>  Sep. 03,  2023<\/div>      <\/div>\n          \n    \t        \t\t\t<div class=\"uc_post_title\"><a class=\"\" href='https:\/\/flexdent.hu\/en\/flexdent-sinter-laser\/' target=\"_self\"><div class=\"ue_p_title\">FlexDent - Sinter Laser<\/div><\/a><\/div>\n      \t  \t\n\t\t  \n      \t  <div class=\"ue-meta-data\">\n            \n            \n                        \n        \n\t\t\t\n                        \n                        \n                        \n                        \n            \t\t\t\n              \n            \n          <\/div>\n     \n               <div class=\"uc_post_button\">\n        <a class=\"uc_more_btn\" href=\"https:\/\/flexdent.hu\/en\/flexdent-sinter-laser\/\" target=\"_self\">\n          <div class=\"uc_btn_inner\">\n            <div class=\"uc_btn_txt\">More<\/div>\n                      <\/div>\n      <\/a>\n      <\/div> \t<\/div>\n  <\/div>\n<\/div>\n<div id=\"uc_flexdent_posts_elementor_2759866_item2\" class=\"uc_post_grid_style_one_item ue_post_grid_item ue-item\">\n  \n      <a class=\"uc_post_grid_style_one_image\" href='https:\/\/flexdent.hu\/en\/flex-dent-a-digitalis-fogtechnika\/' target=\"_self\">\n     <div class=\"uc_post_image\">\n     <img decoding=\"async\" src=\"https:\/\/flexdent.hu\/wp-content\/uploads\/2023\/08\/Flex-Dent-a-Digitalis-Fogtechnika-01.jpg\"  alt=\"Flex-Dent, a Digit\u00e1lis Fogtechnika-01\" width=\"500\" height=\"400\">\n     <div class=\"uc_post_image_overlay\"><\/div>\n     <\/div>\n    <\/a>\n   \n  <div class=\"uc_content\">\n    <div>\n      \n             \n      <div class=\"ue-meta-data\">\n      <div class=\"ue-grid-item-meta-data\"><span class=\"ue-grid-item-meta-data-icon\"><i class=''><\/i><\/span>  Aug. 25,  2023<\/div>      <\/div>\n          \n    \t        \t\t\t<div class=\"uc_post_title\"><a class=\"\" href='https:\/\/flexdent.hu\/en\/flex-dent-a-digitalis-fogtechnika\/' target=\"_self\"><div class=\"ue_p_title\">Flex-Dent, the Digital Dental Technology<\/div><\/a><\/div>\n      \t  \t\n\t\t  \n      \t  <div class=\"ue-meta-data\">\n            \n            \n                        \n        \n\t\t\t\n                        \n                        \n                        \n                        \n            \t\t\t\n              \n            \n          <\/div>\n     \n               <div class=\"uc_post_button\">\n        <a class=\"uc_more_btn\" href=\"https:\/\/flexdent.hu\/en\/flex-dent-a-digitalis-fogtechnika\/\" target=\"_self\">\n          <div class=\"uc_btn_inner\">\n            <div class=\"uc_btn_txt\">More<\/div>\n                      <\/div>\n      <\/a>\n      <\/div> \t<\/div>\n  <\/div>\n<\/div>\n\n\t\t<\/div>\n\t<\/div>\n\n\n\n  <div id=\"uc_flexdent_posts_elementor_2759866_empty_message\" class=\"ue-no-posts-found\"  style=\"display:none\" >No posts found<\/div>\n\n\n\t\t\t<!-- end FlexDent Posts -->\t\t\t\t<\/div>\n\t\t\t\t<\/div>\n\t\t\t\t\t<\/div>\n\t\t\t\t<\/div>\n\t\t\t\t<\/div>","protected":false},"excerpt":{"rendered":"<p>Blog Sep. 03, 2023 Fog\u00e1szati h\u00edd: Minden, amit tudnod kell 3 Tov\u00e1bb Sep. 03, 2023 Fog\u00e1szati h\u00edd: Minden, amit tudnod kell 2 Tov\u00e1bb Aug. 25, 2023 Fog\u00e1szati h\u00edd: Minden, amit tudnod kell Tov\u00e1bb No posts found<\/p>","protected":false},"author":1,"featured_media":0,"parent":0,"menu_order":0,"comment_status":"closed","ping_status":"closed","template":"","meta":{"footnotes":""},"class_list":["post-89","page","type-page","status-publish","hentry"],"yoast_head":"<!-- This site is optimized with the Yoast SEO plugin v27.2 - https:\/\/yoast.com\/product\/yoast-seo-wordpress\/ -->\n<title>Blog - Flex-Dent<\/title>\n<meta name=\"robots\" content=\"index, follow, max-snippet:-1, max-image-preview:large, max-video-preview:-1\" \/>\n<link rel=\"canonical\" href=\"https:\/\/flexdent.hu\/en\/blog\/\" \/>\n<meta property=\"og:locale\" content=\"en_GB\" \/>\n<meta property=\"og:type\" content=\"article\" \/>\n<meta property=\"og:title\" content=\"Blog - Flex-Dent\" \/>\n<meta property=\"og:description\" content=\"Blog Sep. 03, 2023 Fog\u00e1szati h\u00edd: Minden, amit tudnod kell 3 Tov\u00e1bb Sep. 03, 2023 Fog\u00e1szati h\u00edd: Minden, amit tudnod kell 2 Tov\u00e1bb Aug. 25, 2023 Fog\u00e1szati h\u00edd: Minden, amit tudnod kell Tov\u00e1bb No posts found\" \/>\n<meta property=\"og:url\" content=\"https:\/\/flexdent.hu\/en\/blog\/\" \/>\n<meta property=\"og:site_name\" content=\"Flex-Dent\" \/>\n<meta property=\"article:publisher\" content=\"https:\/\/www.facebook.com\/flexdent.hu\" \/>\n<meta property=\"article:modified_time\" content=\"2023-09-04T08:32:16+00:00\" \/>\n<meta property=\"og:image\" content=\"https:\/\/flexdent.hu\/wp-content\/uploads\/2023\/08\/feature-image.jpeg\" \/>\n<meta name=\"twitter:card\" content=\"summary_large_image\" \/>\n<script type=\"application\/ld+json\" class=\"yoast-schema-graph\">{\"@context\":\"https:\/\/schema.org\",\"@graph\":[{\"@type\":\"WebPage\",\"@id\":\"https:\/\/flexdent.hu\/blog\/\",\"url\":\"https:\/\/flexdent.hu\/blog\/\",\"name\":\"Blog - Flex-Dent\",\"isPartOf\":{\"@id\":\"https:\/\/flexdent.hu\/#website\"},\"primaryImageOfPage\":{\"@id\":\"https:\/\/flexdent.hu\/blog\/#primaryimage\"},\"image\":{\"@id\":\"https:\/\/flexdent.hu\/blog\/#primaryimage\"},\"thumbnailUrl\":\"https:\/\/flexdent.hu\/wp-content\/uploads\/2023\/08\/feature-image.jpeg\",\"datePublished\":\"2023-08-28T13:39:27+00:00\",\"dateModified\":\"2023-09-04T08:32:16+00:00\",\"breadcrumb\":{\"@id\":\"https:\/\/flexdent.hu\/blog\/#breadcrumb\"},\"inLanguage\":\"en-GB\",\"potentialAction\":[{\"@type\":\"ReadAction\",\"target\":[\"https:\/\/flexdent.hu\/blog\/\"]}]},{\"@type\":\"ImageObject\",\"inLanguage\":\"en-GB\",\"@id\":\"https:\/\/flexdent.hu\/blog\/#primaryimage\",\"url\":\"https:\/\/flexdent.hu\/wp-content\/uploads\/2023\/08\/feature-image.jpeg\",\"contentUrl\":\"https:\/\/flexdent.hu\/wp-content\/uploads\/2023\/08\/feature-image.jpeg\"},{\"@type\":\"BreadcrumbList\",\"@id\":\"https:\/\/flexdent.hu\/blog\/#breadcrumb\",\"itemListElement\":[{\"@type\":\"ListItem\",\"position\":1,\"name\":\"Home\",\"item\":\"https:\/\/flexdent.hu\/\"},{\"@type\":\"ListItem\",\"position\":2,\"name\":\"Blog\"}]},{\"@type\":\"WebSite\",\"@id\":\"https:\/\/flexdent.hu\/#website\",\"url\":\"https:\/\/flexdent.hu\/\",\"name\":\"Flex-Dent\",\"description\":\"CAD-CAM Fr\u00e9zcentrum - Mosonmagyar\u00f3v\u00e1r\",\"potentialAction\":[{\"@type\":\"SearchAction\",\"target\":{\"@type\":\"EntryPoint\",\"urlTemplate\":\"https:\/\/flexdent.hu\/?s={search_term_string}\"},\"query-input\":{\"@type\":\"PropertyValueSpecification\",\"valueRequired\":true,\"valueName\":\"search_term_string\"}}],\"inLanguage\":\"en-GB\"}]}<\/script>\n<!-- \/ Yoast SEO plugin. -->","yoast_head_json":{"title":"Blog - Flex-Dent","robots":{"index":"index","follow":"follow","max-snippet":"max-snippet:-1","max-image-preview":"max-image-preview:large","max-video-preview":"max-video-preview:-1"},"canonical":"https:\/\/flexdent.hu\/en\/blog\/","og_locale":"en_GB","og_type":"article","og_title":"Blog - Flex-Dent","og_description":"Blog Sep. 03, 2023 Fog\u00e1szati h\u00edd: Minden, amit tudnod kell 3 Tov\u00e1bb Sep. 03, 2023 Fog\u00e1szati h\u00edd: Minden, amit tudnod kell 2 Tov\u00e1bb Aug. 25, 2023 Fog\u00e1szati h\u00edd: Minden, amit tudnod kell Tov\u00e1bb No posts found","og_url":"https:\/\/flexdent.hu\/en\/blog\/","og_site_name":"Flex-Dent","article_publisher":"https:\/\/www.facebook.com\/flexdent.hu","article_modified_time":"2023-09-04T08:32:16+00:00","og_image":[{"url":"https:\/\/flexdent.hu\/wp-content\/uploads\/2023\/08\/feature-image.jpeg","type":"","width":"","height":""}],"twitter_card":"summary_large_image","schema":{"@context":"https:\/\/schema.org","@graph":[{"@type":"WebPage","@id":"https:\/\/flexdent.hu\/blog\/","url":"https:\/\/flexdent.hu\/blog\/","name":"Blog - Flex-Dent","isPartOf":{"@id":"https:\/\/flexdent.hu\/#website"},"primaryImageOfPage":{"@id":"https:\/\/flexdent.hu\/blog\/#primaryimage"},"image":{"@id":"https:\/\/flexdent.hu\/blog\/#primaryimage"},"thumbnailUrl":"https:\/\/flexdent.hu\/wp-content\/uploads\/2023\/08\/feature-image.jpeg","datePublished":"2023-08-28T13:39:27+00:00","dateModified":"2023-09-04T08:32:16+00:00","breadcrumb":{"@id":"https:\/\/flexdent.hu\/blog\/#breadcrumb"},"inLanguage":"en-GB","potentialAction":[{"@type":"ReadAction","target":["https:\/\/flexdent.hu\/blog\/"]}]},{"@type":"ImageObject","inLanguage":"en-GB","@id":"https:\/\/flexdent.hu\/blog\/#primaryimage","url":"https:\/\/flexdent.hu\/wp-content\/uploads\/2023\/08\/feature-image.jpeg","contentUrl":"https:\/\/flexdent.hu\/wp-content\/uploads\/2023\/08\/feature-image.jpeg"},{"@type":"BreadcrumbList","@id":"https:\/\/flexdent.hu\/blog\/#breadcrumb","itemListElement":[{"@type":"ListItem","position":1,"name":"Home","item":"https:\/\/flexdent.hu\/"},{"@type":"ListItem","position":2,"name":"Blog"}]},{"@type":"WebSite","@id":"https:\/\/flexdent.hu\/#website","url":"https:\/\/flexdent.hu\/","name":"Flex-Dent","description":"CAD-CAM Fr\u00e9zcentrum - Mosonmagyar\u00f3v\u00e1r","potentialAction":[{"@type":"SearchAction","target":{"@type":"EntryPoint","urlTemplate":"https:\/\/flexdent.hu\/?s={search_term_string}"},"query-input":{"@type":"PropertyValueSpecification","valueRequired":true,"valueName":"search_term_string"}}],"inLanguage":"en-GB"}]}},"_links":{"self":[{"href":"https:\/\/flexdent.hu\/en\/wp-json\/wp\/v2\/pages\/89","targetHints":{"allow":["GET"]}}],"collection":[{"href":"https:\/\/flexdent.hu\/en\/wp-json\/wp\/v2\/pages"}],"about":[{"href":"https:\/\/flexdent.hu\/en\/wp-json\/wp\/v2\/types\/page"}],"author":[{"embeddable":true,"href":"https:\/\/flexdent.hu\/en\/wp-json\/wp\/v2\/users\/1"}],"replies":[{"embeddable":true,"href":"https:\/\/flexdent.hu\/en\/wp-json\/wp\/v2\/comments?post=89"}],"version-history":[{"count":25,"href":"https:\/\/flexdent.hu\/en\/wp-json\/wp\/v2\/pages\/89\/revisions"}],"predecessor-version":[{"id":831,"href":"https:\/\/flexdent.hu\/en\/wp-json\/wp\/v2\/pages\/89\/revisions\/831"}],"wp:attachment":[{"href":"https:\/\/flexdent.hu\/en\/wp-json\/wp\/v2\/media?parent=89"}],"curies":[{"name":"wp","href":"https:\/\/api.w.org\/{rel}","templated":true}]}}