



{"id":73,"date":"2023-08-28T13:37:42","date_gmt":"2023-08-28T13:37:42","guid":{"rendered":"https:\/\/flexdent.hu\/?page_id=73"},"modified":"2023-09-13T11:03:39","modified_gmt":"2023-09-13T09:03:39","slug":"sint-mill","status":"publish","type":"page","link":"https:\/\/flexdent.hu\/en\/sint-mill\/","title":{"rendered":"Sint &#038; Mill"},"content":{"rendered":"<div data-elementor-type=\"wp-post\" data-elementor-id=\"73\" class=\"elementor elementor-73\" data-elementor-post-type=\"page\">\n\t\t\t\t<div class=\"elementor-element elementor-element-d3f24b9 e-flex e-con-boxed e-con e-parent\" data-id=\"d3f24b9\" data-element_type=\"container\" data-e-type=\"container\" data-settings=\"{&quot;background_background&quot;:&quot;classic&quot;}\">\n\t\t\t\t\t<div class=\"e-con-inner\">\n\t\t<div class=\"elementor-element elementor-element-f9690d9 e-con-full e-flex e-con e-child\" data-id=\"f9690d9\" data-element_type=\"container\" data-e-type=\"container\">\n\t\t\t\t<div class=\"elementor-element elementor-element-fee181b elementor-widget elementor-widget-heading\" data-id=\"fee181b\" data-element_type=\"widget\" data-e-type=\"widget\" data-widget_type=\"heading.default\">\n\t\t\t\t<div class=\"elementor-widget-container\">\n\t\t\t\t\t<h1 class=\"elementor-heading-title elementor-size-default\">Sint &#038; Mill<\/h1>\t\t\t\t<\/div>\n\t\t\t\t<\/div>\n\t\t\t\t<\/div>\n\t\t\t\t\t<\/div>\n\t\t\t\t<\/div>\n\t\t<div class=\"elementor-element elementor-element-97ba957 e-flex e-con-boxed e-con e-parent\" data-id=\"97ba957\" data-element_type=\"container\" data-e-type=\"container\">\n\t\t\t\t\t<div class=\"e-con-inner\">\n\t\t<div class=\"elementor-element elementor-element-4f336f8 e-con-full e-flex e-con e-child\" data-id=\"4f336f8\" data-element_type=\"container\" data-e-type=\"container\">\n\t\t\t\t<div class=\"elementor-element elementor-element-9d50614 elementor-align-justify elementor-widget elementor-widget-button\" data-id=\"9d50614\" data-element_type=\"widget\" data-e-type=\"widget\" data-widget_type=\"button.default\">\n\t\t\t\t<div class=\"elementor-widget-container\">\n\t\t\t\t\t\t\t\t\t<div class=\"elementor-button-wrapper\">\n\t\t\t\t\t<a class=\"elementor-button elementor-button-link elementor-size-sm\" href=\"https:\/\/flexdent.hu\/en\/sint-mill\/stegek\/\">\n\t\t\t\t\t\t<span class=\"elementor-button-content-wrapper\">\n\t\t\t\t\t\t\t\t\t<span class=\"elementor-button-text\">Bars<\/span>\n\t\t\t\t\t<\/span>\n\t\t\t\t\t<\/a>\n\t\t\t\t<\/div>\n\t\t\t\t\t\t\t\t<\/div>\n\t\t\t\t<\/div>\n\t\t\t\t<div class=\"elementor-element elementor-element-321c123 elementor-align-justify elementor-widget elementor-widget-button\" data-id=\"321c123\" data-element_type=\"widget\" data-e-type=\"widget\" data-widget_type=\"button.default\">\n\t\t\t\t<div class=\"elementor-widget-container\">\n\t\t\t\t\t\t\t\t\t<div class=\"elementor-button-wrapper\">\n\t\t\t\t\t<a class=\"elementor-button elementor-button-link elementor-size-sm\" href=\"https:\/\/flexdent.hu\/en\/sint-mill\/csavaros-rogzitesu-potlasok\/\">\n\t\t\t\t\t\t<span class=\"elementor-button-content-wrapper\">\n\t\t\t\t\t\t\t\t\t<span class=\"elementor-button-text\">SCREW-RETAINED REPLACEMENT<\/span>\n\t\t\t\t\t<\/span>\n\t\t\t\t\t<\/a>\n\t\t\t\t<\/div>\n\t\t\t\t\t\t\t\t<\/div>\n\t\t\t\t<\/div>\n\t\t\t\t<div class=\"elementor-element elementor-element-cb7032b elementor-align-justify elementor-widget elementor-widget-button\" data-id=\"cb7032b\" data-element_type=\"widget\" data-e-type=\"widget\" data-widget_type=\"button.default\">\n\t\t\t\t<div class=\"elementor-widget-container\">\n\t\t\t\t\t\t\t\t\t<div class=\"elementor-button-wrapper\">\n\t\t\t\t\t<a class=\"elementor-button elementor-button-link elementor-size-sm\" href=\"https:\/\/flexdent.hu\/en\/sint-mill\/all-on-4-all-on-6\/\">\n\t\t\t\t\t\t<span class=\"elementor-button-content-wrapper\">\n\t\t\t\t\t\t\t\t\t<span class=\"elementor-button-text\">All on 4 \/ All on 6<\/span>\n\t\t\t\t\t<\/span>\n\t\t\t\t\t<\/a>\n\t\t\t\t<\/div>\n\t\t\t\t\t\t\t\t<\/div>\n\t\t\t\t<\/div>\n\t\t\t\t<\/div>\n\t\t<div class=\"elementor-element elementor-element-0c8fc3c e-con-full e-flex e-con e-child\" data-id=\"0c8fc3c\" data-element_type=\"container\" data-e-type=\"container\">\n\t\t\t\t<div class=\"elementor-element elementor-element-1bc7f29 elementor-widget elementor-widget-heading\" data-id=\"1bc7f29\" data-element_type=\"widget\" data-e-type=\"widget\" data-widget_type=\"heading.default\">\n\t\t\t\t<div class=\"elementor-widget-container\">\n\t\t\t\t\t<h3 class=\"elementor-heading-title elementor-size-default\">Sint&amp;Mill - Nyomtat\u00e1s \u00e9s Mar\u00e1s<\/h3>\t\t\t\t<\/div>\n\t\t\t\t<\/div>\n\t\t\t\t<div class=\"elementor-element elementor-element-d0956cb elementor-widget elementor-widget-text-editor\" data-id=\"d0956cb\" data-element_type=\"widget\" data-e-type=\"widget\" data-widget_type=\"text-editor.default\">\n\t\t\t\t<div class=\"elementor-widget-container\">\n\t\t\t\t\t\t\t\t\t<p>This process enables CNC machining of laser-sintered dental products, known as back-milling. The process results in joining surfaces with the required physical properties to achieve a highly accurate fit.<\/p>\n<p>Applications: bars, all on four, all on six and other implant work.<\/p>\t\t\t\t\t\t\t\t<\/div>\n\t\t\t\t<\/div>\n\t\t\t\t<\/div>\n\t\t<div class=\"elementor-element elementor-element-9b4c212 e-con-full e-flex e-con e-child\" data-id=\"9b4c212\" data-element_type=\"container\" data-e-type=\"container\">\n\t\t\t\t<div class=\"elementor-element elementor-element-c21b6ba elementor-widget elementor-widget-image\" data-id=\"c21b6ba\" data-element_type=\"widget\" data-e-type=\"widget\" data-widget_type=\"image.default\">\n\t\t\t\t<div class=\"elementor-widget-container\">\n\t\t\t\t\t\t\t\t\t\t\t\t\t\t\t<img fetchpriority=\"high\" decoding=\"async\" width=\"550\" height=\"550\" src=\"https:\/\/flexdent.hu\/wp-content\/uploads\/2023\/08\/Sint-Mill-Image.jpg\" class=\"attachment-full size-full wp-image-250\" alt=\"\" srcset=\"https:\/\/flexdent.hu\/wp-content\/uploads\/2023\/08\/Sint-Mill-Image.jpg 550w, https:\/\/flexdent.hu\/wp-content\/uploads\/2023\/08\/Sint-Mill-Image-300x300.jpg 300w, https:\/\/flexdent.hu\/wp-content\/uploads\/2023\/08\/Sint-Mill-Image-150x150.jpg 150w\" sizes=\"(max-width: 550px) 100vw, 550px\" \/>\t\t\t\t\t\t\t\t\t\t\t\t\t\t\t<\/div>\n\t\t\t\t<\/div>\n\t\t\t\t<\/div>\n\t\t\t\t\t<\/div>\n\t\t\t\t<\/div>\n\t\t\t\t<\/div>","protected":false},"excerpt":{"rendered":"<p>St\u00e9gek csavaros r\u00f6gz\u00edt\u00e9s\u0171 p\u00f3tl\u00e1sok All on 4 \/ All on 6 Sint&#038;Mill &#8211; Nyomtat\u00e1s \u00e9s Mar\u00e1s Ez az elj\u00e1r\u00e1s lehet\u0151v\u00e9 teszi a l\u00e9zerszinterezett fogtechnikai term\u00e9kek CNC g\u00e9ppel t\u00f6rt\u00e9n\u0151 fi nommegmunk\u00e1l\u00e1s\u00e1t, \u00fagynevezett visszamar\u00e1s\u00e1t. Az elj\u00e1r\u00e1s eredm\u00e9nyek\u00e9nt a csatlakoz\u00e1si fel\u00fcletek az elv\u00e1rt fizikai tulajdons\u00e1gokkal rendelkeznek a rendk\u00edv\u00fcl pontos illeszked\u00e9s el\u00e9r\u00e9se \u00e9rdek\u00e9ben. Alkalmaz\u00e1si ter\u00fcletei: st\u00e9gek, all on four, [&hellip;]<\/p>\n","protected":false},"author":4,"featured_media":0,"parent":0,"menu_order":0,"comment_status":"closed","ping_status":"closed","template":"","meta":{"footnotes":""},"class_list":["post-73","page","type-page","status-publish","hentry"],"yoast_head":"<!-- This site is optimized with the Yoast SEO plugin v27.2 - https:\/\/yoast.com\/product\/yoast-seo-wordpress\/ -->\n<title>Sint &amp; Mill - Flex-Dent<\/title>\n<meta name=\"robots\" content=\"index, follow, max-snippet:-1, max-image-preview:large, max-video-preview:-1\" \/>\n<link rel=\"canonical\" href=\"https:\/\/flexdent.hu\/en\/sint-mill\/\" \/>\n<meta property=\"og:locale\" content=\"en_GB\" \/>\n<meta property=\"og:type\" content=\"article\" \/>\n<meta property=\"og:title\" content=\"Sint &amp; Mill - Flex-Dent\" \/>\n<meta property=\"og:description\" content=\"St\u00e9gek csavaros r\u00f6gz\u00edt\u00e9s\u0171 p\u00f3tl\u00e1sok All on 4 \/ All on 6 Sint&#038;Mill &#8211; Nyomtat\u00e1s \u00e9s Mar\u00e1s Ez az elj\u00e1r\u00e1s lehet\u0151v\u00e9 teszi a l\u00e9zerszinterezett fogtechnikai term\u00e9kek CNC g\u00e9ppel t\u00f6rt\u00e9n\u0151 fi nommegmunk\u00e1l\u00e1s\u00e1t, \u00fagynevezett visszamar\u00e1s\u00e1t. Az elj\u00e1r\u00e1s eredm\u00e9nyek\u00e9nt a csatlakoz\u00e1si fel\u00fcletek az elv\u00e1rt fizikai tulajdons\u00e1gokkal rendelkeznek a rendk\u00edv\u00fcl pontos illeszked\u00e9s el\u00e9r\u00e9se \u00e9rdek\u00e9ben. Alkalmaz\u00e1si ter\u00fcletei: st\u00e9gek, all on four, [&hellip;]\" \/>\n<meta property=\"og:url\" content=\"https:\/\/flexdent.hu\/en\/sint-mill\/\" \/>\n<meta property=\"og:site_name\" content=\"Flex-Dent\" \/>\n<meta property=\"article:publisher\" content=\"https:\/\/www.facebook.com\/flexdent.hu\" \/>\n<meta property=\"article:modified_time\" content=\"2023-09-13T09:03:39+00:00\" \/>\n<meta property=\"og:image\" content=\"https:\/\/flexdent.hu\/wp-content\/uploads\/2023\/08\/Sint-Mill-Image.jpg\" \/>\n<meta name=\"twitter:card\" content=\"summary_large_image\" \/>\n<meta name=\"twitter:label1\" content=\"Estimated reading time\" \/>\n\t<meta name=\"twitter:data1\" content=\"1 minute\" \/>\n<script type=\"application\/ld+json\" class=\"yoast-schema-graph\">{\"@context\":\"https:\/\/schema.org\",\"@graph\":[{\"@type\":\"WebPage\",\"@id\":\"https:\/\/flexdent.hu\/sint-mill\/\",\"url\":\"https:\/\/flexdent.hu\/sint-mill\/\",\"name\":\"Sint & Mill - Flex-Dent\",\"isPartOf\":{\"@id\":\"https:\/\/flexdent.hu\/#website\"},\"primaryImageOfPage\":{\"@id\":\"https:\/\/flexdent.hu\/sint-mill\/#primaryimage\"},\"image\":{\"@id\":\"https:\/\/flexdent.hu\/sint-mill\/#primaryimage\"},\"thumbnailUrl\":\"https:\/\/flexdent.hu\/wp-content\/uploads\/2023\/08\/Sint-Mill-Image.jpg\",\"datePublished\":\"2023-08-28T13:37:42+00:00\",\"dateModified\":\"2023-09-13T09:03:39+00:00\",\"breadcrumb\":{\"@id\":\"https:\/\/flexdent.hu\/sint-mill\/#breadcrumb\"},\"inLanguage\":\"en-GB\",\"potentialAction\":[{\"@type\":\"ReadAction\",\"target\":[\"https:\/\/flexdent.hu\/sint-mill\/\"]}]},{\"@type\":\"ImageObject\",\"inLanguage\":\"en-GB\",\"@id\":\"https:\/\/flexdent.hu\/sint-mill\/#primaryimage\",\"url\":\"https:\/\/flexdent.hu\/wp-content\/uploads\/2023\/08\/Sint-Mill-Image.jpg\",\"contentUrl\":\"https:\/\/flexdent.hu\/wp-content\/uploads\/2023\/08\/Sint-Mill-Image.jpg\"},{\"@type\":\"BreadcrumbList\",\"@id\":\"https:\/\/flexdent.hu\/sint-mill\/#breadcrumb\",\"itemListElement\":[{\"@type\":\"ListItem\",\"position\":1,\"name\":\"Home\",\"item\":\"https:\/\/flexdent.hu\/\"},{\"@type\":\"ListItem\",\"position\":2,\"name\":\"Sint &#038; Mill\"}]},{\"@type\":\"WebSite\",\"@id\":\"https:\/\/flexdent.hu\/#website\",\"url\":\"https:\/\/flexdent.hu\/\",\"name\":\"Flex-Dent\",\"description\":\"CAD-CAM Fr\u00e9zcentrum - Mosonmagyar\u00f3v\u00e1r\",\"potentialAction\":[{\"@type\":\"SearchAction\",\"target\":{\"@type\":\"EntryPoint\",\"urlTemplate\":\"https:\/\/flexdent.hu\/?s={search_term_string}\"},\"query-input\":{\"@type\":\"PropertyValueSpecification\",\"valueRequired\":true,\"valueName\":\"search_term_string\"}}],\"inLanguage\":\"en-GB\"}]}<\/script>\n<!-- \/ Yoast SEO plugin. -->","yoast_head_json":{"title":"Sint & Mill - Flex-Dent","robots":{"index":"index","follow":"follow","max-snippet":"max-snippet:-1","max-image-preview":"max-image-preview:large","max-video-preview":"max-video-preview:-1"},"canonical":"https:\/\/flexdent.hu\/en\/sint-mill\/","og_locale":"en_GB","og_type":"article","og_title":"Sint & Mill - Flex-Dent","og_description":"St\u00e9gek csavaros r\u00f6gz\u00edt\u00e9s\u0171 p\u00f3tl\u00e1sok All on 4 \/ All on 6 Sint&#038;Mill &#8211; Nyomtat\u00e1s \u00e9s Mar\u00e1s Ez az elj\u00e1r\u00e1s lehet\u0151v\u00e9 teszi a l\u00e9zerszinterezett fogtechnikai term\u00e9kek CNC g\u00e9ppel t\u00f6rt\u00e9n\u0151 fi nommegmunk\u00e1l\u00e1s\u00e1t, \u00fagynevezett visszamar\u00e1s\u00e1t. Az elj\u00e1r\u00e1s eredm\u00e9nyek\u00e9nt a csatlakoz\u00e1si fel\u00fcletek az elv\u00e1rt fizikai tulajdons\u00e1gokkal rendelkeznek a rendk\u00edv\u00fcl pontos illeszked\u00e9s el\u00e9r\u00e9se \u00e9rdek\u00e9ben. Alkalmaz\u00e1si ter\u00fcletei: st\u00e9gek, all on four, [&hellip;]","og_url":"https:\/\/flexdent.hu\/en\/sint-mill\/","og_site_name":"Flex-Dent","article_publisher":"https:\/\/www.facebook.com\/flexdent.hu","article_modified_time":"2023-09-13T09:03:39+00:00","og_image":[{"url":"https:\/\/flexdent.hu\/wp-content\/uploads\/2023\/08\/Sint-Mill-Image.jpg","type":"","width":"","height":""}],"twitter_card":"summary_large_image","twitter_misc":{"Estimated reading time":"1 minute"},"schema":{"@context":"https:\/\/schema.org","@graph":[{"@type":"WebPage","@id":"https:\/\/flexdent.hu\/sint-mill\/","url":"https:\/\/flexdent.hu\/sint-mill\/","name":"Sint & Mill - Flex-Dent","isPartOf":{"@id":"https:\/\/flexdent.hu\/#website"},"primaryImageOfPage":{"@id":"https:\/\/flexdent.hu\/sint-mill\/#primaryimage"},"image":{"@id":"https:\/\/flexdent.hu\/sint-mill\/#primaryimage"},"thumbnailUrl":"https:\/\/flexdent.hu\/wp-content\/uploads\/2023\/08\/Sint-Mill-Image.jpg","datePublished":"2023-08-28T13:37:42+00:00","dateModified":"2023-09-13T09:03:39+00:00","breadcrumb":{"@id":"https:\/\/flexdent.hu\/sint-mill\/#breadcrumb"},"inLanguage":"en-GB","potentialAction":[{"@type":"ReadAction","target":["https:\/\/flexdent.hu\/sint-mill\/"]}]},{"@type":"ImageObject","inLanguage":"en-GB","@id":"https:\/\/flexdent.hu\/sint-mill\/#primaryimage","url":"https:\/\/flexdent.hu\/wp-content\/uploads\/2023\/08\/Sint-Mill-Image.jpg","contentUrl":"https:\/\/flexdent.hu\/wp-content\/uploads\/2023\/08\/Sint-Mill-Image.jpg"},{"@type":"BreadcrumbList","@id":"https:\/\/flexdent.hu\/sint-mill\/#breadcrumb","itemListElement":[{"@type":"ListItem","position":1,"name":"Home","item":"https:\/\/flexdent.hu\/"},{"@type":"ListItem","position":2,"name":"Sint &#038; Mill"}]},{"@type":"WebSite","@id":"https:\/\/flexdent.hu\/#website","url":"https:\/\/flexdent.hu\/","name":"Flex-Dent","description":"CAD-CAM Fr\u00e9zcentrum - Mosonmagyar\u00f3v\u00e1r","potentialAction":[{"@type":"SearchAction","target":{"@type":"EntryPoint","urlTemplate":"https:\/\/flexdent.hu\/?s={search_term_string}"},"query-input":{"@type":"PropertyValueSpecification","valueRequired":true,"valueName":"search_term_string"}}],"inLanguage":"en-GB"}]}},"_links":{"self":[{"href":"https:\/\/flexdent.hu\/en\/wp-json\/wp\/v2\/pages\/73","targetHints":{"allow":["GET"]}}],"collection":[{"href":"https:\/\/flexdent.hu\/en\/wp-json\/wp\/v2\/pages"}],"about":[{"href":"https:\/\/flexdent.hu\/en\/wp-json\/wp\/v2\/types\/page"}],"author":[{"embeddable":true,"href":"https:\/\/flexdent.hu\/en\/wp-json\/wp\/v2\/users\/4"}],"replies":[{"embeddable":true,"href":"https:\/\/flexdent.hu\/en\/wp-json\/wp\/v2\/comments?post=73"}],"version-history":[{"count":25,"href":"https:\/\/flexdent.hu\/en\/wp-json\/wp\/v2\/pages\/73\/revisions"}],"predecessor-version":[{"id":1696,"href":"https:\/\/flexdent.hu\/en\/wp-json\/wp\/v2\/pages\/73\/revisions\/1696"}],"wp:attachment":[{"href":"https:\/\/flexdent.hu\/en\/wp-json\/wp\/v2\/media?parent=73"}],"curies":[{"name":"wp","href":"https:\/\/api.w.org\/{rel}","templated":true}]}}