



{"id":577,"date":"2023-09-01T16:37:49","date_gmt":"2023-09-01T16:37:49","guid":{"rendered":"https:\/\/flexdent.hu\/?page_id=577"},"modified":"2026-03-24T10:54:29","modified_gmt":"2026-03-24T09:54:29","slug":"3d-nyomtatas","status":"publish","type":"page","link":"https:\/\/flexdent.hu\/en\/fogtechnikusoknak\/3d-nyomtatas\/","title":{"rendered":"3D PRINTING"},"content":{"rendered":"<div data-elementor-type=\"wp-post\" data-elementor-id=\"577\" class=\"elementor elementor-577\" data-elementor-post-type=\"page\">\n\t\t\t\t<div class=\"elementor-element elementor-element-29cbc5d e-flex e-con-boxed e-con e-parent\" data-id=\"29cbc5d\" data-element_type=\"container\" data-e-type=\"container\" data-settings=\"{&quot;background_background&quot;:&quot;classic&quot;}\">\n\t\t\t\t\t<div class=\"e-con-inner\">\n\t\t<div class=\"elementor-element elementor-element-a929fca e-con-full e-flex e-con e-child\" data-id=\"a929fca\" data-element_type=\"container\" data-e-type=\"container\">\n\t\t\t\t<div class=\"elementor-element elementor-element-0e991f1 elementor-widget elementor-widget-heading\" data-id=\"0e991f1\" data-element_type=\"widget\" data-e-type=\"widget\" data-widget_type=\"heading.default\">\n\t\t\t\t<div class=\"elementor-widget-container\">\n\t\t\t\t\t<div class=\"elementor-heading-title elementor-size-default\"><a href=\"https:\/\/flexdent.hu\/en\/fogtechnikusoknak\/\">For Dental Labs<\/a><\/div>\t\t\t\t<\/div>\n\t\t\t\t<\/div>\n\t\t\t\t<div class=\"elementor-element elementor-element-6e335d9 elementor-widget elementor-widget-heading\" data-id=\"6e335d9\" data-element_type=\"widget\" data-e-type=\"widget\" data-widget_type=\"heading.default\">\n\t\t\t\t<div class=\"elementor-widget-container\">\n\t\t\t\t\t<h1 class=\"elementor-heading-title elementor-size-default\">3D PRINTING<\/h1>\t\t\t\t<\/div>\n\t\t\t\t<\/div>\n\t\t\t\t<\/div>\n\t\t\t\t\t<\/div>\n\t\t\t\t<\/div>\n\t\t<div class=\"elementor-element elementor-element-ff6cdb7 e-flex e-con-boxed e-con e-parent\" data-id=\"ff6cdb7\" data-element_type=\"container\" data-e-type=\"container\">\n\t\t\t\t\t<div class=\"e-con-inner\">\n\t\t<div class=\"elementor-element elementor-element-8365029 e-con-full e-flex e-con e-child\" data-id=\"8365029\" data-element_type=\"container\" data-e-type=\"container\">\n\t\t\t\t<div class=\"elementor-element elementor-element-b2305b9 elementor-widget elementor-widget-text-editor\" data-id=\"b2305b9\" data-element_type=\"widget\" data-e-type=\"widget\" data-widget_type=\"text-editor.default\">\n\t\t\t\t<div class=\"elementor-widget-container\">\n\t\t\t\t\t\t\t\t\t<p>The plastic-printed dental model is a modern solution used by dental technicians to design and fabricate prostheses and dentures.<\/p>\n<p>This technology uses 3D printers to create accurate, detailed and customized dental models. The plastic-printed dental model accurately reproduces the shape and anatomical mouth contours of the patient's teeth, helping dentists and dental technicians to design and create the most suitable prostheses.<\/p>\t\t\t\t\t\t\t\t<\/div>\n\t\t\t\t<\/div>\n\t\t\t\t<\/div>\n\t\t\t\t\t<\/div>\n\t\t\t\t<\/div>\n\t\t<div class=\"elementor-element elementor-element-3f1175e e-grid e-con-boxed e-con e-parent\" data-id=\"3f1175e\" data-element_type=\"container\" data-e-type=\"container\">\n\t\t\t\t\t<div class=\"e-con-inner\">\n\t\t\t\t<div class=\"elementor-element elementor-element-6cc5887 elementor-widget elementor-widget-image\" data-id=\"6cc5887\" data-element_type=\"widget\" data-e-type=\"widget\" data-widget_type=\"image.default\">\n\t\t\t\t<div class=\"elementor-widget-container\">\n\t\t\t\t\t\t\t\t\t\t\t\t\t\t\t\t<a href=\"https:\/\/flexdent.hu\/wp-content\/uploads\/2023\/09\/Muanyag-modell-szekcios-antagonista.jpeg\" data-elementor-open-lightbox=\"yes\" data-elementor-lightbox-title=\"M\u0171anyag modell szekci\u00f3s-antagonista\" data-e-action-hash=\"#elementor-action%3Aaction%3Dlightbox%26settings%3DeyJpZCI6NDcxLCJ1cmwiOiJodHRwczpcL1wvZmxleGRlbnQuaHVcL3dwLWNvbnRlbnRcL3VwbG9hZHNcLzIwMjNcLzA5XC9NdWFueWFnLW1vZGVsbC1zemVrY2lvcy1hbnRhZ29uaXN0YS5qcGVnIn0%3D\">\n\t\t\t\t\t\t\t<img fetchpriority=\"high\" decoding=\"async\" width=\"711\" height=\"1067\" src=\"https:\/\/flexdent.hu\/wp-content\/uploads\/2023\/09\/Muanyag-modell-szekcios-antagonista.jpeg\" class=\"attachment-full size-full wp-image-471\" alt=\"\" srcset=\"https:\/\/flexdent.hu\/wp-content\/uploads\/2023\/09\/Muanyag-modell-szekcios-antagonista.jpeg 711w, https:\/\/flexdent.hu\/wp-content\/uploads\/2023\/09\/Muanyag-modell-szekcios-antagonista-200x300.jpeg 200w, https:\/\/flexdent.hu\/wp-content\/uploads\/2023\/09\/Muanyag-modell-szekcios-antagonista-682x1024.jpeg 682w\" sizes=\"(max-width: 711px) 100vw, 711px\" \/>\t\t\t\t\t\t\t\t<\/a>\n\t\t\t\t\t\t\t\t\t\t\t\t\t\t\t<\/div>\n\t\t\t\t<\/div>\n\t\t\t\t<div class=\"elementor-element elementor-element-a010382 elementor-widget elementor-widget-image\" data-id=\"a010382\" data-element_type=\"widget\" data-e-type=\"widget\" data-widget_type=\"image.default\">\n\t\t\t\t<div class=\"elementor-widget-container\">\n\t\t\t\t\t\t\t\t\t\t\t\t\t\t\t\t<a href=\"https:\/\/flexdent.hu\/wp-content\/uploads\/2026\/03\/3-dnyomtatas.png\" data-elementor-open-lightbox=\"yes\" data-elementor-lightbox-title=\"3-dnyomtatas\" data-e-action-hash=\"#elementor-action%3Aaction%3Dlightbox%26settings%3DeyJpZCI6MjczNCwidXJsIjoiaHR0cHM6XC9cL2ZsZXhkZW50Lmh1XC93cC1jb250ZW50XC91cGxvYWRzXC8yMDI2XC8wM1wvMy1kbnlvbXRhdGFzLnBuZyJ9\">\n\t\t\t\t\t\t\t<img decoding=\"async\" width=\"463\" height=\"517\" src=\"https:\/\/flexdent.hu\/wp-content\/uploads\/2026\/03\/3-dnyomtatas.png\" class=\"attachment-large size-large wp-image-2734\" alt=\"\" srcset=\"https:\/\/flexdent.hu\/wp-content\/uploads\/2026\/03\/3-dnyomtatas.png 463w, https:\/\/flexdent.hu\/wp-content\/uploads\/2026\/03\/3-dnyomtatas-269x300.png 269w, https:\/\/flexdent.hu\/wp-content\/uploads\/2026\/03\/3-dnyomtatas-11x12.png 11w\" sizes=\"(max-width: 463px) 100vw, 463px\" \/>\t\t\t\t\t\t\t\t<\/a>\n\t\t\t\t\t\t\t\t\t\t\t\t\t\t\t<\/div>\n\t\t\t\t<\/div>\n\t\t\t\t<div class=\"elementor-element elementor-element-ea69098 elementor-widget elementor-widget-spacer\" data-id=\"ea69098\" data-element_type=\"widget\" data-e-type=\"widget\" data-widget_type=\"spacer.default\">\n\t\t\t\t<div class=\"elementor-widget-container\">\n\t\t\t\t\t\t\t<div class=\"elementor-spacer\">\n\t\t\t<div class=\"elementor-spacer-inner\"><\/div>\n\t\t<\/div>\n\t\t\t\t\t\t<\/div>\n\t\t\t\t<\/div>\n\t\t\t\t\t<\/div>\n\t\t\t\t<\/div>\n\t\t\t\t<\/div>","protected":false},"excerpt":{"rendered":"<p>Fogtechnika A m\u0171anyag nyomtatott fogtechnikai modell egy olyan modern megold\u00e1s, amelyet a fogtechnikusok haszn\u00e1lnak a fogp\u00f3tl\u00e1sok \u00e9s prot\u00e9zisek tervez\u00e9s\u00e9hez \u00e9s el\u0151\u00e1ll\u00edt\u00e1s\u00e1hoz. Ez a technol\u00f3gia 3D nyomtat\u00f3kat haszn\u00e1l a pontos, r\u00e9szletes \u00e9s testreszabott fog\u00e1szati modellek l\u00e9trehoz\u00e1s\u00e1hoz. A m\u0171anyag nyomtatott fogtechnikai modell pontosan reproduk\u00e1lja a p\u00e1ciens fogainak form\u00e1j\u00e1t \u00e9s anat\u00f3miai sz\u00e1jk\u00e9pleteit, \u00edgy seg\u00edt a fogorvosnak \u00e9s a [&hellip;]<\/p>\n","protected":false},"author":4,"featured_media":0,"parent":67,"menu_order":6,"comment_status":"closed","ping_status":"closed","template":"","meta":{"footnotes":""},"class_list":["post-577","page","type-page","status-publish","hentry"],"yoast_head":"<!-- This site is optimized with the Yoast SEO plugin v27.2 - https:\/\/yoast.com\/product\/yoast-seo-wordpress\/ -->\n<title>3D Nyomtat\u00e1s - Flex-Dent<\/title>\n<meta name=\"robots\" content=\"index, follow, max-snippet:-1, max-image-preview:large, max-video-preview:-1\" \/>\n<link rel=\"canonical\" href=\"https:\/\/flexdent.hu\/en\/fogtechnikusoknak\/3d-nyomtatas\/\" \/>\n<meta property=\"og:locale\" content=\"en_GB\" \/>\n<meta property=\"og:type\" content=\"article\" \/>\n<meta property=\"og:title\" content=\"3D Nyomtat\u00e1s - Flex-Dent\" \/>\n<meta property=\"og:description\" content=\"Fogtechnika A m\u0171anyag nyomtatott fogtechnikai modell egy olyan modern megold\u00e1s, amelyet a fogtechnikusok haszn\u00e1lnak a fogp\u00f3tl\u00e1sok \u00e9s prot\u00e9zisek tervez\u00e9s\u00e9hez \u00e9s el\u0151\u00e1ll\u00edt\u00e1s\u00e1hoz. Ez a technol\u00f3gia 3D nyomtat\u00f3kat haszn\u00e1l a pontos, r\u00e9szletes \u00e9s testreszabott fog\u00e1szati modellek l\u00e9trehoz\u00e1s\u00e1hoz. A m\u0171anyag nyomtatott fogtechnikai modell pontosan reproduk\u00e1lja a p\u00e1ciens fogainak form\u00e1j\u00e1t \u00e9s anat\u00f3miai sz\u00e1jk\u00e9pleteit, \u00edgy seg\u00edt a fogorvosnak \u00e9s a [&hellip;]\" \/>\n<meta property=\"og:url\" content=\"https:\/\/flexdent.hu\/en\/fogtechnikusoknak\/3d-nyomtatas\/\" \/>\n<meta property=\"og:site_name\" content=\"Flex-Dent\" \/>\n<meta property=\"article:publisher\" content=\"https:\/\/www.facebook.com\/flexdent.hu\" \/>\n<meta property=\"article:modified_time\" content=\"2026-03-24T09:54:29+00:00\" \/>\n<meta property=\"og:image\" content=\"https:\/\/flexdent.hu\/wp-content\/uploads\/2023\/09\/Muanyag-modell-szekcios-antagonista.jpeg\" \/>\n\t<meta property=\"og:image:width\" content=\"711\" \/>\n\t<meta property=\"og:image:height\" content=\"1067\" \/>\n\t<meta property=\"og:image:type\" content=\"image\/jpeg\" \/>\n<meta name=\"twitter:card\" content=\"summary_large_image\" \/>\n<meta name=\"twitter:label1\" content=\"Estimated reading time\" \/>\n\t<meta name=\"twitter:data1\" content=\"1 minute\" \/>\n<script type=\"application\/ld+json\" class=\"yoast-schema-graph\">{\"@context\":\"https:\/\/schema.org\",\"@graph\":[{\"@type\":\"WebPage\",\"@id\":\"https:\/\/flexdent.hu\/fogtechnikusoknak\/3d-nyomtatas\/\",\"url\":\"https:\/\/flexdent.hu\/fogtechnikusoknak\/3d-nyomtatas\/\",\"name\":\"3D Nyomtat\u00e1s - Flex-Dent\",\"isPartOf\":{\"@id\":\"https:\/\/flexdent.hu\/#website\"},\"primaryImageOfPage\":{\"@id\":\"https:\/\/flexdent.hu\/fogtechnikusoknak\/3d-nyomtatas\/#primaryimage\"},\"image\":{\"@id\":\"https:\/\/flexdent.hu\/fogtechnikusoknak\/3d-nyomtatas\/#primaryimage\"},\"thumbnailUrl\":\"https:\/\/flexdent.hu\/wp-content\/uploads\/2023\/09\/Muanyag-modell-szekcios-antagonista.jpeg\",\"datePublished\":\"2023-09-01T16:37:49+00:00\",\"dateModified\":\"2026-03-24T09:54:29+00:00\",\"breadcrumb\":{\"@id\":\"https:\/\/flexdent.hu\/fogtechnikusoknak\/3d-nyomtatas\/#breadcrumb\"},\"inLanguage\":\"en-GB\",\"potentialAction\":[{\"@type\":\"ReadAction\",\"target\":[\"https:\/\/flexdent.hu\/fogtechnikusoknak\/3d-nyomtatas\/\"]}]},{\"@type\":\"ImageObject\",\"inLanguage\":\"en-GB\",\"@id\":\"https:\/\/flexdent.hu\/fogtechnikusoknak\/3d-nyomtatas\/#primaryimage\",\"url\":\"https:\/\/flexdent.hu\/wp-content\/uploads\/2023\/09\/Muanyag-modell-szekcios-antagonista.jpeg\",\"contentUrl\":\"https:\/\/flexdent.hu\/wp-content\/uploads\/2023\/09\/Muanyag-modell-szekcios-antagonista.jpeg\"},{\"@type\":\"BreadcrumbList\",\"@id\":\"https:\/\/flexdent.hu\/fogtechnikusoknak\/3d-nyomtatas\/#breadcrumb\",\"itemListElement\":[{\"@type\":\"ListItem\",\"position\":1,\"name\":\"Home\",\"item\":\"https:\/\/flexdent.hu\/\"},{\"@type\":\"ListItem\",\"position\":2,\"name\":\"Fogtechnikusoknak\",\"item\":\"https:\/\/flexdent.hu\/fogtechnikusoknak\/\"},{\"@type\":\"ListItem\",\"position\":3,\"name\":\"3D Nyomtat\u00e1s\"}]},{\"@type\":\"WebSite\",\"@id\":\"https:\/\/flexdent.hu\/#website\",\"url\":\"https:\/\/flexdent.hu\/\",\"name\":\"Flex-Dent\",\"description\":\"CAD-CAM Fr\u00e9zcentrum - Mosonmagyar\u00f3v\u00e1r\",\"potentialAction\":[{\"@type\":\"SearchAction\",\"target\":{\"@type\":\"EntryPoint\",\"urlTemplate\":\"https:\/\/flexdent.hu\/?s={search_term_string}\"},\"query-input\":{\"@type\":\"PropertyValueSpecification\",\"valueRequired\":true,\"valueName\":\"search_term_string\"}}],\"inLanguage\":\"en-GB\"}]}<\/script>\n<!-- \/ Yoast SEO plugin. -->","yoast_head_json":{"title":"3D Nyomtat\u00e1s - Flex-Dent","robots":{"index":"index","follow":"follow","max-snippet":"max-snippet:-1","max-image-preview":"max-image-preview:large","max-video-preview":"max-video-preview:-1"},"canonical":"https:\/\/flexdent.hu\/en\/fogtechnikusoknak\/3d-nyomtatas\/","og_locale":"en_GB","og_type":"article","og_title":"3D Nyomtat\u00e1s - Flex-Dent","og_description":"Fogtechnika A m\u0171anyag nyomtatott fogtechnikai modell egy olyan modern megold\u00e1s, amelyet a fogtechnikusok haszn\u00e1lnak a fogp\u00f3tl\u00e1sok \u00e9s prot\u00e9zisek tervez\u00e9s\u00e9hez \u00e9s el\u0151\u00e1ll\u00edt\u00e1s\u00e1hoz. Ez a technol\u00f3gia 3D nyomtat\u00f3kat haszn\u00e1l a pontos, r\u00e9szletes \u00e9s testreszabott fog\u00e1szati modellek l\u00e9trehoz\u00e1s\u00e1hoz. A m\u0171anyag nyomtatott fogtechnikai modell pontosan reproduk\u00e1lja a p\u00e1ciens fogainak form\u00e1j\u00e1t \u00e9s anat\u00f3miai sz\u00e1jk\u00e9pleteit, \u00edgy seg\u00edt a fogorvosnak \u00e9s a [&hellip;]","og_url":"https:\/\/flexdent.hu\/en\/fogtechnikusoknak\/3d-nyomtatas\/","og_site_name":"Flex-Dent","article_publisher":"https:\/\/www.facebook.com\/flexdent.hu","article_modified_time":"2026-03-24T09:54:29+00:00","og_image":[{"width":711,"height":1067,"url":"https:\/\/flexdent.hu\/wp-content\/uploads\/2023\/09\/Muanyag-modell-szekcios-antagonista.jpeg","type":"image\/jpeg"}],"twitter_card":"summary_large_image","twitter_misc":{"Estimated reading time":"1 minute"},"schema":{"@context":"https:\/\/schema.org","@graph":[{"@type":"WebPage","@id":"https:\/\/flexdent.hu\/fogtechnikusoknak\/3d-nyomtatas\/","url":"https:\/\/flexdent.hu\/fogtechnikusoknak\/3d-nyomtatas\/","name":"3D Nyomtat\u00e1s - Flex-Dent","isPartOf":{"@id":"https:\/\/flexdent.hu\/#website"},"primaryImageOfPage":{"@id":"https:\/\/flexdent.hu\/fogtechnikusoknak\/3d-nyomtatas\/#primaryimage"},"image":{"@id":"https:\/\/flexdent.hu\/fogtechnikusoknak\/3d-nyomtatas\/#primaryimage"},"thumbnailUrl":"https:\/\/flexdent.hu\/wp-content\/uploads\/2023\/09\/Muanyag-modell-szekcios-antagonista.jpeg","datePublished":"2023-09-01T16:37:49+00:00","dateModified":"2026-03-24T09:54:29+00:00","breadcrumb":{"@id":"https:\/\/flexdent.hu\/fogtechnikusoknak\/3d-nyomtatas\/#breadcrumb"},"inLanguage":"en-GB","potentialAction":[{"@type":"ReadAction","target":["https:\/\/flexdent.hu\/fogtechnikusoknak\/3d-nyomtatas\/"]}]},{"@type":"ImageObject","inLanguage":"en-GB","@id":"https:\/\/flexdent.hu\/fogtechnikusoknak\/3d-nyomtatas\/#primaryimage","url":"https:\/\/flexdent.hu\/wp-content\/uploads\/2023\/09\/Muanyag-modell-szekcios-antagonista.jpeg","contentUrl":"https:\/\/flexdent.hu\/wp-content\/uploads\/2023\/09\/Muanyag-modell-szekcios-antagonista.jpeg"},{"@type":"BreadcrumbList","@id":"https:\/\/flexdent.hu\/fogtechnikusoknak\/3d-nyomtatas\/#breadcrumb","itemListElement":[{"@type":"ListItem","position":1,"name":"Home","item":"https:\/\/flexdent.hu\/"},{"@type":"ListItem","position":2,"name":"Fogtechnikusoknak","item":"https:\/\/flexdent.hu\/fogtechnikusoknak\/"},{"@type":"ListItem","position":3,"name":"3D Nyomtat\u00e1s"}]},{"@type":"WebSite","@id":"https:\/\/flexdent.hu\/#website","url":"https:\/\/flexdent.hu\/","name":"Flex-Dent","description":"CAD-CAM Fr\u00e9zcentrum - Mosonmagyar\u00f3v\u00e1r","potentialAction":[{"@type":"SearchAction","target":{"@type":"EntryPoint","urlTemplate":"https:\/\/flexdent.hu\/?s={search_term_string}"},"query-input":{"@type":"PropertyValueSpecification","valueRequired":true,"valueName":"search_term_string"}}],"inLanguage":"en-GB"}]}},"_links":{"self":[{"href":"https:\/\/flexdent.hu\/en\/wp-json\/wp\/v2\/pages\/577","targetHints":{"allow":["GET"]}}],"collection":[{"href":"https:\/\/flexdent.hu\/en\/wp-json\/wp\/v2\/pages"}],"about":[{"href":"https:\/\/flexdent.hu\/en\/wp-json\/wp\/v2\/types\/page"}],"author":[{"embeddable":true,"href":"https:\/\/flexdent.hu\/en\/wp-json\/wp\/v2\/users\/4"}],"replies":[{"embeddable":true,"href":"https:\/\/flexdent.hu\/en\/wp-json\/wp\/v2\/comments?post=577"}],"version-history":[{"count":17,"href":"https:\/\/flexdent.hu\/en\/wp-json\/wp\/v2\/pages\/577\/revisions"}],"predecessor-version":[{"id":2740,"href":"https:\/\/flexdent.hu\/en\/wp-json\/wp\/v2\/pages\/577\/revisions\/2740"}],"up":[{"embeddable":true,"href":"https:\/\/flexdent.hu\/en\/wp-json\/wp\/v2\/pages\/67"}],"wp:attachment":[{"href":"https:\/\/flexdent.hu\/en\/wp-json\/wp\/v2\/media?parent=577"}],"curies":[{"name":"wp","href":"https:\/\/api.w.org\/{rel}","templated":true}]}}