



{"id":571,"date":"2023-09-01T16:36:18","date_gmt":"2023-09-01T16:36:18","guid":{"rendered":"https:\/\/flexdent.hu\/?page_id=571"},"modified":"2026-03-24T10:20:27","modified_gmt":"2026-03-24T09:20:27","slug":"lezeres-femnyomtatas","status":"publish","type":"page","link":"https:\/\/flexdent.hu\/en\/fogtechnikusoknak\/lezeres-femnyomtatas\/","title":{"rendered":"LASER METAL PRINTING"},"content":{"rendered":"<div data-elementor-type=\"wp-post\" data-elementor-id=\"571\" class=\"elementor elementor-571\" data-elementor-post-type=\"page\">\n\t\t\t\t<div class=\"elementor-element elementor-element-ba9c38b e-flex e-con-boxed e-con e-parent\" data-id=\"ba9c38b\" data-element_type=\"container\" data-e-type=\"container\" data-settings=\"{&quot;background_background&quot;:&quot;classic&quot;}\">\n\t\t\t\t\t<div class=\"e-con-inner\">\n\t\t<div class=\"elementor-element elementor-element-3280a13 e-con-full e-flex e-con e-child\" data-id=\"3280a13\" data-element_type=\"container\" data-e-type=\"container\">\n\t\t\t\t<div class=\"elementor-element elementor-element-2b39c74 elementor-widget elementor-widget-heading\" data-id=\"2b39c74\" data-element_type=\"widget\" data-e-type=\"widget\" data-widget_type=\"heading.default\">\n\t\t\t\t<div class=\"elementor-widget-container\">\n\t\t\t\t\t<div class=\"elementor-heading-title elementor-size-default\"><a href=\"https:\/\/flexdent.hu\/en\/fogtechnikusoknak\/\">For Dental Labs<\/a><\/div>\t\t\t\t<\/div>\n\t\t\t\t<\/div>\n\t\t\t\t<div class=\"elementor-element elementor-element-4e2320a elementor-widget elementor-widget-heading\" data-id=\"4e2320a\" data-element_type=\"widget\" data-e-type=\"widget\" data-widget_type=\"heading.default\">\n\t\t\t\t<div class=\"elementor-widget-container\">\n\t\t\t\t\t<h1 class=\"elementor-heading-title elementor-size-default\">LASER METAL PRINTING<\/h1>\t\t\t\t<\/div>\n\t\t\t\t<\/div>\n\t\t\t\t<\/div>\n\t\t\t\t\t<\/div>\n\t\t\t\t<\/div>\n\t\t<div class=\"elementor-element elementor-element-0652c6f e-flex e-con-boxed e-con e-parent\" data-id=\"0652c6f\" data-element_type=\"container\" data-e-type=\"container\">\n\t\t\t\t\t<div class=\"e-con-inner\">\n\t\t<div class=\"elementor-element elementor-element-235e8d3 e-con-full e-flex e-con e-child\" data-id=\"235e8d3\" data-element_type=\"container\" data-e-type=\"container\">\n\t\t\t\t<div class=\"elementor-element elementor-element-b20c172 elementor-widget elementor-widget-text-editor\" data-id=\"b20c172\" data-element_type=\"widget\" data-e-type=\"widget\" data-widget_type=\"text-editor.default\">\n\t\t\t\t<div class=\"elementor-widget-container\">\n\t\t\t\t\t\t\t\t\t<p>A Sinter Laser f\u00e9mnyomtat\u00e1s, m\u00e1s n\u00e9ven l\u00e9zerszinterez\u00e9ses<br \/>f\u00e9mnyomtat\u00e1s, egy korszer\u0171, addit\u00edv gy\u00e1rt\u00e1si elj\u00e1r\u00e1s, amely lehet\u0151v\u00e9 teszi f\u00e9m term\u00e9kek,alkatr\u00e9szek r\u00e9teges l\u00e9trehoz\u00e1s\u00e1t a digit\u00e1lis modell alapj\u00e1n. A l\u00e9zerszinterez\u00e9si elj\u00e1r\u00e1s sor\u00e1n egy nagy energi\u00e1j\u00fa l\u00e9zert haszn\u00e1lnak a porr\u00e9teg bizonyos pontjainak olvaszt\u00e1s\u00e1hoz vagy szinterez\u00e9s\u00e9hez. Ez a l\u00e9zeri olvaszt\u00e1s lehet\u0151s\u00e9get ad arra, hogy a k\u00edv\u00e1nt r\u00e9tegeket kialak\u00edts\u00e1k, amelyek szil\u00e1rdak \u00e9s j\u00f3l tapadnak az el\u0151z\u0151 r\u00e9tegekre.<\/p><p>This laser melting allows the formation of desired layers that are strong and adhere well to the previous layers. By spreading the powder layer over and over again and repeating the laser sintering process layer by layer, the product is gradually built up.<\/p>\t\t\t\t\t\t\t\t<\/div>\n\t\t\t\t<\/div>\n\t\t\t\t<\/div>\n\t\t\t\t\t<\/div>\n\t\t\t\t<\/div>\n\t\t<div class=\"elementor-element elementor-element-becd548 e-grid e-con-boxed e-con e-parent\" data-id=\"becd548\" data-element_type=\"container\" data-e-type=\"container\">\n\t\t\t\t\t<div class=\"e-con-inner\">\n\t\t\t\t<div class=\"elementor-element elementor-element-d17de0e elementor-widget elementor-widget-image\" data-id=\"d17de0e\" data-element_type=\"widget\" data-e-type=\"widget\" data-widget_type=\"image.default\">\n\t\t\t\t<div class=\"elementor-widget-container\">\n\t\t\t\t\t\t\t\t\t\t\t\t\t\t\t\t<a href=\"https:\/\/flexdent.hu\/wp-content\/uploads\/2023\/09\/Lezeres-femnyomtatas.jpg\" data-elementor-open-lightbox=\"yes\" data-elementor-lightbox-title=\"L\u00e9zeres f\u00e9mnyomtat\u00e1s\" data-e-action-hash=\"#elementor-action%3Aaction%3Dlightbox%26settings%3DeyJpZCI6NjIwLCJ1cmwiOiJodHRwczpcL1wvZmxleGRlbnQuaHVcL3dwLWNvbnRlbnRcL3VwbG9hZHNcLzIwMjNcLzA5XC9MZXplcmVzLWZlbW55b210YXRhcy5qcGcifQ%3D%3D\">\n\t\t\t\t\t\t\t<img fetchpriority=\"high\" decoding=\"async\" width=\"500\" height=\"400\" src=\"https:\/\/flexdent.hu\/wp-content\/uploads\/2023\/09\/Lezeres-femnyomtatas.jpg\" class=\"attachment-full size-full wp-image-620\" alt=\"\" srcset=\"https:\/\/flexdent.hu\/wp-content\/uploads\/2023\/09\/Lezeres-femnyomtatas.jpg 500w, https:\/\/flexdent.hu\/wp-content\/uploads\/2023\/09\/Lezeres-femnyomtatas-300x240.jpg 300w\" sizes=\"(max-width: 500px) 100vw, 500px\" \/>\t\t\t\t\t\t\t\t<\/a>\n\t\t\t\t\t\t\t\t\t\t\t\t\t\t\t<\/div>\n\t\t\t\t<\/div>\n\t\t\t\t<div class=\"elementor-element elementor-element-4bb8a78 elementor-widget elementor-widget-image\" data-id=\"4bb8a78\" data-element_type=\"widget\" data-e-type=\"widget\" data-widget_type=\"image.default\">\n\t\t\t\t<div class=\"elementor-widget-container\">\n\t\t\t\t\t\t\t\t\t\t\t\t\t\t\t\t<a href=\"https:\/\/flexdent.hu\/wp-content\/uploads\/2026\/03\/sinter-vaz.png\" data-elementor-open-lightbox=\"yes\" data-elementor-lightbox-title=\"sinter-vaz\" data-e-action-hash=\"#elementor-action%3Aaction%3Dlightbox%26settings%3DeyJpZCI6MjY4MCwidXJsIjoiaHR0cHM6XC9cL2ZsZXhkZW50Lmh1XC93cC1jb250ZW50XC91cGxvYWRzXC8yMDI2XC8wM1wvc2ludGVyLXZhei5wbmcifQ%3D%3D\">\n\t\t\t\t\t\t\t<img decoding=\"async\" width=\"440\" height=\"401\" src=\"https:\/\/flexdent.hu\/wp-content\/uploads\/2026\/03\/sinter-vaz.png\" class=\"attachment-large size-large wp-image-2680\" alt=\"\" srcset=\"https:\/\/flexdent.hu\/wp-content\/uploads\/2026\/03\/sinter-vaz.png 440w, https:\/\/flexdent.hu\/wp-content\/uploads\/2026\/03\/sinter-vaz-300x273.png 300w, https:\/\/flexdent.hu\/wp-content\/uploads\/2026\/03\/sinter-vaz-13x12.png 13w\" sizes=\"(max-width: 440px) 100vw, 440px\" \/>\t\t\t\t\t\t\t\t<\/a>\n\t\t\t\t\t\t\t\t\t\t\t\t\t\t\t<\/div>\n\t\t\t\t<\/div>\n\t\t\t\t<div class=\"elementor-element elementor-element-b49dc54 elementor-widget elementor-widget-spacer\" data-id=\"b49dc54\" data-element_type=\"widget\" data-e-type=\"widget\" data-widget_type=\"spacer.default\">\n\t\t\t\t<div class=\"elementor-widget-container\">\n\t\t\t\t\t\t\t<div class=\"elementor-spacer\">\n\t\t\t<div class=\"elementor-spacer-inner\"><\/div>\n\t\t<\/div>\n\t\t\t\t\t\t<\/div>\n\t\t\t\t<\/div>\n\t\t\t\t\t<\/div>\n\t\t\t\t<\/div>\n\t\t<div class=\"elementor-element elementor-element-da0b48e e-flex e-con-boxed e-con e-parent\" data-id=\"da0b48e\" data-element_type=\"container\" data-e-type=\"container\">\n\t\t\t\t\t<div class=\"e-con-inner\">\n\t\t\t\t\t<\/div>\n\t\t\t\t<\/div>\n\t\t\t\t<\/div>","protected":false},"excerpt":{"rendered":"<p>Fogtechnika A Sinter Laser f\u00e9mnyomtat\u00e1s, m\u00e1s n\u00e9ven l\u00e9zerszinterez\u00e9sesf\u00e9mnyomtat\u00e1s, egy korszer\u0171, addit\u00edv gy\u00e1rt\u00e1si elj\u00e1r\u00e1s, amely lehet\u0151v\u00e9 teszi f\u00e9m term\u00e9kek,alkatr\u00e9szek r\u00e9teges l\u00e9trehoz\u00e1s\u00e1t a digit\u00e1lis modell alapj\u00e1n. A l\u00e9zerszinterez\u00e9si elj\u00e1r\u00e1s sor\u00e1n egy nagy energi\u00e1j\u00fa l\u00e9zert haszn\u00e1lnak a porr\u00e9teg bizonyos pontjainak olvaszt\u00e1s\u00e1hoz vagy szinterez\u00e9s\u00e9hez. Ez a l\u00e9zeri olvaszt\u00e1s lehet\u0151s\u00e9get ad arra, hogy a k\u00edv\u00e1nt r\u00e9tegeket kialak\u00edts\u00e1k, amelyek szil\u00e1rdak \u00e9s [&hellip;]<\/p>\n","protected":false},"author":4,"featured_media":0,"parent":67,"menu_order":5,"comment_status":"closed","ping_status":"closed","template":"","meta":{"footnotes":""},"class_list":["post-571","page","type-page","status-publish","hentry"],"yoast_head":"<!-- This site is optimized with the Yoast SEO plugin v27.2 - https:\/\/yoast.com\/product\/yoast-seo-wordpress\/ -->\n<title>L\u00e9zeres F\u00e9mnyomtat\u00e1s - Flex-Dent<\/title>\n<meta name=\"robots\" content=\"index, follow, max-snippet:-1, max-image-preview:large, max-video-preview:-1\" \/>\n<link rel=\"canonical\" href=\"https:\/\/flexdent.hu\/en\/fogtechnikusoknak\/lezeres-femnyomtatas\/\" \/>\n<meta property=\"og:locale\" content=\"en_GB\" \/>\n<meta property=\"og:type\" content=\"article\" \/>\n<meta property=\"og:title\" content=\"L\u00e9zeres F\u00e9mnyomtat\u00e1s - Flex-Dent\" \/>\n<meta property=\"og:description\" content=\"Fogtechnika A Sinter Laser f\u00e9mnyomtat\u00e1s, m\u00e1s n\u00e9ven l\u00e9zerszinterez\u00e9sesf\u00e9mnyomtat\u00e1s, egy korszer\u0171, addit\u00edv gy\u00e1rt\u00e1si elj\u00e1r\u00e1s, amely lehet\u0151v\u00e9 teszi f\u00e9m term\u00e9kek,alkatr\u00e9szek r\u00e9teges l\u00e9trehoz\u00e1s\u00e1t a digit\u00e1lis modell alapj\u00e1n. A l\u00e9zerszinterez\u00e9si elj\u00e1r\u00e1s sor\u00e1n egy nagy energi\u00e1j\u00fa l\u00e9zert haszn\u00e1lnak a porr\u00e9teg bizonyos pontjainak olvaszt\u00e1s\u00e1hoz vagy szinterez\u00e9s\u00e9hez. Ez a l\u00e9zeri olvaszt\u00e1s lehet\u0151s\u00e9get ad arra, hogy a k\u00edv\u00e1nt r\u00e9tegeket kialak\u00edts\u00e1k, amelyek szil\u00e1rdak \u00e9s [&hellip;]\" \/>\n<meta property=\"og:url\" content=\"https:\/\/flexdent.hu\/en\/fogtechnikusoknak\/lezeres-femnyomtatas\/\" \/>\n<meta property=\"og:site_name\" content=\"Flex-Dent\" \/>\n<meta property=\"article:publisher\" content=\"https:\/\/www.facebook.com\/flexdent.hu\" \/>\n<meta property=\"article:modified_time\" content=\"2026-03-24T09:20:27+00:00\" \/>\n<meta property=\"og:image\" content=\"https:\/\/flexdent.hu\/wp-content\/uploads\/2023\/09\/Lezeres-femnyomtatas.jpg\" \/>\n\t<meta property=\"og:image:width\" content=\"500\" \/>\n\t<meta property=\"og:image:height\" content=\"400\" \/>\n\t<meta property=\"og:image:type\" content=\"image\/jpeg\" \/>\n<meta name=\"twitter:card\" content=\"summary_large_image\" \/>\n<meta name=\"twitter:label1\" content=\"Estimated reading time\" \/>\n\t<meta name=\"twitter:data1\" content=\"1 minute\" \/>\n<script type=\"application\/ld+json\" class=\"yoast-schema-graph\">{\"@context\":\"https:\/\/schema.org\",\"@graph\":[{\"@type\":\"WebPage\",\"@id\":\"https:\/\/flexdent.hu\/fogtechnikusoknak\/lezeres-femnyomtatas\/\",\"url\":\"https:\/\/flexdent.hu\/fogtechnikusoknak\/lezeres-femnyomtatas\/\",\"name\":\"L\u00e9zeres F\u00e9mnyomtat\u00e1s - Flex-Dent\",\"isPartOf\":{\"@id\":\"https:\/\/flexdent.hu\/#website\"},\"primaryImageOfPage\":{\"@id\":\"https:\/\/flexdent.hu\/fogtechnikusoknak\/lezeres-femnyomtatas\/#primaryimage\"},\"image\":{\"@id\":\"https:\/\/flexdent.hu\/fogtechnikusoknak\/lezeres-femnyomtatas\/#primaryimage\"},\"thumbnailUrl\":\"https:\/\/flexdent.hu\/wp-content\/uploads\/2023\/09\/Lezeres-femnyomtatas.jpg\",\"datePublished\":\"2023-09-01T16:36:18+00:00\",\"dateModified\":\"2026-03-24T09:20:27+00:00\",\"breadcrumb\":{\"@id\":\"https:\/\/flexdent.hu\/fogtechnikusoknak\/lezeres-femnyomtatas\/#breadcrumb\"},\"inLanguage\":\"en-GB\",\"potentialAction\":[{\"@type\":\"ReadAction\",\"target\":[\"https:\/\/flexdent.hu\/fogtechnikusoknak\/lezeres-femnyomtatas\/\"]}]},{\"@type\":\"ImageObject\",\"inLanguage\":\"en-GB\",\"@id\":\"https:\/\/flexdent.hu\/fogtechnikusoknak\/lezeres-femnyomtatas\/#primaryimage\",\"url\":\"https:\/\/flexdent.hu\/wp-content\/uploads\/2023\/09\/Lezeres-femnyomtatas.jpg\",\"contentUrl\":\"https:\/\/flexdent.hu\/wp-content\/uploads\/2023\/09\/Lezeres-femnyomtatas.jpg\"},{\"@type\":\"BreadcrumbList\",\"@id\":\"https:\/\/flexdent.hu\/fogtechnikusoknak\/lezeres-femnyomtatas\/#breadcrumb\",\"itemListElement\":[{\"@type\":\"ListItem\",\"position\":1,\"name\":\"Home\",\"item\":\"https:\/\/flexdent.hu\/\"},{\"@type\":\"ListItem\",\"position\":2,\"name\":\"Fogtechnikusoknak\",\"item\":\"https:\/\/flexdent.hu\/fogtechnikusoknak\/\"},{\"@type\":\"ListItem\",\"position\":3,\"name\":\"L\u00e9zeres F\u00e9mnyomtat\u00e1s\"}]},{\"@type\":\"WebSite\",\"@id\":\"https:\/\/flexdent.hu\/#website\",\"url\":\"https:\/\/flexdent.hu\/\",\"name\":\"Flex-Dent\",\"description\":\"CAD-CAM Fr\u00e9zcentrum - Mosonmagyar\u00f3v\u00e1r\",\"potentialAction\":[{\"@type\":\"SearchAction\",\"target\":{\"@type\":\"EntryPoint\",\"urlTemplate\":\"https:\/\/flexdent.hu\/?s={search_term_string}\"},\"query-input\":{\"@type\":\"PropertyValueSpecification\",\"valueRequired\":true,\"valueName\":\"search_term_string\"}}],\"inLanguage\":\"en-GB\"}]}<\/script>\n<!-- \/ Yoast SEO plugin. -->","yoast_head_json":{"title":"L\u00e9zeres F\u00e9mnyomtat\u00e1s - Flex-Dent","robots":{"index":"index","follow":"follow","max-snippet":"max-snippet:-1","max-image-preview":"max-image-preview:large","max-video-preview":"max-video-preview:-1"},"canonical":"https:\/\/flexdent.hu\/en\/fogtechnikusoknak\/lezeres-femnyomtatas\/","og_locale":"en_GB","og_type":"article","og_title":"L\u00e9zeres F\u00e9mnyomtat\u00e1s - Flex-Dent","og_description":"Fogtechnika A Sinter Laser f\u00e9mnyomtat\u00e1s, m\u00e1s n\u00e9ven l\u00e9zerszinterez\u00e9sesf\u00e9mnyomtat\u00e1s, egy korszer\u0171, addit\u00edv gy\u00e1rt\u00e1si elj\u00e1r\u00e1s, amely lehet\u0151v\u00e9 teszi f\u00e9m term\u00e9kek,alkatr\u00e9szek r\u00e9teges l\u00e9trehoz\u00e1s\u00e1t a digit\u00e1lis modell alapj\u00e1n. A l\u00e9zerszinterez\u00e9si elj\u00e1r\u00e1s sor\u00e1n egy nagy energi\u00e1j\u00fa l\u00e9zert haszn\u00e1lnak a porr\u00e9teg bizonyos pontjainak olvaszt\u00e1s\u00e1hoz vagy szinterez\u00e9s\u00e9hez. Ez a l\u00e9zeri olvaszt\u00e1s lehet\u0151s\u00e9get ad arra, hogy a k\u00edv\u00e1nt r\u00e9tegeket kialak\u00edts\u00e1k, amelyek szil\u00e1rdak \u00e9s [&hellip;]","og_url":"https:\/\/flexdent.hu\/en\/fogtechnikusoknak\/lezeres-femnyomtatas\/","og_site_name":"Flex-Dent","article_publisher":"https:\/\/www.facebook.com\/flexdent.hu","article_modified_time":"2026-03-24T09:20:27+00:00","og_image":[{"width":500,"height":400,"url":"https:\/\/flexdent.hu\/wp-content\/uploads\/2023\/09\/Lezeres-femnyomtatas.jpg","type":"image\/jpeg"}],"twitter_card":"summary_large_image","twitter_misc":{"Estimated reading time":"1 minute"},"schema":{"@context":"https:\/\/schema.org","@graph":[{"@type":"WebPage","@id":"https:\/\/flexdent.hu\/fogtechnikusoknak\/lezeres-femnyomtatas\/","url":"https:\/\/flexdent.hu\/fogtechnikusoknak\/lezeres-femnyomtatas\/","name":"L\u00e9zeres F\u00e9mnyomtat\u00e1s - Flex-Dent","isPartOf":{"@id":"https:\/\/flexdent.hu\/#website"},"primaryImageOfPage":{"@id":"https:\/\/flexdent.hu\/fogtechnikusoknak\/lezeres-femnyomtatas\/#primaryimage"},"image":{"@id":"https:\/\/flexdent.hu\/fogtechnikusoknak\/lezeres-femnyomtatas\/#primaryimage"},"thumbnailUrl":"https:\/\/flexdent.hu\/wp-content\/uploads\/2023\/09\/Lezeres-femnyomtatas.jpg","datePublished":"2023-09-01T16:36:18+00:00","dateModified":"2026-03-24T09:20:27+00:00","breadcrumb":{"@id":"https:\/\/flexdent.hu\/fogtechnikusoknak\/lezeres-femnyomtatas\/#breadcrumb"},"inLanguage":"en-GB","potentialAction":[{"@type":"ReadAction","target":["https:\/\/flexdent.hu\/fogtechnikusoknak\/lezeres-femnyomtatas\/"]}]},{"@type":"ImageObject","inLanguage":"en-GB","@id":"https:\/\/flexdent.hu\/fogtechnikusoknak\/lezeres-femnyomtatas\/#primaryimage","url":"https:\/\/flexdent.hu\/wp-content\/uploads\/2023\/09\/Lezeres-femnyomtatas.jpg","contentUrl":"https:\/\/flexdent.hu\/wp-content\/uploads\/2023\/09\/Lezeres-femnyomtatas.jpg"},{"@type":"BreadcrumbList","@id":"https:\/\/flexdent.hu\/fogtechnikusoknak\/lezeres-femnyomtatas\/#breadcrumb","itemListElement":[{"@type":"ListItem","position":1,"name":"Home","item":"https:\/\/flexdent.hu\/"},{"@type":"ListItem","position":2,"name":"Fogtechnikusoknak","item":"https:\/\/flexdent.hu\/fogtechnikusoknak\/"},{"@type":"ListItem","position":3,"name":"L\u00e9zeres F\u00e9mnyomtat\u00e1s"}]},{"@type":"WebSite","@id":"https:\/\/flexdent.hu\/#website","url":"https:\/\/flexdent.hu\/","name":"Flex-Dent","description":"CAD-CAM Fr\u00e9zcentrum - Mosonmagyar\u00f3v\u00e1r","potentialAction":[{"@type":"SearchAction","target":{"@type":"EntryPoint","urlTemplate":"https:\/\/flexdent.hu\/?s={search_term_string}"},"query-input":{"@type":"PropertyValueSpecification","valueRequired":true,"valueName":"search_term_string"}}],"inLanguage":"en-GB"}]}},"_links":{"self":[{"href":"https:\/\/flexdent.hu\/en\/wp-json\/wp\/v2\/pages\/571","targetHints":{"allow":["GET"]}}],"collection":[{"href":"https:\/\/flexdent.hu\/en\/wp-json\/wp\/v2\/pages"}],"about":[{"href":"https:\/\/flexdent.hu\/en\/wp-json\/wp\/v2\/types\/page"}],"author":[{"embeddable":true,"href":"https:\/\/flexdent.hu\/en\/wp-json\/wp\/v2\/users\/4"}],"replies":[{"embeddable":true,"href":"https:\/\/flexdent.hu\/en\/wp-json\/wp\/v2\/comments?post=571"}],"version-history":[{"count":20,"href":"https:\/\/flexdent.hu\/en\/wp-json\/wp\/v2\/pages\/571\/revisions"}],"predecessor-version":[{"id":2689,"href":"https:\/\/flexdent.hu\/en\/wp-json\/wp\/v2\/pages\/571\/revisions\/2689"}],"up":[{"embeddable":true,"href":"https:\/\/flexdent.hu\/en\/wp-json\/wp\/v2\/pages\/67"}],"wp:attachment":[{"href":"https:\/\/flexdent.hu\/en\/wp-json\/wp\/v2\/media?parent=571"}],"curies":[{"name":"wp","href":"https:\/\/api.w.org\/{rel}","templated":true}]}}