



{"id":565,"date":"2023-09-01T16:32:32","date_gmt":"2023-09-01T16:32:32","guid":{"rendered":"https:\/\/flexdent.hu\/?page_id=565"},"modified":"2026-03-30T14:41:07","modified_gmt":"2026-03-30T12:41:07","slug":"cad-cam-tervezes","status":"publish","type":"page","link":"https:\/\/flexdent.hu\/en\/fogtechnikusoknak\/cad-cam-tervezes\/","title":{"rendered":"CAD-CAM DESIGN"},"content":{"rendered":"<div data-elementor-type=\"wp-post\" data-elementor-id=\"565\" class=\"elementor elementor-565\" data-elementor-post-type=\"page\">\n\t\t\t\t<div class=\"elementor-element elementor-element-78dfc3a e-flex e-con-boxed e-con e-parent\" data-id=\"78dfc3a\" data-element_type=\"container\" data-e-type=\"container\" data-settings=\"{&quot;background_background&quot;:&quot;classic&quot;}\">\n\t\t\t\t\t<div class=\"e-con-inner\">\n\t\t<div class=\"elementor-element elementor-element-9c066dc e-con-full e-flex e-con e-child\" data-id=\"9c066dc\" data-element_type=\"container\" data-e-type=\"container\">\n\t\t\t\t<div class=\"elementor-element elementor-element-b86e84b elementor-widget elementor-widget-heading\" data-id=\"b86e84b\" data-element_type=\"widget\" data-e-type=\"widget\" data-widget_type=\"heading.default\">\n\t\t\t\t<div class=\"elementor-widget-container\">\n\t\t\t\t\t<div class=\"elementor-heading-title elementor-size-default\"><a href=\"https:\/\/flexdent.hu\/en\/fogtechnikusoknak\/\">For Dental Labs<\/a><\/div>\t\t\t\t<\/div>\n\t\t\t\t<\/div>\n\t\t\t\t<div class=\"elementor-element elementor-element-1e73e27 elementor-widget elementor-widget-heading\" data-id=\"1e73e27\" data-element_type=\"widget\" data-e-type=\"widget\" data-widget_type=\"heading.default\">\n\t\t\t\t<div class=\"elementor-widget-container\">\n\t\t\t\t\t<h1 class=\"elementor-heading-title elementor-size-default\">CAD-CAM DESIGN<\/h1>\t\t\t\t<\/div>\n\t\t\t\t<\/div>\n\t\t\t\t<\/div>\n\t\t\t\t\t<\/div>\n\t\t\t\t<\/div>\n\t\t<div class=\"elementor-element elementor-element-9c56646 e-flex e-con-boxed e-con e-parent\" data-id=\"9c56646\" data-element_type=\"container\" data-e-type=\"container\">\n\t\t\t\t\t<div class=\"e-con-inner\">\n\t\t<div class=\"elementor-element elementor-element-426a0b1 e-con-full e-flex e-con e-child\" data-id=\"426a0b1\" data-element_type=\"container\" data-e-type=\"container\">\n\t\t\t\t<div class=\"elementor-element elementor-element-8fe57ea elementor-widget elementor-widget-text-editor\" data-id=\"8fe57ea\" data-element_type=\"widget\" data-e-type=\"widget\" data-widget_type=\"text-editor.default\">\n\t\t\t\t<div class=\"elementor-widget-container\">\n\t\t\t\t\t\t\t\t\t<p>CAD-CAM (Computer-Aided Design and Computer-Aided Manufacturing) design is a technological process used in many industries, including dentistry. This process combines computer-aided design and manufacturing to create accurate and customised products.<br>\nIn dentistry, CAD-CAM design is used to design and fabricate dental restorations, crowns, bridges, implant abutments and other dental products.<\/p>\n<p>The process usually involves the following steps:<\/p>\n<ul>\n<li class=\"translation-block\"><strong>Scanning (CAD):<\/strong> The patient's teeth or implant site are \"scanned\" using a 3D scanner to create an accurate digital model.<\/li>\n<li class=\"translation-block\"><strong>Design (CAD):<\/strong> Based on the digital model, the dentist or dental technician designs the prosthesis or other dental product using a computer. In this phase, details of shape, size and aesthetics are determined.<\/li>\n<li class=\"translation-block\"><strong>Manufacturing (CAM):<\/strong> The CAD-CAM system transmits the completed designs to a 3D printer or a CNC (computer-controlled milling machine) system, where the dental products are manufactured exactly according to the designs.<\/li>\n<li class=\"translation-block\"><strong>Finishing and fitting:<\/strong> The finished prosthesis or appliance is then checked and fine-tuned to ensure an accurate fit and the desired functionality.<\/li>\n<\/ul>\n<p>CAD-CAM design allows dentists and dental technicians to create prostheses and appliances faster and more accurately. This reduces the time and human intervention required for traditional laboratory processes, improving the efficiency and results of dental treatments.<\/p>\t\t\t\t\t\t\t\t<\/div>\n\t\t\t\t<\/div>\n\t\t\t\t<\/div>\n\t\t<div class=\"elementor-element elementor-element-c76fec1 e-con-full e-flex e-con e-child\" data-id=\"c76fec1\" data-element_type=\"container\" data-e-type=\"container\">\n\t\t\t\t<div class=\"elementor-element elementor-element-7fbe7a6 elementor-widget elementor-widget-image\" data-id=\"7fbe7a6\" data-element_type=\"widget\" data-e-type=\"widget\" data-widget_type=\"image.default\">\n\t\t\t\t<div class=\"elementor-widget-container\">\n\t\t\t\t\t\t\t\t\t\t\t\t\t\t\t\t<a href=\"https:\/\/flexdent.hu\/wp-content\/uploads\/2023\/09\/CAD-CAM-tervezes.jpeg\" data-elementor-open-lightbox=\"yes\" data-elementor-lightbox-title=\"CAD-CAM tervez\u00e9s\" data-e-action-hash=\"#elementor-action%3Aaction%3Dlightbox%26settings%3DeyJpZCI6NjEzLCJ1cmwiOiJodHRwczpcL1wvZmxleGRlbnQuaHVcL3dwLWNvbnRlbnRcL3VwbG9hZHNcLzIwMjNcLzA5XC9DQUQtQ0FNLXRlcnZlemVzLmpwZWcifQ%3D%3D\">\n\t\t\t\t\t\t\t<img fetchpriority=\"high\" decoding=\"async\" width=\"500\" height=\"400\" src=\"https:\/\/flexdent.hu\/wp-content\/uploads\/2023\/09\/CAD-CAM-tervezes.jpeg\" class=\"attachment-full size-full wp-image-613\" alt=\"\" srcset=\"https:\/\/flexdent.hu\/wp-content\/uploads\/2023\/09\/CAD-CAM-tervezes.jpeg 500w, https:\/\/flexdent.hu\/wp-content\/uploads\/2023\/09\/CAD-CAM-tervezes-300x240.jpeg 300w\" sizes=\"(max-width: 500px) 100vw, 500px\" \/>\t\t\t\t\t\t\t\t<\/a>\n\t\t\t\t\t\t\t\t\t\t\t\t\t\t\t<\/div>\n\t\t\t\t<\/div>\n\t\t\t\t<\/div>\n\t\t\t\t\t<\/div>\n\t\t\t\t<\/div>\n\t\t<div class=\"elementor-element elementor-element-b75f6fb e-grid e-con-boxed e-con e-parent\" data-id=\"b75f6fb\" data-element_type=\"container\" data-e-type=\"container\">\n\t\t\t\t\t<div class=\"e-con-inner\">\n\t\t\t\t<div class=\"elementor-element elementor-element-5dca5bb elementor-widget elementor-widget-image\" data-id=\"5dca5bb\" data-element_type=\"widget\" data-e-type=\"widget\" data-widget_type=\"image.default\">\n\t\t\t\t<div class=\"elementor-widget-container\">\n\t\t\t\t\t\t\t\t\t\t\t\t\t\t\t\t<a href=\"https:\/\/flexdent.hu\/wp-content\/uploads\/2026\/03\/cad-cam.png\" data-elementor-open-lightbox=\"yes\" data-elementor-lightbox-title=\"cad-cam\" data-e-action-hash=\"#elementor-action%3Aaction%3Dlightbox%26settings%3DeyJpZCI6Mjc3MCwidXJsIjoiaHR0cHM6XC9cL2ZsZXhkZW50Lmh1XC93cC1jb250ZW50XC91cGxvYWRzXC8yMDI2XC8wM1wvY2FkLWNhbS5wbmcifQ%3D%3D\">\n\t\t\t\t\t\t\t<img decoding=\"async\" width=\"487\" height=\"326\" src=\"https:\/\/flexdent.hu\/wp-content\/uploads\/2026\/03\/cad-cam.png\" class=\"attachment-large size-large wp-image-2770\" alt=\"\" srcset=\"https:\/\/flexdent.hu\/wp-content\/uploads\/2026\/03\/cad-cam.png 487w, https:\/\/flexdent.hu\/wp-content\/uploads\/2026\/03\/cad-cam-300x201.png 300w, https:\/\/flexdent.hu\/wp-content\/uploads\/2026\/03\/cad-cam-18x12.png 18w\" sizes=\"(max-width: 487px) 100vw, 487px\" \/>\t\t\t\t\t\t\t\t<\/a>\n\t\t\t\t\t\t\t\t\t\t\t\t\t\t\t<\/div>\n\t\t\t\t<\/div>\n\t\t\t\t<div class=\"elementor-element elementor-element-1e6c7ae elementor-widget elementor-widget-image\" data-id=\"1e6c7ae\" data-element_type=\"widget\" data-e-type=\"widget\" data-widget_type=\"image.default\">\n\t\t\t\t<div class=\"elementor-widget-container\">\n\t\t\t\t\t\t\t\t\t\t\t\t\t\t\t\t<a href=\"https:\/\/flexdent.hu\/wp-content\/uploads\/2026\/03\/e2-scanner.png\" data-elementor-open-lightbox=\"yes\" data-elementor-lightbox-title=\"e2-scanner\" data-e-action-hash=\"#elementor-action%3Aaction%3Dlightbox%26settings%3DeyJpZCI6Mjc3MSwidXJsIjoiaHR0cHM6XC9cL2ZsZXhkZW50Lmh1XC93cC1jb250ZW50XC91cGxvYWRzXC8yMDI2XC8wM1wvZTItc2Nhbm5lci5wbmcifQ%3D%3D\">\n\t\t\t\t\t\t\t<img decoding=\"async\" width=\"561\" height=\"495\" src=\"https:\/\/flexdent.hu\/wp-content\/uploads\/2026\/03\/e2-scanner.png\" class=\"attachment-large size-large wp-image-2771\" alt=\"\" srcset=\"https:\/\/flexdent.hu\/wp-content\/uploads\/2026\/03\/e2-scanner.png 561w, https:\/\/flexdent.hu\/wp-content\/uploads\/2026\/03\/e2-scanner-300x265.png 300w, https:\/\/flexdent.hu\/wp-content\/uploads\/2026\/03\/e2-scanner-14x12.png 14w\" sizes=\"(max-width: 561px) 100vw, 561px\" \/>\t\t\t\t\t\t\t\t<\/a>\n\t\t\t\t\t\t\t\t\t\t\t\t\t\t\t<\/div>\n\t\t\t\t<\/div>\n\t\t\t\t<div class=\"elementor-element elementor-element-62aa3df elementor-widget elementor-widget-spacer\" data-id=\"62aa3df\" data-element_type=\"widget\" data-e-type=\"widget\" data-widget_type=\"spacer.default\">\n\t\t\t\t<div class=\"elementor-widget-container\">\n\t\t\t\t\t\t\t<div class=\"elementor-spacer\">\n\t\t\t<div class=\"elementor-spacer-inner\"><\/div>\n\t\t<\/div>\n\t\t\t\t\t\t<\/div>\n\t\t\t\t<\/div>\n\t\t\t\t\t<\/div>\n\t\t\t\t<\/div>\n\t\t\t\t<\/div>","protected":false},"excerpt":{"rendered":"<p>Fogtechnika A CAD-CAM (Computer-Aided Design and Computer-Aided Manufacturing) tervez\u00e9s egy olyan technol\u00f3giai folyamat, amelyet sz\u00e1mos ipar\u00e1gban alkalmaznak, bele\u00e9rtve a fog\u00e1szatot is. Ez a folyamat a sz\u00e1m\u00edt\u00f3g\u00e9pes tervez\u00e9st \u00e9s gy\u00e1rt\u00e1st \u00f6tv\u00f6zi annak \u00e9rdek\u00e9ben, hogy pontos \u00e9s testreszabott term\u00e9keket hozzanak l\u00e9tre. A fog\u00e1szatban a CAD-CAM tervez\u00e9st fogp\u00f3tl\u00e1sok, koron\u00e1k, hidak, implant\u00e1tum fel\u00e9p\u00edtm\u00e9nyek \u00e9s egy\u00e9b fog\u00e1szati term\u00e9kek tervez\u00e9s\u00e9re \u00e9s [&hellip;]<\/p>\n","protected":false},"author":4,"featured_media":0,"parent":67,"menu_order":4,"comment_status":"closed","ping_status":"closed","template":"","meta":{"footnotes":""},"class_list":["post-565","page","type-page","status-publish","hentry"],"yoast_head":"<!-- This site is optimized with the Yoast SEO plugin v27.2 - https:\/\/yoast.com\/product\/yoast-seo-wordpress\/ -->\n<title>CAD-CAM Tervez\u00e9s - Flex-Dent<\/title>\n<meta name=\"robots\" content=\"index, follow, max-snippet:-1, max-image-preview:large, max-video-preview:-1\" \/>\n<link rel=\"canonical\" href=\"https:\/\/flexdent.hu\/en\/fogtechnikusoknak\/cad-cam-tervezes\/\" \/>\n<meta property=\"og:locale\" content=\"en_GB\" \/>\n<meta property=\"og:type\" content=\"article\" \/>\n<meta property=\"og:title\" content=\"CAD-CAM Tervez\u00e9s - Flex-Dent\" \/>\n<meta property=\"og:description\" content=\"Fogtechnika A CAD-CAM (Computer-Aided Design and Computer-Aided Manufacturing) tervez\u00e9s egy olyan technol\u00f3giai folyamat, amelyet sz\u00e1mos ipar\u00e1gban alkalmaznak, bele\u00e9rtve a fog\u00e1szatot is. Ez a folyamat a sz\u00e1m\u00edt\u00f3g\u00e9pes tervez\u00e9st \u00e9s gy\u00e1rt\u00e1st \u00f6tv\u00f6zi annak \u00e9rdek\u00e9ben, hogy pontos \u00e9s testreszabott term\u00e9keket hozzanak l\u00e9tre. A fog\u00e1szatban a CAD-CAM tervez\u00e9st fogp\u00f3tl\u00e1sok, koron\u00e1k, hidak, implant\u00e1tum fel\u00e9p\u00edtm\u00e9nyek \u00e9s egy\u00e9b fog\u00e1szati term\u00e9kek tervez\u00e9s\u00e9re \u00e9s [&hellip;]\" \/>\n<meta property=\"og:url\" content=\"https:\/\/flexdent.hu\/en\/fogtechnikusoknak\/cad-cam-tervezes\/\" \/>\n<meta property=\"og:site_name\" content=\"Flex-Dent\" \/>\n<meta property=\"article:publisher\" content=\"https:\/\/www.facebook.com\/flexdent.hu\" \/>\n<meta property=\"article:modified_time\" content=\"2026-03-30T12:41:07+00:00\" \/>\n<meta property=\"og:image\" content=\"https:\/\/flexdent.hu\/wp-content\/uploads\/2023\/09\/CAD-CAM-tervezes.jpeg\" \/>\n\t<meta property=\"og:image:width\" content=\"500\" \/>\n\t<meta property=\"og:image:height\" content=\"400\" \/>\n\t<meta property=\"og:image:type\" content=\"image\/jpeg\" \/>\n<meta name=\"twitter:card\" content=\"summary_large_image\" \/>\n<meta name=\"twitter:label1\" content=\"Estimated reading time\" \/>\n\t<meta name=\"twitter:data1\" content=\"2 minutes\" \/>\n<script type=\"application\/ld+json\" class=\"yoast-schema-graph\">{\"@context\":\"https:\/\/schema.org\",\"@graph\":[{\"@type\":\"WebPage\",\"@id\":\"https:\/\/flexdent.hu\/fogtechnikusoknak\/cad-cam-tervezes\/\",\"url\":\"https:\/\/flexdent.hu\/fogtechnikusoknak\/cad-cam-tervezes\/\",\"name\":\"CAD-CAM Tervez\u00e9s - Flex-Dent\",\"isPartOf\":{\"@id\":\"https:\/\/flexdent.hu\/#website\"},\"primaryImageOfPage\":{\"@id\":\"https:\/\/flexdent.hu\/fogtechnikusoknak\/cad-cam-tervezes\/#primaryimage\"},\"image\":{\"@id\":\"https:\/\/flexdent.hu\/fogtechnikusoknak\/cad-cam-tervezes\/#primaryimage\"},\"thumbnailUrl\":\"https:\/\/flexdent.hu\/wp-content\/uploads\/2023\/09\/CAD-CAM-tervezes.jpeg\",\"datePublished\":\"2023-09-01T16:32:32+00:00\",\"dateModified\":\"2026-03-30T12:41:07+00:00\",\"breadcrumb\":{\"@id\":\"https:\/\/flexdent.hu\/fogtechnikusoknak\/cad-cam-tervezes\/#breadcrumb\"},\"inLanguage\":\"en-GB\",\"potentialAction\":[{\"@type\":\"ReadAction\",\"target\":[\"https:\/\/flexdent.hu\/fogtechnikusoknak\/cad-cam-tervezes\/\"]}]},{\"@type\":\"ImageObject\",\"inLanguage\":\"en-GB\",\"@id\":\"https:\/\/flexdent.hu\/fogtechnikusoknak\/cad-cam-tervezes\/#primaryimage\",\"url\":\"https:\/\/flexdent.hu\/wp-content\/uploads\/2023\/09\/CAD-CAM-tervezes.jpeg\",\"contentUrl\":\"https:\/\/flexdent.hu\/wp-content\/uploads\/2023\/09\/CAD-CAM-tervezes.jpeg\"},{\"@type\":\"BreadcrumbList\",\"@id\":\"https:\/\/flexdent.hu\/fogtechnikusoknak\/cad-cam-tervezes\/#breadcrumb\",\"itemListElement\":[{\"@type\":\"ListItem\",\"position\":1,\"name\":\"Home\",\"item\":\"https:\/\/flexdent.hu\/\"},{\"@type\":\"ListItem\",\"position\":2,\"name\":\"Fogtechnikusoknak\",\"item\":\"https:\/\/flexdent.hu\/fogtechnikusoknak\/\"},{\"@type\":\"ListItem\",\"position\":3,\"name\":\"CAD-CAM Tervez\u00e9s\"}]},{\"@type\":\"WebSite\",\"@id\":\"https:\/\/flexdent.hu\/#website\",\"url\":\"https:\/\/flexdent.hu\/\",\"name\":\"Flex-Dent\",\"description\":\"CAD-CAM Fr\u00e9zcentrum - Mosonmagyar\u00f3v\u00e1r\",\"potentialAction\":[{\"@type\":\"SearchAction\",\"target\":{\"@type\":\"EntryPoint\",\"urlTemplate\":\"https:\/\/flexdent.hu\/?s={search_term_string}\"},\"query-input\":{\"@type\":\"PropertyValueSpecification\",\"valueRequired\":true,\"valueName\":\"search_term_string\"}}],\"inLanguage\":\"en-GB\"}]}<\/script>\n<!-- \/ Yoast SEO plugin. -->","yoast_head_json":{"title":"CAD-CAM Tervez\u00e9s - Flex-Dent","robots":{"index":"index","follow":"follow","max-snippet":"max-snippet:-1","max-image-preview":"max-image-preview:large","max-video-preview":"max-video-preview:-1"},"canonical":"https:\/\/flexdent.hu\/en\/fogtechnikusoknak\/cad-cam-tervezes\/","og_locale":"en_GB","og_type":"article","og_title":"CAD-CAM Tervez\u00e9s - Flex-Dent","og_description":"Fogtechnika A CAD-CAM (Computer-Aided Design and Computer-Aided Manufacturing) tervez\u00e9s egy olyan technol\u00f3giai folyamat, amelyet sz\u00e1mos ipar\u00e1gban alkalmaznak, bele\u00e9rtve a fog\u00e1szatot is. Ez a folyamat a sz\u00e1m\u00edt\u00f3g\u00e9pes tervez\u00e9st \u00e9s gy\u00e1rt\u00e1st \u00f6tv\u00f6zi annak \u00e9rdek\u00e9ben, hogy pontos \u00e9s testreszabott term\u00e9keket hozzanak l\u00e9tre. A fog\u00e1szatban a CAD-CAM tervez\u00e9st fogp\u00f3tl\u00e1sok, koron\u00e1k, hidak, implant\u00e1tum fel\u00e9p\u00edtm\u00e9nyek \u00e9s egy\u00e9b fog\u00e1szati term\u00e9kek tervez\u00e9s\u00e9re \u00e9s [&hellip;]","og_url":"https:\/\/flexdent.hu\/en\/fogtechnikusoknak\/cad-cam-tervezes\/","og_site_name":"Flex-Dent","article_publisher":"https:\/\/www.facebook.com\/flexdent.hu","article_modified_time":"2026-03-30T12:41:07+00:00","og_image":[{"width":500,"height":400,"url":"https:\/\/flexdent.hu\/wp-content\/uploads\/2023\/09\/CAD-CAM-tervezes.jpeg","type":"image\/jpeg"}],"twitter_card":"summary_large_image","twitter_misc":{"Estimated reading time":"2 minutes"},"schema":{"@context":"https:\/\/schema.org","@graph":[{"@type":"WebPage","@id":"https:\/\/flexdent.hu\/fogtechnikusoknak\/cad-cam-tervezes\/","url":"https:\/\/flexdent.hu\/fogtechnikusoknak\/cad-cam-tervezes\/","name":"CAD-CAM Tervez\u00e9s - Flex-Dent","isPartOf":{"@id":"https:\/\/flexdent.hu\/#website"},"primaryImageOfPage":{"@id":"https:\/\/flexdent.hu\/fogtechnikusoknak\/cad-cam-tervezes\/#primaryimage"},"image":{"@id":"https:\/\/flexdent.hu\/fogtechnikusoknak\/cad-cam-tervezes\/#primaryimage"},"thumbnailUrl":"https:\/\/flexdent.hu\/wp-content\/uploads\/2023\/09\/CAD-CAM-tervezes.jpeg","datePublished":"2023-09-01T16:32:32+00:00","dateModified":"2026-03-30T12:41:07+00:00","breadcrumb":{"@id":"https:\/\/flexdent.hu\/fogtechnikusoknak\/cad-cam-tervezes\/#breadcrumb"},"inLanguage":"en-GB","potentialAction":[{"@type":"ReadAction","target":["https:\/\/flexdent.hu\/fogtechnikusoknak\/cad-cam-tervezes\/"]}]},{"@type":"ImageObject","inLanguage":"en-GB","@id":"https:\/\/flexdent.hu\/fogtechnikusoknak\/cad-cam-tervezes\/#primaryimage","url":"https:\/\/flexdent.hu\/wp-content\/uploads\/2023\/09\/CAD-CAM-tervezes.jpeg","contentUrl":"https:\/\/flexdent.hu\/wp-content\/uploads\/2023\/09\/CAD-CAM-tervezes.jpeg"},{"@type":"BreadcrumbList","@id":"https:\/\/flexdent.hu\/fogtechnikusoknak\/cad-cam-tervezes\/#breadcrumb","itemListElement":[{"@type":"ListItem","position":1,"name":"Home","item":"https:\/\/flexdent.hu\/"},{"@type":"ListItem","position":2,"name":"Fogtechnikusoknak","item":"https:\/\/flexdent.hu\/fogtechnikusoknak\/"},{"@type":"ListItem","position":3,"name":"CAD-CAM Tervez\u00e9s"}]},{"@type":"WebSite","@id":"https:\/\/flexdent.hu\/#website","url":"https:\/\/flexdent.hu\/","name":"Flex-Dent","description":"CAD-CAM Fr\u00e9zcentrum - Mosonmagyar\u00f3v\u00e1r","potentialAction":[{"@type":"SearchAction","target":{"@type":"EntryPoint","urlTemplate":"https:\/\/flexdent.hu\/?s={search_term_string}"},"query-input":{"@type":"PropertyValueSpecification","valueRequired":true,"valueName":"search_term_string"}}],"inLanguage":"en-GB"}]}},"_links":{"self":[{"href":"https:\/\/flexdent.hu\/en\/wp-json\/wp\/v2\/pages\/565","targetHints":{"allow":["GET"]}}],"collection":[{"href":"https:\/\/flexdent.hu\/en\/wp-json\/wp\/v2\/pages"}],"about":[{"href":"https:\/\/flexdent.hu\/en\/wp-json\/wp\/v2\/types\/page"}],"author":[{"embeddable":true,"href":"https:\/\/flexdent.hu\/en\/wp-json\/wp\/v2\/users\/4"}],"replies":[{"embeddable":true,"href":"https:\/\/flexdent.hu\/en\/wp-json\/wp\/v2\/comments?post=565"}],"version-history":[{"count":20,"href":"https:\/\/flexdent.hu\/en\/wp-json\/wp\/v2\/pages\/565\/revisions"}],"predecessor-version":[{"id":2777,"href":"https:\/\/flexdent.hu\/en\/wp-json\/wp\/v2\/pages\/565\/revisions\/2777"}],"up":[{"embeddable":true,"href":"https:\/\/flexdent.hu\/en\/wp-json\/wp\/v2\/pages\/67"}],"wp:attachment":[{"href":"https:\/\/flexdent.hu\/en\/wp-json\/wp\/v2\/media?parent=565"}],"curies":[{"name":"wp","href":"https:\/\/api.w.org\/{rel}","templated":true}]}}