



{"id":559,"date":"2023-09-01T16:30:11","date_gmt":"2023-09-01T16:30:11","guid":{"rendered":"https:\/\/flexdent.hu\/?page_id=559"},"modified":"2026-03-24T10:13:46","modified_gmt":"2026-03-24T09:13:46","slug":"implantatum-felepitmenyek","status":"publish","type":"page","link":"https:\/\/flexdent.hu\/en\/fogtechnikusoknak\/implantatum-felepitmenyek\/","title":{"rendered":"IMPLANT CUSTOM ABUTMENT"},"content":{"rendered":"<div data-elementor-type=\"wp-post\" data-elementor-id=\"559\" class=\"elementor elementor-559\" data-elementor-post-type=\"page\">\n\t\t\t\t<div class=\"elementor-element elementor-element-5d5db47 e-flex e-con-boxed e-con e-parent\" data-id=\"5d5db47\" data-element_type=\"container\" data-e-type=\"container\" data-settings=\"{&quot;background_background&quot;:&quot;classic&quot;}\">\n\t\t\t\t\t<div class=\"e-con-inner\">\n\t\t<div class=\"elementor-element elementor-element-9ea9f1e e-con-full e-flex e-con e-child\" data-id=\"9ea9f1e\" data-element_type=\"container\" data-e-type=\"container\">\n\t\t\t\t<div class=\"elementor-element elementor-element-3117b3e elementor-widget elementor-widget-heading\" data-id=\"3117b3e\" data-element_type=\"widget\" data-e-type=\"widget\" data-widget_type=\"heading.default\">\n\t\t\t\t<div class=\"elementor-widget-container\">\n\t\t\t\t\t<div class=\"elementor-heading-title elementor-size-default\"><a href=\"https:\/\/flexdent.hu\/en\/fogtechnikusoknak\/\">For Dental Labs<\/a><\/div>\t\t\t\t<\/div>\n\t\t\t\t<\/div>\n\t\t\t\t<div class=\"elementor-element elementor-element-c2adfcd elementor-widget elementor-widget-heading\" data-id=\"c2adfcd\" data-element_type=\"widget\" data-e-type=\"widget\" data-widget_type=\"heading.default\">\n\t\t\t\t<div class=\"elementor-widget-container\">\n\t\t\t\t\t<h1 class=\"elementor-heading-title elementor-size-default\">IMPLANT CUSTOM ABUTMENT<\/h1>\t\t\t\t<\/div>\n\t\t\t\t<\/div>\n\t\t\t\t<\/div>\n\t\t\t\t\t<\/div>\n\t\t\t\t<\/div>\n\t\t<div class=\"elementor-element elementor-element-42bc851 e-flex e-con-boxed e-con e-parent\" data-id=\"42bc851\" data-element_type=\"container\" data-e-type=\"container\">\n\t\t\t\t\t<div class=\"e-con-inner\">\n\t\t<div class=\"elementor-element elementor-element-f3b0386 e-con-full e-flex e-con e-child\" data-id=\"f3b0386\" data-element_type=\"container\" data-e-type=\"container\">\n\t\t\t\t<div class=\"elementor-element elementor-element-b43ee40 elementor-widget elementor-widget-text-editor\" data-id=\"b43ee40\" data-element_type=\"widget\" data-e-type=\"widget\" data-widget_type=\"text-editor.default\">\n\t\t\t\t<div class=\"elementor-widget-container\">\n\t\t\t\t\t\t\t\t\t<p>Implant abutments are structures that are placed on implants to secure tooth replacements. These abutments can be made in different shapes and materials, depending on the dental situation and individual needs. Examples of some implant abutment types are:<\/p>\n<ul>\n<li class=\"translation-block\"><strong>Zirconia abutment:<\/strong> zirconia is a metal-free material that is placed on the implant and used to secure all-ceramic crowns or bridges.<\/li>\n<li class=\"translation-block\"><strong>Titanium abutment:<\/strong> Titanium is a metal alloy that is often used for implants and subsequent abutments.<\/li>\n<li class=\"translation-block\"><strong> Metallic-based abutments:<\/strong> These are made of a metal alloy, also used for fixing crowns or bridges.<\/li>\n<li class=\"translation-block\"><strong>Multi-unit abutments:<\/strong> These are systems that allow the simultaneous treatment of several implants and the fixation of the prosthesis to be placed on them.<\/li>\n<\/ul>\n<p>Implant abutments can be factory-made, after-market, or custom-designed and manufactured in a milling centre.<\/p>\t\t\t\t\t\t\t\t<\/div>\n\t\t\t\t<\/div>\n\t\t\t\t<\/div>\n\t\t\t\t\t<\/div>\n\t\t\t\t<\/div>\n\t\t<div class=\"elementor-element elementor-element-b87c3ae e-grid e-con-boxed e-con e-parent\" data-id=\"b87c3ae\" data-element_type=\"container\" data-e-type=\"container\">\n\t\t\t\t\t<div class=\"e-con-inner\">\n\t\t\t\t<div class=\"elementor-element elementor-element-a3c8cbd elementor-widget elementor-widget-image\" data-id=\"a3c8cbd\" data-element_type=\"widget\" data-e-type=\"widget\" data-widget_type=\"image.default\">\n\t\t\t\t<div class=\"elementor-widget-container\">\n\t\t\t\t\t\t\t\t\t\t\t\t\t\t\t\t<a href=\"https:\/\/flexdent.hu\/wp-content\/uploads\/2023\/09\/Implantatum-felepitmenyek.jpeg\" data-elementor-open-lightbox=\"yes\" data-elementor-lightbox-title=\"Implant\u00e1tum fel\u00e9p\u00edtm\u00e9nyek\" data-e-action-hash=\"#elementor-action%3Aaction%3Dlightbox%26settings%3DeyJpZCI6NjA4LCJ1cmwiOiJodHRwczpcL1wvZmxleGRlbnQuaHVcL3dwLWNvbnRlbnRcL3VwbG9hZHNcLzIwMjNcLzA5XC9JbXBsYW50YXR1bS1mZWxlcGl0bWVueWVrLmpwZWcifQ%3D%3D\">\n\t\t\t\t\t\t\t<img fetchpriority=\"high\" decoding=\"async\" width=\"1600\" height=\"1000\" src=\"https:\/\/flexdent.hu\/wp-content\/uploads\/2023\/09\/Implantatum-felepitmenyek.jpeg\" class=\"attachment-full size-full wp-image-608\" alt=\"\" srcset=\"https:\/\/flexdent.hu\/wp-content\/uploads\/2023\/09\/Implantatum-felepitmenyek.jpeg 1600w, https:\/\/flexdent.hu\/wp-content\/uploads\/2023\/09\/Implantatum-felepitmenyek-300x188.jpeg 300w, https:\/\/flexdent.hu\/wp-content\/uploads\/2023\/09\/Implantatum-felepitmenyek-1024x640.jpeg 1024w, https:\/\/flexdent.hu\/wp-content\/uploads\/2023\/09\/Implantatum-felepitmenyek-768x480.jpeg 768w, https:\/\/flexdent.hu\/wp-content\/uploads\/2023\/09\/Implantatum-felepitmenyek-1536x960.jpeg 1536w\" sizes=\"(max-width: 1600px) 100vw, 1600px\" \/>\t\t\t\t\t\t\t\t<\/a>\n\t\t\t\t\t\t\t\t\t\t\t\t\t\t\t<\/div>\n\t\t\t\t<\/div>\n\t\t\t\t<div class=\"elementor-element elementor-element-439f65e elementor-widget elementor-widget-image\" data-id=\"439f65e\" data-element_type=\"widget\" data-e-type=\"widget\" data-widget_type=\"image.default\">\n\t\t\t\t<div class=\"elementor-widget-container\">\n\t\t\t\t\t\t\t\t\t\t\t\t\t\t\t\t<a href=\"https:\/\/flexdent.hu\/wp-content\/uploads\/2026\/03\/implantatum-felepitmeny.png\" data-elementor-open-lightbox=\"yes\" data-elementor-lightbox-title=\"implantatum-felepitmeny\" data-e-action-hash=\"#elementor-action%3Aaction%3Dlightbox%26settings%3DeyJpZCI6MjY2OSwidXJsIjoiaHR0cHM6XC9cL2ZsZXhkZW50Lmh1XC93cC1jb250ZW50XC91cGxvYWRzXC8yMDI2XC8wM1wvaW1wbGFudGF0dW0tZmVsZXBpdG1lbnkucG5nIn0%3D\">\n\t\t\t\t\t\t\t<img decoding=\"async\" width=\"659\" height=\"551\" src=\"https:\/\/flexdent.hu\/wp-content\/uploads\/2026\/03\/implantatum-felepitmeny.png\" class=\"attachment-full size-full wp-image-2669\" alt=\"\" srcset=\"https:\/\/flexdent.hu\/wp-content\/uploads\/2026\/03\/implantatum-felepitmeny.png 659w, https:\/\/flexdent.hu\/wp-content\/uploads\/2026\/03\/implantatum-felepitmeny-300x251.png 300w, https:\/\/flexdent.hu\/wp-content\/uploads\/2026\/03\/implantatum-felepitmeny-14x12.png 14w\" sizes=\"(max-width: 659px) 100vw, 659px\" \/>\t\t\t\t\t\t\t\t<\/a>\n\t\t\t\t\t\t\t\t\t\t\t\t\t\t\t<\/div>\n\t\t\t\t<\/div>\n\t\t\t\t<div class=\"elementor-element elementor-element-187a123 elementor-widget elementor-widget-spacer\" data-id=\"187a123\" data-element_type=\"widget\" data-e-type=\"widget\" data-widget_type=\"spacer.default\">\n\t\t\t\t<div class=\"elementor-widget-container\">\n\t\t\t\t\t\t\t<div class=\"elementor-spacer\">\n\t\t\t<div class=\"elementor-spacer-inner\"><\/div>\n\t\t<\/div>\n\t\t\t\t\t\t<\/div>\n\t\t\t\t<\/div>\n\t\t\t\t\t<\/div>\n\t\t\t\t<\/div>\n\t\t\t\t<\/div>","protected":false},"excerpt":{"rendered":"<p>Fogtechnika Implant\u00e1tum fel\u00e9p\u00edtm\u00e9nyek olyan strukt\u00far\u00e1k, amelyeket az implant\u00e1tumokra helyeznek a fogp\u00f3tl\u00e1sok r\u00f6gz\u00edt\u00e9s\u00e9re. Ezek a fel\u00e9p\u00edtm\u00e9nyek k\u00fcl\u00f6nb\u00f6z\u0151 form\u00e1kban \u00e9s anyagokb\u00f3l k\u00e9sz\u00fclhetnek, a fog\u00e1szati helyzet \u00e9s az egy\u00e9ni ig\u00e9nyek alapj\u00e1n. P\u00e9ld\u00e1k n\u00e9h\u00e1ny implant\u00e1tum fel\u00e9p\u00edtm\u00e9ny t\u00edpusra: Cirk\u00f3nium-dioxid fel\u00e9p\u00edtm\u00e9ny: A cirk\u00f3nium-dioxid egy f\u00e9mmentes anyag, amelyet az implant\u00e1tumra helyeznek \u00e9s a teljes ker\u00e1mia koron\u00e1k vagy h\u00eddak r\u00f6gz\u00edt\u00e9s\u00e9re haszn\u00e1lnak. Tit\u00e1n fel\u00e9p\u00edtm\u00e9ny: [&hellip;]<\/p>\n","protected":false},"author":4,"featured_media":0,"parent":67,"menu_order":3,"comment_status":"closed","ping_status":"closed","template":"","meta":{"footnotes":""},"class_list":["post-559","page","type-page","status-publish","hentry"],"yoast_head":"<!-- This site is optimized with the Yoast SEO plugin v27.2 - https:\/\/yoast.com\/product\/yoast-seo-wordpress\/ -->\n<title>Implant\u00e1tum Fel\u00e9p\u00edtm\u00e9nyek - Flex-Dent<\/title>\n<meta name=\"robots\" content=\"index, follow, max-snippet:-1, max-image-preview:large, max-video-preview:-1\" \/>\n<link rel=\"canonical\" href=\"https:\/\/flexdent.hu\/en\/fogtechnikusoknak\/implantatum-felepitmenyek\/\" \/>\n<meta property=\"og:locale\" content=\"en_GB\" \/>\n<meta property=\"og:type\" content=\"article\" \/>\n<meta property=\"og:title\" content=\"Implant\u00e1tum Fel\u00e9p\u00edtm\u00e9nyek - Flex-Dent\" \/>\n<meta property=\"og:description\" content=\"Fogtechnika Implant\u00e1tum fel\u00e9p\u00edtm\u00e9nyek olyan strukt\u00far\u00e1k, amelyeket az implant\u00e1tumokra helyeznek a fogp\u00f3tl\u00e1sok r\u00f6gz\u00edt\u00e9s\u00e9re. Ezek a fel\u00e9p\u00edtm\u00e9nyek k\u00fcl\u00f6nb\u00f6z\u0151 form\u00e1kban \u00e9s anyagokb\u00f3l k\u00e9sz\u00fclhetnek, a fog\u00e1szati helyzet \u00e9s az egy\u00e9ni ig\u00e9nyek alapj\u00e1n. P\u00e9ld\u00e1k n\u00e9h\u00e1ny implant\u00e1tum fel\u00e9p\u00edtm\u00e9ny t\u00edpusra: Cirk\u00f3nium-dioxid fel\u00e9p\u00edtm\u00e9ny: A cirk\u00f3nium-dioxid egy f\u00e9mmentes anyag, amelyet az implant\u00e1tumra helyeznek \u00e9s a teljes ker\u00e1mia koron\u00e1k vagy h\u00eddak r\u00f6gz\u00edt\u00e9s\u00e9re haszn\u00e1lnak. Tit\u00e1n fel\u00e9p\u00edtm\u00e9ny: [&hellip;]\" \/>\n<meta property=\"og:url\" content=\"https:\/\/flexdent.hu\/en\/fogtechnikusoknak\/implantatum-felepitmenyek\/\" \/>\n<meta property=\"og:site_name\" content=\"Flex-Dent\" \/>\n<meta property=\"article:publisher\" content=\"https:\/\/www.facebook.com\/flexdent.hu\" \/>\n<meta property=\"article:modified_time\" content=\"2026-03-24T09:13:46+00:00\" \/>\n<meta property=\"og:image\" content=\"https:\/\/flexdent.hu\/wp-content\/uploads\/2023\/09\/Implantatum-felepitmenyek.jpeg\" \/>\n\t<meta property=\"og:image:width\" content=\"1600\" \/>\n\t<meta property=\"og:image:height\" content=\"1000\" \/>\n\t<meta property=\"og:image:type\" content=\"image\/jpeg\" \/>\n<meta name=\"twitter:card\" content=\"summary_large_image\" \/>\n<meta name=\"twitter:label1\" content=\"Estimated reading time\" \/>\n\t<meta name=\"twitter:data1\" content=\"2 minutes\" \/>\n<script type=\"application\/ld+json\" class=\"yoast-schema-graph\">{\"@context\":\"https:\/\/schema.org\",\"@graph\":[{\"@type\":\"WebPage\",\"@id\":\"https:\/\/flexdent.hu\/fogtechnikusoknak\/implantatum-felepitmenyek\/\",\"url\":\"https:\/\/flexdent.hu\/fogtechnikusoknak\/implantatum-felepitmenyek\/\",\"name\":\"Implant\u00e1tum Fel\u00e9p\u00edtm\u00e9nyek - Flex-Dent\",\"isPartOf\":{\"@id\":\"https:\/\/flexdent.hu\/#website\"},\"primaryImageOfPage\":{\"@id\":\"https:\/\/flexdent.hu\/fogtechnikusoknak\/implantatum-felepitmenyek\/#primaryimage\"},\"image\":{\"@id\":\"https:\/\/flexdent.hu\/fogtechnikusoknak\/implantatum-felepitmenyek\/#primaryimage\"},\"thumbnailUrl\":\"https:\/\/flexdent.hu\/wp-content\/uploads\/2023\/09\/Implantatum-felepitmenyek.jpeg\",\"datePublished\":\"2023-09-01T16:30:11+00:00\",\"dateModified\":\"2026-03-24T09:13:46+00:00\",\"breadcrumb\":{\"@id\":\"https:\/\/flexdent.hu\/fogtechnikusoknak\/implantatum-felepitmenyek\/#breadcrumb\"},\"inLanguage\":\"en-GB\",\"potentialAction\":[{\"@type\":\"ReadAction\",\"target\":[\"https:\/\/flexdent.hu\/fogtechnikusoknak\/implantatum-felepitmenyek\/\"]}]},{\"@type\":\"ImageObject\",\"inLanguage\":\"en-GB\",\"@id\":\"https:\/\/flexdent.hu\/fogtechnikusoknak\/implantatum-felepitmenyek\/#primaryimage\",\"url\":\"https:\/\/flexdent.hu\/wp-content\/uploads\/2023\/09\/Implantatum-felepitmenyek.jpeg\",\"contentUrl\":\"https:\/\/flexdent.hu\/wp-content\/uploads\/2023\/09\/Implantatum-felepitmenyek.jpeg\"},{\"@type\":\"BreadcrumbList\",\"@id\":\"https:\/\/flexdent.hu\/fogtechnikusoknak\/implantatum-felepitmenyek\/#breadcrumb\",\"itemListElement\":[{\"@type\":\"ListItem\",\"position\":1,\"name\":\"Home\",\"item\":\"https:\/\/flexdent.hu\/\"},{\"@type\":\"ListItem\",\"position\":2,\"name\":\"Fogtechnikusoknak\",\"item\":\"https:\/\/flexdent.hu\/fogtechnikusoknak\/\"},{\"@type\":\"ListItem\",\"position\":3,\"name\":\"Implant\u00e1tum Fel\u00e9p\u00edtm\u00e9nyek\"}]},{\"@type\":\"WebSite\",\"@id\":\"https:\/\/flexdent.hu\/#website\",\"url\":\"https:\/\/flexdent.hu\/\",\"name\":\"Flex-Dent\",\"description\":\"CAD-CAM Fr\u00e9zcentrum - Mosonmagyar\u00f3v\u00e1r\",\"potentialAction\":[{\"@type\":\"SearchAction\",\"target\":{\"@type\":\"EntryPoint\",\"urlTemplate\":\"https:\/\/flexdent.hu\/?s={search_term_string}\"},\"query-input\":{\"@type\":\"PropertyValueSpecification\",\"valueRequired\":true,\"valueName\":\"search_term_string\"}}],\"inLanguage\":\"en-GB\"}]}<\/script>\n<!-- \/ Yoast SEO plugin. -->","yoast_head_json":{"title":"Implant\u00e1tum Fel\u00e9p\u00edtm\u00e9nyek - Flex-Dent","robots":{"index":"index","follow":"follow","max-snippet":"max-snippet:-1","max-image-preview":"max-image-preview:large","max-video-preview":"max-video-preview:-1"},"canonical":"https:\/\/flexdent.hu\/en\/fogtechnikusoknak\/implantatum-felepitmenyek\/","og_locale":"en_GB","og_type":"article","og_title":"Implant\u00e1tum Fel\u00e9p\u00edtm\u00e9nyek - Flex-Dent","og_description":"Fogtechnika Implant\u00e1tum fel\u00e9p\u00edtm\u00e9nyek olyan strukt\u00far\u00e1k, amelyeket az implant\u00e1tumokra helyeznek a fogp\u00f3tl\u00e1sok r\u00f6gz\u00edt\u00e9s\u00e9re. Ezek a fel\u00e9p\u00edtm\u00e9nyek k\u00fcl\u00f6nb\u00f6z\u0151 form\u00e1kban \u00e9s anyagokb\u00f3l k\u00e9sz\u00fclhetnek, a fog\u00e1szati helyzet \u00e9s az egy\u00e9ni ig\u00e9nyek alapj\u00e1n. P\u00e9ld\u00e1k n\u00e9h\u00e1ny implant\u00e1tum fel\u00e9p\u00edtm\u00e9ny t\u00edpusra: Cirk\u00f3nium-dioxid fel\u00e9p\u00edtm\u00e9ny: A cirk\u00f3nium-dioxid egy f\u00e9mmentes anyag, amelyet az implant\u00e1tumra helyeznek \u00e9s a teljes ker\u00e1mia koron\u00e1k vagy h\u00eddak r\u00f6gz\u00edt\u00e9s\u00e9re haszn\u00e1lnak. Tit\u00e1n fel\u00e9p\u00edtm\u00e9ny: [&hellip;]","og_url":"https:\/\/flexdent.hu\/en\/fogtechnikusoknak\/implantatum-felepitmenyek\/","og_site_name":"Flex-Dent","article_publisher":"https:\/\/www.facebook.com\/flexdent.hu","article_modified_time":"2026-03-24T09:13:46+00:00","og_image":[{"width":1600,"height":1000,"url":"https:\/\/flexdent.hu\/wp-content\/uploads\/2023\/09\/Implantatum-felepitmenyek.jpeg","type":"image\/jpeg"}],"twitter_card":"summary_large_image","twitter_misc":{"Estimated reading time":"2 minutes"},"schema":{"@context":"https:\/\/schema.org","@graph":[{"@type":"WebPage","@id":"https:\/\/flexdent.hu\/fogtechnikusoknak\/implantatum-felepitmenyek\/","url":"https:\/\/flexdent.hu\/fogtechnikusoknak\/implantatum-felepitmenyek\/","name":"Implant\u00e1tum Fel\u00e9p\u00edtm\u00e9nyek - Flex-Dent","isPartOf":{"@id":"https:\/\/flexdent.hu\/#website"},"primaryImageOfPage":{"@id":"https:\/\/flexdent.hu\/fogtechnikusoknak\/implantatum-felepitmenyek\/#primaryimage"},"image":{"@id":"https:\/\/flexdent.hu\/fogtechnikusoknak\/implantatum-felepitmenyek\/#primaryimage"},"thumbnailUrl":"https:\/\/flexdent.hu\/wp-content\/uploads\/2023\/09\/Implantatum-felepitmenyek.jpeg","datePublished":"2023-09-01T16:30:11+00:00","dateModified":"2026-03-24T09:13:46+00:00","breadcrumb":{"@id":"https:\/\/flexdent.hu\/fogtechnikusoknak\/implantatum-felepitmenyek\/#breadcrumb"},"inLanguage":"en-GB","potentialAction":[{"@type":"ReadAction","target":["https:\/\/flexdent.hu\/fogtechnikusoknak\/implantatum-felepitmenyek\/"]}]},{"@type":"ImageObject","inLanguage":"en-GB","@id":"https:\/\/flexdent.hu\/fogtechnikusoknak\/implantatum-felepitmenyek\/#primaryimage","url":"https:\/\/flexdent.hu\/wp-content\/uploads\/2023\/09\/Implantatum-felepitmenyek.jpeg","contentUrl":"https:\/\/flexdent.hu\/wp-content\/uploads\/2023\/09\/Implantatum-felepitmenyek.jpeg"},{"@type":"BreadcrumbList","@id":"https:\/\/flexdent.hu\/fogtechnikusoknak\/implantatum-felepitmenyek\/#breadcrumb","itemListElement":[{"@type":"ListItem","position":1,"name":"Home","item":"https:\/\/flexdent.hu\/"},{"@type":"ListItem","position":2,"name":"Fogtechnikusoknak","item":"https:\/\/flexdent.hu\/fogtechnikusoknak\/"},{"@type":"ListItem","position":3,"name":"Implant\u00e1tum Fel\u00e9p\u00edtm\u00e9nyek"}]},{"@type":"WebSite","@id":"https:\/\/flexdent.hu\/#website","url":"https:\/\/flexdent.hu\/","name":"Flex-Dent","description":"CAD-CAM Fr\u00e9zcentrum - Mosonmagyar\u00f3v\u00e1r","potentialAction":[{"@type":"SearchAction","target":{"@type":"EntryPoint","urlTemplate":"https:\/\/flexdent.hu\/?s={search_term_string}"},"query-input":{"@type":"PropertyValueSpecification","valueRequired":true,"valueName":"search_term_string"}}],"inLanguage":"en-GB"}]}},"_links":{"self":[{"href":"https:\/\/flexdent.hu\/en\/wp-json\/wp\/v2\/pages\/559","targetHints":{"allow":["GET"]}}],"collection":[{"href":"https:\/\/flexdent.hu\/en\/wp-json\/wp\/v2\/pages"}],"about":[{"href":"https:\/\/flexdent.hu\/en\/wp-json\/wp\/v2\/types\/page"}],"author":[{"embeddable":true,"href":"https:\/\/flexdent.hu\/en\/wp-json\/wp\/v2\/users\/4"}],"replies":[{"embeddable":true,"href":"https:\/\/flexdent.hu\/en\/wp-json\/wp\/v2\/comments?post=559"}],"version-history":[{"count":25,"href":"https:\/\/flexdent.hu\/en\/wp-json\/wp\/v2\/pages\/559\/revisions"}],"predecessor-version":[{"id":2679,"href":"https:\/\/flexdent.hu\/en\/wp-json\/wp\/v2\/pages\/559\/revisions\/2679"}],"up":[{"embeddable":true,"href":"https:\/\/flexdent.hu\/en\/wp-json\/wp\/v2\/pages\/67"}],"wp:attachment":[{"href":"https:\/\/flexdent.hu\/en\/wp-json\/wp\/v2\/media?parent=559"}],"curies":[{"name":"wp","href":"https:\/\/api.w.org\/{rel}","templated":true}]}}