



{"id":553,"date":"2023-09-01T16:29:12","date_gmt":"2023-09-01T16:29:12","guid":{"rendered":"https:\/\/flexdent.hu\/?page_id=553"},"modified":"2026-03-30T14:36:28","modified_gmt":"2026-03-30T12:36:28","slug":"steges-potlasok","status":"publish","type":"page","link":"https:\/\/flexdent.hu\/en\/fogtechnikusoknak\/steges-potlasok\/","title":{"rendered":"BAR PROTHESIS"},"content":{"rendered":"<div data-elementor-type=\"wp-post\" data-elementor-id=\"553\" class=\"elementor elementor-553\" data-elementor-post-type=\"page\">\n\t\t\t\t<div class=\"elementor-element elementor-element-ac2a779 e-flex e-con-boxed e-con e-parent\" data-id=\"ac2a779\" data-element_type=\"container\" data-e-type=\"container\" data-settings=\"{&quot;background_background&quot;:&quot;classic&quot;}\">\n\t\t\t\t\t<div class=\"e-con-inner\">\n\t\t<div class=\"elementor-element elementor-element-1842299 e-con-full e-flex e-con e-child\" data-id=\"1842299\" data-element_type=\"container\" data-e-type=\"container\">\n\t\t\t\t<div class=\"elementor-element elementor-element-4c3df5f elementor-widget elementor-widget-heading\" data-id=\"4c3df5f\" data-element_type=\"widget\" data-e-type=\"widget\" data-widget_type=\"heading.default\">\n\t\t\t\t<div class=\"elementor-widget-container\">\n\t\t\t\t\t<div class=\"elementor-heading-title elementor-size-default\"><a href=\"https:\/\/flexdent.hu\/en\/fogtechnikusoknak\/\">For Dental Labs<\/a><\/div>\t\t\t\t<\/div>\n\t\t\t\t<\/div>\n\t\t\t\t<div class=\"elementor-element elementor-element-a792b9e elementor-widget elementor-widget-heading\" data-id=\"a792b9e\" data-element_type=\"widget\" data-e-type=\"widget\" data-widget_type=\"heading.default\">\n\t\t\t\t<div class=\"elementor-widget-container\">\n\t\t\t\t\t<h1 class=\"elementor-heading-title elementor-size-default\">BAR PROTHESIS<\/h1>\t\t\t\t<\/div>\n\t\t\t\t<\/div>\n\t\t\t\t<\/div>\n\t\t\t\t\t<\/div>\n\t\t\t\t<\/div>\n\t\t<div class=\"elementor-element elementor-element-68fc752 e-flex e-con-boxed e-con e-parent\" data-id=\"68fc752\" data-element_type=\"container\" data-e-type=\"container\">\n\t\t\t\t\t<div class=\"e-con-inner\">\n\t\t<div class=\"elementor-element elementor-element-2721420 e-con-full e-flex e-con e-child\" data-id=\"2721420\" data-element_type=\"container\" data-e-type=\"container\">\n\t\t\t\t<div class=\"elementor-element elementor-element-8aa02f8 elementor-widget elementor-widget-text-editor\" data-id=\"8aa02f8\" data-element_type=\"widget\" data-e-type=\"widget\" data-widget_type=\"text-editor.default\">\n\t\t\t\t<div class=\"elementor-widget-container\">\n\t\t\t\t\t\t\t\t\t<p>A bar prothesis, which is a denture that is fixed on implants but can still be removed.<\/p>\n<p>To create a replacement, 4 implants are required. A metal frame (which is the prosthesis itself) fixed to the four implants in the lower (or upper) jawbone stabilises the denture.<\/p>\n<p>The great advantage of this solution is that the denture resembles a removable bridge, but is held in place by the bridge.<\/p>\n<p>The prosthesis is easy to clean.<\/p>\t\t\t\t\t\t\t\t<\/div>\n\t\t\t\t<\/div>\n\t\t\t\t<\/div>\n\t\t<div class=\"elementor-element elementor-element-ff9b0aa e-con-full e-flex e-con e-child\" data-id=\"ff9b0aa\" data-element_type=\"container\" data-e-type=\"container\">\n\t\t\t\t<div class=\"elementor-element elementor-element-c8b3d37 elementor-widget elementor-widget-image\" data-id=\"c8b3d37\" data-element_type=\"widget\" data-e-type=\"widget\" data-widget_type=\"image.default\">\n\t\t\t\t<div class=\"elementor-widget-container\">\n\t\t\t\t\t\t\t\t\t\t\t\t\t\t\t\t<a href=\"https:\/\/flexdent.hu\/wp-content\/uploads\/2023\/09\/Steges_Potlasok.jpeg\" data-elementor-open-lightbox=\"yes\" data-elementor-lightbox-title=\"St\u00e9ges_P\u00f3tl\u00e1sok\" data-e-action-hash=\"#elementor-action%3Aaction%3Dlightbox%26settings%3DeyJpZCI6NTk1LCJ1cmwiOiJodHRwczpcL1wvZmxleGRlbnQuaHVcL3dwLWNvbnRlbnRcL3VwbG9hZHNcLzIwMjNcLzA5XC9TdGVnZXNfUG90bGFzb2suanBlZyJ9\">\n\t\t\t\t\t\t\t<img fetchpriority=\"high\" decoding=\"async\" width=\"1600\" height=\"1000\" src=\"https:\/\/flexdent.hu\/wp-content\/uploads\/2023\/09\/Steges_Potlasok.jpeg\" class=\"attachment-full size-full wp-image-595\" alt=\"\" srcset=\"https:\/\/flexdent.hu\/wp-content\/uploads\/2023\/09\/Steges_Potlasok.jpeg 1600w, https:\/\/flexdent.hu\/wp-content\/uploads\/2023\/09\/Steges_Potlasok-300x188.jpeg 300w, https:\/\/flexdent.hu\/wp-content\/uploads\/2023\/09\/Steges_Potlasok-1024x640.jpeg 1024w, https:\/\/flexdent.hu\/wp-content\/uploads\/2023\/09\/Steges_Potlasok-768x480.jpeg 768w, https:\/\/flexdent.hu\/wp-content\/uploads\/2023\/09\/Steges_Potlasok-1536x960.jpeg 1536w\" sizes=\"(max-width: 1600px) 100vw, 1600px\" \/>\t\t\t\t\t\t\t\t<\/a>\n\t\t\t\t\t\t\t\t\t\t\t\t\t\t\t<\/div>\n\t\t\t\t<\/div>\n\t\t\t\t<\/div>\n\t\t\t\t\t<\/div>\n\t\t\t\t<\/div>\n\t\t<div class=\"elementor-element elementor-element-2dc2fa4 e-grid e-con-boxed e-con e-parent\" data-id=\"2dc2fa4\" data-element_type=\"container\" data-e-type=\"container\">\n\t\t\t\t\t<div class=\"e-con-inner\">\n\t\t\t\t<div class=\"elementor-element elementor-element-910702d elementor-widget elementor-widget-image\" data-id=\"910702d\" data-element_type=\"widget\" data-e-type=\"widget\" data-widget_type=\"image.default\">\n\t\t\t\t<div class=\"elementor-widget-container\">\n\t\t\t\t\t\t\t\t\t\t\t\t\t\t\t\t<a href=\"https:\/\/flexdent.hu\/wp-content\/uploads\/2026\/03\/steges-potlas.png\" data-elementor-open-lightbox=\"yes\" data-elementor-lightbox-title=\"steges-potlas\" data-e-action-hash=\"#elementor-action%3Aaction%3Dlightbox%26settings%3DeyJpZCI6MjY5MCwidXJsIjoiaHR0cHM6XC9cL2ZsZXhkZW50Lmh1XC93cC1jb250ZW50XC91cGxvYWRzXC8yMDI2XC8wM1wvc3RlZ2VzLXBvdGxhcy5wbmcifQ%3D%3D\">\n\t\t\t\t\t\t\t<img decoding=\"async\" width=\"228\" height=\"300\" src=\"https:\/\/flexdent.hu\/wp-content\/uploads\/2026\/03\/steges-potlas-228x300.png\" class=\"attachment-medium size-medium wp-image-2690\" alt=\"\" srcset=\"https:\/\/flexdent.hu\/wp-content\/uploads\/2026\/03\/steges-potlas-228x300.png 228w, https:\/\/flexdent.hu\/wp-content\/uploads\/2026\/03\/steges-potlas-9x12.png 9w, https:\/\/flexdent.hu\/wp-content\/uploads\/2026\/03\/steges-potlas.png 416w\" sizes=\"(max-width: 228px) 100vw, 228px\" \/>\t\t\t\t\t\t\t\t<\/a>\n\t\t\t\t\t\t\t\t\t\t\t\t\t\t\t<\/div>\n\t\t\t\t<\/div>\n\t\t\t\t<div class=\"elementor-element elementor-element-c18aaa4 elementor-widget elementor-widget-image\" data-id=\"c18aaa4\" data-element_type=\"widget\" data-e-type=\"widget\" data-widget_type=\"image.default\">\n\t\t\t\t<div class=\"elementor-widget-container\">\n\t\t\t\t\t\t\t\t\t\t\t\t\t\t\t\t<a href=\"https:\/\/flexdent.hu\/wp-content\/uploads\/2026\/03\/call-on.png\" data-elementor-open-lightbox=\"yes\" data-elementor-lightbox-title=\"call-on\" data-e-action-hash=\"#elementor-action%3Aaction%3Dlightbox%26settings%3DeyJpZCI6Mjc2MywidXJsIjoiaHR0cHM6XC9cL2ZsZXhkZW50Lmh1XC93cC1jb250ZW50XC91cGxvYWRzXC8yMDI2XC8wM1wvY2FsbC1vbi5wbmcifQ%3D%3D\">\n\t\t\t\t\t\t\t<img decoding=\"async\" width=\"506\" height=\"409\" src=\"https:\/\/flexdent.hu\/wp-content\/uploads\/2026\/03\/call-on.png\" class=\"attachment-large size-large wp-image-2763\" alt=\"\" srcset=\"https:\/\/flexdent.hu\/wp-content\/uploads\/2026\/03\/call-on.png 506w, https:\/\/flexdent.hu\/wp-content\/uploads\/2026\/03\/call-on-300x242.png 300w, https:\/\/flexdent.hu\/wp-content\/uploads\/2026\/03\/call-on-15x12.png 15w\" sizes=\"(max-width: 506px) 100vw, 506px\" \/>\t\t\t\t\t\t\t\t<\/a>\n\t\t\t\t\t\t\t\t\t\t\t\t\t\t\t<\/div>\n\t\t\t\t<\/div>\n\t\t\t\t<div class=\"elementor-element elementor-element-74809d4 elementor-widget elementor-widget-spacer\" data-id=\"74809d4\" data-element_type=\"widget\" data-e-type=\"widget\" data-widget_type=\"spacer.default\">\n\t\t\t\t<div class=\"elementor-widget-container\">\n\t\t\t\t\t\t\t<div class=\"elementor-spacer\">\n\t\t\t<div class=\"elementor-spacer-inner\"><\/div>\n\t\t<\/div>\n\t\t\t\t\t\t<\/div>\n\t\t\t\t<\/div>\n\t\t\t\t\t<\/div>\n\t\t\t\t<\/div>\n\t\t\t\t<\/div>","protected":false},"excerpt":{"rendered":"<p>Fogtechnika A st\u00e9ges fogsor, amely egy implant\u00e1tumokon r\u00f6gz\u00fcl\u0151, ugyanakkor tov\u00e1bbra is kivehet\u0151 fogsor. A p\u00f3tl\u00e1s elk\u00e9sz\u00edt\u00e9s\u00e9hez 4 implant\u00e1tum be\u00fcltet\u00e9s\u00e9re van sz\u00fcks\u00e9g. Az als\u00f3 (vagy fels\u0151) \u00e1llcsontba behelyezett n\u00e9gy darab implant\u00e1tumra r\u00f6gz\u00edtett f\u00e9mv\u00e1z (ami maga a st\u00e9g) stabiliz\u00e1lja a fogsort. A megold\u00e1s nagy el\u0151nye, hogy a fogsor ilyenkor egy kivehet\u0151 h\u00eddhoz hasonl\u00edt legink\u00e1bb, viszont a st\u00e9g [&hellip;]<\/p>\n","protected":false},"author":4,"featured_media":0,"parent":67,"menu_order":2,"comment_status":"closed","ping_status":"closed","template":"","meta":{"footnotes":""},"class_list":["post-553","page","type-page","status-publish","hentry"],"yoast_head":"<!-- This site is optimized with the Yoast SEO plugin v27.2 - https:\/\/yoast.com\/product\/yoast-seo-wordpress\/ -->\n<title>St\u00e9ges P\u00f3tl\u00e1sok - Flex-Dent<\/title>\n<meta name=\"robots\" content=\"index, follow, max-snippet:-1, max-image-preview:large, max-video-preview:-1\" \/>\n<link rel=\"canonical\" href=\"https:\/\/flexdent.hu\/en\/fogtechnikusoknak\/steges-potlasok\/\" \/>\n<meta property=\"og:locale\" content=\"en_GB\" \/>\n<meta property=\"og:type\" content=\"article\" \/>\n<meta property=\"og:title\" content=\"St\u00e9ges P\u00f3tl\u00e1sok - Flex-Dent\" \/>\n<meta property=\"og:description\" content=\"Fogtechnika A st\u00e9ges fogsor, amely egy implant\u00e1tumokon r\u00f6gz\u00fcl\u0151, ugyanakkor tov\u00e1bbra is kivehet\u0151 fogsor. A p\u00f3tl\u00e1s elk\u00e9sz\u00edt\u00e9s\u00e9hez 4 implant\u00e1tum be\u00fcltet\u00e9s\u00e9re van sz\u00fcks\u00e9g. Az als\u00f3 (vagy fels\u0151) \u00e1llcsontba behelyezett n\u00e9gy darab implant\u00e1tumra r\u00f6gz\u00edtett f\u00e9mv\u00e1z (ami maga a st\u00e9g) stabiliz\u00e1lja a fogsort. A megold\u00e1s nagy el\u0151nye, hogy a fogsor ilyenkor egy kivehet\u0151 h\u00eddhoz hasonl\u00edt legink\u00e1bb, viszont a st\u00e9g [&hellip;]\" \/>\n<meta property=\"og:url\" content=\"https:\/\/flexdent.hu\/en\/fogtechnikusoknak\/steges-potlasok\/\" \/>\n<meta property=\"og:site_name\" content=\"Flex-Dent\" \/>\n<meta property=\"article:publisher\" content=\"https:\/\/www.facebook.com\/flexdent.hu\" \/>\n<meta property=\"article:modified_time\" content=\"2026-03-30T12:36:28+00:00\" \/>\n<meta property=\"og:image\" content=\"https:\/\/flexdent.hu\/wp-content\/uploads\/2023\/09\/Steges_Potlasok.jpeg\" \/>\n\t<meta property=\"og:image:width\" content=\"1600\" \/>\n\t<meta property=\"og:image:height\" content=\"1000\" \/>\n\t<meta property=\"og:image:type\" content=\"image\/jpeg\" \/>\n<meta name=\"twitter:card\" content=\"summary_large_image\" \/>\n<meta name=\"twitter:label1\" content=\"Estimated reading time\" \/>\n\t<meta name=\"twitter:data1\" content=\"1 minute\" \/>\n<script type=\"application\/ld+json\" class=\"yoast-schema-graph\">{\"@context\":\"https:\/\/schema.org\",\"@graph\":[{\"@type\":\"WebPage\",\"@id\":\"https:\/\/flexdent.hu\/fogtechnikusoknak\/steges-potlasok\/\",\"url\":\"https:\/\/flexdent.hu\/fogtechnikusoknak\/steges-potlasok\/\",\"name\":\"St\u00e9ges P\u00f3tl\u00e1sok - Flex-Dent\",\"isPartOf\":{\"@id\":\"https:\/\/flexdent.hu\/#website\"},\"primaryImageOfPage\":{\"@id\":\"https:\/\/flexdent.hu\/fogtechnikusoknak\/steges-potlasok\/#primaryimage\"},\"image\":{\"@id\":\"https:\/\/flexdent.hu\/fogtechnikusoknak\/steges-potlasok\/#primaryimage\"},\"thumbnailUrl\":\"https:\/\/flexdent.hu\/wp-content\/uploads\/2023\/09\/Steges_Potlasok.jpeg\",\"datePublished\":\"2023-09-01T16:29:12+00:00\",\"dateModified\":\"2026-03-30T12:36:28+00:00\",\"breadcrumb\":{\"@id\":\"https:\/\/flexdent.hu\/fogtechnikusoknak\/steges-potlasok\/#breadcrumb\"},\"inLanguage\":\"en-GB\",\"potentialAction\":[{\"@type\":\"ReadAction\",\"target\":[\"https:\/\/flexdent.hu\/fogtechnikusoknak\/steges-potlasok\/\"]}]},{\"@type\":\"ImageObject\",\"inLanguage\":\"en-GB\",\"@id\":\"https:\/\/flexdent.hu\/fogtechnikusoknak\/steges-potlasok\/#primaryimage\",\"url\":\"https:\/\/flexdent.hu\/wp-content\/uploads\/2023\/09\/Steges_Potlasok.jpeg\",\"contentUrl\":\"https:\/\/flexdent.hu\/wp-content\/uploads\/2023\/09\/Steges_Potlasok.jpeg\"},{\"@type\":\"BreadcrumbList\",\"@id\":\"https:\/\/flexdent.hu\/fogtechnikusoknak\/steges-potlasok\/#breadcrumb\",\"itemListElement\":[{\"@type\":\"ListItem\",\"position\":1,\"name\":\"Home\",\"item\":\"https:\/\/flexdent.hu\/\"},{\"@type\":\"ListItem\",\"position\":2,\"name\":\"Fogtechnikusoknak\",\"item\":\"https:\/\/flexdent.hu\/fogtechnikusoknak\/\"},{\"@type\":\"ListItem\",\"position\":3,\"name\":\"St\u00e9ges P\u00f3tl\u00e1sok\"}]},{\"@type\":\"WebSite\",\"@id\":\"https:\/\/flexdent.hu\/#website\",\"url\":\"https:\/\/flexdent.hu\/\",\"name\":\"Flex-Dent\",\"description\":\"CAD-CAM Fr\u00e9zcentrum - Mosonmagyar\u00f3v\u00e1r\",\"potentialAction\":[{\"@type\":\"SearchAction\",\"target\":{\"@type\":\"EntryPoint\",\"urlTemplate\":\"https:\/\/flexdent.hu\/?s={search_term_string}\"},\"query-input\":{\"@type\":\"PropertyValueSpecification\",\"valueRequired\":true,\"valueName\":\"search_term_string\"}}],\"inLanguage\":\"en-GB\"}]}<\/script>\n<!-- \/ Yoast SEO plugin. -->","yoast_head_json":{"title":"St\u00e9ges P\u00f3tl\u00e1sok - Flex-Dent","robots":{"index":"index","follow":"follow","max-snippet":"max-snippet:-1","max-image-preview":"max-image-preview:large","max-video-preview":"max-video-preview:-1"},"canonical":"https:\/\/flexdent.hu\/en\/fogtechnikusoknak\/steges-potlasok\/","og_locale":"en_GB","og_type":"article","og_title":"St\u00e9ges P\u00f3tl\u00e1sok - Flex-Dent","og_description":"Fogtechnika A st\u00e9ges fogsor, amely egy implant\u00e1tumokon r\u00f6gz\u00fcl\u0151, ugyanakkor tov\u00e1bbra is kivehet\u0151 fogsor. A p\u00f3tl\u00e1s elk\u00e9sz\u00edt\u00e9s\u00e9hez 4 implant\u00e1tum be\u00fcltet\u00e9s\u00e9re van sz\u00fcks\u00e9g. Az als\u00f3 (vagy fels\u0151) \u00e1llcsontba behelyezett n\u00e9gy darab implant\u00e1tumra r\u00f6gz\u00edtett f\u00e9mv\u00e1z (ami maga a st\u00e9g) stabiliz\u00e1lja a fogsort. A megold\u00e1s nagy el\u0151nye, hogy a fogsor ilyenkor egy kivehet\u0151 h\u00eddhoz hasonl\u00edt legink\u00e1bb, viszont a st\u00e9g [&hellip;]","og_url":"https:\/\/flexdent.hu\/en\/fogtechnikusoknak\/steges-potlasok\/","og_site_name":"Flex-Dent","article_publisher":"https:\/\/www.facebook.com\/flexdent.hu","article_modified_time":"2026-03-30T12:36:28+00:00","og_image":[{"width":1600,"height":1000,"url":"https:\/\/flexdent.hu\/wp-content\/uploads\/2023\/09\/Steges_Potlasok.jpeg","type":"image\/jpeg"}],"twitter_card":"summary_large_image","twitter_misc":{"Estimated reading time":"1 minute"},"schema":{"@context":"https:\/\/schema.org","@graph":[{"@type":"WebPage","@id":"https:\/\/flexdent.hu\/fogtechnikusoknak\/steges-potlasok\/","url":"https:\/\/flexdent.hu\/fogtechnikusoknak\/steges-potlasok\/","name":"St\u00e9ges P\u00f3tl\u00e1sok - Flex-Dent","isPartOf":{"@id":"https:\/\/flexdent.hu\/#website"},"primaryImageOfPage":{"@id":"https:\/\/flexdent.hu\/fogtechnikusoknak\/steges-potlasok\/#primaryimage"},"image":{"@id":"https:\/\/flexdent.hu\/fogtechnikusoknak\/steges-potlasok\/#primaryimage"},"thumbnailUrl":"https:\/\/flexdent.hu\/wp-content\/uploads\/2023\/09\/Steges_Potlasok.jpeg","datePublished":"2023-09-01T16:29:12+00:00","dateModified":"2026-03-30T12:36:28+00:00","breadcrumb":{"@id":"https:\/\/flexdent.hu\/fogtechnikusoknak\/steges-potlasok\/#breadcrumb"},"inLanguage":"en-GB","potentialAction":[{"@type":"ReadAction","target":["https:\/\/flexdent.hu\/fogtechnikusoknak\/steges-potlasok\/"]}]},{"@type":"ImageObject","inLanguage":"en-GB","@id":"https:\/\/flexdent.hu\/fogtechnikusoknak\/steges-potlasok\/#primaryimage","url":"https:\/\/flexdent.hu\/wp-content\/uploads\/2023\/09\/Steges_Potlasok.jpeg","contentUrl":"https:\/\/flexdent.hu\/wp-content\/uploads\/2023\/09\/Steges_Potlasok.jpeg"},{"@type":"BreadcrumbList","@id":"https:\/\/flexdent.hu\/fogtechnikusoknak\/steges-potlasok\/#breadcrumb","itemListElement":[{"@type":"ListItem","position":1,"name":"Home","item":"https:\/\/flexdent.hu\/"},{"@type":"ListItem","position":2,"name":"Fogtechnikusoknak","item":"https:\/\/flexdent.hu\/fogtechnikusoknak\/"},{"@type":"ListItem","position":3,"name":"St\u00e9ges P\u00f3tl\u00e1sok"}]},{"@type":"WebSite","@id":"https:\/\/flexdent.hu\/#website","url":"https:\/\/flexdent.hu\/","name":"Flex-Dent","description":"CAD-CAM Fr\u00e9zcentrum - Mosonmagyar\u00f3v\u00e1r","potentialAction":[{"@type":"SearchAction","target":{"@type":"EntryPoint","urlTemplate":"https:\/\/flexdent.hu\/?s={search_term_string}"},"query-input":{"@type":"PropertyValueSpecification","valueRequired":true,"valueName":"search_term_string"}}],"inLanguage":"en-GB"}]}},"_links":{"self":[{"href":"https:\/\/flexdent.hu\/en\/wp-json\/wp\/v2\/pages\/553","targetHints":{"allow":["GET"]}}],"collection":[{"href":"https:\/\/flexdent.hu\/en\/wp-json\/wp\/v2\/pages"}],"about":[{"href":"https:\/\/flexdent.hu\/en\/wp-json\/wp\/v2\/types\/page"}],"author":[{"embeddable":true,"href":"https:\/\/flexdent.hu\/en\/wp-json\/wp\/v2\/users\/4"}],"replies":[{"embeddable":true,"href":"https:\/\/flexdent.hu\/en\/wp-json\/wp\/v2\/comments?post=553"}],"version-history":[{"count":31,"href":"https:\/\/flexdent.hu\/en\/wp-json\/wp\/v2\/pages\/553\/revisions"}],"predecessor-version":[{"id":2769,"href":"https:\/\/flexdent.hu\/en\/wp-json\/wp\/v2\/pages\/553\/revisions\/2769"}],"up":[{"embeddable":true,"href":"https:\/\/flexdent.hu\/en\/wp-json\/wp\/v2\/pages\/67"}],"wp:attachment":[{"href":"https:\/\/flexdent.hu\/en\/wp-json\/wp\/v2\/media?parent=553"}],"curies":[{"name":"wp","href":"https:\/\/api.w.org\/{rel}","templated":true}]}}