



{"id":547,"date":"2023-09-01T16:28:12","date_gmt":"2023-09-01T16:28:12","guid":{"rendered":"https:\/\/flexdent.hu\/?page_id=547"},"modified":"2026-03-30T14:33:53","modified_gmt":"2026-03-30T12:33:53","slug":"femmentes-potlasok","status":"publish","type":"page","link":"https:\/\/flexdent.hu\/en\/fogtechnikusoknak\/femmentes-potlasok\/","title":{"rendered":"METAL FREE REPLAreplacementS"},"content":{"rendered":"<div data-elementor-type=\"wp-post\" data-elementor-id=\"547\" class=\"elementor elementor-547\" data-elementor-post-type=\"page\">\n\t\t\t\t<div class=\"elementor-element elementor-element-233e3c2 e-flex e-con-boxed e-con e-parent\" data-id=\"233e3c2\" data-element_type=\"container\" data-e-type=\"container\" data-settings=\"{&quot;background_background&quot;:&quot;classic&quot;}\">\n\t\t\t\t\t<div class=\"e-con-inner\">\n\t\t<div class=\"elementor-element elementor-element-3c6bac3 e-con-full e-flex e-con e-child\" data-id=\"3c6bac3\" data-element_type=\"container\" data-e-type=\"container\">\n\t\t\t\t<div class=\"elementor-element elementor-element-fdb995c elementor-widget elementor-widget-heading\" data-id=\"fdb995c\" data-element_type=\"widget\" data-e-type=\"widget\" data-widget_type=\"heading.default\">\n\t\t\t\t<div class=\"elementor-widget-container\">\n\t\t\t\t\t<div class=\"elementor-heading-title elementor-size-default\"><a href=\"https:\/\/flexdent.hu\/en\/fogtechnikusoknak\/\">For Dental Labs<\/a><\/div>\t\t\t\t<\/div>\n\t\t\t\t<\/div>\n\t\t\t\t<div class=\"elementor-element elementor-element-bb3b00f elementor-widget elementor-widget-heading\" data-id=\"bb3b00f\" data-element_type=\"widget\" data-e-type=\"widget\" data-widget_type=\"heading.default\">\n\t\t\t\t<div class=\"elementor-widget-container\">\n\t\t\t\t\t<h1 class=\"elementor-heading-title elementor-size-default\">METAL FREE REPLAreplacementS<\/h1>\t\t\t\t<\/div>\n\t\t\t\t<\/div>\n\t\t\t\t<\/div>\n\t\t\t\t\t<\/div>\n\t\t\t\t<\/div>\n\t\t<div class=\"elementor-element elementor-element-3c57e81 e-flex e-con-boxed e-con e-parent\" data-id=\"3c57e81\" data-element_type=\"container\" data-e-type=\"container\">\n\t\t\t\t\t<div class=\"e-con-inner\">\n\t\t<div class=\"elementor-element elementor-element-527ac66 e-con-full e-flex e-con e-child\" data-id=\"527ac66\" data-element_type=\"container\" data-e-type=\"container\">\n\t\t\t\t<div class=\"elementor-element elementor-element-e624f91 elementor-widget elementor-widget-text-editor\" data-id=\"e624f91\" data-element_type=\"widget\" data-e-type=\"widget\" data-widget_type=\"text-editor.default\">\n\t\t\t\t<div class=\"elementor-widget-container\">\n\t\t\t\t\t\t\t\t\t<p>A metal-free restoration is a solution that does not contain a metal alloy in the restoration material. Instead, different types of ceramic materials or other metal-free materials are used to make the restoration. These alternatives can be excellent for people who want to avoid traditional metal alloys or who have an allergic reaction to metals.<\/p><p>Metal-free dental restorations can offer several advantages:<\/p><p class=\"translation-block\"><strong>Aesthetics:<\/strong> Metal-free restorations tend to provide a more natural and aesthetic appearance, as the ceramic materials are similar to natural teeth and blend well with the surrounding tissues.<br>\n<strong>Biocompatibility:<\/strong> Ceramics and other metal-free materials are generally better accepted by the body and less likely to cause allergic reactions in those who suffer from metal allergies.<\/p>\t\t\t\t\t\t\t\t<\/div>\n\t\t\t\t<\/div>\n\t\t\t\t<\/div>\n\t\t\t\t\t<\/div>\n\t\t\t\t<\/div>\n\t\t<div class=\"elementor-element elementor-element-3c5a0e8 e-grid e-con-boxed e-con e-parent\" data-id=\"3c5a0e8\" data-element_type=\"container\" data-e-type=\"container\">\n\t\t\t\t\t<div class=\"e-con-inner\">\n\t\t\t\t<div class=\"elementor-element elementor-element-f4b3120 elementor-widget elementor-widget-image\" data-id=\"f4b3120\" data-element_type=\"widget\" data-e-type=\"widget\" data-widget_type=\"image.default\">\n\t\t\t\t<div class=\"elementor-widget-container\">\n\t\t\t\t\t\t\t\t\t\t\t\t\t\t\t\t<a href=\"https:\/\/flexdent.hu\/wp-content\/uploads\/2026\/03\/cirkon-keramia.png\" data-elementor-open-lightbox=\"yes\" data-elementor-lightbox-title=\"cirkon-keramia\" data-e-action-hash=\"#elementor-action%3Aaction%3Dlightbox%26settings%3DeyJpZCI6Mjc1NiwidXJsIjoiaHR0cHM6XC9cL2ZsZXhkZW50Lmh1XC93cC1jb250ZW50XC91cGxvYWRzXC8yMDI2XC8wM1wvY2lya29uLWtlcmFtaWEucG5nIn0%3D\">\n\t\t\t\t\t\t\t<img fetchpriority=\"high\" decoding=\"async\" width=\"531\" height=\"430\" src=\"https:\/\/flexdent.hu\/wp-content\/uploads\/2026\/03\/cirkon-keramia.png\" class=\"attachment-large size-large wp-image-2756\" alt=\"\" srcset=\"https:\/\/flexdent.hu\/wp-content\/uploads\/2026\/03\/cirkon-keramia.png 531w, https:\/\/flexdent.hu\/wp-content\/uploads\/2026\/03\/cirkon-keramia-300x243.png 300w, https:\/\/flexdent.hu\/wp-content\/uploads\/2026\/03\/cirkon-keramia-15x12.png 15w\" sizes=\"(max-width: 531px) 100vw, 531px\" \/>\t\t\t\t\t\t\t\t<\/a>\n\t\t\t\t\t\t\t\t\t\t\t\t\t\t\t<\/div>\n\t\t\t\t<\/div>\n\t\t\t\t<div class=\"elementor-element elementor-element-d5e3510 elementor-widget elementor-widget-image\" data-id=\"d5e3510\" data-element_type=\"widget\" data-e-type=\"widget\" data-widget_type=\"image.default\">\n\t\t\t\t<div class=\"elementor-widget-container\">\n\t\t\t\t\t\t\t\t\t\t\t\t\t\t\t\t<a href=\"https:\/\/flexdent.hu\/wp-content\/uploads\/2023\/09\/Femmentes-potlasok.jpeg\" data-elementor-open-lightbox=\"yes\" data-elementor-lightbox-title=\"F\u00e9mmentes p\u00f3tl\u00e1sok\" data-e-action-hash=\"#elementor-action%3Aaction%3Dlightbox%26settings%3DeyJpZCI6NTkwLCJ1cmwiOiJodHRwczpcL1wvZmxleGRlbnQuaHVcL3dwLWNvbnRlbnRcL3VwbG9hZHNcLzIwMjNcLzA5XC9GZW1tZW50ZXMtcG90bGFzb2suanBlZyJ9\">\n\t\t\t\t\t\t\t<img decoding=\"async\" width=\"500\" height=\"400\" src=\"https:\/\/flexdent.hu\/wp-content\/uploads\/2023\/09\/Femmentes-potlasok.jpeg\" class=\"attachment-full size-full wp-image-590\" alt=\"\" srcset=\"https:\/\/flexdent.hu\/wp-content\/uploads\/2023\/09\/Femmentes-potlasok.jpeg 500w, https:\/\/flexdent.hu\/wp-content\/uploads\/2023\/09\/Femmentes-potlasok-300x240.jpeg 300w\" sizes=\"(max-width: 500px) 100vw, 500px\" \/>\t\t\t\t\t\t\t\t<\/a>\n\t\t\t\t\t\t\t\t\t\t\t\t\t\t\t<\/div>\n\t\t\t\t<\/div>\n\t\t\t\t\t<\/div>\n\t\t\t\t<\/div>\n\t\t<div class=\"elementor-element elementor-element-735ede7 e-flex e-con-boxed e-con e-parent\" data-id=\"735ede7\" data-element_type=\"container\" data-e-type=\"container\">\n\t\t\t\t\t<div class=\"e-con-inner\">\n\t\t\t\t<div class=\"elementor-element elementor-element-d63bd42 elementor-widget elementor-widget-spacer\" data-id=\"d63bd42\" data-element_type=\"widget\" data-e-type=\"widget\" data-widget_type=\"spacer.default\">\n\t\t\t\t<div class=\"elementor-widget-container\">\n\t\t\t\t\t\t\t<div class=\"elementor-spacer\">\n\t\t\t<div class=\"elementor-spacer-inner\"><\/div>\n\t\t<\/div>\n\t\t\t\t\t\t<\/div>\n\t\t\t\t<\/div>\n\t\t\t\t\t<\/div>\n\t\t\t\t<\/div>\n\t\t\t\t<\/div>","protected":false},"excerpt":{"rendered":"<p>Fogtechnika A f\u00e9mmentes fogp\u00f3tl\u00e1s olyan megold\u00e1s, amely nem tartalmaz f\u00e9m\u00f6tv\u00f6zetet a fogp\u00f3tl\u00e1s alapanyag\u00e1ban. Ehelyett k\u00fcl\u00f6nb\u00f6z\u0151 t\u00edpus\u00fa ker\u00e1mia anyagokat, cirk\u00f3nium-doixidot vagy m\u00e1s f\u00e9mmentes anyagokat haszn\u00e1lnak a fogp\u00f3tl\u00e1s k\u00e9sz\u00edt\u00e9s\u00e9hez. Ezek az alternat\u00edv\u00e1k kiv\u00e1l\u00f3ak lehetnek azok sz\u00e1m\u00e1ra, akik el szeretn\u00e9k ker\u00fclni a hagyom\u00e1nyos f\u00e9m\u00f6tv\u00f6zeteket vagy akiknek allergi\u00e1s reakci\u00f3juk van a f\u00e9mekre. A f\u00e9mmentes fogp\u00f3tl\u00e1sok t\u00f6bb el\u0151nnyel j\u00e1rhatnak: Eszt\u00e9tika: [&hellip;]<\/p>\n","protected":false},"author":4,"featured_media":0,"parent":67,"menu_order":1,"comment_status":"closed","ping_status":"closed","template":"","meta":{"footnotes":""},"class_list":["post-547","page","type-page","status-publish","hentry"],"yoast_head":"<!-- This site is optimized with the Yoast SEO plugin v27.2 - https:\/\/yoast.com\/product\/yoast-seo-wordpress\/ -->\n<title>F\u00e9mmentes P\u00f3tl\u00e1sok - Flex-Dent<\/title>\n<meta name=\"robots\" content=\"index, follow, max-snippet:-1, max-image-preview:large, max-video-preview:-1\" \/>\n<link rel=\"canonical\" href=\"https:\/\/flexdent.hu\/en\/fogtechnikusoknak\/femmentes-potlasok\/\" \/>\n<meta property=\"og:locale\" content=\"en_GB\" \/>\n<meta property=\"og:type\" content=\"article\" \/>\n<meta property=\"og:title\" content=\"F\u00e9mmentes P\u00f3tl\u00e1sok - Flex-Dent\" \/>\n<meta property=\"og:description\" content=\"Fogtechnika A f\u00e9mmentes fogp\u00f3tl\u00e1s olyan megold\u00e1s, amely nem tartalmaz f\u00e9m\u00f6tv\u00f6zetet a fogp\u00f3tl\u00e1s alapanyag\u00e1ban. Ehelyett k\u00fcl\u00f6nb\u00f6z\u0151 t\u00edpus\u00fa ker\u00e1mia anyagokat, cirk\u00f3nium-doixidot vagy m\u00e1s f\u00e9mmentes anyagokat haszn\u00e1lnak a fogp\u00f3tl\u00e1s k\u00e9sz\u00edt\u00e9s\u00e9hez. Ezek az alternat\u00edv\u00e1k kiv\u00e1l\u00f3ak lehetnek azok sz\u00e1m\u00e1ra, akik el szeretn\u00e9k ker\u00fclni a hagyom\u00e1nyos f\u00e9m\u00f6tv\u00f6zeteket vagy akiknek allergi\u00e1s reakci\u00f3juk van a f\u00e9mekre. A f\u00e9mmentes fogp\u00f3tl\u00e1sok t\u00f6bb el\u0151nnyel j\u00e1rhatnak: Eszt\u00e9tika: [&hellip;]\" \/>\n<meta property=\"og:url\" content=\"https:\/\/flexdent.hu\/en\/fogtechnikusoknak\/femmentes-potlasok\/\" \/>\n<meta property=\"og:site_name\" content=\"Flex-Dent\" \/>\n<meta property=\"article:publisher\" content=\"https:\/\/www.facebook.com\/flexdent.hu\" \/>\n<meta property=\"article:modified_time\" content=\"2026-03-30T12:33:53+00:00\" \/>\n<meta property=\"og:image\" content=\"https:\/\/flexdent.hu\/wp-content\/uploads\/2026\/03\/cirkon-keramia.png\" \/>\n\t<meta property=\"og:image:width\" content=\"531\" \/>\n\t<meta property=\"og:image:height\" content=\"430\" \/>\n\t<meta property=\"og:image:type\" content=\"image\/png\" \/>\n<meta name=\"twitter:card\" content=\"summary_large_image\" \/>\n<meta name=\"twitter:label1\" content=\"Estimated reading time\" \/>\n\t<meta name=\"twitter:data1\" content=\"1 minute\" \/>\n<script type=\"application\/ld+json\" class=\"yoast-schema-graph\">{\"@context\":\"https:\/\/schema.org\",\"@graph\":[{\"@type\":\"WebPage\",\"@id\":\"https:\/\/flexdent.hu\/fogtechnikusoknak\/femmentes-potlasok\/\",\"url\":\"https:\/\/flexdent.hu\/fogtechnikusoknak\/femmentes-potlasok\/\",\"name\":\"F\u00e9mmentes P\u00f3tl\u00e1sok - Flex-Dent\",\"isPartOf\":{\"@id\":\"https:\/\/flexdent.hu\/#website\"},\"primaryImageOfPage\":{\"@id\":\"https:\/\/flexdent.hu\/fogtechnikusoknak\/femmentes-potlasok\/#primaryimage\"},\"image\":{\"@id\":\"https:\/\/flexdent.hu\/fogtechnikusoknak\/femmentes-potlasok\/#primaryimage\"},\"thumbnailUrl\":\"https:\/\/flexdent.hu\/wp-content\/uploads\/2026\/03\/cirkon-keramia.png\",\"datePublished\":\"2023-09-01T16:28:12+00:00\",\"dateModified\":\"2026-03-30T12:33:53+00:00\",\"breadcrumb\":{\"@id\":\"https:\/\/flexdent.hu\/fogtechnikusoknak\/femmentes-potlasok\/#breadcrumb\"},\"inLanguage\":\"en-GB\",\"potentialAction\":[{\"@type\":\"ReadAction\",\"target\":[\"https:\/\/flexdent.hu\/fogtechnikusoknak\/femmentes-potlasok\/\"]}]},{\"@type\":\"ImageObject\",\"inLanguage\":\"en-GB\",\"@id\":\"https:\/\/flexdent.hu\/fogtechnikusoknak\/femmentes-potlasok\/#primaryimage\",\"url\":\"https:\/\/flexdent.hu\/wp-content\/uploads\/2026\/03\/cirkon-keramia.png\",\"contentUrl\":\"https:\/\/flexdent.hu\/wp-content\/uploads\/2026\/03\/cirkon-keramia.png\"},{\"@type\":\"BreadcrumbList\",\"@id\":\"https:\/\/flexdent.hu\/fogtechnikusoknak\/femmentes-potlasok\/#breadcrumb\",\"itemListElement\":[{\"@type\":\"ListItem\",\"position\":1,\"name\":\"Home\",\"item\":\"https:\/\/flexdent.hu\/\"},{\"@type\":\"ListItem\",\"position\":2,\"name\":\"Fogtechnikusoknak\",\"item\":\"https:\/\/flexdent.hu\/fogtechnikusoknak\/\"},{\"@type\":\"ListItem\",\"position\":3,\"name\":\"F\u00e9mmentes P\u00f3tl\u00e1sok\"}]},{\"@type\":\"WebSite\",\"@id\":\"https:\/\/flexdent.hu\/#website\",\"url\":\"https:\/\/flexdent.hu\/\",\"name\":\"Flex-Dent\",\"description\":\"CAD-CAM Fr\u00e9zcentrum - Mosonmagyar\u00f3v\u00e1r\",\"potentialAction\":[{\"@type\":\"SearchAction\",\"target\":{\"@type\":\"EntryPoint\",\"urlTemplate\":\"https:\/\/flexdent.hu\/?s={search_term_string}\"},\"query-input\":{\"@type\":\"PropertyValueSpecification\",\"valueRequired\":true,\"valueName\":\"search_term_string\"}}],\"inLanguage\":\"en-GB\"}]}<\/script>\n<!-- \/ Yoast SEO plugin. -->","yoast_head_json":{"title":"F\u00e9mmentes P\u00f3tl\u00e1sok - Flex-Dent","robots":{"index":"index","follow":"follow","max-snippet":"max-snippet:-1","max-image-preview":"max-image-preview:large","max-video-preview":"max-video-preview:-1"},"canonical":"https:\/\/flexdent.hu\/en\/fogtechnikusoknak\/femmentes-potlasok\/","og_locale":"en_GB","og_type":"article","og_title":"F\u00e9mmentes P\u00f3tl\u00e1sok - Flex-Dent","og_description":"Fogtechnika A f\u00e9mmentes fogp\u00f3tl\u00e1s olyan megold\u00e1s, amely nem tartalmaz f\u00e9m\u00f6tv\u00f6zetet a fogp\u00f3tl\u00e1s alapanyag\u00e1ban. Ehelyett k\u00fcl\u00f6nb\u00f6z\u0151 t\u00edpus\u00fa ker\u00e1mia anyagokat, cirk\u00f3nium-doixidot vagy m\u00e1s f\u00e9mmentes anyagokat haszn\u00e1lnak a fogp\u00f3tl\u00e1s k\u00e9sz\u00edt\u00e9s\u00e9hez. Ezek az alternat\u00edv\u00e1k kiv\u00e1l\u00f3ak lehetnek azok sz\u00e1m\u00e1ra, akik el szeretn\u00e9k ker\u00fclni a hagyom\u00e1nyos f\u00e9m\u00f6tv\u00f6zeteket vagy akiknek allergi\u00e1s reakci\u00f3juk van a f\u00e9mekre. A f\u00e9mmentes fogp\u00f3tl\u00e1sok t\u00f6bb el\u0151nnyel j\u00e1rhatnak: Eszt\u00e9tika: [&hellip;]","og_url":"https:\/\/flexdent.hu\/en\/fogtechnikusoknak\/femmentes-potlasok\/","og_site_name":"Flex-Dent","article_publisher":"https:\/\/www.facebook.com\/flexdent.hu","article_modified_time":"2026-03-30T12:33:53+00:00","og_image":[{"width":531,"height":430,"url":"https:\/\/flexdent.hu\/wp-content\/uploads\/2026\/03\/cirkon-keramia.png","type":"image\/png"}],"twitter_card":"summary_large_image","twitter_misc":{"Estimated reading time":"1 minute"},"schema":{"@context":"https:\/\/schema.org","@graph":[{"@type":"WebPage","@id":"https:\/\/flexdent.hu\/fogtechnikusoknak\/femmentes-potlasok\/","url":"https:\/\/flexdent.hu\/fogtechnikusoknak\/femmentes-potlasok\/","name":"F\u00e9mmentes P\u00f3tl\u00e1sok - Flex-Dent","isPartOf":{"@id":"https:\/\/flexdent.hu\/#website"},"primaryImageOfPage":{"@id":"https:\/\/flexdent.hu\/fogtechnikusoknak\/femmentes-potlasok\/#primaryimage"},"image":{"@id":"https:\/\/flexdent.hu\/fogtechnikusoknak\/femmentes-potlasok\/#primaryimage"},"thumbnailUrl":"https:\/\/flexdent.hu\/wp-content\/uploads\/2026\/03\/cirkon-keramia.png","datePublished":"2023-09-01T16:28:12+00:00","dateModified":"2026-03-30T12:33:53+00:00","breadcrumb":{"@id":"https:\/\/flexdent.hu\/fogtechnikusoknak\/femmentes-potlasok\/#breadcrumb"},"inLanguage":"en-GB","potentialAction":[{"@type":"ReadAction","target":["https:\/\/flexdent.hu\/fogtechnikusoknak\/femmentes-potlasok\/"]}]},{"@type":"ImageObject","inLanguage":"en-GB","@id":"https:\/\/flexdent.hu\/fogtechnikusoknak\/femmentes-potlasok\/#primaryimage","url":"https:\/\/flexdent.hu\/wp-content\/uploads\/2026\/03\/cirkon-keramia.png","contentUrl":"https:\/\/flexdent.hu\/wp-content\/uploads\/2026\/03\/cirkon-keramia.png"},{"@type":"BreadcrumbList","@id":"https:\/\/flexdent.hu\/fogtechnikusoknak\/femmentes-potlasok\/#breadcrumb","itemListElement":[{"@type":"ListItem","position":1,"name":"Home","item":"https:\/\/flexdent.hu\/"},{"@type":"ListItem","position":2,"name":"Fogtechnikusoknak","item":"https:\/\/flexdent.hu\/fogtechnikusoknak\/"},{"@type":"ListItem","position":3,"name":"F\u00e9mmentes P\u00f3tl\u00e1sok"}]},{"@type":"WebSite","@id":"https:\/\/flexdent.hu\/#website","url":"https:\/\/flexdent.hu\/","name":"Flex-Dent","description":"CAD-CAM Fr\u00e9zcentrum - Mosonmagyar\u00f3v\u00e1r","potentialAction":[{"@type":"SearchAction","target":{"@type":"EntryPoint","urlTemplate":"https:\/\/flexdent.hu\/?s={search_term_string}"},"query-input":{"@type":"PropertyValueSpecification","valueRequired":true,"valueName":"search_term_string"}}],"inLanguage":"en-GB"}]}},"_links":{"self":[{"href":"https:\/\/flexdent.hu\/en\/wp-json\/wp\/v2\/pages\/547","targetHints":{"allow":["GET"]}}],"collection":[{"href":"https:\/\/flexdent.hu\/en\/wp-json\/wp\/v2\/pages"}],"about":[{"href":"https:\/\/flexdent.hu\/en\/wp-json\/wp\/v2\/types\/page"}],"author":[{"embeddable":true,"href":"https:\/\/flexdent.hu\/en\/wp-json\/wp\/v2\/users\/4"}],"replies":[{"embeddable":true,"href":"https:\/\/flexdent.hu\/en\/wp-json\/wp\/v2\/comments?post=547"}],"version-history":[{"count":20,"href":"https:\/\/flexdent.hu\/en\/wp-json\/wp\/v2\/pages\/547\/revisions"}],"predecessor-version":[{"id":2762,"href":"https:\/\/flexdent.hu\/en\/wp-json\/wp\/v2\/pages\/547\/revisions\/2762"}],"up":[{"embeddable":true,"href":"https:\/\/flexdent.hu\/en\/wp-json\/wp\/v2\/pages\/67"}],"wp:attachment":[{"href":"https:\/\/flexdent.hu\/en\/wp-json\/wp\/v2\/media?parent=547"}],"curies":[{"name":"wp","href":"https:\/\/api.w.org\/{rel}","templated":true}]}}