



{"id":475,"date":"2023-09-01T10:00:42","date_gmt":"2023-09-01T10:00:42","guid":{"rendered":"https:\/\/flexdent.hu\/?page_id=475"},"modified":"2026-03-24T08:24:48","modified_gmt":"2026-03-24T07:24:48","slug":"ideiglenes-koronak-hidak-pmma","status":"publish","type":"page","link":"https:\/\/flexdent.hu\/en\/fogaszatoknak\/ideiglenes-koronak-hidak-pmma\/","title":{"rendered":"TEMPORARY CROWNS\/BRIDGES PMMA"},"content":{"rendered":"<div data-elementor-type=\"wp-post\" data-elementor-id=\"475\" class=\"elementor elementor-475\" data-elementor-post-type=\"page\">\n\t\t\t\t<div class=\"elementor-element elementor-element-0df3e74 e-flex e-con-boxed e-con e-parent\" data-id=\"0df3e74\" data-element_type=\"container\" data-e-type=\"container\" data-settings=\"{&quot;background_background&quot;:&quot;classic&quot;}\">\n\t\t\t\t\t<div class=\"e-con-inner\">\n\t\t<div class=\"elementor-element elementor-element-3d47196 e-con-full e-flex e-con e-child\" data-id=\"3d47196\" data-element_type=\"container\" data-e-type=\"container\">\n\t\t\t\t<div class=\"elementor-element elementor-element-48f1e6f elementor-widget elementor-widget-heading\" data-id=\"48f1e6f\" data-element_type=\"widget\" data-e-type=\"widget\" data-widget_type=\"heading.default\">\n\t\t\t\t<div class=\"elementor-widget-container\">\n\t\t\t\t\t<div class=\"elementor-heading-title elementor-size-default\"><a href=\"https:\/\/flexdent.hu\/en\/fogaszatoknak\/\">For Dentists<\/a><\/div>\t\t\t\t<\/div>\n\t\t\t\t<\/div>\n\t\t\t\t<div class=\"elementor-element elementor-element-1366d2c elementor-widget elementor-widget-heading\" data-id=\"1366d2c\" data-element_type=\"widget\" data-e-type=\"widget\" data-widget_type=\"heading.default\">\n\t\t\t\t<div class=\"elementor-widget-container\">\n\t\t\t\t\t<h1 class=\"elementor-heading-title elementor-size-default\">TEMPORARY CROWNS\/BRIDGES PMMA<\/h1>\t\t\t\t<\/div>\n\t\t\t\t<\/div>\n\t\t\t\t<\/div>\n\t\t\t\t\t<\/div>\n\t\t\t\t<\/div>\n\t\t<div class=\"elementor-element elementor-element-8f2e4ee e-flex e-con-boxed e-con e-parent\" data-id=\"8f2e4ee\" data-element_type=\"container\" data-e-type=\"container\">\n\t\t\t\t\t<div class=\"e-con-inner\">\n\t\t<div class=\"elementor-element elementor-element-db0152a e-con-full e-flex e-con e-child\" data-id=\"db0152a\" data-element_type=\"container\" data-e-type=\"container\">\n\t\t\t\t<div class=\"elementor-element elementor-element-b88185d elementor-widget elementor-widget-text-editor\" data-id=\"b88185d\" data-element_type=\"widget\" data-e-type=\"widget\" data-widget_type=\"text-editor.default\">\n\t\t\t\t<div class=\"elementor-widget-container\">\n\t\t\t\t\t\t\t\t\t<p>PMMA (polymethyl methacrylate) temporary crowns are a type of dental prosthesis used as a temporary solution during dental treatments.<\/p>\n<p>Temporary crowns are usually made from a type of plastic or composite material, such as PMMA, and are used to protect the tooth die before the permanent restoration is made and fitted. These crowns are usually used when the patient's tooth replacement of choice takes time to prepare and fit (e.g. zirconia or all-ceramic crowns).<\/p>\n<p>Temporary crowns help to prevent tooth sensitivity, preserve the aesthetic appearance and help to stabilise the position and bite of the tooth during treatment.<\/p>\t\t\t\t\t\t\t\t<\/div>\n\t\t\t\t<\/div>\n\t\t\t\t<\/div>\n\t\t\t\t\t<\/div>\n\t\t\t\t<\/div>\n\t\t<div class=\"elementor-element elementor-element-d15ae57 e-grid e-con-boxed e-con e-parent\" data-id=\"d15ae57\" data-element_type=\"container\" data-e-type=\"container\">\n\t\t\t\t\t<div class=\"e-con-inner\">\n\t\t\t\t<div class=\"elementor-element elementor-element-abdf0fa elementor-widget elementor-widget-image\" data-id=\"abdf0fa\" data-element_type=\"widget\" data-e-type=\"widget\" data-widget_type=\"image.default\">\n\t\t\t\t<div class=\"elementor-widget-container\">\n\t\t\t\t\t\t\t\t\t\t\t\t\t\t\t\t<a href=\"https:\/\/flexdent.hu\/wp-content\/uploads\/2023\/09\/Ideiglenes-Koronak-hidak-PMMA.jpeg\" data-elementor-open-lightbox=\"yes\" data-elementor-lightbox-title=\"Ideiglenes Koron\u00e1k-hidak PMMA\" data-e-action-hash=\"#elementor-action%3Aaction%3Dlightbox%26settings%3DeyJpZCI6NDc4LCJ1cmwiOiJodHRwczpcL1wvZmxleGRlbnQuaHVcL3dwLWNvbnRlbnRcL3VwbG9hZHNcLzIwMjNcLzA5XC9JZGVpZ2xlbmVzLUtvcm9uYWstaGlkYWstUE1NQS5qcGVnIn0%3D\">\n\t\t\t\t\t\t\t<img fetchpriority=\"high\" decoding=\"async\" width=\"1600\" height=\"1067\" src=\"https:\/\/flexdent.hu\/wp-content\/uploads\/2023\/09\/Ideiglenes-Koronak-hidak-PMMA.jpeg\" class=\"attachment-full size-full wp-image-478\" alt=\"\" srcset=\"https:\/\/flexdent.hu\/wp-content\/uploads\/2023\/09\/Ideiglenes-Koronak-hidak-PMMA.jpeg 1600w, https:\/\/flexdent.hu\/wp-content\/uploads\/2023\/09\/Ideiglenes-Koronak-hidak-PMMA-300x200.jpeg 300w, https:\/\/flexdent.hu\/wp-content\/uploads\/2023\/09\/Ideiglenes-Koronak-hidak-PMMA-1024x683.jpeg 1024w, https:\/\/flexdent.hu\/wp-content\/uploads\/2023\/09\/Ideiglenes-Koronak-hidak-PMMA-768x512.jpeg 768w, https:\/\/flexdent.hu\/wp-content\/uploads\/2023\/09\/Ideiglenes-Koronak-hidak-PMMA-1536x1024.jpeg 1536w\" sizes=\"(max-width: 1600px) 100vw, 1600px\" \/>\t\t\t\t\t\t\t\t<\/a>\n\t\t\t\t\t\t\t\t\t\t\t\t\t\t\t<\/div>\n\t\t\t\t<\/div>\n\t\t\t\t<div class=\"elementor-element elementor-element-5ab8474 elementor-widget elementor-widget-image\" data-id=\"5ab8474\" data-element_type=\"widget\" data-e-type=\"widget\" data-widget_type=\"image.default\">\n\t\t\t\t<div class=\"elementor-widget-container\">\n\t\t\t\t\t\t\t\t\t\t\t\t\t\t\t\t<a href=\"https:\/\/flexdent.hu\/wp-content\/uploads\/2026\/03\/pmma.png\" data-elementor-open-lightbox=\"yes\" data-elementor-lightbox-title=\"pmma\" data-e-action-hash=\"#elementor-action%3Aaction%3Dlightbox%26settings%3DeyJpZCI6MjYyOCwidXJsIjoiaHR0cHM6XC9cL2ZsZXhkZW50Lmh1XC93cC1jb250ZW50XC91cGxvYWRzXC8yMDI2XC8wM1wvcG1tYS5wbmcifQ%3D%3D\">\n\t\t\t\t\t\t\t<img decoding=\"async\" width=\"800\" height=\"520\" src=\"https:\/\/flexdent.hu\/wp-content\/uploads\/2026\/03\/pmma-1024x665.png\" class=\"attachment-large size-large wp-image-2628\" alt=\"\" srcset=\"https:\/\/flexdent.hu\/wp-content\/uploads\/2026\/03\/pmma-1024x665.png 1024w, https:\/\/flexdent.hu\/wp-content\/uploads\/2026\/03\/pmma-300x195.png 300w, https:\/\/flexdent.hu\/wp-content\/uploads\/2026\/03\/pmma-768x498.png 768w, https:\/\/flexdent.hu\/wp-content\/uploads\/2026\/03\/pmma-18x12.png 18w, https:\/\/flexdent.hu\/wp-content\/uploads\/2026\/03\/pmma.png 1057w\" sizes=\"(max-width: 800px) 100vw, 800px\" \/>\t\t\t\t\t\t\t\t<\/a>\n\t\t\t\t\t\t\t\t\t\t\t\t\t\t\t<\/div>\n\t\t\t\t<\/div>\n\t\t\t\t<div class=\"elementor-element elementor-element-ae4c098 elementor-widget elementor-widget-spacer\" data-id=\"ae4c098\" data-element_type=\"widget\" data-e-type=\"widget\" data-widget_type=\"spacer.default\">\n\t\t\t\t<div class=\"elementor-widget-container\">\n\t\t\t\t\t\t\t<div class=\"elementor-spacer\">\n\t\t\t<div class=\"elementor-spacer-inner\"><\/div>\n\t\t<\/div>\n\t\t\t\t\t\t<\/div>\n\t\t\t\t<\/div>\n\t\t\t\t\t<\/div>\n\t\t\t\t<\/div>\n\t\t\t\t<\/div>","protected":false},"excerpt":{"rendered":"<p>Fog\u00e1szat A PMMA (Polimetil-metakril\u00e1t) ideiglenes korona egy olyan fogp\u00f3tl\u00e1s, amelyet \u00e1tmeneti megold\u00e1sk\u00e9nt haszn\u00e1lnak fog\u00e1szati kezel\u00e9sek sor\u00e1n. Az ideiglenes koron\u00e1k \u00e1ltal\u00e1ban egyfajta m\u0171anyagb\u00f3l vagy kompozit anyagb\u00f3l k\u00e9sz\u00fclnek, p\u00e9ld\u00e1ul a PMMA-b\u00f3l, \u00e9s arra szolg\u00e1lnak, hogy v\u00e9dj\u00e9k a fogcsonkot, miel\u0151tt az \u00e1lland\u00f3 fogp\u00f3tl\u00e1s elk\u00e9sz\u00fcl \u00e9s felhelyez\u00e9sre ker\u00fcl. Ezeket a koron\u00e1kat \u00e1ltal\u00e1ban akkor alkalmazz\u00e1k, amikor a p\u00e1ciens v\u00e1lasztott fogp\u00f3tl\u00e1s\u00e1nak [&hellip;]<\/p>\n","protected":false},"author":4,"featured_media":0,"parent":61,"menu_order":8,"comment_status":"closed","ping_status":"closed","template":"","meta":{"footnotes":""},"class_list":["post-475","page","type-page","status-publish","hentry"],"yoast_head":"<!-- This site is optimized with the Yoast SEO plugin v27.2 - https:\/\/yoast.com\/product\/yoast-seo-wordpress\/ -->\n<title>Ideiglenes Koron\u00e1k\/Hidak PMMA - Flex-Dent<\/title>\n<meta name=\"robots\" content=\"index, follow, max-snippet:-1, max-image-preview:large, max-video-preview:-1\" \/>\n<link rel=\"canonical\" href=\"https:\/\/flexdent.hu\/en\/fogaszatoknak\/ideiglenes-koronak-hidak-pmma\/\" \/>\n<meta property=\"og:locale\" content=\"en_GB\" \/>\n<meta property=\"og:type\" content=\"article\" \/>\n<meta property=\"og:title\" content=\"Ideiglenes Koron\u00e1k\/Hidak PMMA - Flex-Dent\" \/>\n<meta property=\"og:description\" content=\"Fog\u00e1szat A PMMA (Polimetil-metakril\u00e1t) ideiglenes korona egy olyan fogp\u00f3tl\u00e1s, amelyet \u00e1tmeneti megold\u00e1sk\u00e9nt haszn\u00e1lnak fog\u00e1szati kezel\u00e9sek sor\u00e1n. Az ideiglenes koron\u00e1k \u00e1ltal\u00e1ban egyfajta m\u0171anyagb\u00f3l vagy kompozit anyagb\u00f3l k\u00e9sz\u00fclnek, p\u00e9ld\u00e1ul a PMMA-b\u00f3l, \u00e9s arra szolg\u00e1lnak, hogy v\u00e9dj\u00e9k a fogcsonkot, miel\u0151tt az \u00e1lland\u00f3 fogp\u00f3tl\u00e1s elk\u00e9sz\u00fcl \u00e9s felhelyez\u00e9sre ker\u00fcl. Ezeket a koron\u00e1kat \u00e1ltal\u00e1ban akkor alkalmazz\u00e1k, amikor a p\u00e1ciens v\u00e1lasztott fogp\u00f3tl\u00e1s\u00e1nak [&hellip;]\" \/>\n<meta property=\"og:url\" content=\"https:\/\/flexdent.hu\/en\/fogaszatoknak\/ideiglenes-koronak-hidak-pmma\/\" \/>\n<meta property=\"og:site_name\" content=\"Flex-Dent\" \/>\n<meta property=\"article:publisher\" content=\"https:\/\/www.facebook.com\/flexdent.hu\" \/>\n<meta property=\"article:modified_time\" content=\"2026-03-24T07:24:48+00:00\" \/>\n<meta property=\"og:image\" content=\"https:\/\/flexdent.hu\/wp-content\/uploads\/2023\/09\/Ideiglenes-Koronak-hidak-PMMA.jpeg\" \/>\n\t<meta property=\"og:image:width\" content=\"1600\" \/>\n\t<meta property=\"og:image:height\" content=\"1067\" \/>\n\t<meta property=\"og:image:type\" content=\"image\/jpeg\" \/>\n<meta name=\"twitter:card\" content=\"summary_large_image\" \/>\n<meta name=\"twitter:label1\" content=\"Estimated reading time\" \/>\n\t<meta name=\"twitter:data1\" content=\"1 minute\" \/>\n<script type=\"application\/ld+json\" class=\"yoast-schema-graph\">{\"@context\":\"https:\/\/schema.org\",\"@graph\":[{\"@type\":\"WebPage\",\"@id\":\"https:\/\/flexdent.hu\/fogaszatoknak\/ideiglenes-koronak-hidak-pmma\/\",\"url\":\"https:\/\/flexdent.hu\/fogaszatoknak\/ideiglenes-koronak-hidak-pmma\/\",\"name\":\"Ideiglenes Koron\u00e1k\/Hidak PMMA - Flex-Dent\",\"isPartOf\":{\"@id\":\"https:\/\/flexdent.hu\/#website\"},\"primaryImageOfPage\":{\"@id\":\"https:\/\/flexdent.hu\/fogaszatoknak\/ideiglenes-koronak-hidak-pmma\/#primaryimage\"},\"image\":{\"@id\":\"https:\/\/flexdent.hu\/fogaszatoknak\/ideiglenes-koronak-hidak-pmma\/#primaryimage\"},\"thumbnailUrl\":\"https:\/\/flexdent.hu\/wp-content\/uploads\/2023\/09\/Ideiglenes-Koronak-hidak-PMMA.jpeg\",\"datePublished\":\"2023-09-01T10:00:42+00:00\",\"dateModified\":\"2026-03-24T07:24:48+00:00\",\"breadcrumb\":{\"@id\":\"https:\/\/flexdent.hu\/fogaszatoknak\/ideiglenes-koronak-hidak-pmma\/#breadcrumb\"},\"inLanguage\":\"en-GB\",\"potentialAction\":[{\"@type\":\"ReadAction\",\"target\":[\"https:\/\/flexdent.hu\/fogaszatoknak\/ideiglenes-koronak-hidak-pmma\/\"]}]},{\"@type\":\"ImageObject\",\"inLanguage\":\"en-GB\",\"@id\":\"https:\/\/flexdent.hu\/fogaszatoknak\/ideiglenes-koronak-hidak-pmma\/#primaryimage\",\"url\":\"https:\/\/flexdent.hu\/wp-content\/uploads\/2023\/09\/Ideiglenes-Koronak-hidak-PMMA.jpeg\",\"contentUrl\":\"https:\/\/flexdent.hu\/wp-content\/uploads\/2023\/09\/Ideiglenes-Koronak-hidak-PMMA.jpeg\"},{\"@type\":\"BreadcrumbList\",\"@id\":\"https:\/\/flexdent.hu\/fogaszatoknak\/ideiglenes-koronak-hidak-pmma\/#breadcrumb\",\"itemListElement\":[{\"@type\":\"ListItem\",\"position\":1,\"name\":\"Home\",\"item\":\"https:\/\/flexdent.hu\/\"},{\"@type\":\"ListItem\",\"position\":2,\"name\":\"Fog\u00e1szatoknak\",\"item\":\"https:\/\/flexdent.hu\/fogaszatoknak\/\"},{\"@type\":\"ListItem\",\"position\":3,\"name\":\"Ideiglenes Koron\u00e1k\/Hidak PMMA\"}]},{\"@type\":\"WebSite\",\"@id\":\"https:\/\/flexdent.hu\/#website\",\"url\":\"https:\/\/flexdent.hu\/\",\"name\":\"Flex-Dent\",\"description\":\"CAD-CAM Fr\u00e9zcentrum - Mosonmagyar\u00f3v\u00e1r\",\"potentialAction\":[{\"@type\":\"SearchAction\",\"target\":{\"@type\":\"EntryPoint\",\"urlTemplate\":\"https:\/\/flexdent.hu\/?s={search_term_string}\"},\"query-input\":{\"@type\":\"PropertyValueSpecification\",\"valueRequired\":true,\"valueName\":\"search_term_string\"}}],\"inLanguage\":\"en-GB\"}]}<\/script>\n<!-- \/ Yoast SEO plugin. -->","yoast_head_json":{"title":"Ideiglenes Koron\u00e1k\/Hidak PMMA - Flex-Dent","robots":{"index":"index","follow":"follow","max-snippet":"max-snippet:-1","max-image-preview":"max-image-preview:large","max-video-preview":"max-video-preview:-1"},"canonical":"https:\/\/flexdent.hu\/en\/fogaszatoknak\/ideiglenes-koronak-hidak-pmma\/","og_locale":"en_GB","og_type":"article","og_title":"Ideiglenes Koron\u00e1k\/Hidak PMMA - Flex-Dent","og_description":"Fog\u00e1szat A PMMA (Polimetil-metakril\u00e1t) ideiglenes korona egy olyan fogp\u00f3tl\u00e1s, amelyet \u00e1tmeneti megold\u00e1sk\u00e9nt haszn\u00e1lnak fog\u00e1szati kezel\u00e9sek sor\u00e1n. Az ideiglenes koron\u00e1k \u00e1ltal\u00e1ban egyfajta m\u0171anyagb\u00f3l vagy kompozit anyagb\u00f3l k\u00e9sz\u00fclnek, p\u00e9ld\u00e1ul a PMMA-b\u00f3l, \u00e9s arra szolg\u00e1lnak, hogy v\u00e9dj\u00e9k a fogcsonkot, miel\u0151tt az \u00e1lland\u00f3 fogp\u00f3tl\u00e1s elk\u00e9sz\u00fcl \u00e9s felhelyez\u00e9sre ker\u00fcl. Ezeket a koron\u00e1kat \u00e1ltal\u00e1ban akkor alkalmazz\u00e1k, amikor a p\u00e1ciens v\u00e1lasztott fogp\u00f3tl\u00e1s\u00e1nak [&hellip;]","og_url":"https:\/\/flexdent.hu\/en\/fogaszatoknak\/ideiglenes-koronak-hidak-pmma\/","og_site_name":"Flex-Dent","article_publisher":"https:\/\/www.facebook.com\/flexdent.hu","article_modified_time":"2026-03-24T07:24:48+00:00","og_image":[{"width":1600,"height":1067,"url":"https:\/\/flexdent.hu\/wp-content\/uploads\/2023\/09\/Ideiglenes-Koronak-hidak-PMMA.jpeg","type":"image\/jpeg"}],"twitter_card":"summary_large_image","twitter_misc":{"Estimated reading time":"1 minute"},"schema":{"@context":"https:\/\/schema.org","@graph":[{"@type":"WebPage","@id":"https:\/\/flexdent.hu\/fogaszatoknak\/ideiglenes-koronak-hidak-pmma\/","url":"https:\/\/flexdent.hu\/fogaszatoknak\/ideiglenes-koronak-hidak-pmma\/","name":"Ideiglenes Koron\u00e1k\/Hidak PMMA - Flex-Dent","isPartOf":{"@id":"https:\/\/flexdent.hu\/#website"},"primaryImageOfPage":{"@id":"https:\/\/flexdent.hu\/fogaszatoknak\/ideiglenes-koronak-hidak-pmma\/#primaryimage"},"image":{"@id":"https:\/\/flexdent.hu\/fogaszatoknak\/ideiglenes-koronak-hidak-pmma\/#primaryimage"},"thumbnailUrl":"https:\/\/flexdent.hu\/wp-content\/uploads\/2023\/09\/Ideiglenes-Koronak-hidak-PMMA.jpeg","datePublished":"2023-09-01T10:00:42+00:00","dateModified":"2026-03-24T07:24:48+00:00","breadcrumb":{"@id":"https:\/\/flexdent.hu\/fogaszatoknak\/ideiglenes-koronak-hidak-pmma\/#breadcrumb"},"inLanguage":"en-GB","potentialAction":[{"@type":"ReadAction","target":["https:\/\/flexdent.hu\/fogaszatoknak\/ideiglenes-koronak-hidak-pmma\/"]}]},{"@type":"ImageObject","inLanguage":"en-GB","@id":"https:\/\/flexdent.hu\/fogaszatoknak\/ideiglenes-koronak-hidak-pmma\/#primaryimage","url":"https:\/\/flexdent.hu\/wp-content\/uploads\/2023\/09\/Ideiglenes-Koronak-hidak-PMMA.jpeg","contentUrl":"https:\/\/flexdent.hu\/wp-content\/uploads\/2023\/09\/Ideiglenes-Koronak-hidak-PMMA.jpeg"},{"@type":"BreadcrumbList","@id":"https:\/\/flexdent.hu\/fogaszatoknak\/ideiglenes-koronak-hidak-pmma\/#breadcrumb","itemListElement":[{"@type":"ListItem","position":1,"name":"Home","item":"https:\/\/flexdent.hu\/"},{"@type":"ListItem","position":2,"name":"Fog\u00e1szatoknak","item":"https:\/\/flexdent.hu\/fogaszatoknak\/"},{"@type":"ListItem","position":3,"name":"Ideiglenes Koron\u00e1k\/Hidak PMMA"}]},{"@type":"WebSite","@id":"https:\/\/flexdent.hu\/#website","url":"https:\/\/flexdent.hu\/","name":"Flex-Dent","description":"CAD-CAM Fr\u00e9zcentrum - Mosonmagyar\u00f3v\u00e1r","potentialAction":[{"@type":"SearchAction","target":{"@type":"EntryPoint","urlTemplate":"https:\/\/flexdent.hu\/?s={search_term_string}"},"query-input":{"@type":"PropertyValueSpecification","valueRequired":true,"valueName":"search_term_string"}}],"inLanguage":"en-GB"}]}},"_links":{"self":[{"href":"https:\/\/flexdent.hu\/en\/wp-json\/wp\/v2\/pages\/475","targetHints":{"allow":["GET"]}}],"collection":[{"href":"https:\/\/flexdent.hu\/en\/wp-json\/wp\/v2\/pages"}],"about":[{"href":"https:\/\/flexdent.hu\/en\/wp-json\/wp\/v2\/types\/page"}],"author":[{"embeddable":true,"href":"https:\/\/flexdent.hu\/en\/wp-json\/wp\/v2\/users\/4"}],"replies":[{"embeddable":true,"href":"https:\/\/flexdent.hu\/en\/wp-json\/wp\/v2\/comments?post=475"}],"version-history":[{"count":17,"href":"https:\/\/flexdent.hu\/en\/wp-json\/wp\/v2\/pages\/475\/revisions"}],"predecessor-version":[{"id":2638,"href":"https:\/\/flexdent.hu\/en\/wp-json\/wp\/v2\/pages\/475\/revisions\/2638"}],"up":[{"embeddable":true,"href":"https:\/\/flexdent.hu\/en\/wp-json\/wp\/v2\/pages\/61"}],"wp:attachment":[{"href":"https:\/\/flexdent.hu\/en\/wp-json\/wp\/v2\/media?parent=475"}],"curies":[{"name":"wp","href":"https:\/\/api.w.org\/{rel}","templated":true}]}}