



{"id":455,"date":"2023-09-01T09:02:04","date_gmt":"2023-09-01T09:02:04","guid":{"rendered":"https:\/\/flexdent.hu\/?page_id=455"},"modified":"2026-03-23T19:09:51","modified_gmt":"2026-03-23T18:09:51","slug":"all-on-4-all-on-6-konstrukciok","status":"publish","type":"page","link":"https:\/\/flexdent.hu\/en\/fogaszatoknak\/all-on-4-all-on-6-konstrukciok\/","title":{"rendered":"All on 4 \/ All on 6 constructions"},"content":{"rendered":"<div data-elementor-type=\"wp-post\" data-elementor-id=\"455\" class=\"elementor elementor-455\" data-elementor-post-type=\"page\">\n\t\t\t\t<div class=\"elementor-element elementor-element-13f81ff e-flex e-con-boxed e-con e-parent\" data-id=\"13f81ff\" data-element_type=\"container\" data-e-type=\"container\" data-settings=\"{&quot;background_background&quot;:&quot;classic&quot;}\">\n\t\t\t\t\t<div class=\"e-con-inner\">\n\t\t<div class=\"elementor-element elementor-element-642c35b e-con-full e-flex e-con e-child\" data-id=\"642c35b\" data-element_type=\"container\" data-e-type=\"container\">\n\t\t\t\t<div class=\"elementor-element elementor-element-3654ac8 elementor-widget elementor-widget-heading\" data-id=\"3654ac8\" data-element_type=\"widget\" data-e-type=\"widget\" data-widget_type=\"heading.default\">\n\t\t\t\t<div class=\"elementor-widget-container\">\n\t\t\t\t\t<div class=\"elementor-heading-title elementor-size-default\"><a href=\"https:\/\/flexdent.hu\/en\/fogaszatoknak\/\">For Dentists<\/a><\/div>\t\t\t\t<\/div>\n\t\t\t\t<\/div>\n\t\t\t\t<div class=\"elementor-element elementor-element-e4db4b6 elementor-widget elementor-widget-heading\" data-id=\"e4db4b6\" data-element_type=\"widget\" data-e-type=\"widget\" data-widget_type=\"heading.default\">\n\t\t\t\t<div class=\"elementor-widget-container\">\n\t\t\t\t\t<h1 class=\"elementor-heading-title elementor-size-default\">All on 4 \/ All on 6 constructions<\/h1>\t\t\t\t<\/div>\n\t\t\t\t<\/div>\n\t\t\t\t<\/div>\n\t\t\t\t\t<\/div>\n\t\t\t\t<\/div>\n\t\t<div class=\"elementor-element elementor-element-29d87fa e-flex e-con-boxed e-con e-parent\" data-id=\"29d87fa\" data-element_type=\"container\" data-e-type=\"container\">\n\t\t\t\t\t<div class=\"e-con-inner\">\n\t\t<div class=\"elementor-element elementor-element-0c1d82b e-con-full e-flex e-con e-child\" data-id=\"0c1d82b\" data-element_type=\"container\" data-e-type=\"container\">\n\t\t\t\t<div class=\"elementor-element elementor-element-7e63e0b elementor-widget elementor-widget-text-editor\" data-id=\"7e63e0b\" data-element_type=\"widget\" data-e-type=\"widget\" data-widget_type=\"text-editor.default\">\n\t\t\t\t<div class=\"elementor-widget-container\">\n\t\t\t\t\t\t\t\t\t<p>\"All-on-4\" is a special tooth replacement procedure for patients with tooth loss. This method allows the replacement of all teeth with only four or six implants in the lower and\/or upper jaw. These implants form a base on which the denture is fixed.<\/p>\n<p>The position and arrangement of the implants are optimised to provide maximum stability and support for the denture. This method offers advantages such as faster healing times and fewer invasive procedures thanks to the minimised number of implants.<\/p> \n<p>The \"All-on-4\", \"All-on-6\" prosthesis allows patients to regain full chewing function and an aesthetic smile even after severe tooth loss.<\/p>\t\t\t\t\t\t\t\t<\/div>\n\t\t\t\t<\/div>\n\t\t\t\t<\/div>\n\t\t<div class=\"elementor-element elementor-element-fa748f1 e-con-full e-flex e-con e-child\" data-id=\"fa748f1\" data-element_type=\"container\" data-e-type=\"container\">\n\t\t\t\t<div class=\"elementor-element elementor-element-49a9439 elementor-widget elementor-widget-image\" data-id=\"49a9439\" data-element_type=\"widget\" data-e-type=\"widget\" data-widget_type=\"image.default\">\n\t\t\t\t<div class=\"elementor-widget-container\">\n\t\t\t\t\t\t\t\t\t\t\t\t\t\t\t\t<a href=\"https:\/\/flexdent.hu\/wp-content\/uploads\/2026\/03\/14c.-all-on-4-robb-scaled.jpg\" data-elementor-open-lightbox=\"yes\" data-elementor-lightbox-title=\"Stacked from 5 images. Method=C (S=1)\" data-e-action-hash=\"#elementor-action%3Aaction%3Dlightbox%26settings%3DeyJpZCI6MjU3MSwidXJsIjoiaHR0cHM6XC9cL2ZsZXhkZW50Lmh1XC93cC1jb250ZW50XC91cGxvYWRzXC8yMDI2XC8wM1wvMTRjLi1hbGwtb24tNC1yb2JiLXNjYWxlZC5qcGcifQ%3D%3D\">\n\t\t\t\t\t\t\t<img fetchpriority=\"high\" decoding=\"async\" width=\"2560\" height=\"2560\" src=\"https:\/\/flexdent.hu\/wp-content\/uploads\/2026\/03\/14c.-all-on-4-robb-scaled.jpg\" class=\"attachment-full size-full wp-image-2571\" alt=\"\" srcset=\"https:\/\/flexdent.hu\/wp-content\/uploads\/2026\/03\/14c.-all-on-4-robb-scaled.jpg 2560w, https:\/\/flexdent.hu\/wp-content\/uploads\/2026\/03\/14c.-all-on-4-robb-300x300.jpg 300w, https:\/\/flexdent.hu\/wp-content\/uploads\/2026\/03\/14c.-all-on-4-robb-1024x1024.jpg 1024w, https:\/\/flexdent.hu\/wp-content\/uploads\/2026\/03\/14c.-all-on-4-robb-150x150.jpg 150w, https:\/\/flexdent.hu\/wp-content\/uploads\/2026\/03\/14c.-all-on-4-robb-768x768.jpg 768w, https:\/\/flexdent.hu\/wp-content\/uploads\/2026\/03\/14c.-all-on-4-robb-1536x1536.jpg 1536w, https:\/\/flexdent.hu\/wp-content\/uploads\/2026\/03\/14c.-all-on-4-robb-2048x2048.jpg 2048w, https:\/\/flexdent.hu\/wp-content\/uploads\/2026\/03\/14c.-all-on-4-robb-12x12.jpg 12w\" sizes=\"(max-width: 2560px) 100vw, 2560px\" \/>\t\t\t\t\t\t\t\t<\/a>\n\t\t\t\t\t\t\t\t\t\t\t\t\t\t\t<\/div>\n\t\t\t\t<\/div>\n\t\t\t\t<\/div>\n\t\t\t\t\t<\/div>\n\t\t\t\t<\/div>\n\t\t<div class=\"elementor-element elementor-element-386c294 e-grid e-con-boxed e-con e-parent\" data-id=\"386c294\" data-element_type=\"container\" data-e-type=\"container\">\n\t\t\t\t\t<div class=\"e-con-inner\">\n\t\t\t\t<div class=\"elementor-element elementor-element-a034051 elementor-widget elementor-widget-image\" data-id=\"a034051\" data-element_type=\"widget\" data-e-type=\"widget\" data-widget_type=\"image.default\">\n\t\t\t\t<div class=\"elementor-widget-container\">\n\t\t\t\t\t\t\t\t\t\t\t\t\t\t\t\t<a href=\"https:\/\/flexdent.hu\/wp-content\/uploads\/2026\/03\/14b.-all-on-4-csop-scaled.jpg\" data-elementor-open-lightbox=\"yes\" data-elementor-lightbox-title=\"Stacked from 6 images. Method=C (S=1)\" data-e-action-hash=\"#elementor-action%3Aaction%3Dlightbox%26settings%3DeyJpZCI6MjU3MywidXJsIjoiaHR0cHM6XC9cL2ZsZXhkZW50Lmh1XC93cC1jb250ZW50XC91cGxvYWRzXC8yMDI2XC8wM1wvMTRiLi1hbGwtb24tNC1jc29wLXNjYWxlZC5qcGcifQ%3D%3D\">\n\t\t\t\t\t\t\t<img decoding=\"async\" width=\"800\" height=\"800\" src=\"https:\/\/flexdent.hu\/wp-content\/uploads\/2026\/03\/14b.-all-on-4-csop-1024x1024.jpg\" class=\"attachment-large size-large wp-image-2573\" alt=\"\" srcset=\"https:\/\/flexdent.hu\/wp-content\/uploads\/2026\/03\/14b.-all-on-4-csop-1024x1024.jpg 1024w, https:\/\/flexdent.hu\/wp-content\/uploads\/2026\/03\/14b.-all-on-4-csop-300x300.jpg 300w, https:\/\/flexdent.hu\/wp-content\/uploads\/2026\/03\/14b.-all-on-4-csop-150x150.jpg 150w, https:\/\/flexdent.hu\/wp-content\/uploads\/2026\/03\/14b.-all-on-4-csop-768x768.jpg 768w, https:\/\/flexdent.hu\/wp-content\/uploads\/2026\/03\/14b.-all-on-4-csop-1536x1536.jpg 1536w, https:\/\/flexdent.hu\/wp-content\/uploads\/2026\/03\/14b.-all-on-4-csop-2048x2048.jpg 2048w, https:\/\/flexdent.hu\/wp-content\/uploads\/2026\/03\/14b.-all-on-4-csop-12x12.jpg 12w\" sizes=\"(max-width: 800px) 100vw, 800px\" \/>\t\t\t\t\t\t\t\t<\/a>\n\t\t\t\t\t\t\t\t\t\t\t\t\t\t\t<\/div>\n\t\t\t\t<\/div>\n\t\t\t\t<div class=\"elementor-element elementor-element-3d06b60 elementor-widget elementor-widget-image\" data-id=\"3d06b60\" data-element_type=\"widget\" data-e-type=\"widget\" data-widget_type=\"image.default\">\n\t\t\t\t<div class=\"elementor-widget-container\">\n\t\t\t\t\t\t\t\t\t\t\t\t\t\t\t\t<a href=\"https:\/\/flexdent.hu\/wp-content\/uploads\/2026\/03\/14a.-all-on-4-classic-scaled.jpg\" data-elementor-open-lightbox=\"yes\" data-elementor-lightbox-title=\"Stacked from 4 images. Method=C (S=1)\" data-e-action-hash=\"#elementor-action%3Aaction%3Dlightbox%26settings%3DeyJpZCI6MjU3NCwidXJsIjoiaHR0cHM6XC9cL2ZsZXhkZW50Lmh1XC93cC1jb250ZW50XC91cGxvYWRzXC8yMDI2XC8wM1wvMTRhLi1hbGwtb24tNC1jbGFzc2ljLXNjYWxlZC5qcGcifQ%3D%3D\">\n\t\t\t\t\t\t\t<img decoding=\"async\" width=\"800\" height=\"800\" src=\"https:\/\/flexdent.hu\/wp-content\/uploads\/2026\/03\/14a.-all-on-4-classic-1024x1024.jpg\" class=\"attachment-large size-large wp-image-2574\" alt=\"\" srcset=\"https:\/\/flexdent.hu\/wp-content\/uploads\/2026\/03\/14a.-all-on-4-classic-1024x1024.jpg 1024w, https:\/\/flexdent.hu\/wp-content\/uploads\/2026\/03\/14a.-all-on-4-classic-300x300.jpg 300w, https:\/\/flexdent.hu\/wp-content\/uploads\/2026\/03\/14a.-all-on-4-classic-150x150.jpg 150w, https:\/\/flexdent.hu\/wp-content\/uploads\/2026\/03\/14a.-all-on-4-classic-768x768.jpg 768w, https:\/\/flexdent.hu\/wp-content\/uploads\/2026\/03\/14a.-all-on-4-classic-1536x1536.jpg 1536w, https:\/\/flexdent.hu\/wp-content\/uploads\/2026\/03\/14a.-all-on-4-classic-2048x2048.jpg 2048w, https:\/\/flexdent.hu\/wp-content\/uploads\/2026\/03\/14a.-all-on-4-classic-12x12.jpg 12w\" sizes=\"(max-width: 800px) 100vw, 800px\" \/>\t\t\t\t\t\t\t\t<\/a>\n\t\t\t\t\t\t\t\t\t\t\t\t\t\t\t<\/div>\n\t\t\t\t<\/div>\n\t\t\t\t\t<\/div>\n\t\t\t\t<\/div>\n\t\t\t\t<\/div>","protected":false},"excerpt":{"rendered":"<p>Fog\u00e1szat Az &#8222;All-on-4&#8221; fogp\u00f3tl\u00e1s egy speci\u00e1lis fogp\u00f3tl\u00e1si elj\u00e1r\u00e1s, amely a foghi\u00e1nyos p\u00e1ciensek sz\u00e1m\u00e1ra k\u00e9sz\u00fcl. Ez a m\u00f3dszer lehet\u0151v\u00e9 teszi az \u00f6sszes fog p\u00f3tl\u00e1s\u00e1t mind\u00f6ssze n\u00e9gy, illetve hat implant\u00e1tum seg\u00edts\u00e9g\u00e9vel az als\u00f3 \u00e9s\/vagy fels\u0151 \u00e1llkapocsban. Ezek az implant\u00e1tumok olyan alapokat k\u00e9peznek, amelyekre a fogsort r\u00f6gz\u00edtik. Az implant\u00e1tumok helyzete \u00e9s elrendez\u00e9se optimaliz\u00e1lva van, hogy maxim\u00e1lis stabilit\u00e1st \u00e9s [&hellip;]<\/p>\n","protected":false},"author":4,"featured_media":0,"parent":61,"menu_order":9,"comment_status":"closed","ping_status":"closed","template":"","meta":{"footnotes":""},"class_list":["post-455","page","type-page","status-publish","hentry"],"yoast_head":"<!-- This site is optimized with the Yoast SEO plugin v27.2 - https:\/\/yoast.com\/product\/yoast-seo-wordpress\/ -->\n<title>All on 4 \/ All on 6 Konstrukci\u00f3k - Flex-Dent<\/title>\n<meta name=\"robots\" content=\"index, follow, max-snippet:-1, max-image-preview:large, max-video-preview:-1\" \/>\n<link rel=\"canonical\" href=\"https:\/\/flexdent.hu\/en\/fogaszatoknak\/all-on-4-all-on-6-konstrukciok\/\" \/>\n<meta property=\"og:locale\" content=\"en_GB\" \/>\n<meta property=\"og:type\" content=\"article\" \/>\n<meta property=\"og:title\" content=\"All on 4 \/ All on 6 Konstrukci\u00f3k - Flex-Dent\" \/>\n<meta property=\"og:description\" content=\"Fog\u00e1szat Az &#8222;All-on-4&#8221; fogp\u00f3tl\u00e1s egy speci\u00e1lis fogp\u00f3tl\u00e1si elj\u00e1r\u00e1s, amely a foghi\u00e1nyos p\u00e1ciensek sz\u00e1m\u00e1ra k\u00e9sz\u00fcl. Ez a m\u00f3dszer lehet\u0151v\u00e9 teszi az \u00f6sszes fog p\u00f3tl\u00e1s\u00e1t mind\u00f6ssze n\u00e9gy, illetve hat implant\u00e1tum seg\u00edts\u00e9g\u00e9vel az als\u00f3 \u00e9s\/vagy fels\u0151 \u00e1llkapocsban. Ezek az implant\u00e1tumok olyan alapokat k\u00e9peznek, amelyekre a fogsort r\u00f6gz\u00edtik. Az implant\u00e1tumok helyzete \u00e9s elrendez\u00e9se optimaliz\u00e1lva van, hogy maxim\u00e1lis stabilit\u00e1st \u00e9s [&hellip;]\" \/>\n<meta property=\"og:url\" content=\"https:\/\/flexdent.hu\/en\/fogaszatoknak\/all-on-4-all-on-6-konstrukciok\/\" \/>\n<meta property=\"og:site_name\" content=\"Flex-Dent\" \/>\n<meta property=\"article:publisher\" content=\"https:\/\/www.facebook.com\/flexdent.hu\" \/>\n<meta property=\"article:modified_time\" content=\"2026-03-23T18:09:51+00:00\" \/>\n<meta property=\"og:image\" content=\"https:\/\/flexdent.hu\/wp-content\/uploads\/2026\/03\/14c.-all-on-4-robb-scaled.jpg\" \/>\n\t<meta property=\"og:image:width\" content=\"2560\" \/>\n\t<meta property=\"og:image:height\" content=\"2560\" \/>\n\t<meta property=\"og:image:type\" content=\"image\/jpeg\" \/>\n<meta name=\"twitter:card\" content=\"summary_large_image\" \/>\n<meta name=\"twitter:label1\" content=\"Estimated reading time\" \/>\n\t<meta name=\"twitter:data1\" content=\"2 minutes\" \/>\n<script type=\"application\/ld+json\" class=\"yoast-schema-graph\">{\"@context\":\"https:\/\/schema.org\",\"@graph\":[{\"@type\":\"WebPage\",\"@id\":\"https:\/\/flexdent.hu\/fogaszatoknak\/all-on-4-all-on-6-konstrukciok\/\",\"url\":\"https:\/\/flexdent.hu\/fogaszatoknak\/all-on-4-all-on-6-konstrukciok\/\",\"name\":\"All on 4 \/ All on 6 Konstrukci\u00f3k - Flex-Dent\",\"isPartOf\":{\"@id\":\"https:\/\/flexdent.hu\/#website\"},\"primaryImageOfPage\":{\"@id\":\"https:\/\/flexdent.hu\/fogaszatoknak\/all-on-4-all-on-6-konstrukciok\/#primaryimage\"},\"image\":{\"@id\":\"https:\/\/flexdent.hu\/fogaszatoknak\/all-on-4-all-on-6-konstrukciok\/#primaryimage\"},\"thumbnailUrl\":\"https:\/\/flexdent.hu\/wp-content\/uploads\/2026\/03\/14c.-all-on-4-robb-scaled.jpg\",\"datePublished\":\"2023-09-01T09:02:04+00:00\",\"dateModified\":\"2026-03-23T18:09:51+00:00\",\"breadcrumb\":{\"@id\":\"https:\/\/flexdent.hu\/fogaszatoknak\/all-on-4-all-on-6-konstrukciok\/#breadcrumb\"},\"inLanguage\":\"en-GB\",\"potentialAction\":[{\"@type\":\"ReadAction\",\"target\":[\"https:\/\/flexdent.hu\/fogaszatoknak\/all-on-4-all-on-6-konstrukciok\/\"]}]},{\"@type\":\"ImageObject\",\"inLanguage\":\"en-GB\",\"@id\":\"https:\/\/flexdent.hu\/fogaszatoknak\/all-on-4-all-on-6-konstrukciok\/#primaryimage\",\"url\":\"https:\/\/flexdent.hu\/wp-content\/uploads\/2026\/03\/14c.-all-on-4-robb-scaled.jpg\",\"contentUrl\":\"https:\/\/flexdent.hu\/wp-content\/uploads\/2026\/03\/14c.-all-on-4-robb-scaled.jpg\"},{\"@type\":\"BreadcrumbList\",\"@id\":\"https:\/\/flexdent.hu\/fogaszatoknak\/all-on-4-all-on-6-konstrukciok\/#breadcrumb\",\"itemListElement\":[{\"@type\":\"ListItem\",\"position\":1,\"name\":\"Home\",\"item\":\"https:\/\/flexdent.hu\/\"},{\"@type\":\"ListItem\",\"position\":2,\"name\":\"Fog\u00e1szatoknak\",\"item\":\"https:\/\/flexdent.hu\/fogaszatoknak\/\"},{\"@type\":\"ListItem\",\"position\":3,\"name\":\"All on 4 \/ All on 6 Konstrukci\u00f3k\"}]},{\"@type\":\"WebSite\",\"@id\":\"https:\/\/flexdent.hu\/#website\",\"url\":\"https:\/\/flexdent.hu\/\",\"name\":\"Flex-Dent\",\"description\":\"CAD-CAM Fr\u00e9zcentrum - Mosonmagyar\u00f3v\u00e1r\",\"potentialAction\":[{\"@type\":\"SearchAction\",\"target\":{\"@type\":\"EntryPoint\",\"urlTemplate\":\"https:\/\/flexdent.hu\/?s={search_term_string}\"},\"query-input\":{\"@type\":\"PropertyValueSpecification\",\"valueRequired\":true,\"valueName\":\"search_term_string\"}}],\"inLanguage\":\"en-GB\"}]}<\/script>\n<!-- \/ Yoast SEO plugin. -->","yoast_head_json":{"title":"All on 4 \/ All on 6 Konstrukci\u00f3k - Flex-Dent","robots":{"index":"index","follow":"follow","max-snippet":"max-snippet:-1","max-image-preview":"max-image-preview:large","max-video-preview":"max-video-preview:-1"},"canonical":"https:\/\/flexdent.hu\/en\/fogaszatoknak\/all-on-4-all-on-6-konstrukciok\/","og_locale":"en_GB","og_type":"article","og_title":"All on 4 \/ All on 6 Konstrukci\u00f3k - Flex-Dent","og_description":"Fog\u00e1szat Az &#8222;All-on-4&#8221; fogp\u00f3tl\u00e1s egy speci\u00e1lis fogp\u00f3tl\u00e1si elj\u00e1r\u00e1s, amely a foghi\u00e1nyos p\u00e1ciensek sz\u00e1m\u00e1ra k\u00e9sz\u00fcl. Ez a m\u00f3dszer lehet\u0151v\u00e9 teszi az \u00f6sszes fog p\u00f3tl\u00e1s\u00e1t mind\u00f6ssze n\u00e9gy, illetve hat implant\u00e1tum seg\u00edts\u00e9g\u00e9vel az als\u00f3 \u00e9s\/vagy fels\u0151 \u00e1llkapocsban. Ezek az implant\u00e1tumok olyan alapokat k\u00e9peznek, amelyekre a fogsort r\u00f6gz\u00edtik. Az implant\u00e1tumok helyzete \u00e9s elrendez\u00e9se optimaliz\u00e1lva van, hogy maxim\u00e1lis stabilit\u00e1st \u00e9s [&hellip;]","og_url":"https:\/\/flexdent.hu\/en\/fogaszatoknak\/all-on-4-all-on-6-konstrukciok\/","og_site_name":"Flex-Dent","article_publisher":"https:\/\/www.facebook.com\/flexdent.hu","article_modified_time":"2026-03-23T18:09:51+00:00","og_image":[{"width":2560,"height":2560,"url":"https:\/\/flexdent.hu\/wp-content\/uploads\/2026\/03\/14c.-all-on-4-robb-scaled.jpg","type":"image\/jpeg"}],"twitter_card":"summary_large_image","twitter_misc":{"Estimated reading time":"2 minutes"},"schema":{"@context":"https:\/\/schema.org","@graph":[{"@type":"WebPage","@id":"https:\/\/flexdent.hu\/fogaszatoknak\/all-on-4-all-on-6-konstrukciok\/","url":"https:\/\/flexdent.hu\/fogaszatoknak\/all-on-4-all-on-6-konstrukciok\/","name":"All on 4 \/ All on 6 Konstrukci\u00f3k - Flex-Dent","isPartOf":{"@id":"https:\/\/flexdent.hu\/#website"},"primaryImageOfPage":{"@id":"https:\/\/flexdent.hu\/fogaszatoknak\/all-on-4-all-on-6-konstrukciok\/#primaryimage"},"image":{"@id":"https:\/\/flexdent.hu\/fogaszatoknak\/all-on-4-all-on-6-konstrukciok\/#primaryimage"},"thumbnailUrl":"https:\/\/flexdent.hu\/wp-content\/uploads\/2026\/03\/14c.-all-on-4-robb-scaled.jpg","datePublished":"2023-09-01T09:02:04+00:00","dateModified":"2026-03-23T18:09:51+00:00","breadcrumb":{"@id":"https:\/\/flexdent.hu\/fogaszatoknak\/all-on-4-all-on-6-konstrukciok\/#breadcrumb"},"inLanguage":"en-GB","potentialAction":[{"@type":"ReadAction","target":["https:\/\/flexdent.hu\/fogaszatoknak\/all-on-4-all-on-6-konstrukciok\/"]}]},{"@type":"ImageObject","inLanguage":"en-GB","@id":"https:\/\/flexdent.hu\/fogaszatoknak\/all-on-4-all-on-6-konstrukciok\/#primaryimage","url":"https:\/\/flexdent.hu\/wp-content\/uploads\/2026\/03\/14c.-all-on-4-robb-scaled.jpg","contentUrl":"https:\/\/flexdent.hu\/wp-content\/uploads\/2026\/03\/14c.-all-on-4-robb-scaled.jpg"},{"@type":"BreadcrumbList","@id":"https:\/\/flexdent.hu\/fogaszatoknak\/all-on-4-all-on-6-konstrukciok\/#breadcrumb","itemListElement":[{"@type":"ListItem","position":1,"name":"Home","item":"https:\/\/flexdent.hu\/"},{"@type":"ListItem","position":2,"name":"Fog\u00e1szatoknak","item":"https:\/\/flexdent.hu\/fogaszatoknak\/"},{"@type":"ListItem","position":3,"name":"All on 4 \/ All on 6 Konstrukci\u00f3k"}]},{"@type":"WebSite","@id":"https:\/\/flexdent.hu\/#website","url":"https:\/\/flexdent.hu\/","name":"Flex-Dent","description":"CAD-CAM Fr\u00e9zcentrum - Mosonmagyar\u00f3v\u00e1r","potentialAction":[{"@type":"SearchAction","target":{"@type":"EntryPoint","urlTemplate":"https:\/\/flexdent.hu\/?s={search_term_string}"},"query-input":{"@type":"PropertyValueSpecification","valueRequired":true,"valueName":"search_term_string"}}],"inLanguage":"en-GB"}]}},"_links":{"self":[{"href":"https:\/\/flexdent.hu\/en\/wp-json\/wp\/v2\/pages\/455","targetHints":{"allow":["GET"]}}],"collection":[{"href":"https:\/\/flexdent.hu\/en\/wp-json\/wp\/v2\/pages"}],"about":[{"href":"https:\/\/flexdent.hu\/en\/wp-json\/wp\/v2\/types\/page"}],"author":[{"embeddable":true,"href":"https:\/\/flexdent.hu\/en\/wp-json\/wp\/v2\/users\/4"}],"replies":[{"embeddable":true,"href":"https:\/\/flexdent.hu\/en\/wp-json\/wp\/v2\/comments?post=455"}],"version-history":[{"count":14,"href":"https:\/\/flexdent.hu\/en\/wp-json\/wp\/v2\/pages\/455\/revisions"}],"predecessor-version":[{"id":2580,"href":"https:\/\/flexdent.hu\/en\/wp-json\/wp\/v2\/pages\/455\/revisions\/2580"}],"up":[{"embeddable":true,"href":"https:\/\/flexdent.hu\/en\/wp-json\/wp\/v2\/pages\/61"}],"wp:attachment":[{"href":"https:\/\/flexdent.hu\/en\/wp-json\/wp\/v2\/media?parent=455"}],"curies":[{"name":"wp","href":"https:\/\/api.w.org\/{rel}","templated":true}]}}