



{"id":448,"date":"2023-09-01T08:59:32","date_gmt":"2023-09-01T08:59:32","guid":{"rendered":"https:\/\/flexdent.hu\/?page_id=448"},"modified":"2023-09-01T09:00:12","modified_gmt":"2023-09-01T09:00:12","slug":"fem-keramia-koronak-hidak","status":"publish","type":"page","link":"https:\/\/flexdent.hu\/en\/fogaszatoknak\/fem-keramia-koronak-hidak\/","title":{"rendered":"metal ceramic crowns\/bridges"},"content":{"rendered":"<div data-elementor-type=\"wp-post\" data-elementor-id=\"448\" class=\"elementor elementor-448\" data-elementor-post-type=\"page\">\n\t\t\t\t<div class=\"elementor-element elementor-element-34b41d2 e-flex e-con-boxed e-con e-parent\" data-id=\"34b41d2\" data-element_type=\"container\" data-e-type=\"container\" data-settings=\"{&quot;background_background&quot;:&quot;classic&quot;}\">\n\t\t\t\t\t<div class=\"e-con-inner\">\n\t\t<div class=\"elementor-element elementor-element-bde3568 e-con-full e-flex e-con e-child\" data-id=\"bde3568\" data-element_type=\"container\" data-e-type=\"container\">\n\t\t\t\t<div class=\"elementor-element elementor-element-5d542fa elementor-widget elementor-widget-heading\" data-id=\"5d542fa\" data-element_type=\"widget\" data-e-type=\"widget\" data-widget_type=\"heading.default\">\n\t\t\t\t<div class=\"elementor-widget-container\">\n\t\t\t\t\t<div class=\"elementor-heading-title elementor-size-default\"><a href=\"https:\/\/flexdent.hu\/en\/fogaszatoknak\/\">For Dentists<\/a><\/div>\t\t\t\t<\/div>\n\t\t\t\t<\/div>\n\t\t\t\t<div class=\"elementor-element elementor-element-3b3dcdb elementor-widget elementor-widget-heading\" data-id=\"3b3dcdb\" data-element_type=\"widget\" data-e-type=\"widget\" data-widget_type=\"heading.default\">\n\t\t\t\t<div class=\"elementor-widget-container\">\n\t\t\t\t\t<h1 class=\"elementor-heading-title elementor-size-default\">metal ceramic crowns\/bridges<\/h1>\t\t\t\t<\/div>\n\t\t\t\t<\/div>\n\t\t\t\t<\/div>\n\t\t\t\t\t<\/div>\n\t\t\t\t<\/div>\n\t\t<div class=\"elementor-element elementor-element-8d7abb4 e-flex e-con-boxed e-con e-parent\" data-id=\"8d7abb4\" data-element_type=\"container\" data-e-type=\"container\">\n\t\t\t\t\t<div class=\"e-con-inner\">\n\t\t<div class=\"elementor-element elementor-element-18b4628 e-con-full e-flex e-con e-child\" data-id=\"18b4628\" data-element_type=\"container\" data-e-type=\"container\">\n\t\t\t\t<div class=\"elementor-element elementor-element-e96ddef elementor-widget elementor-widget-text-editor\" data-id=\"e96ddef\" data-element_type=\"widget\" data-e-type=\"widget\" data-widget_type=\"text-editor.default\">\n\t\t\t\t<div class=\"elementor-widget-container\">\n\t\t\t\t\t\t\t\t\tA metal-ceramic crown is a dental restoration that has a ceramic veneer fired onto a metal frame. This type of crown can provide a durable and aesthetic solution to tooth loss or damage.\t\t\t\t\t\t\t\t<\/div>\n\t\t\t\t<\/div>\n\t\t\t\t<\/div>\n\t\t<div class=\"elementor-element elementor-element-074733e e-con-full e-flex e-con e-child\" data-id=\"074733e\" data-element_type=\"container\" data-e-type=\"container\">\n\t\t\t\t<div class=\"elementor-element elementor-element-85b006d elementor-widget elementor-widget-image\" data-id=\"85b006d\" data-element_type=\"widget\" data-e-type=\"widget\" data-widget_type=\"image.default\">\n\t\t\t\t<div class=\"elementor-widget-container\">\n\t\t\t\t\t\t\t\t\t\t\t\t\t\t\t\t<a href=\"https:\/\/flexdent.hu\/wp-content\/uploads\/2023\/09\/Fem-keramia-koronak-hidak.jpeg\" data-elementor-open-lightbox=\"yes\" data-elementor-lightbox-title=\"F\u00e9m-ker\u00e1mia koron\u00e1k-hidak\" data-e-action-hash=\"#elementor-action%3Aaction%3Dlightbox%26settings%3DeyJpZCI6NDUxLCJ1cmwiOiJodHRwczpcL1wvZmxleGRlbnQuaHVcL3dwLWNvbnRlbnRcL3VwbG9hZHNcLzIwMjNcLzA5XC9GZW0ta2VyYW1pYS1rb3JvbmFrLWhpZGFrLmpwZWcifQ%3D%3D\">\n\t\t\t\t\t\t\t<img fetchpriority=\"high\" decoding=\"async\" width=\"1600\" height=\"1067\" src=\"https:\/\/flexdent.hu\/wp-content\/uploads\/2023\/09\/Fem-keramia-koronak-hidak.jpeg\" class=\"attachment-full size-full wp-image-451\" alt=\"\" srcset=\"https:\/\/flexdent.hu\/wp-content\/uploads\/2023\/09\/Fem-keramia-koronak-hidak.jpeg 1600w, https:\/\/flexdent.hu\/wp-content\/uploads\/2023\/09\/Fem-keramia-koronak-hidak-300x200.jpeg 300w, https:\/\/flexdent.hu\/wp-content\/uploads\/2023\/09\/Fem-keramia-koronak-hidak-1024x683.jpeg 1024w, https:\/\/flexdent.hu\/wp-content\/uploads\/2023\/09\/Fem-keramia-koronak-hidak-768x512.jpeg 768w, https:\/\/flexdent.hu\/wp-content\/uploads\/2023\/09\/Fem-keramia-koronak-hidak-1536x1024.jpeg 1536w\" sizes=\"(max-width: 1600px) 100vw, 1600px\" \/>\t\t\t\t\t\t\t\t<\/a>\n\t\t\t\t\t\t\t\t\t\t\t\t\t\t\t<\/div>\n\t\t\t\t<\/div>\n\t\t\t\t<\/div>\n\t\t\t\t\t<\/div>\n\t\t\t\t<\/div>\n\t\t\t\t<\/div>","protected":false},"excerpt":{"rendered":"<p>Fog\u00e1szat A f\u00e9m-ker\u00e1mia korona olyan fog\u00e1szati p\u00f3tl\u00e1s, amely f\u00e9mv\u00e1zra \u00e9getett ker\u00e1mia bor\u00edt\u00e1ssal rendelkezik. Ez a koronat\u00edpus tart\u00f3s \u00e9s eszt\u00e9tikus megold\u00e1st ny\u00fajthat foghi\u00e1ny vagy k\u00e1rosod\u00e1s eset\u00e9n.<\/p>","protected":false},"author":4,"featured_media":0,"parent":61,"menu_order":7,"comment_status":"closed","ping_status":"closed","template":"","meta":{"footnotes":""},"class_list":["post-448","page","type-page","status-publish","hentry"],"yoast_head":"<!-- This site is optimized with the Yoast SEO plugin v27.2 - https:\/\/yoast.com\/product\/yoast-seo-wordpress\/ -->\n<title>F\u00e9m-ker\u00e1mia koron\u00e1k\/hidak - Flex-Dent<\/title>\n<meta name=\"robots\" content=\"index, follow, max-snippet:-1, max-image-preview:large, max-video-preview:-1\" \/>\n<link rel=\"canonical\" href=\"https:\/\/flexdent.hu\/en\/fogaszatoknak\/fem-keramia-koronak-hidak\/\" \/>\n<meta property=\"og:locale\" content=\"en_GB\" \/>\n<meta property=\"og:type\" content=\"article\" \/>\n<meta property=\"og:title\" content=\"F\u00e9m-ker\u00e1mia koron\u00e1k\/hidak - Flex-Dent\" \/>\n<meta property=\"og:description\" content=\"Fog\u00e1szat A f\u00e9m-ker\u00e1mia korona olyan fog\u00e1szati p\u00f3tl\u00e1s, amely f\u00e9mv\u00e1zra \u00e9getett ker\u00e1mia bor\u00edt\u00e1ssal rendelkezik. Ez a koronat\u00edpus tart\u00f3s \u00e9s eszt\u00e9tikus megold\u00e1st ny\u00fajthat foghi\u00e1ny vagy k\u00e1rosod\u00e1s eset\u00e9n.\" \/>\n<meta property=\"og:url\" content=\"https:\/\/flexdent.hu\/en\/fogaszatoknak\/fem-keramia-koronak-hidak\/\" \/>\n<meta property=\"og:site_name\" content=\"Flex-Dent\" \/>\n<meta property=\"article:publisher\" content=\"https:\/\/www.facebook.com\/flexdent.hu\" \/>\n<meta property=\"article:modified_time\" content=\"2023-09-01T09:00:12+00:00\" \/>\n<meta property=\"og:image\" content=\"https:\/\/flexdent.hu\/wp-content\/uploads\/2023\/09\/Fem-keramia-koronak-hidak.jpeg\" \/>\n<meta name=\"twitter:card\" content=\"summary_large_image\" \/>\n<script type=\"application\/ld+json\" class=\"yoast-schema-graph\">{\"@context\":\"https:\/\/schema.org\",\"@graph\":[{\"@type\":\"WebPage\",\"@id\":\"https:\/\/flexdent.hu\/fogaszatoknak\/fem-keramia-koronak-hidak\/\",\"url\":\"https:\/\/flexdent.hu\/fogaszatoknak\/fem-keramia-koronak-hidak\/\",\"name\":\"F\u00e9m-ker\u00e1mia koron\u00e1k\/hidak - Flex-Dent\",\"isPartOf\":{\"@id\":\"https:\/\/flexdent.hu\/#website\"},\"primaryImageOfPage\":{\"@id\":\"https:\/\/flexdent.hu\/fogaszatoknak\/fem-keramia-koronak-hidak\/#primaryimage\"},\"image\":{\"@id\":\"https:\/\/flexdent.hu\/fogaszatoknak\/fem-keramia-koronak-hidak\/#primaryimage\"},\"thumbnailUrl\":\"https:\/\/flexdent.hu\/wp-content\/uploads\/2023\/09\/Fem-keramia-koronak-hidak.jpeg\",\"datePublished\":\"2023-09-01T08:59:32+00:00\",\"dateModified\":\"2023-09-01T09:00:12+00:00\",\"breadcrumb\":{\"@id\":\"https:\/\/flexdent.hu\/fogaszatoknak\/fem-keramia-koronak-hidak\/#breadcrumb\"},\"inLanguage\":\"en-GB\",\"potentialAction\":[{\"@type\":\"ReadAction\",\"target\":[\"https:\/\/flexdent.hu\/fogaszatoknak\/fem-keramia-koronak-hidak\/\"]}]},{\"@type\":\"ImageObject\",\"inLanguage\":\"en-GB\",\"@id\":\"https:\/\/flexdent.hu\/fogaszatoknak\/fem-keramia-koronak-hidak\/#primaryimage\",\"url\":\"https:\/\/flexdent.hu\/wp-content\/uploads\/2023\/09\/Fem-keramia-koronak-hidak.jpeg\",\"contentUrl\":\"https:\/\/flexdent.hu\/wp-content\/uploads\/2023\/09\/Fem-keramia-koronak-hidak.jpeg\"},{\"@type\":\"BreadcrumbList\",\"@id\":\"https:\/\/flexdent.hu\/fogaszatoknak\/fem-keramia-koronak-hidak\/#breadcrumb\",\"itemListElement\":[{\"@type\":\"ListItem\",\"position\":1,\"name\":\"Home\",\"item\":\"https:\/\/flexdent.hu\/\"},{\"@type\":\"ListItem\",\"position\":2,\"name\":\"Fog\u00e1szatoknak\",\"item\":\"https:\/\/flexdent.hu\/fogaszatoknak\/\"},{\"@type\":\"ListItem\",\"position\":3,\"name\":\"F\u00e9m-ker\u00e1mia koron\u00e1k\/hidak\"}]},{\"@type\":\"WebSite\",\"@id\":\"https:\/\/flexdent.hu\/#website\",\"url\":\"https:\/\/flexdent.hu\/\",\"name\":\"Flex-Dent\",\"description\":\"CAD-CAM Fr\u00e9zcentrum - Mosonmagyar\u00f3v\u00e1r\",\"potentialAction\":[{\"@type\":\"SearchAction\",\"target\":{\"@type\":\"EntryPoint\",\"urlTemplate\":\"https:\/\/flexdent.hu\/?s={search_term_string}\"},\"query-input\":{\"@type\":\"PropertyValueSpecification\",\"valueRequired\":true,\"valueName\":\"search_term_string\"}}],\"inLanguage\":\"en-GB\"}]}<\/script>\n<!-- \/ Yoast SEO plugin. -->","yoast_head_json":{"title":"F\u00e9m-ker\u00e1mia koron\u00e1k\/hidak - Flex-Dent","robots":{"index":"index","follow":"follow","max-snippet":"max-snippet:-1","max-image-preview":"max-image-preview:large","max-video-preview":"max-video-preview:-1"},"canonical":"https:\/\/flexdent.hu\/en\/fogaszatoknak\/fem-keramia-koronak-hidak\/","og_locale":"en_GB","og_type":"article","og_title":"F\u00e9m-ker\u00e1mia koron\u00e1k\/hidak - Flex-Dent","og_description":"Fog\u00e1szat A f\u00e9m-ker\u00e1mia korona olyan fog\u00e1szati p\u00f3tl\u00e1s, amely f\u00e9mv\u00e1zra \u00e9getett ker\u00e1mia bor\u00edt\u00e1ssal rendelkezik. Ez a koronat\u00edpus tart\u00f3s \u00e9s eszt\u00e9tikus megold\u00e1st ny\u00fajthat foghi\u00e1ny vagy k\u00e1rosod\u00e1s eset\u00e9n.","og_url":"https:\/\/flexdent.hu\/en\/fogaszatoknak\/fem-keramia-koronak-hidak\/","og_site_name":"Flex-Dent","article_publisher":"https:\/\/www.facebook.com\/flexdent.hu","article_modified_time":"2023-09-01T09:00:12+00:00","og_image":[{"url":"https:\/\/flexdent.hu\/wp-content\/uploads\/2023\/09\/Fem-keramia-koronak-hidak.jpeg","type":"","width":"","height":""}],"twitter_card":"summary_large_image","schema":{"@context":"https:\/\/schema.org","@graph":[{"@type":"WebPage","@id":"https:\/\/flexdent.hu\/fogaszatoknak\/fem-keramia-koronak-hidak\/","url":"https:\/\/flexdent.hu\/fogaszatoknak\/fem-keramia-koronak-hidak\/","name":"F\u00e9m-ker\u00e1mia koron\u00e1k\/hidak - Flex-Dent","isPartOf":{"@id":"https:\/\/flexdent.hu\/#website"},"primaryImageOfPage":{"@id":"https:\/\/flexdent.hu\/fogaszatoknak\/fem-keramia-koronak-hidak\/#primaryimage"},"image":{"@id":"https:\/\/flexdent.hu\/fogaszatoknak\/fem-keramia-koronak-hidak\/#primaryimage"},"thumbnailUrl":"https:\/\/flexdent.hu\/wp-content\/uploads\/2023\/09\/Fem-keramia-koronak-hidak.jpeg","datePublished":"2023-09-01T08:59:32+00:00","dateModified":"2023-09-01T09:00:12+00:00","breadcrumb":{"@id":"https:\/\/flexdent.hu\/fogaszatoknak\/fem-keramia-koronak-hidak\/#breadcrumb"},"inLanguage":"en-GB","potentialAction":[{"@type":"ReadAction","target":["https:\/\/flexdent.hu\/fogaszatoknak\/fem-keramia-koronak-hidak\/"]}]},{"@type":"ImageObject","inLanguage":"en-GB","@id":"https:\/\/flexdent.hu\/fogaszatoknak\/fem-keramia-koronak-hidak\/#primaryimage","url":"https:\/\/flexdent.hu\/wp-content\/uploads\/2023\/09\/Fem-keramia-koronak-hidak.jpeg","contentUrl":"https:\/\/flexdent.hu\/wp-content\/uploads\/2023\/09\/Fem-keramia-koronak-hidak.jpeg"},{"@type":"BreadcrumbList","@id":"https:\/\/flexdent.hu\/fogaszatoknak\/fem-keramia-koronak-hidak\/#breadcrumb","itemListElement":[{"@type":"ListItem","position":1,"name":"Home","item":"https:\/\/flexdent.hu\/"},{"@type":"ListItem","position":2,"name":"Fog\u00e1szatoknak","item":"https:\/\/flexdent.hu\/fogaszatoknak\/"},{"@type":"ListItem","position":3,"name":"F\u00e9m-ker\u00e1mia koron\u00e1k\/hidak"}]},{"@type":"WebSite","@id":"https:\/\/flexdent.hu\/#website","url":"https:\/\/flexdent.hu\/","name":"Flex-Dent","description":"CAD-CAM Fr\u00e9zcentrum - Mosonmagyar\u00f3v\u00e1r","potentialAction":[{"@type":"SearchAction","target":{"@type":"EntryPoint","urlTemplate":"https:\/\/flexdent.hu\/?s={search_term_string}"},"query-input":{"@type":"PropertyValueSpecification","valueRequired":true,"valueName":"search_term_string"}}],"inLanguage":"en-GB"}]}},"_links":{"self":[{"href":"https:\/\/flexdent.hu\/en\/wp-json\/wp\/v2\/pages\/448","targetHints":{"allow":["GET"]}}],"collection":[{"href":"https:\/\/flexdent.hu\/en\/wp-json\/wp\/v2\/pages"}],"about":[{"href":"https:\/\/flexdent.hu\/en\/wp-json\/wp\/v2\/types\/page"}],"author":[{"embeddable":true,"href":"https:\/\/flexdent.hu\/en\/wp-json\/wp\/v2\/users\/4"}],"replies":[{"embeddable":true,"href":"https:\/\/flexdent.hu\/en\/wp-json\/wp\/v2\/comments?post=448"}],"version-history":[{"count":5,"href":"https:\/\/flexdent.hu\/en\/wp-json\/wp\/v2\/pages\/448\/revisions"}],"predecessor-version":[{"id":454,"href":"https:\/\/flexdent.hu\/en\/wp-json\/wp\/v2\/pages\/448\/revisions\/454"}],"up":[{"embeddable":true,"href":"https:\/\/flexdent.hu\/en\/wp-json\/wp\/v2\/pages\/61"}],"wp:attachment":[{"href":"https:\/\/flexdent.hu\/en\/wp-json\/wp\/v2\/media?parent=448"}],"curies":[{"name":"wp","href":"https:\/\/api.w.org\/{rel}","templated":true}]}}