



{"id":438,"date":"2023-09-01T08:18:48","date_gmt":"2023-09-01T08:18:48","guid":{"rendered":"https:\/\/flexdent.hu\/?page_id=438"},"modified":"2026-03-24T08:26:49","modified_gmt":"2026-03-24T07:26:49","slug":"fogsorok-3d-nyomtatott","status":"publish","type":"page","link":"https:\/\/flexdent.hu\/en\/fogaszatoknak\/fogsorok-3d-nyomtatott\/","title":{"rendered":"DENTURES (3D PRINTED)"},"content":{"rendered":"<div data-elementor-type=\"wp-post\" data-elementor-id=\"438\" class=\"elementor elementor-438\" data-elementor-post-type=\"page\">\n\t\t\t\t<div class=\"elementor-element elementor-element-cd4792f e-flex e-con-boxed e-con e-parent\" data-id=\"cd4792f\" data-element_type=\"container\" data-e-type=\"container\" data-settings=\"{&quot;background_background&quot;:&quot;classic&quot;}\">\n\t\t\t\t\t<div class=\"e-con-inner\">\n\t\t<div class=\"elementor-element elementor-element-73ce945 e-con-full e-flex e-con e-child\" data-id=\"73ce945\" data-element_type=\"container\" data-e-type=\"container\">\n\t\t\t\t<div class=\"elementor-element elementor-element-119ab75 elementor-widget elementor-widget-heading\" data-id=\"119ab75\" data-element_type=\"widget\" data-e-type=\"widget\" data-widget_type=\"heading.default\">\n\t\t\t\t<div class=\"elementor-widget-container\">\n\t\t\t\t\t<div class=\"elementor-heading-title elementor-size-default\"><a href=\"https:\/\/flexdent.hu\/en\/fogaszatoknak\/\">For Dentists<\/a><\/div>\t\t\t\t<\/div>\n\t\t\t\t<\/div>\n\t\t\t\t<div class=\"elementor-element elementor-element-94da0de elementor-widget elementor-widget-heading\" data-id=\"94da0de\" data-element_type=\"widget\" data-e-type=\"widget\" data-widget_type=\"heading.default\">\n\t\t\t\t<div class=\"elementor-widget-container\">\n\t\t\t\t\t<h1 class=\"elementor-heading-title elementor-size-default\">DENTURES (3D PRINTED)<\/h1>\t\t\t\t<\/div>\n\t\t\t\t<\/div>\n\t\t\t\t<\/div>\n\t\t\t\t\t<\/div>\n\t\t\t\t<\/div>\n\t\t<div class=\"elementor-element elementor-element-72820b1 e-flex e-con-boxed e-con e-parent\" data-id=\"72820b1\" data-element_type=\"container\" data-e-type=\"container\">\n\t\t\t\t\t<div class=\"e-con-inner\">\n\t\t<div class=\"elementor-element elementor-element-564744d e-con-full e-flex e-con e-child\" data-id=\"564744d\" data-element_type=\"container\" data-e-type=\"container\">\n\t\t\t\t<div class=\"elementor-element elementor-element-2c459c1 elementor-widget elementor-widget-text-editor\" data-id=\"2c459c1\" data-element_type=\"widget\" data-e-type=\"widget\" data-widget_type=\"text-editor.default\">\n\t\t\t\t<div class=\"elementor-widget-container\">\n\t\t\t\t\t\t\t\t\t3D printed dentures are an innovative application of modern dental technology. 3D printing allows the creation of accurate, customized dentures tailored to individual situations and patient needs. The 3D model of the dentures is created by scanning and digital design, and then this data is used in the 3D printer. They are usually made of various biocompatible plastics or resins that are safe for use in the human mouth.\t\t\t\t\t\t\t\t<\/div>\n\t\t\t\t<\/div>\n\t\t\t\t<\/div>\n\t\t\t\t\t<\/div>\n\t\t\t\t<\/div>\n\t\t<div class=\"elementor-element elementor-element-f796bbf e-grid e-con-boxed e-con e-parent\" data-id=\"f796bbf\" data-element_type=\"container\" data-e-type=\"container\">\n\t\t\t\t\t<div class=\"e-con-inner\">\n\t\t\t\t<div class=\"elementor-element elementor-element-608841e elementor-widget elementor-widget-image\" data-id=\"608841e\" data-element_type=\"widget\" data-e-type=\"widget\" data-widget_type=\"image.default\">\n\t\t\t\t<div class=\"elementor-widget-container\">\n\t\t\t\t\t\t\t\t\t\t\t\t\t\t\t\t<a href=\"https:\/\/flexdent.hu\/wp-content\/uploads\/2026\/03\/21-3d-fogsor.png\" data-elementor-open-lightbox=\"yes\" data-elementor-lightbox-title=\"21-3d-fogsor\" data-e-action-hash=\"#elementor-action%3Aaction%3Dlightbox%26settings%3DeyJpZCI6MjYxOCwidXJsIjoiaHR0cHM6XC9cL2ZsZXhkZW50Lmh1XC93cC1jb250ZW50XC91cGxvYWRzXC8yMDI2XC8wM1wvMjEtM2QtZm9nc29yLnBuZyJ9\">\n\t\t\t\t\t\t\t<img fetchpriority=\"high\" decoding=\"async\" width=\"780\" height=\"521\" src=\"https:\/\/flexdent.hu\/wp-content\/uploads\/2026\/03\/21-3d-fogsor.png\" class=\"attachment-large size-large wp-image-2618\" alt=\"\" srcset=\"https:\/\/flexdent.hu\/wp-content\/uploads\/2026\/03\/21-3d-fogsor.png 780w, https:\/\/flexdent.hu\/wp-content\/uploads\/2026\/03\/21-3d-fogsor-300x200.png 300w, https:\/\/flexdent.hu\/wp-content\/uploads\/2026\/03\/21-3d-fogsor-768x513.png 768w, https:\/\/flexdent.hu\/wp-content\/uploads\/2026\/03\/21-3d-fogsor-18x12.png 18w\" sizes=\"(max-width: 780px) 100vw, 780px\" \/>\t\t\t\t\t\t\t\t<\/a>\n\t\t\t\t\t\t\t\t\t\t\t\t\t\t\t<\/div>\n\t\t\t\t<\/div>\n\t\t\t\t<div class=\"elementor-element elementor-element-c6c2a6d elementor-widget elementor-widget-image\" data-id=\"c6c2a6d\" data-element_type=\"widget\" data-e-type=\"widget\" data-widget_type=\"image.default\">\n\t\t\t\t<div class=\"elementor-widget-container\">\n\t\t\t\t\t\t\t\t\t\t\t\t\t\t\t\t<a href=\"https:\/\/flexdent.hu\/wp-content\/uploads\/2023\/09\/Fogsorok-3D-nyomtatott.jpeg\" data-elementor-open-lightbox=\"yes\" data-elementor-lightbox-title=\"Fogsorok (3D nyomtatott)\" data-e-action-hash=\"#elementor-action%3Aaction%3Dlightbox%26settings%3DeyJpZCI6NDQxLCJ1cmwiOiJodHRwczpcL1wvZmxleGRlbnQuaHVcL3dwLWNvbnRlbnRcL3VwbG9hZHNcLzIwMjNcLzA5XC9Gb2dzb3Jvay0zRC1ueW9tdGF0b3R0LmpwZWcifQ%3D%3D\">\n\t\t\t\t\t\t\t<img decoding=\"async\" width=\"1600\" height=\"1067\" src=\"https:\/\/flexdent.hu\/wp-content\/uploads\/2023\/09\/Fogsorok-3D-nyomtatott.jpeg\" class=\"attachment-full size-full wp-image-441\" alt=\"\" srcset=\"https:\/\/flexdent.hu\/wp-content\/uploads\/2023\/09\/Fogsorok-3D-nyomtatott.jpeg 1600w, https:\/\/flexdent.hu\/wp-content\/uploads\/2023\/09\/Fogsorok-3D-nyomtatott-300x200.jpeg 300w, https:\/\/flexdent.hu\/wp-content\/uploads\/2023\/09\/Fogsorok-3D-nyomtatott-1024x683.jpeg 1024w, https:\/\/flexdent.hu\/wp-content\/uploads\/2023\/09\/Fogsorok-3D-nyomtatott-768x512.jpeg 768w, https:\/\/flexdent.hu\/wp-content\/uploads\/2023\/09\/Fogsorok-3D-nyomtatott-1536x1024.jpeg 1536w\" sizes=\"(max-width: 1600px) 100vw, 1600px\" \/>\t\t\t\t\t\t\t\t<\/a>\n\t\t\t\t\t\t\t\t\t\t\t\t\t\t\t<\/div>\n\t\t\t\t<\/div>\n\t\t\t\t<div class=\"elementor-element elementor-element-af57634 elementor-widget elementor-widget-spacer\" data-id=\"af57634\" data-element_type=\"widget\" data-e-type=\"widget\" data-widget_type=\"spacer.default\">\n\t\t\t\t<div class=\"elementor-widget-container\">\n\t\t\t\t\t\t\t<div class=\"elementor-spacer\">\n\t\t\t<div class=\"elementor-spacer-inner\"><\/div>\n\t\t<\/div>\n\t\t\t\t\t\t<\/div>\n\t\t\t\t<\/div>\n\t\t\t\t\t<\/div>\n\t\t\t\t<\/div>\n\t\t\t\t<\/div>","protected":false},"excerpt":{"rendered":"<p>Fog\u00e1szat A 3D nyomtatott fogsorok a modern fog\u00e1szati technol\u00f3gi\u00e1k egyik innovat\u00edv alkalmaz\u00e1sa. A 3D nyomtat\u00e1s lehet\u0151v\u00e9 teszi a pontos, egyedi fogsorok l\u00e9trehoz\u00e1s\u00e1t az egy\u00e9ni szitu\u00e1ci\u00f3khoz \u00e9s a p\u00e1ciens ig\u00e9nyeihez igazodva. A fogsorok 3D modellj\u00e9t szkennel\u00e9ssel \u00e9s digit\u00e1lis tervez\u00e9ssel \u00e1ll\u00edtj\u00e1k el\u0151, majd ezt az adatot haszn\u00e1lj\u00e1k fel a 3D nyomtat\u00f3ban. Az anyaguk \u00e1ltal\u00e1ban k\u00fcl\u00f6nf\u00e9le biokompatibilis m\u0171anyagok [&hellip;]<\/p>\n","protected":false},"author":4,"featured_media":0,"parent":61,"menu_order":6,"comment_status":"closed","ping_status":"closed","template":"","meta":{"footnotes":""},"class_list":["post-438","page","type-page","status-publish","hentry"],"yoast_head":"<!-- This site is optimized with the Yoast SEO plugin v27.2 - https:\/\/yoast.com\/product\/yoast-seo-wordpress\/ -->\n<title>Fogsorok (3D nyomtatott) - Flex-Dent<\/title>\n<meta name=\"robots\" content=\"index, follow, max-snippet:-1, max-image-preview:large, max-video-preview:-1\" \/>\n<link rel=\"canonical\" href=\"https:\/\/flexdent.hu\/en\/fogaszatoknak\/fogsorok-3d-nyomtatott\/\" \/>\n<meta property=\"og:locale\" content=\"en_GB\" \/>\n<meta property=\"og:type\" content=\"article\" \/>\n<meta property=\"og:title\" content=\"Fogsorok (3D nyomtatott) - Flex-Dent\" \/>\n<meta property=\"og:description\" content=\"Fog\u00e1szat A 3D nyomtatott fogsorok a modern fog\u00e1szati technol\u00f3gi\u00e1k egyik innovat\u00edv alkalmaz\u00e1sa. A 3D nyomtat\u00e1s lehet\u0151v\u00e9 teszi a pontos, egyedi fogsorok l\u00e9trehoz\u00e1s\u00e1t az egy\u00e9ni szitu\u00e1ci\u00f3khoz \u00e9s a p\u00e1ciens ig\u00e9nyeihez igazodva. A fogsorok 3D modellj\u00e9t szkennel\u00e9ssel \u00e9s digit\u00e1lis tervez\u00e9ssel \u00e1ll\u00edtj\u00e1k el\u0151, majd ezt az adatot haszn\u00e1lj\u00e1k fel a 3D nyomtat\u00f3ban. Az anyaguk \u00e1ltal\u00e1ban k\u00fcl\u00f6nf\u00e9le biokompatibilis m\u0171anyagok [&hellip;]\" \/>\n<meta property=\"og:url\" content=\"https:\/\/flexdent.hu\/en\/fogaszatoknak\/fogsorok-3d-nyomtatott\/\" \/>\n<meta property=\"og:site_name\" content=\"Flex-Dent\" \/>\n<meta property=\"article:publisher\" content=\"https:\/\/www.facebook.com\/flexdent.hu\" \/>\n<meta property=\"article:modified_time\" content=\"2026-03-24T07:26:49+00:00\" \/>\n<meta property=\"og:image\" content=\"https:\/\/flexdent.hu\/wp-content\/uploads\/2026\/03\/21-3d-fogsor.png\" \/>\n\t<meta property=\"og:image:width\" content=\"780\" \/>\n\t<meta property=\"og:image:height\" content=\"521\" \/>\n\t<meta property=\"og:image:type\" content=\"image\/png\" \/>\n<meta name=\"twitter:card\" content=\"summary_large_image\" \/>\n<meta name=\"twitter:label1\" content=\"Estimated reading time\" \/>\n\t<meta name=\"twitter:data1\" content=\"1 minute\" \/>\n<script type=\"application\/ld+json\" class=\"yoast-schema-graph\">{\"@context\":\"https:\/\/schema.org\",\"@graph\":[{\"@type\":\"WebPage\",\"@id\":\"https:\/\/flexdent.hu\/fogaszatoknak\/fogsorok-3d-nyomtatott\/\",\"url\":\"https:\/\/flexdent.hu\/fogaszatoknak\/fogsorok-3d-nyomtatott\/\",\"name\":\"Fogsorok (3D nyomtatott) - Flex-Dent\",\"isPartOf\":{\"@id\":\"https:\/\/flexdent.hu\/#website\"},\"primaryImageOfPage\":{\"@id\":\"https:\/\/flexdent.hu\/fogaszatoknak\/fogsorok-3d-nyomtatott\/#primaryimage\"},\"image\":{\"@id\":\"https:\/\/flexdent.hu\/fogaszatoknak\/fogsorok-3d-nyomtatott\/#primaryimage\"},\"thumbnailUrl\":\"https:\/\/flexdent.hu\/wp-content\/uploads\/2026\/03\/21-3d-fogsor.png\",\"datePublished\":\"2023-09-01T08:18:48+00:00\",\"dateModified\":\"2026-03-24T07:26:49+00:00\",\"breadcrumb\":{\"@id\":\"https:\/\/flexdent.hu\/fogaszatoknak\/fogsorok-3d-nyomtatott\/#breadcrumb\"},\"inLanguage\":\"en-GB\",\"potentialAction\":[{\"@type\":\"ReadAction\",\"target\":[\"https:\/\/flexdent.hu\/fogaszatoknak\/fogsorok-3d-nyomtatott\/\"]}]},{\"@type\":\"ImageObject\",\"inLanguage\":\"en-GB\",\"@id\":\"https:\/\/flexdent.hu\/fogaszatoknak\/fogsorok-3d-nyomtatott\/#primaryimage\",\"url\":\"https:\/\/flexdent.hu\/wp-content\/uploads\/2026\/03\/21-3d-fogsor.png\",\"contentUrl\":\"https:\/\/flexdent.hu\/wp-content\/uploads\/2026\/03\/21-3d-fogsor.png\"},{\"@type\":\"BreadcrumbList\",\"@id\":\"https:\/\/flexdent.hu\/fogaszatoknak\/fogsorok-3d-nyomtatott\/#breadcrumb\",\"itemListElement\":[{\"@type\":\"ListItem\",\"position\":1,\"name\":\"Home\",\"item\":\"https:\/\/flexdent.hu\/\"},{\"@type\":\"ListItem\",\"position\":2,\"name\":\"Fog\u00e1szatoknak\",\"item\":\"https:\/\/flexdent.hu\/fogaszatoknak\/\"},{\"@type\":\"ListItem\",\"position\":3,\"name\":\"Fogsorok (3D nyomtatott)\"}]},{\"@type\":\"WebSite\",\"@id\":\"https:\/\/flexdent.hu\/#website\",\"url\":\"https:\/\/flexdent.hu\/\",\"name\":\"Flex-Dent\",\"description\":\"CAD-CAM Fr\u00e9zcentrum - Mosonmagyar\u00f3v\u00e1r\",\"potentialAction\":[{\"@type\":\"SearchAction\",\"target\":{\"@type\":\"EntryPoint\",\"urlTemplate\":\"https:\/\/flexdent.hu\/?s={search_term_string}\"},\"query-input\":{\"@type\":\"PropertyValueSpecification\",\"valueRequired\":true,\"valueName\":\"search_term_string\"}}],\"inLanguage\":\"en-GB\"}]}<\/script>\n<!-- \/ Yoast SEO plugin. -->","yoast_head_json":{"title":"Fogsorok (3D nyomtatott) - Flex-Dent","robots":{"index":"index","follow":"follow","max-snippet":"max-snippet:-1","max-image-preview":"max-image-preview:large","max-video-preview":"max-video-preview:-1"},"canonical":"https:\/\/flexdent.hu\/en\/fogaszatoknak\/fogsorok-3d-nyomtatott\/","og_locale":"en_GB","og_type":"article","og_title":"Fogsorok (3D nyomtatott) - Flex-Dent","og_description":"Fog\u00e1szat A 3D nyomtatott fogsorok a modern fog\u00e1szati technol\u00f3gi\u00e1k egyik innovat\u00edv alkalmaz\u00e1sa. A 3D nyomtat\u00e1s lehet\u0151v\u00e9 teszi a pontos, egyedi fogsorok l\u00e9trehoz\u00e1s\u00e1t az egy\u00e9ni szitu\u00e1ci\u00f3khoz \u00e9s a p\u00e1ciens ig\u00e9nyeihez igazodva. A fogsorok 3D modellj\u00e9t szkennel\u00e9ssel \u00e9s digit\u00e1lis tervez\u00e9ssel \u00e1ll\u00edtj\u00e1k el\u0151, majd ezt az adatot haszn\u00e1lj\u00e1k fel a 3D nyomtat\u00f3ban. Az anyaguk \u00e1ltal\u00e1ban k\u00fcl\u00f6nf\u00e9le biokompatibilis m\u0171anyagok [&hellip;]","og_url":"https:\/\/flexdent.hu\/en\/fogaszatoknak\/fogsorok-3d-nyomtatott\/","og_site_name":"Flex-Dent","article_publisher":"https:\/\/www.facebook.com\/flexdent.hu","article_modified_time":"2026-03-24T07:26:49+00:00","og_image":[{"width":780,"height":521,"url":"https:\/\/flexdent.hu\/wp-content\/uploads\/2026\/03\/21-3d-fogsor.png","type":"image\/png"}],"twitter_card":"summary_large_image","twitter_misc":{"Estimated reading time":"1 minute"},"schema":{"@context":"https:\/\/schema.org","@graph":[{"@type":"WebPage","@id":"https:\/\/flexdent.hu\/fogaszatoknak\/fogsorok-3d-nyomtatott\/","url":"https:\/\/flexdent.hu\/fogaszatoknak\/fogsorok-3d-nyomtatott\/","name":"Fogsorok (3D nyomtatott) - Flex-Dent","isPartOf":{"@id":"https:\/\/flexdent.hu\/#website"},"primaryImageOfPage":{"@id":"https:\/\/flexdent.hu\/fogaszatoknak\/fogsorok-3d-nyomtatott\/#primaryimage"},"image":{"@id":"https:\/\/flexdent.hu\/fogaszatoknak\/fogsorok-3d-nyomtatott\/#primaryimage"},"thumbnailUrl":"https:\/\/flexdent.hu\/wp-content\/uploads\/2026\/03\/21-3d-fogsor.png","datePublished":"2023-09-01T08:18:48+00:00","dateModified":"2026-03-24T07:26:49+00:00","breadcrumb":{"@id":"https:\/\/flexdent.hu\/fogaszatoknak\/fogsorok-3d-nyomtatott\/#breadcrumb"},"inLanguage":"en-GB","potentialAction":[{"@type":"ReadAction","target":["https:\/\/flexdent.hu\/fogaszatoknak\/fogsorok-3d-nyomtatott\/"]}]},{"@type":"ImageObject","inLanguage":"en-GB","@id":"https:\/\/flexdent.hu\/fogaszatoknak\/fogsorok-3d-nyomtatott\/#primaryimage","url":"https:\/\/flexdent.hu\/wp-content\/uploads\/2026\/03\/21-3d-fogsor.png","contentUrl":"https:\/\/flexdent.hu\/wp-content\/uploads\/2026\/03\/21-3d-fogsor.png"},{"@type":"BreadcrumbList","@id":"https:\/\/flexdent.hu\/fogaszatoknak\/fogsorok-3d-nyomtatott\/#breadcrumb","itemListElement":[{"@type":"ListItem","position":1,"name":"Home","item":"https:\/\/flexdent.hu\/"},{"@type":"ListItem","position":2,"name":"Fog\u00e1szatoknak","item":"https:\/\/flexdent.hu\/fogaszatoknak\/"},{"@type":"ListItem","position":3,"name":"Fogsorok (3D nyomtatott)"}]},{"@type":"WebSite","@id":"https:\/\/flexdent.hu\/#website","url":"https:\/\/flexdent.hu\/","name":"Flex-Dent","description":"CAD-CAM Fr\u00e9zcentrum - Mosonmagyar\u00f3v\u00e1r","potentialAction":[{"@type":"SearchAction","target":{"@type":"EntryPoint","urlTemplate":"https:\/\/flexdent.hu\/?s={search_term_string}"},"query-input":{"@type":"PropertyValueSpecification","valueRequired":true,"valueName":"search_term_string"}}],"inLanguage":"en-GB"}]}},"_links":{"self":[{"href":"https:\/\/flexdent.hu\/en\/wp-json\/wp\/v2\/pages\/438","targetHints":{"allow":["GET"]}}],"collection":[{"href":"https:\/\/flexdent.hu\/en\/wp-json\/wp\/v2\/pages"}],"about":[{"href":"https:\/\/flexdent.hu\/en\/wp-json\/wp\/v2\/types\/page"}],"author":[{"embeddable":true,"href":"https:\/\/flexdent.hu\/en\/wp-json\/wp\/v2\/users\/4"}],"replies":[{"embeddable":true,"href":"https:\/\/flexdent.hu\/en\/wp-json\/wp\/v2\/comments?post=438"}],"version-history":[{"count":17,"href":"https:\/\/flexdent.hu\/en\/wp-json\/wp\/v2\/pages\/438\/revisions"}],"predecessor-version":[{"id":2641,"href":"https:\/\/flexdent.hu\/en\/wp-json\/wp\/v2\/pages\/438\/revisions\/2641"}],"up":[{"embeddable":true,"href":"https:\/\/flexdent.hu\/en\/wp-json\/wp\/v2\/pages\/61"}],"wp:attachment":[{"href":"https:\/\/flexdent.hu\/en\/wp-json\/wp\/v2\/media?parent=438"}],"curies":[{"name":"wp","href":"https:\/\/api.w.org\/{rel}","templated":true}]}}