



{"id":431,"date":"2023-09-01T08:09:13","date_gmt":"2023-09-01T08:09:13","guid":{"rendered":"https:\/\/flexdent.hu\/?page_id=431"},"modified":"2026-03-23T19:00:23","modified_gmt":"2026-03-23T18:00:23","slug":"keramia-korona-inlay-onlay","status":"publish","type":"page","link":"https:\/\/flexdent.hu\/en\/fogaszatoknak\/keramia-korona-inlay-onlay\/","title":{"rendered":"CERAMIC CROWN (inlay\/onlay)"},"content":{"rendered":"<div data-elementor-type=\"wp-post\" data-elementor-id=\"431\" class=\"elementor elementor-431\" data-elementor-post-type=\"page\">\n\t\t\t\t<div class=\"elementor-element elementor-element-b40310d e-flex e-con-boxed e-con e-parent\" data-id=\"b40310d\" data-element_type=\"container\" data-e-type=\"container\" data-settings=\"{&quot;background_background&quot;:&quot;classic&quot;}\">\n\t\t\t\t\t<div class=\"e-con-inner\">\n\t\t<div class=\"elementor-element elementor-element-cc5d71e e-con-full e-flex e-con e-child\" data-id=\"cc5d71e\" data-element_type=\"container\" data-e-type=\"container\">\n\t\t\t\t<div class=\"elementor-element elementor-element-2cc976a elementor-widget elementor-widget-heading\" data-id=\"2cc976a\" data-element_type=\"widget\" data-e-type=\"widget\" data-widget_type=\"heading.default\">\n\t\t\t\t<div class=\"elementor-widget-container\">\n\t\t\t\t\t<div class=\"elementor-heading-title elementor-size-default\"><a href=\"https:\/\/flexdent.hu\/en\/fogaszatoknak\/\">For Dentists<\/a><\/div>\t\t\t\t<\/div>\n\t\t\t\t<\/div>\n\t\t\t\t<div class=\"elementor-element elementor-element-559b336 elementor-widget elementor-widget-heading\" data-id=\"559b336\" data-element_type=\"widget\" data-e-type=\"widget\" data-widget_type=\"heading.default\">\n\t\t\t\t<div class=\"elementor-widget-container\">\n\t\t\t\t\t<h1 class=\"elementor-heading-title elementor-size-default\">CERAMIC CROWN (inlay\/onlay)<\/h1>\t\t\t\t<\/div>\n\t\t\t\t<\/div>\n\t\t\t\t<\/div>\n\t\t\t\t\t<\/div>\n\t\t\t\t<\/div>\n\t\t<div class=\"elementor-element elementor-element-5747852 e-flex e-con-boxed e-con e-parent\" data-id=\"5747852\" data-element_type=\"container\" data-e-type=\"container\">\n\t\t\t\t\t<div class=\"e-con-inner\">\n\t\t<div class=\"elementor-element elementor-element-cb84e44 e-con-full e-flex e-con e-child\" data-id=\"cb84e44\" data-element_type=\"container\" data-e-type=\"container\">\n\t\t\t\t<div class=\"elementor-element elementor-element-59231d8 elementor-widget elementor-widget-text-editor\" data-id=\"59231d8\" data-element_type=\"widget\" data-e-type=\"widget\" data-widget_type=\"text-editor.default\">\n\t\t\t\t<div class=\"elementor-widget-container\">\n\t\t\t\t\t\t\t\t\t<p>Inlays and onlays are dental restorations that help restore damaged parts of teeth. Both procedures are designed to restore the function and aesthetics of damaged teeth while preserving as much of the original tooth structure as possible. These restorations are generally durable and natural-looking, making them an effective solution for tooth replacement.<\/p>\t\t\t\t\t\t\t\t<\/div>\n\t\t\t\t<\/div>\n\t\t\t\t<\/div>\n\t\t<div class=\"elementor-element elementor-element-dc80649 e-con-full e-flex e-con e-child\" data-id=\"dc80649\" data-element_type=\"container\" data-e-type=\"container\">\n\t\t\t\t<\/div>\n\t\t\t\t\t<\/div>\n\t\t\t\t<\/div>\n\t\t<div class=\"elementor-element elementor-element-841498f e-grid e-con-boxed e-con e-parent\" data-id=\"841498f\" data-element_type=\"container\" data-e-type=\"container\">\n\t\t\t\t\t<div class=\"e-con-inner\">\n\t\t\t\t<div class=\"elementor-element elementor-element-76d83aa elementor-widget elementor-widget-image\" data-id=\"76d83aa\" data-element_type=\"widget\" data-e-type=\"widget\" data-widget_type=\"image.default\">\n\t\t\t\t<div class=\"elementor-widget-container\">\n\t\t\t\t\t\t\t\t\t\t\t\t\t\t\t\t<a href=\"https:\/\/flexdent.hu\/wp-content\/uploads\/2026\/03\/5a-cameo-inlay-scaled.jpg\" data-elementor-open-lightbox=\"yes\" data-elementor-lightbox-title=\"Stacked from 3 images. Method=C (S=1)\" data-e-action-hash=\"#elementor-action%3Aaction%3Dlightbox%26settings%3DeyJpZCI6MjU2NCwidXJsIjoiaHR0cHM6XC9cL2ZsZXhkZW50Lmh1XC93cC1jb250ZW50XC91cGxvYWRzXC8yMDI2XC8wM1wvNWEtY2FtZW8taW5sYXktc2NhbGVkLmpwZyJ9\">\n\t\t\t\t\t\t\t<img fetchpriority=\"high\" decoding=\"async\" width=\"800\" height=\"800\" src=\"https:\/\/flexdent.hu\/wp-content\/uploads\/2026\/03\/5a-cameo-inlay-1024x1024.jpg\" class=\"attachment-large size-large wp-image-2564\" alt=\"\" srcset=\"https:\/\/flexdent.hu\/wp-content\/uploads\/2026\/03\/5a-cameo-inlay-1024x1024.jpg 1024w, https:\/\/flexdent.hu\/wp-content\/uploads\/2026\/03\/5a-cameo-inlay-300x300.jpg 300w, https:\/\/flexdent.hu\/wp-content\/uploads\/2026\/03\/5a-cameo-inlay-150x150.jpg 150w, https:\/\/flexdent.hu\/wp-content\/uploads\/2026\/03\/5a-cameo-inlay-768x768.jpg 768w, https:\/\/flexdent.hu\/wp-content\/uploads\/2026\/03\/5a-cameo-inlay-1536x1536.jpg 1536w, https:\/\/flexdent.hu\/wp-content\/uploads\/2026\/03\/5a-cameo-inlay-2048x2048.jpg 2048w, https:\/\/flexdent.hu\/wp-content\/uploads\/2026\/03\/5a-cameo-inlay-12x12.jpg 12w\" sizes=\"(max-width: 800px) 100vw, 800px\" \/>\t\t\t\t\t\t\t\t<\/a>\n\t\t\t\t\t\t\t\t\t\t\t\t\t\t\t<\/div>\n\t\t\t\t<\/div>\n\t\t\t\t<div class=\"elementor-element elementor-element-473a2d8 elementor-widget elementor-widget-image\" data-id=\"473a2d8\" data-element_type=\"widget\" data-e-type=\"widget\" data-widget_type=\"image.default\">\n\t\t\t\t<div class=\"elementor-widget-container\">\n\t\t\t\t\t\t\t\t\t\t\t\t\t\t\t\t<a href=\"https:\/\/flexdent.hu\/wp-content\/uploads\/2023\/09\/Keramia-korona-inlay-onlay.jpeg\" data-elementor-open-lightbox=\"yes\" data-elementor-lightbox-title=\"Ker\u00e1mia korona (inlay-onlay)\" data-e-action-hash=\"#elementor-action%3Aaction%3Dlightbox%26settings%3DeyJpZCI6NDM0LCJ1cmwiOiJodHRwczpcL1wvZmxleGRlbnQuaHVcL3dwLWNvbnRlbnRcL3VwbG9hZHNcLzIwMjNcLzA5XC9LZXJhbWlhLWtvcm9uYS1pbmxheS1vbmxheS5qcGVnIn0%3D\">\n\t\t\t\t\t\t\t<img decoding=\"async\" width=\"1600\" height=\"1067\" src=\"https:\/\/flexdent.hu\/wp-content\/uploads\/2023\/09\/Keramia-korona-inlay-onlay.jpeg\" class=\"attachment-full size-full wp-image-434\" alt=\"\" srcset=\"https:\/\/flexdent.hu\/wp-content\/uploads\/2023\/09\/Keramia-korona-inlay-onlay.jpeg 1600w, https:\/\/flexdent.hu\/wp-content\/uploads\/2023\/09\/Keramia-korona-inlay-onlay-300x200.jpeg 300w, https:\/\/flexdent.hu\/wp-content\/uploads\/2023\/09\/Keramia-korona-inlay-onlay-1024x683.jpeg 1024w, https:\/\/flexdent.hu\/wp-content\/uploads\/2023\/09\/Keramia-korona-inlay-onlay-768x512.jpeg 768w, https:\/\/flexdent.hu\/wp-content\/uploads\/2023\/09\/Keramia-korona-inlay-onlay-1536x1024.jpeg 1536w\" sizes=\"(max-width: 1600px) 100vw, 1600px\" \/>\t\t\t\t\t\t\t\t<\/a>\n\t\t\t\t\t\t\t\t\t\t\t\t\t\t\t<\/div>\n\t\t\t\t<\/div>\n\t\t\t\t\t<\/div>\n\t\t\t\t<\/div>\n\t\t\t\t<\/div>","protected":false},"excerpt":{"rendered":"<p>Fog\u00e1szat Inlay \u00e9s onlay fog\u00e1szati bet\u00e9tek olyan fogp\u00f3tl\u00f3 elj\u00e1r\u00e1sok, amelyek seg\u00edtenek helyre\u00e1ll\u00edtani a fogak s\u00e9r\u00fclt r\u00e9szeit. Mindk\u00e9t elj\u00e1r\u00e1s c\u00e9lja, hogy helyre\u00e1ll\u00edtsa a s\u00e9r\u00fclt fogak funkci\u00f3j\u00e1t \u00e9s eszt\u00e9tik\u00e1j\u00e1t, mik\u00f6zben meg\u0151rzi a lehet\u0151 legt\u00f6bb eredeti foganyagot. Ezek a bet\u00e9tek \u00e1ltal\u00e1ban tart\u00f3sak \u00e9s term\u00e9szetes megjelen\u00e9s\u0171ek, \u00edgy hat\u00e9kony megold\u00e1st ny\u00fajtanak a fogp\u00f3tl\u00e1s ter\u00e9n.<\/p>","protected":false},"author":4,"featured_media":0,"parent":61,"menu_order":5,"comment_status":"closed","ping_status":"closed","template":"","meta":{"footnotes":""},"class_list":["post-431","page","type-page","status-publish","hentry"],"yoast_head":"<!-- This site is optimized with the Yoast SEO plugin v27.2 - https:\/\/yoast.com\/product\/yoast-seo-wordpress\/ -->\n<title>Ker\u00e1mia Korona (Inlay\/Onlay) - Flex-Dent<\/title>\n<meta name=\"robots\" content=\"index, follow, max-snippet:-1, max-image-preview:large, max-video-preview:-1\" \/>\n<link rel=\"canonical\" href=\"https:\/\/flexdent.hu\/en\/fogaszatoknak\/keramia-korona-inlay-onlay\/\" \/>\n<meta property=\"og:locale\" content=\"en_GB\" \/>\n<meta property=\"og:type\" content=\"article\" \/>\n<meta property=\"og:title\" content=\"Ker\u00e1mia Korona (Inlay\/Onlay) - Flex-Dent\" \/>\n<meta property=\"og:description\" content=\"Fog\u00e1szat Inlay \u00e9s onlay fog\u00e1szati bet\u00e9tek olyan fogp\u00f3tl\u00f3 elj\u00e1r\u00e1sok, amelyek seg\u00edtenek helyre\u00e1ll\u00edtani a fogak s\u00e9r\u00fclt r\u00e9szeit. Mindk\u00e9t elj\u00e1r\u00e1s c\u00e9lja, hogy helyre\u00e1ll\u00edtsa a s\u00e9r\u00fclt fogak funkci\u00f3j\u00e1t \u00e9s eszt\u00e9tik\u00e1j\u00e1t, mik\u00f6zben meg\u0151rzi a lehet\u0151 legt\u00f6bb eredeti foganyagot. Ezek a bet\u00e9tek \u00e1ltal\u00e1ban tart\u00f3sak \u00e9s term\u00e9szetes megjelen\u00e9s\u0171ek, \u00edgy hat\u00e9kony megold\u00e1st ny\u00fajtanak a fogp\u00f3tl\u00e1s ter\u00e9n.\" \/>\n<meta property=\"og:url\" content=\"https:\/\/flexdent.hu\/en\/fogaszatoknak\/keramia-korona-inlay-onlay\/\" \/>\n<meta property=\"og:site_name\" content=\"Flex-Dent\" \/>\n<meta property=\"article:publisher\" content=\"https:\/\/www.facebook.com\/flexdent.hu\" \/>\n<meta property=\"article:modified_time\" content=\"2026-03-23T18:00:23+00:00\" \/>\n<meta property=\"og:image\" content=\"https:\/\/flexdent.hu\/wp-content\/uploads\/2026\/03\/5a-cameo-inlay-scaled.jpg\" \/>\n\t<meta property=\"og:image:width\" content=\"2560\" \/>\n\t<meta property=\"og:image:height\" content=\"2560\" \/>\n\t<meta property=\"og:image:type\" content=\"image\/jpeg\" \/>\n<meta name=\"twitter:card\" content=\"summary_large_image\" \/>\n<meta name=\"twitter:label1\" content=\"Estimated reading time\" \/>\n\t<meta name=\"twitter:data1\" content=\"1 minute\" \/>\n<script type=\"application\/ld+json\" class=\"yoast-schema-graph\">{\"@context\":\"https:\/\/schema.org\",\"@graph\":[{\"@type\":\"WebPage\",\"@id\":\"https:\/\/flexdent.hu\/fogaszatoknak\/keramia-korona-inlay-onlay\/\",\"url\":\"https:\/\/flexdent.hu\/fogaszatoknak\/keramia-korona-inlay-onlay\/\",\"name\":\"Ker\u00e1mia Korona (Inlay\/Onlay) - Flex-Dent\",\"isPartOf\":{\"@id\":\"https:\/\/flexdent.hu\/#website\"},\"primaryImageOfPage\":{\"@id\":\"https:\/\/flexdent.hu\/fogaszatoknak\/keramia-korona-inlay-onlay\/#primaryimage\"},\"image\":{\"@id\":\"https:\/\/flexdent.hu\/fogaszatoknak\/keramia-korona-inlay-onlay\/#primaryimage\"},\"thumbnailUrl\":\"https:\/\/flexdent.hu\/wp-content\/uploads\/2026\/03\/5a-cameo-inlay-1024x1024.jpg\",\"datePublished\":\"2023-09-01T08:09:13+00:00\",\"dateModified\":\"2026-03-23T18:00:23+00:00\",\"breadcrumb\":{\"@id\":\"https:\/\/flexdent.hu\/fogaszatoknak\/keramia-korona-inlay-onlay\/#breadcrumb\"},\"inLanguage\":\"en-GB\",\"potentialAction\":[{\"@type\":\"ReadAction\",\"target\":[\"https:\/\/flexdent.hu\/fogaszatoknak\/keramia-korona-inlay-onlay\/\"]}]},{\"@type\":\"ImageObject\",\"inLanguage\":\"en-GB\",\"@id\":\"https:\/\/flexdent.hu\/fogaszatoknak\/keramia-korona-inlay-onlay\/#primaryimage\",\"url\":\"https:\/\/flexdent.hu\/wp-content\/uploads\/2026\/03\/5a-cameo-inlay-1024x1024.jpg\",\"contentUrl\":\"https:\/\/flexdent.hu\/wp-content\/uploads\/2026\/03\/5a-cameo-inlay-1024x1024.jpg\"},{\"@type\":\"BreadcrumbList\",\"@id\":\"https:\/\/flexdent.hu\/fogaszatoknak\/keramia-korona-inlay-onlay\/#breadcrumb\",\"itemListElement\":[{\"@type\":\"ListItem\",\"position\":1,\"name\":\"Home\",\"item\":\"https:\/\/flexdent.hu\/\"},{\"@type\":\"ListItem\",\"position\":2,\"name\":\"Fog\u00e1szatoknak\",\"item\":\"https:\/\/flexdent.hu\/fogaszatoknak\/\"},{\"@type\":\"ListItem\",\"position\":3,\"name\":\"Ker\u00e1mia Korona (Inlay\/Onlay)\"}]},{\"@type\":\"WebSite\",\"@id\":\"https:\/\/flexdent.hu\/#website\",\"url\":\"https:\/\/flexdent.hu\/\",\"name\":\"Flex-Dent\",\"description\":\"CAD-CAM Fr\u00e9zcentrum - Mosonmagyar\u00f3v\u00e1r\",\"potentialAction\":[{\"@type\":\"SearchAction\",\"target\":{\"@type\":\"EntryPoint\",\"urlTemplate\":\"https:\/\/flexdent.hu\/?s={search_term_string}\"},\"query-input\":{\"@type\":\"PropertyValueSpecification\",\"valueRequired\":true,\"valueName\":\"search_term_string\"}}],\"inLanguage\":\"en-GB\"}]}<\/script>\n<!-- \/ Yoast SEO plugin. -->","yoast_head_json":{"title":"Ker\u00e1mia Korona (Inlay\/Onlay) - Flex-Dent","robots":{"index":"index","follow":"follow","max-snippet":"max-snippet:-1","max-image-preview":"max-image-preview:large","max-video-preview":"max-video-preview:-1"},"canonical":"https:\/\/flexdent.hu\/en\/fogaszatoknak\/keramia-korona-inlay-onlay\/","og_locale":"en_GB","og_type":"article","og_title":"Ker\u00e1mia Korona (Inlay\/Onlay) - Flex-Dent","og_description":"Fog\u00e1szat Inlay \u00e9s onlay fog\u00e1szati bet\u00e9tek olyan fogp\u00f3tl\u00f3 elj\u00e1r\u00e1sok, amelyek seg\u00edtenek helyre\u00e1ll\u00edtani a fogak s\u00e9r\u00fclt r\u00e9szeit. Mindk\u00e9t elj\u00e1r\u00e1s c\u00e9lja, hogy helyre\u00e1ll\u00edtsa a s\u00e9r\u00fclt fogak funkci\u00f3j\u00e1t \u00e9s eszt\u00e9tik\u00e1j\u00e1t, mik\u00f6zben meg\u0151rzi a lehet\u0151 legt\u00f6bb eredeti foganyagot. Ezek a bet\u00e9tek \u00e1ltal\u00e1ban tart\u00f3sak \u00e9s term\u00e9szetes megjelen\u00e9s\u0171ek, \u00edgy hat\u00e9kony megold\u00e1st ny\u00fajtanak a fogp\u00f3tl\u00e1s ter\u00e9n.","og_url":"https:\/\/flexdent.hu\/en\/fogaszatoknak\/keramia-korona-inlay-onlay\/","og_site_name":"Flex-Dent","article_publisher":"https:\/\/www.facebook.com\/flexdent.hu","article_modified_time":"2026-03-23T18:00:23+00:00","og_image":[{"width":2560,"height":2560,"url":"https:\/\/flexdent.hu\/wp-content\/uploads\/2026\/03\/5a-cameo-inlay-scaled.jpg","type":"image\/jpeg"}],"twitter_card":"summary_large_image","twitter_misc":{"Estimated reading time":"1 minute"},"schema":{"@context":"https:\/\/schema.org","@graph":[{"@type":"WebPage","@id":"https:\/\/flexdent.hu\/fogaszatoknak\/keramia-korona-inlay-onlay\/","url":"https:\/\/flexdent.hu\/fogaszatoknak\/keramia-korona-inlay-onlay\/","name":"Ker\u00e1mia Korona (Inlay\/Onlay) - Flex-Dent","isPartOf":{"@id":"https:\/\/flexdent.hu\/#website"},"primaryImageOfPage":{"@id":"https:\/\/flexdent.hu\/fogaszatoknak\/keramia-korona-inlay-onlay\/#primaryimage"},"image":{"@id":"https:\/\/flexdent.hu\/fogaszatoknak\/keramia-korona-inlay-onlay\/#primaryimage"},"thumbnailUrl":"https:\/\/flexdent.hu\/wp-content\/uploads\/2026\/03\/5a-cameo-inlay-1024x1024.jpg","datePublished":"2023-09-01T08:09:13+00:00","dateModified":"2026-03-23T18:00:23+00:00","breadcrumb":{"@id":"https:\/\/flexdent.hu\/fogaszatoknak\/keramia-korona-inlay-onlay\/#breadcrumb"},"inLanguage":"en-GB","potentialAction":[{"@type":"ReadAction","target":["https:\/\/flexdent.hu\/fogaszatoknak\/keramia-korona-inlay-onlay\/"]}]},{"@type":"ImageObject","inLanguage":"en-GB","@id":"https:\/\/flexdent.hu\/fogaszatoknak\/keramia-korona-inlay-onlay\/#primaryimage","url":"https:\/\/flexdent.hu\/wp-content\/uploads\/2026\/03\/5a-cameo-inlay-1024x1024.jpg","contentUrl":"https:\/\/flexdent.hu\/wp-content\/uploads\/2026\/03\/5a-cameo-inlay-1024x1024.jpg"},{"@type":"BreadcrumbList","@id":"https:\/\/flexdent.hu\/fogaszatoknak\/keramia-korona-inlay-onlay\/#breadcrumb","itemListElement":[{"@type":"ListItem","position":1,"name":"Home","item":"https:\/\/flexdent.hu\/"},{"@type":"ListItem","position":2,"name":"Fog\u00e1szatoknak","item":"https:\/\/flexdent.hu\/fogaszatoknak\/"},{"@type":"ListItem","position":3,"name":"Ker\u00e1mia Korona (Inlay\/Onlay)"}]},{"@type":"WebSite","@id":"https:\/\/flexdent.hu\/#website","url":"https:\/\/flexdent.hu\/","name":"Flex-Dent","description":"CAD-CAM Fr\u00e9zcentrum - Mosonmagyar\u00f3v\u00e1r","potentialAction":[{"@type":"SearchAction","target":{"@type":"EntryPoint","urlTemplate":"https:\/\/flexdent.hu\/?s={search_term_string}"},"query-input":{"@type":"PropertyValueSpecification","valueRequired":true,"valueName":"search_term_string"}}],"inLanguage":"en-GB"}]}},"_links":{"self":[{"href":"https:\/\/flexdent.hu\/en\/wp-json\/wp\/v2\/pages\/431","targetHints":{"allow":["GET"]}}],"collection":[{"href":"https:\/\/flexdent.hu\/en\/wp-json\/wp\/v2\/pages"}],"about":[{"href":"https:\/\/flexdent.hu\/en\/wp-json\/wp\/v2\/types\/page"}],"author":[{"embeddable":true,"href":"https:\/\/flexdent.hu\/en\/wp-json\/wp\/v2\/users\/4"}],"replies":[{"embeddable":true,"href":"https:\/\/flexdent.hu\/en\/wp-json\/wp\/v2\/comments?post=431"}],"version-history":[{"count":11,"href":"https:\/\/flexdent.hu\/en\/wp-json\/wp\/v2\/pages\/431\/revisions"}],"predecessor-version":[{"id":2570,"href":"https:\/\/flexdent.hu\/en\/wp-json\/wp\/v2\/pages\/431\/revisions\/2570"}],"up":[{"embeddable":true,"href":"https:\/\/flexdent.hu\/en\/wp-json\/wp\/v2\/pages\/61"}],"wp:attachment":[{"href":"https:\/\/flexdent.hu\/en\/wp-json\/wp\/v2\/media?parent=431"}],"curies":[{"name":"wp","href":"https:\/\/api.w.org\/{rel}","templated":true}]}}