



{"id":43,"date":"2023-08-28T13:25:54","date_gmt":"2023-08-28T13:25:54","guid":{"rendered":"https:\/\/flexdent.hu\/?page_id=43"},"modified":"2026-03-24T11:01:10","modified_gmt":"2026-03-24T10:01:10","slug":"galeria","status":"publish","type":"page","link":"https:\/\/flexdent.hu\/en\/galeria\/","title":{"rendered":"Gallery"},"content":{"rendered":"<div data-elementor-type=\"wp-post\" data-elementor-id=\"43\" class=\"elementor elementor-43\" data-elementor-post-type=\"page\">\n\t\t\t\t<div class=\"elementor-element elementor-element-6c33615 e-flex e-con-boxed e-con e-parent\" data-id=\"6c33615\" data-element_type=\"container\" data-e-type=\"container\" data-settings=\"{&quot;background_background&quot;:&quot;classic&quot;}\">\n\t\t\t\t\t<div class=\"e-con-inner\">\n\t\t<div class=\"elementor-element elementor-element-975acab e-con-full e-flex e-con e-child\" data-id=\"975acab\" data-element_type=\"container\" data-e-type=\"container\">\n\t\t\t\t<div class=\"elementor-element elementor-element-1d7d09c elementor-widget-mobile__width-auto elementor-widget elementor-widget-heading\" data-id=\"1d7d09c\" data-element_type=\"widget\" data-e-type=\"widget\" data-widget_type=\"heading.default\">\n\t\t\t\t<div class=\"elementor-widget-container\">\n\t\t\t\t\t<div class=\"elementor-heading-title elementor-size-default\"><a href=\"https:\/\/flexdent.hu\/en\/blog\/\">Gallery<\/a><\/div>\t\t\t\t<\/div>\n\t\t\t\t<\/div>\n\t\t\t\t<\/div>\n\t\t\t\t\t<\/div>\n\t\t\t\t<\/div>\n\t\t<div class=\"elementor-element elementor-element-6b17288 e-flex e-con-boxed e-con e-parent\" data-id=\"6b17288\" data-element_type=\"container\" data-e-type=\"container\">\n\t\t\t\t\t<div class=\"e-con-inner\">\n\t\t\t\t<div class=\"elementor-element elementor-element-ba1ee60 elementor-widget elementor-widget-ucaddon_flexdent_gallery\" data-id=\"ba1ee60\" data-element_type=\"widget\" data-e-type=\"widget\" data-widget_type=\"ucaddon_flexdent_gallery.default\">\n\t\t\t\t<div class=\"elementor-widget-container\">\n\t\t\t\t\t<!-- start FlexDent Gallery -->\n\t\t<link id='unitegallery-css' href='https:\/\/flexdent.hu\/wp-content\/plugins\/unlimited-elements-for-elementor-premium\/assets_libraries\/unitegallery\/css\/unite-gallery.css' type='text\/css' rel='stylesheet' >\n\t\t<link id='uc_ac_assets_file_ug_theme_default_css_3038-css' href='https:\/\/flexdent.hu\/wp-content\/uploads\/ac_assets\/uc_image_default_theme\/ug-theme-default.css' type='text\/css' rel='stylesheet' >\n\n\n\t\t\t<div id=\"uc_flexdent_gallery_elementor_ba1ee60\" class=\"uc-items-wrapper\" style=\"display:none; margin:0 auto;\"  data-remote-type=\"gallery\" data-custom-sethtml=\"true\" >\n\n\n<img decoding=\"async\" alt=\"3D Nyomtat\u00e1s | 3D Printing\"\n   src=\"https:\/\/flexdent.hu\/wp-content\/uploads\/2023\/09\/3D-nyomtatas-_-3D-printing-150x150.jpg\"\n    data-image=\"https:\/\/flexdent.hu\/wp-content\/uploads\/2023\/09\/3D-nyomtatas-_-3D-printing.jpg\"\n    data-title=\"3D Nyomtat\u00e1s | 3D Printing\">\n\n<img decoding=\"async\" alt=\"All-on-4 All-on-6 konstrukci\u00f3k | All-on-4 All-on-6 constructions\"\n   src=\"https:\/\/flexdent.hu\/wp-content\/uploads\/2023\/09\/All-on-4_All-on-6-konstrukciok-_-All-on-4_All-on-6-constructions-150x150.jpg\"\n    data-image=\"https:\/\/flexdent.hu\/wp-content\/uploads\/2023\/09\/All-on-4_All-on-6-konstrukciok-_-All-on-4_All-on-6-constructions.jpg\"\n    data-title=\"All-on-4 All-on-6 konstrukci\u00f3k | All-on-4 All-on-6 constructions\">\n\n<img decoding=\"async\" alt=\"CAD-CAM tervez\u00e9s | CAD-CAM Design\"\n   src=\"https:\/\/flexdent.hu\/wp-content\/uploads\/2023\/09\/CAD-CAM-tervezes-_-CAD-CAM-Design-150x150.jpg\"\n    data-image=\"https:\/\/flexdent.hu\/wp-content\/uploads\/2023\/09\/CAD-CAM-tervezes-_-CAD-CAM-Design.jpg\"\n    data-title=\"CAD-CAM tervez\u00e9s | CAD-CAM Design\">\n\n<img decoding=\"async\" alt=\"CAD-CAM\"\n   src=\"https:\/\/flexdent.hu\/wp-content\/uploads\/2023\/09\/CAD-CAM-150x150.jpg\"\n    data-image=\"https:\/\/flexdent.hu\/wp-content\/uploads\/2023\/09\/CAD-CAM.jpg\"\n    data-title=\"CAD-CAM\">\n\n<img decoding=\"async\" alt=\"Cirkon koron\u00e1k | Circonia crowns\"\n   src=\"https:\/\/flexdent.hu\/wp-content\/uploads\/2023\/09\/Cirkon-koronak-_-Circonia-crowns-150x150.jpg\"\n    data-image=\"https:\/\/flexdent.hu\/wp-content\/uploads\/2023\/09\/Cirkon-koronak-_-Circonia-crowns.jpg\"\n    data-title=\"Cirkon koron\u00e1k | Circonia crowns\">\n\n<img decoding=\"async\" alt=\"Cirkon multilayer anat\u00f3mikus koron\u00e1k | Circonia multilayer anatomical bridges\"\n   src=\"https:\/\/flexdent.hu\/wp-content\/uploads\/2023\/09\/Cirkon-multilayer-anatomikus-koronak-_-Circonia-multilayer-anatomical-bridges-150x150.jpg\"\n    data-image=\"https:\/\/flexdent.hu\/wp-content\/uploads\/2023\/09\/Cirkon-multilayer-anatomikus-koronak-_-Circonia-multilayer-anatomical-bridges.jpg\"\n    data-title=\"Cirkon multilayer anat\u00f3mikus koron\u00e1k | Circonia multilayer anatomical bridges\">\n\n<img decoding=\"async\" alt=\"Cirkon multilayer anat\u00f3mikus koron\u00e1k | Circonia multilayer anatomical crowns\"\n   src=\"https:\/\/flexdent.hu\/wp-content\/uploads\/2023\/09\/Cirkon-multilayer-anatomikus-koronak-_-Circonia-multilayer-anatomical-crowns-150x150.jpg\"\n    data-image=\"https:\/\/flexdent.hu\/wp-content\/uploads\/2023\/09\/Cirkon-multilayer-anatomikus-koronak-_-Circonia-multilayer-anatomical-crowns.jpg\"\n    data-title=\"Cirkon multilayer anat\u00f3mikus koron\u00e1k | Circonia multilayer anatomical crowns\">\n\n<img decoding=\"async\" alt=\"Cirkon-ker\u00e1mia koron\u00e1k_hidak | Cirkonia-ceramic crowns,bridges\"\n   src=\"https:\/\/flexdent.hu\/wp-content\/uploads\/2023\/09\/Cirkon-keramia-koronak_hidak-_-Cirkonia-ceramic-crownsbridges-150x150.jpg\"\n    data-image=\"https:\/\/flexdent.hu\/wp-content\/uploads\/2023\/09\/Cirkon-keramia-koronak_hidak-_-Cirkonia-ceramic-crownsbridges.jpg\"\n    data-title=\"Cirkon-ker\u00e1mia koron\u00e1k_hidak | Cirkonia-ceramic crowns,bridges\">\n\n<img decoding=\"async\" alt=\"F\u00e9m-ker\u00e1mia koron\u00e1k,hidak | Metal-ceramic crowns,bridges\"\n   src=\"https:\/\/flexdent.hu\/wp-content\/uploads\/2023\/09\/Fem-keramia-koronakhidak-_-Metal-ceramic-crownsbridges-150x150.jpg\"\n    data-image=\"https:\/\/flexdent.hu\/wp-content\/uploads\/2023\/09\/Fem-keramia-koronakhidak-_-Metal-ceramic-crownsbridges.jpg\"\n    data-title=\"F\u00e9m-ker\u00e1mia koron\u00e1k,hidak | Metal-ceramic crowns,bridges\">\n\n<img decoding=\"async\" alt=\"F\u00e9mlemezes p\u00f3tl\u00e1sok | Metal plates\"\n   src=\"https:\/\/flexdent.hu\/wp-content\/uploads\/2023\/09\/Femlemezes-potlasok-_-Metal-plates-150x150.jpg\"\n    data-image=\"https:\/\/flexdent.hu\/wp-content\/uploads\/2023\/09\/Femlemezes-potlasok-_-Metal-plates.jpg\"\n    data-title=\"F\u00e9mlemezes p\u00f3tl\u00e1sok | Metal plates\">\n\n<img decoding=\"async\" alt=\"F\u00e9mmentes p\u00f3tl\u00e1sok | Metal-free replacements\"\n   src=\"https:\/\/flexdent.hu\/wp-content\/uploads\/2023\/09\/Femmentes-potlasok-_-metal-free-replacements-150x150.jpg\"\n    data-image=\"https:\/\/flexdent.hu\/wp-content\/uploads\/2023\/09\/Femmentes-potlasok-_-metal-free-replacements.jpg\"\n    data-title=\"F\u00e9mmentes p\u00f3tl\u00e1sok | Metal-free replacements\">\n\n<img decoding=\"async\" alt=\"Fogsorok (3D nyomtatott) | 3D printed Dentures\"\n   src=\"https:\/\/flexdent.hu\/wp-content\/uploads\/2023\/09\/Fogsorok-3D-nyomtatott-_-3D-printed-Dentures-150x150.jpg\"\n    data-image=\"https:\/\/flexdent.hu\/wp-content\/uploads\/2023\/09\/Fogsorok-3D-nyomtatott-_-3D-printed-Dentures.jpg\"\n    data-title=\"Fogsorok (3D nyomtatott) | 3D printed Dentures\">\n\n<img decoding=\"async\" alt=\"Fogsorok (3D nyomtatott) | 3D Printed Dentures\"\n   src=\"https:\/\/flexdent.hu\/wp-content\/uploads\/2023\/09\/Fogsorok-3D-nyomtatott-_-3D-printed-Dentures_02-150x150.jpg\"\n    data-image=\"https:\/\/flexdent.hu\/wp-content\/uploads\/2023\/09\/Fogsorok-3D-nyomtatott-_-3D-printed-Dentures_02.jpg\"\n    data-title=\"Fogsorok (3D nyomtatott) | 3D Printed Dentures\">\n\n<img decoding=\"async\" alt=\"Ideiglenes koron\u00e1k, hidak | PMMA temporary crowns, bridges\"\n   src=\"https:\/\/flexdent.hu\/wp-content\/uploads\/2023\/09\/Ideiglenes-koronakhidak-_-PMMA-temporary-crownsbridges-150x150.jpg\"\n    data-image=\"https:\/\/flexdent.hu\/wp-content\/uploads\/2023\/09\/Ideiglenes-koronakhidak-_-PMMA-temporary-crownsbridges.jpg\"\n    data-title=\"Ideiglenes koron\u00e1k, hidak | PMMA temporary crowns, bridges\">\n\n<img decoding=\"async\" alt=\"Ideiglenes koron\u00e1k-hidak PMMA\"\n   src=\"https:\/\/flexdent.hu\/wp-content\/uploads\/2023\/09\/Ideiglenes-koronak_hidak-PMMA-150x150.jpg\"\n    data-image=\"https:\/\/flexdent.hu\/wp-content\/uploads\/2023\/09\/Ideiglenes-koronak_hidak-PMMA.jpg\"\n    data-title=\"Ideiglenes koron\u00e1k-hidak PMMA\">\n\n<img decoding=\"async\" alt=\"Implantatum felepitmenyek | Implant customised abutment\"\n   src=\"https:\/\/flexdent.hu\/wp-content\/uploads\/2023\/09\/Implantatum_felepitmenyek-_-implant-customised-abutment-150x150.jpg\"\n    data-image=\"https:\/\/flexdent.hu\/wp-content\/uploads\/2023\/09\/Implantatum_felepitmenyek-_-implant-customised-abutment.jpg\"\n    data-title=\"Implantatum felepitmenyek | Implant customised abutment\">\n\n<img decoding=\"async\" alt=\"Implant\u00e1tumos munk\u00e1k | Implant works\"\n   src=\"https:\/\/flexdent.hu\/wp-content\/uploads\/2023\/09\/Implantatumos-munkak-_-implant-works-150x150.jpg\"\n    data-image=\"https:\/\/flexdent.hu\/wp-content\/uploads\/2023\/09\/Implantatumos-munkak-_-implant-works.jpg\"\n    data-title=\"Implant\u00e1tumos munk\u00e1k | Implant works\">\n\n<img decoding=\"async\" alt=\"Ker\u00e1mia h\u00e9j | Ceramic veneer\"\n   src=\"https:\/\/flexdent.hu\/wp-content\/uploads\/2023\/09\/Keramia-hej-_-Ceramic-veneer-150x150.jpg\"\n    data-image=\"https:\/\/flexdent.hu\/wp-content\/uploads\/2023\/09\/Keramia-hej-_-Ceramic-veneer.jpg\"\n    data-title=\"Ker\u00e1mia h\u00e9j | Ceramic veneer\">\n\n<img decoding=\"async\" alt=\"Ker\u00e1mia korona inlay_onlay | Ceramic crowns inlay_onlay\"\n   src=\"https:\/\/flexdent.hu\/wp-content\/uploads\/2023\/09\/Keramia-korona-inlay_onlay-_-Ceramic-crowns-inlay_onlay-150x150.jpg\"\n    data-image=\"https:\/\/flexdent.hu\/wp-content\/uploads\/2023\/09\/Keramia-korona-inlay_onlay-_-Ceramic-crowns-inlay_onlay.jpg\"\n    data-title=\"Ker\u00e1mia korona inlay_onlay | Ceramic crowns inlay_onlay\">\n\n<img decoding=\"async\" alt=\"L\u00e9zeres f\u00e9mnyomtat\u00e1s | Laser metal printing\"\n   src=\"https:\/\/flexdent.hu\/wp-content\/uploads\/2023\/09\/Lezeres-femnyomtatas-_-Laser-metal-printing-150x150.png\"\n    data-image=\"https:\/\/flexdent.hu\/wp-content\/uploads\/2023\/09\/Lezeres-femnyomtatas-_-Laser-metal-printing.png\"\n    data-title=\"L\u00e9zeres f\u00e9mnyomtat\u00e1s | Laser metal printing\">\n\n<img decoding=\"async\" alt=\"M\u0171anyag modell, szekci\u00f3s_antagonista | Sectional, antagonist\"\n   src=\"https:\/\/flexdent.hu\/wp-content\/uploads\/2023\/09\/Muanyag-modell-szekcios_antagonista-_-sectional-antagonist-150x150.jpg\"\n    data-image=\"https:\/\/flexdent.hu\/wp-content\/uploads\/2023\/09\/Muanyag-modell-szekcios_antagonista-_-sectional-antagonist.jpg\"\n    data-title=\"M\u0171anyag modell, szekci\u00f3s_antagonista | Sectional, antagonist\">\n\n<img decoding=\"async\" alt=\"Nyomtatott modellek | 3D printed models\"\n   src=\"https:\/\/flexdent.hu\/wp-content\/uploads\/2023\/09\/Nyomtatott-modellek-_-3D-printed-models1-150x150.jpg\"\n    data-image=\"https:\/\/flexdent.hu\/wp-content\/uploads\/2023\/09\/Nyomtatott-modellek-_-3D-printed-models1.jpg\"\n    data-title=\"Nyomtatott modellek | 3D printed models\">\n\n<img decoding=\"async\" alt=\"Nyomtatott modellek | 3D printed models\"\n   src=\"https:\/\/flexdent.hu\/wp-content\/uploads\/2023\/09\/Nyomtatott-modellek-_-3D-printed-models-150x150.jpg\"\n    data-image=\"https:\/\/flexdent.hu\/wp-content\/uploads\/2023\/09\/Nyomtatott-modellek-_-3D-printed-models.jpg\"\n    data-title=\"Nyomtatott modellek | 3D printed models\">\n\n<img decoding=\"async\" alt=\"Peek lemez | Peek plate\"\n   src=\"https:\/\/flexdent.hu\/wp-content\/uploads\/2023\/09\/Peek-lemez-_-Peek-plate-150x150.jpg\"\n    data-image=\"https:\/\/flexdent.hu\/wp-content\/uploads\/2023\/09\/Peek-lemez-_-Peek-plate.jpg\"\n    data-title=\"Peek lemez | Peek plate\">\n\n<img decoding=\"async\" alt=\"Peek lemez mar\u00e1s | Peek plate milling\"\n   src=\"https:\/\/flexdent.hu\/wp-content\/uploads\/2023\/09\/Peek-lemez-maras-_-Peek-plate-milling-150x150.jpg\"\n    data-image=\"https:\/\/flexdent.hu\/wp-content\/uploads\/2023\/09\/Peek-lemez-maras-_-Peek-plate-milling.jpg\"\n    data-title=\"Peek lemez mar\u00e1s | Peek plate milling\">\n\n<img decoding=\"async\" alt=\"PMMA ideiglenes p\u00f3tl\u00e1sok | PMMA temporary replacements\"\n   src=\"https:\/\/flexdent.hu\/wp-content\/uploads\/2023\/09\/PMMA-ideiglenes-potlasok-_-PMMA-temporary-replacements-150x150.jpg\"\n    data-image=\"https:\/\/flexdent.hu\/wp-content\/uploads\/2023\/09\/PMMA-ideiglenes-potlasok-_-PMMA-temporary-replacements.jpg\"\n    data-title=\"PMMA ideiglenes p\u00f3tl\u00e1sok | PMMA temporary replacements\">\n\n<img decoding=\"async\" alt=\"Sint Mill\"\n   src=\"https:\/\/flexdent.hu\/wp-content\/uploads\/2023\/09\/Sint_Mill1-150x150.jpg\"\n    data-image=\"https:\/\/flexdent.hu\/wp-content\/uploads\/2023\/09\/Sint_Mill1.jpg\"\n    data-title=\"Sint Mill\">\n\n<img decoding=\"async\" alt=\"Sint Mill\"\n   src=\"https:\/\/flexdent.hu\/wp-content\/uploads\/2023\/09\/Sint_Mill-150x150.jpg\"\n    data-image=\"https:\/\/flexdent.hu\/wp-content\/uploads\/2023\/09\/Sint_Mill.jpg\"\n    data-title=\"Sint Mill\">\n\n<img decoding=\"async\" alt=\"Sint Mill All-on-4\"\n   src=\"https:\/\/flexdent.hu\/wp-content\/uploads\/2023\/09\/Sint_Mill_all-on-4-150x150.jpg\"\n    data-image=\"https:\/\/flexdent.hu\/wp-content\/uploads\/2023\/09\/Sint_Mill_all-on-4.jpg\"\n    data-title=\"Sint Mill All-on-4\">\n\n<img decoding=\"async\" alt=\"Sint Mill All-on-6\"\n   src=\"https:\/\/flexdent.hu\/wp-content\/uploads\/2023\/09\/Sint_Mill_all-on-6-150x150.jpg\"\n    data-image=\"https:\/\/flexdent.hu\/wp-content\/uploads\/2023\/09\/Sint_Mill_all-on-6.jpg\"\n    data-title=\"Sint Mill All-on-6\">\n\n<img decoding=\"async\" alt=\"Sint Mill csavaros r\u00f6gz\u00edt\u00e9s\u0171 p\u00f3tl\u00e1sok | Screw-retained replacement\"\n   src=\"https:\/\/flexdent.hu\/wp-content\/uploads\/2023\/09\/sint_mill_csavaros-rogzitesu-potlasok-_-screw-retained-replacement_-150x150.jpg\"\n    data-image=\"https:\/\/flexdent.hu\/wp-content\/uploads\/2023\/09\/sint_mill_csavaros-rogzitesu-potlasok-_-screw-retained-replacement_.jpg\"\n    data-title=\"Sint Mill csavaros r\u00f6gz\u00edt\u00e9s\u0171 p\u00f3tl\u00e1sok | Screw-retained replacement\">\n\n<img decoding=\"async\" alt=\"Sint Mill St\u00e9gek | Sint Mill Bars\"\n   src=\"https:\/\/flexdent.hu\/wp-content\/uploads\/2023\/09\/Sint_Mill_stegek-_-Sint_Mill-Bars-150x150.jpg\"\n    data-image=\"https:\/\/flexdent.hu\/wp-content\/uploads\/2023\/09\/Sint_Mill_stegek-_-Sint_Mill-Bars.jpg\"\n    data-title=\"Sint Mill St\u00e9gek | Sint Mill Bars\">\n\n<img decoding=\"async\" alt=\"Sinter Laser\"\n   src=\"https:\/\/flexdent.hu\/wp-content\/uploads\/2023\/09\/Sinter-Laser-150x150.webp\"\n    data-image=\"https:\/\/flexdent.hu\/wp-content\/uploads\/2023\/09\/Sinter-Laser.webp\"\n    data-title=\"Sinter Laser\">\n\n<img decoding=\"async\" alt=\"Sinter v\u00e1zak | Sinter frames\"\n   src=\"https:\/\/flexdent.hu\/wp-content\/uploads\/2023\/09\/Sinter-vazak-_-Sinter-frames-150x150.jpg\"\n    data-image=\"https:\/\/flexdent.hu\/wp-content\/uploads\/2023\/09\/Sinter-vazak-_-Sinter-frames.jpg\"\n    data-title=\"Sinter v\u00e1zak | Sinter frames\">\n\n<img decoding=\"async\" alt=\"St\u00e9ges p\u00f3tl\u00e1sok | Bar prosthesis\"\n   src=\"https:\/\/flexdent.hu\/wp-content\/uploads\/2023\/09\/Steges-potlasok-_-Bar-prosthesis-150x150.jpg\"\n    data-image=\"https:\/\/flexdent.hu\/wp-content\/uploads\/2023\/09\/Steges-potlasok-_-Bar-prosthesis.jpg\"\n    data-title=\"St\u00e9ges p\u00f3tl\u00e1sok | Bar prosthesis\">\n\n<img decoding=\"async\" alt=\"St\u00e9ges p\u00f3tl\u00e1sok | Sinter Bar prosthesis\"\n   src=\"https:\/\/flexdent.hu\/wp-content\/uploads\/2023\/09\/Steges-potlasok-_-Sinter-Bar-prosthesis-150x150.jpg\"\n    data-image=\"https:\/\/flexdent.hu\/wp-content\/uploads\/2023\/09\/Steges-potlasok-_-Sinter-Bar-prosthesis.jpg\"\n    data-title=\"St\u00e9ges p\u00f3tl\u00e1sok | Sinter Bar prosthesis\">\n\n<img decoding=\"async\" alt=\"TruPrint 1000\"\n   src=\"https:\/\/flexdent.hu\/wp-content\/uploads\/2023\/09\/trup-print-1000-150x150.jpg\"\n    data-image=\"https:\/\/flexdent.hu\/wp-content\/uploads\/2023\/09\/trup-print-1000.jpg\"\n    data-title=\"TruPrint 1000\">\n\n<img decoding=\"async\" alt=\"7\"\n   src=\"https:\/\/flexdent.hu\/wp-content\/uploads\/2026\/03\/7-150x150.png\"\n    data-image=\"https:\/\/flexdent.hu\/wp-content\/uploads\/2026\/03\/7.png\"\n    data-title=\"7\">\n\n<img decoding=\"async\" alt=\"6\"\n   src=\"https:\/\/flexdent.hu\/wp-content\/uploads\/2026\/03\/6-150x150.png\"\n    data-image=\"https:\/\/flexdent.hu\/wp-content\/uploads\/2026\/03\/6.png\"\n    data-title=\"6\">\n\n<img decoding=\"async\" alt=\"5\"\n   src=\"https:\/\/flexdent.hu\/wp-content\/uploads\/2026\/03\/5-150x150.png\"\n    data-image=\"https:\/\/flexdent.hu\/wp-content\/uploads\/2026\/03\/5.png\"\n    data-title=\"5\">\n\n<img decoding=\"async\" alt=\"4\"\n   src=\"https:\/\/flexdent.hu\/wp-content\/uploads\/2026\/03\/4-150x150.png\"\n    data-image=\"https:\/\/flexdent.hu\/wp-content\/uploads\/2026\/03\/4.png\"\n    data-title=\"4\">\n\n<img decoding=\"async\" alt=\"3\"\n   src=\"https:\/\/flexdent.hu\/wp-content\/uploads\/2026\/03\/3-150x150.png\"\n    data-image=\"https:\/\/flexdent.hu\/wp-content\/uploads\/2026\/03\/3.png\"\n    data-title=\"3\">\n\n<img decoding=\"async\" alt=\"2\"\n   src=\"https:\/\/flexdent.hu\/wp-content\/uploads\/2026\/03\/2-150x150.png\"\n    data-image=\"https:\/\/flexdent.hu\/wp-content\/uploads\/2026\/03\/2.png\"\n    data-title=\"2\">\n\n<img decoding=\"async\" alt=\"1\"\n   src=\"https:\/\/flexdent.hu\/wp-content\/uploads\/2026\/03\/1-150x150.png\"\n    data-image=\"https:\/\/flexdent.hu\/wp-content\/uploads\/2026\/03\/1.png\"\n    data-title=\"1\">\n\n  \n<\/div>\n\t\t\t<!-- end FlexDent Gallery -->\t\t\t\t<\/div>\n\t\t\t\t<\/div>\n\t\t\t\t\t<\/div>\n\t\t\t\t<\/div>\n\t\t\t\t<\/div>","protected":false},"excerpt":{"rendered":"","protected":false},"author":4,"featured_media":0,"parent":0,"menu_order":0,"comment_status":"closed","ping_status":"closed","template":"","meta":{"footnotes":""},"class_list":["post-43","page","type-page","status-publish","hentry"],"yoast_head":"<!-- This site is optimized with the Yoast SEO plugin v27.2 - https:\/\/yoast.com\/product\/yoast-seo-wordpress\/ -->\n<title>Gal\u00e9ria - Flex-Dent<\/title>\n<meta name=\"robots\" content=\"index, follow, max-snippet:-1, max-image-preview:large, max-video-preview:-1\" \/>\n<link rel=\"canonical\" href=\"https:\/\/flexdent.hu\/en\/galeria\/\" \/>\n<meta property=\"og:locale\" content=\"en_GB\" \/>\n<meta property=\"og:type\" content=\"article\" \/>\n<meta property=\"og:title\" content=\"Gal\u00e9ria - Flex-Dent\" \/>\n<meta property=\"og:url\" content=\"https:\/\/flexdent.hu\/en\/galeria\/\" \/>\n<meta property=\"og:site_name\" content=\"Flex-Dent\" \/>\n<meta property=\"article:publisher\" content=\"https:\/\/www.facebook.com\/flexdent.hu\" \/>\n<meta property=\"article:modified_time\" content=\"2026-03-24T10:01:10+00:00\" \/>\n<meta property=\"og:image\" content=\"https:\/\/flexdent.hu\/wp-content\/uploads\/2023\/09\/3D-nyomtatas-_-3D-printing-150x150.jpg\" \/>\n<meta name=\"twitter:card\" content=\"summary_large_image\" \/>\n<meta name=\"twitter:label1\" content=\"Estimated reading time\" \/>\n\t<meta name=\"twitter:data1\" content=\"9 minutes\" \/>\n<script type=\"application\/ld+json\" class=\"yoast-schema-graph\">{\"@context\":\"https:\/\/schema.org\",\"@graph\":[{\"@type\":\"WebPage\",\"@id\":\"https:\/\/flexdent.hu\/galeria\/\",\"url\":\"https:\/\/flexdent.hu\/galeria\/\",\"name\":\"Gal\u00e9ria - Flex-Dent\",\"isPartOf\":{\"@id\":\"https:\/\/flexdent.hu\/#website\"},\"primaryImageOfPage\":{\"@id\":\"https:\/\/flexdent.hu\/galeria\/#primaryimage\"},\"image\":{\"@id\":\"https:\/\/flexdent.hu\/galeria\/#primaryimage\"},\"thumbnailUrl\":\"https:\/\/flexdent.hu\/wp-content\/uploads\/2023\/09\/3D-nyomtatas-_-3D-printing-150x150.jpg\",\"datePublished\":\"2023-08-28T13:25:54+00:00\",\"dateModified\":\"2026-03-24T10:01:10+00:00\",\"breadcrumb\":{\"@id\":\"https:\/\/flexdent.hu\/galeria\/#breadcrumb\"},\"inLanguage\":\"en-GB\",\"potentialAction\":[{\"@type\":\"ReadAction\",\"target\":[\"https:\/\/flexdent.hu\/galeria\/\"]}]},{\"@type\":\"ImageObject\",\"inLanguage\":\"en-GB\",\"@id\":\"https:\/\/flexdent.hu\/galeria\/#primaryimage\",\"url\":\"https:\/\/flexdent.hu\/wp-content\/uploads\/2023\/09\/3D-nyomtatas-_-3D-printing-150x150.jpg\",\"contentUrl\":\"https:\/\/flexdent.hu\/wp-content\/uploads\/2023\/09\/3D-nyomtatas-_-3D-printing-150x150.jpg\"},{\"@type\":\"BreadcrumbList\",\"@id\":\"https:\/\/flexdent.hu\/galeria\/#breadcrumb\",\"itemListElement\":[{\"@type\":\"ListItem\",\"position\":1,\"name\":\"Home\",\"item\":\"https:\/\/flexdent.hu\/\"},{\"@type\":\"ListItem\",\"position\":2,\"name\":\"Gal\u00e9ria\"}]},{\"@type\":\"WebSite\",\"@id\":\"https:\/\/flexdent.hu\/#website\",\"url\":\"https:\/\/flexdent.hu\/\",\"name\":\"Flex-Dent\",\"description\":\"CAD-CAM Fr\u00e9zcentrum - Mosonmagyar\u00f3v\u00e1r\",\"potentialAction\":[{\"@type\":\"SearchAction\",\"target\":{\"@type\":\"EntryPoint\",\"urlTemplate\":\"https:\/\/flexdent.hu\/?s={search_term_string}\"},\"query-input\":{\"@type\":\"PropertyValueSpecification\",\"valueRequired\":true,\"valueName\":\"search_term_string\"}}],\"inLanguage\":\"en-GB\"}]}<\/script>\n<!-- \/ Yoast SEO plugin. -->","yoast_head_json":{"title":"Gal\u00e9ria - Flex-Dent","robots":{"index":"index","follow":"follow","max-snippet":"max-snippet:-1","max-image-preview":"max-image-preview:large","max-video-preview":"max-video-preview:-1"},"canonical":"https:\/\/flexdent.hu\/en\/galeria\/","og_locale":"en_GB","og_type":"article","og_title":"Gal\u00e9ria - Flex-Dent","og_url":"https:\/\/flexdent.hu\/en\/galeria\/","og_site_name":"Flex-Dent","article_publisher":"https:\/\/www.facebook.com\/flexdent.hu","article_modified_time":"2026-03-24T10:01:10+00:00","og_image":[{"url":"https:\/\/flexdent.hu\/wp-content\/uploads\/2023\/09\/3D-nyomtatas-_-3D-printing-150x150.jpg","type":"","width":"","height":""}],"twitter_card":"summary_large_image","twitter_misc":{"Estimated reading time":"9 minutes"},"schema":{"@context":"https:\/\/schema.org","@graph":[{"@type":"WebPage","@id":"https:\/\/flexdent.hu\/galeria\/","url":"https:\/\/flexdent.hu\/galeria\/","name":"Gal\u00e9ria - Flex-Dent","isPartOf":{"@id":"https:\/\/flexdent.hu\/#website"},"primaryImageOfPage":{"@id":"https:\/\/flexdent.hu\/galeria\/#primaryimage"},"image":{"@id":"https:\/\/flexdent.hu\/galeria\/#primaryimage"},"thumbnailUrl":"https:\/\/flexdent.hu\/wp-content\/uploads\/2023\/09\/3D-nyomtatas-_-3D-printing-150x150.jpg","datePublished":"2023-08-28T13:25:54+00:00","dateModified":"2026-03-24T10:01:10+00:00","breadcrumb":{"@id":"https:\/\/flexdent.hu\/galeria\/#breadcrumb"},"inLanguage":"en-GB","potentialAction":[{"@type":"ReadAction","target":["https:\/\/flexdent.hu\/galeria\/"]}]},{"@type":"ImageObject","inLanguage":"en-GB","@id":"https:\/\/flexdent.hu\/galeria\/#primaryimage","url":"https:\/\/flexdent.hu\/wp-content\/uploads\/2023\/09\/3D-nyomtatas-_-3D-printing-150x150.jpg","contentUrl":"https:\/\/flexdent.hu\/wp-content\/uploads\/2023\/09\/3D-nyomtatas-_-3D-printing-150x150.jpg"},{"@type":"BreadcrumbList","@id":"https:\/\/flexdent.hu\/galeria\/#breadcrumb","itemListElement":[{"@type":"ListItem","position":1,"name":"Home","item":"https:\/\/flexdent.hu\/"},{"@type":"ListItem","position":2,"name":"Gal\u00e9ria"}]},{"@type":"WebSite","@id":"https:\/\/flexdent.hu\/#website","url":"https:\/\/flexdent.hu\/","name":"Flex-Dent","description":"CAD-CAM Fr\u00e9zcentrum - Mosonmagyar\u00f3v\u00e1r","potentialAction":[{"@type":"SearchAction","target":{"@type":"EntryPoint","urlTemplate":"https:\/\/flexdent.hu\/?s={search_term_string}"},"query-input":{"@type":"PropertyValueSpecification","valueRequired":true,"valueName":"search_term_string"}}],"inLanguage":"en-GB"}]}},"_links":{"self":[{"href":"https:\/\/flexdent.hu\/en\/wp-json\/wp\/v2\/pages\/43","targetHints":{"allow":["GET"]}}],"collection":[{"href":"https:\/\/flexdent.hu\/en\/wp-json\/wp\/v2\/pages"}],"about":[{"href":"https:\/\/flexdent.hu\/en\/wp-json\/wp\/v2\/types\/page"}],"author":[{"embeddable":true,"href":"https:\/\/flexdent.hu\/en\/wp-json\/wp\/v2\/users\/4"}],"replies":[{"embeddable":true,"href":"https:\/\/flexdent.hu\/en\/wp-json\/wp\/v2\/comments?post=43"}],"version-history":[{"count":25,"href":"https:\/\/flexdent.hu\/en\/wp-json\/wp\/v2\/pages\/43\/revisions"}],"predecessor-version":[{"id":2750,"href":"https:\/\/flexdent.hu\/en\/wp-json\/wp\/v2\/pages\/43\/revisions\/2750"}],"wp:attachment":[{"href":"https:\/\/flexdent.hu\/en\/wp-json\/wp\/v2\/media?parent=43"}],"curies":[{"name":"wp","href":"https:\/\/api.w.org\/{rel}","templated":true}]}}