



{"id":415,"date":"2023-09-01T08:01:36","date_gmt":"2023-09-01T08:01:36","guid":{"rendered":"https:\/\/flexdent.hu\/?page_id=415"},"modified":"2026-03-23T19:27:05","modified_gmt":"2026-03-23T18:27:05","slug":"femlemezes-potlasok","status":"publish","type":"page","link":"https:\/\/flexdent.hu\/en\/fogaszatoknak\/femlemezes-potlasok\/","title":{"rendered":"METAL PLATES"},"content":{"rendered":"<div data-elementor-type=\"wp-post\" data-elementor-id=\"415\" class=\"elementor elementor-415\" data-elementor-post-type=\"page\">\n\t\t\t\t<div class=\"elementor-element elementor-element-12c0ec4 e-flex e-con-boxed e-con e-parent\" data-id=\"12c0ec4\" data-element_type=\"container\" data-e-type=\"container\" data-settings=\"{&quot;background_background&quot;:&quot;classic&quot;}\">\n\t\t\t\t\t<div class=\"e-con-inner\">\n\t\t<div class=\"elementor-element elementor-element-a0d573d e-con-full e-flex e-con e-child\" data-id=\"a0d573d\" data-element_type=\"container\" data-e-type=\"container\">\n\t\t\t\t<div class=\"elementor-element elementor-element-0dbb1b7 elementor-widget elementor-widget-heading\" data-id=\"0dbb1b7\" data-element_type=\"widget\" data-e-type=\"widget\" data-widget_type=\"heading.default\">\n\t\t\t\t<div class=\"elementor-widget-container\">\n\t\t\t\t\t<div class=\"elementor-heading-title elementor-size-default\"><a href=\"https:\/\/flexdent.hu\/en\/fogaszatoknak\/\">For Dentists<\/a><\/div>\t\t\t\t<\/div>\n\t\t\t\t<\/div>\n\t\t\t\t<div class=\"elementor-element elementor-element-6c1e138 elementor-widget elementor-widget-heading\" data-id=\"6c1e138\" data-element_type=\"widget\" data-e-type=\"widget\" data-widget_type=\"heading.default\">\n\t\t\t\t<div class=\"elementor-widget-container\">\n\t\t\t\t\t<h1 class=\"elementor-heading-title elementor-size-default\">METAL PLATES<\/h1>\t\t\t\t<\/div>\n\t\t\t\t<\/div>\n\t\t\t\t<\/div>\n\t\t\t\t\t<\/div>\n\t\t\t\t<\/div>\n\t\t<div class=\"elementor-element elementor-element-7d0fd21 e-flex e-con-boxed e-con e-parent\" data-id=\"7d0fd21\" data-element_type=\"container\" data-e-type=\"container\">\n\t\t\t\t\t<div class=\"e-con-inner\">\n\t\t<div class=\"elementor-element elementor-element-41ec240 e-con-full e-flex e-con e-child\" data-id=\"41ec240\" data-element_type=\"container\" data-e-type=\"container\">\n\t\t\t\t<div class=\"elementor-element elementor-element-9ce7ab4 elementor-widget elementor-widget-text-editor\" data-id=\"9ce7ab4\" data-element_type=\"widget\" data-e-type=\"widget\" data-widget_type=\"text-editor.default\">\n\t\t\t\t<div class=\"elementor-widget-container\">\n\t\t\t\t\t\t\t\t\tMetal-plate dentures, dental and prosthodontic procedures that replace missing teeth. These prostheses are durable and reliable because they combine functionality and aesthetics by reinforcing the metal base with a tooth-coloured ceramic composite coating or acrylic denture.\t\t\t\t\t\t\t\t<\/div>\n\t\t\t\t<\/div>\n\t\t\t\t<\/div>\n\t\t<div class=\"elementor-element elementor-element-6e0a3f6 e-con-full e-flex e-con e-child\" data-id=\"6e0a3f6\" data-element_type=\"container\" data-e-type=\"container\">\n\t\t\t\t<\/div>\n\t\t\t\t\t<\/div>\n\t\t\t\t<\/div>\n\t\t<div class=\"elementor-element elementor-element-1e0cd1b e-grid e-con-boxed e-con e-parent\" data-id=\"1e0cd1b\" data-element_type=\"container\" data-e-type=\"container\">\n\t\t\t\t\t<div class=\"e-con-inner\">\n\t\t\t\t<div class=\"elementor-element elementor-element-30e2ddd elementor-widget elementor-widget-image\" data-id=\"30e2ddd\" data-element_type=\"widget\" data-e-type=\"widget\" data-widget_type=\"image.default\">\n\t\t\t\t<div class=\"elementor-widget-container\">\n\t\t\t\t\t\t\t\t\t\t\t\t\t\t\t\t<a href=\"https:\/\/flexdent.hu\/wp-content\/uploads\/2026\/03\/2a.-femlemez_felso-scaled.jpg\" data-elementor-open-lightbox=\"yes\" data-elementor-lightbox-title=\"Stacked from 3 images. Method=C (S=1)\" data-e-action-hash=\"#elementor-action%3Aaction%3Dlightbox%26settings%3DeyJpZCI6MjYwNSwidXJsIjoiaHR0cHM6XC9cL2ZsZXhkZW50Lmh1XC93cC1jb250ZW50XC91cGxvYWRzXC8yMDI2XC8wM1wvMmEuLWZlbWxlbWV6X2ZlbHNvLXNjYWxlZC5qcGcifQ%3D%3D\">\n\t\t\t\t\t\t\t<img fetchpriority=\"high\" decoding=\"async\" width=\"800\" height=\"800\" src=\"https:\/\/flexdent.hu\/wp-content\/uploads\/2026\/03\/2a.-femlemez_felso-1024x1024.jpg\" class=\"attachment-large size-large wp-image-2605\" alt=\"\" srcset=\"https:\/\/flexdent.hu\/wp-content\/uploads\/2026\/03\/2a.-femlemez_felso-1024x1024.jpg 1024w, https:\/\/flexdent.hu\/wp-content\/uploads\/2026\/03\/2a.-femlemez_felso-300x300.jpg 300w, https:\/\/flexdent.hu\/wp-content\/uploads\/2026\/03\/2a.-femlemez_felso-150x150.jpg 150w, https:\/\/flexdent.hu\/wp-content\/uploads\/2026\/03\/2a.-femlemez_felso-768x768.jpg 768w, https:\/\/flexdent.hu\/wp-content\/uploads\/2026\/03\/2a.-femlemez_felso-1536x1536.jpg 1536w, https:\/\/flexdent.hu\/wp-content\/uploads\/2026\/03\/2a.-femlemez_felso-2048x2048.jpg 2048w, https:\/\/flexdent.hu\/wp-content\/uploads\/2026\/03\/2a.-femlemez_felso-12x12.jpg 12w\" sizes=\"(max-width: 800px) 100vw, 800px\" \/>\t\t\t\t\t\t\t\t<\/a>\n\t\t\t\t\t\t\t\t\t\t\t\t\t\t\t<\/div>\n\t\t\t\t<\/div>\n\t\t\t\t<div class=\"elementor-element elementor-element-155165c elementor-widget elementor-widget-image\" data-id=\"155165c\" data-element_type=\"widget\" data-e-type=\"widget\" data-widget_type=\"image.default\">\n\t\t\t\t<div class=\"elementor-widget-container\">\n\t\t\t\t\t\t\t\t\t\t\t\t\t\t\t\t<a href=\"https:\/\/flexdent.hu\/wp-content\/uploads\/2023\/09\/Femlemezes-potlasok.jpeg\" data-elementor-open-lightbox=\"yes\" data-elementor-lightbox-title=\"F\u00e9mlemezes p\u00f3tl\u00e1sok\" data-e-action-hash=\"#elementor-action%3Aaction%3Dlightbox%26settings%3DeyJpZCI6NDE4LCJ1cmwiOiJodHRwczpcL1wvZmxleGRlbnQuaHVcL3dwLWNvbnRlbnRcL3VwbG9hZHNcLzIwMjNcLzA5XC9GZW1sZW1lemVzLXBvdGxhc29rLmpwZWcifQ%3D%3D\">\n\t\t\t\t\t\t\t<img decoding=\"async\" width=\"1600\" height=\"1067\" src=\"https:\/\/flexdent.hu\/wp-content\/uploads\/2023\/09\/Femlemezes-potlasok.jpeg\" class=\"attachment-full size-full wp-image-418\" alt=\"\" srcset=\"https:\/\/flexdent.hu\/wp-content\/uploads\/2023\/09\/Femlemezes-potlasok.jpeg 1600w, https:\/\/flexdent.hu\/wp-content\/uploads\/2023\/09\/Femlemezes-potlasok-300x200.jpeg 300w, https:\/\/flexdent.hu\/wp-content\/uploads\/2023\/09\/Femlemezes-potlasok-1024x683.jpeg 1024w, https:\/\/flexdent.hu\/wp-content\/uploads\/2023\/09\/Femlemezes-potlasok-768x512.jpeg 768w, https:\/\/flexdent.hu\/wp-content\/uploads\/2023\/09\/Femlemezes-potlasok-1536x1024.jpeg 1536w\" sizes=\"(max-width: 1600px) 100vw, 1600px\" \/>\t\t\t\t\t\t\t\t<\/a>\n\t\t\t\t\t\t\t\t\t\t\t\t\t\t\t<\/div>\n\t\t\t\t<\/div>\n\t\t\t\t\t<\/div>\n\t\t\t\t<\/div>\n\t\t\t\t<\/div>","protected":false},"excerpt":{"rendered":"<p>Fog\u00e1szat F\u00e9mlemezes fogp\u00f3tl\u00e1sok, olyan fogorvosi \u00e9s fogtechnikai elj\u00e1r\u00e1sok, amelyek a foghi\u00e1ny hely\u00e9re ker\u00fclnek. Ezek a fogp\u00f3tl\u00e1sok tart\u00f3sak \u00e9s megb\u00edzhat\u00f3ak, mivel a f\u00e9m alap er\u0151s\u00edt\u00e9s\u00e9vel \u00e9s a fogsz\u00edn\u0171 ker\u00e1mia kompozit bevonattal vagy akril\u00e1t m\u0171fog alkalmaz\u00e1s\u00e1val kombin\u00e1lj\u00e1k a funkcionalit\u00e1st \u00e9s az eszt\u00e9tikumot.<\/p>","protected":false},"author":4,"featured_media":0,"parent":61,"menu_order":4,"comment_status":"closed","ping_status":"closed","template":"","meta":{"footnotes":""},"class_list":["post-415","page","type-page","status-publish","hentry"],"yoast_head":"<!-- This site is optimized with the Yoast SEO plugin v27.2 - https:\/\/yoast.com\/product\/yoast-seo-wordpress\/ -->\n<title>F\u00e9mlemezes P\u00f3tl\u00e1sok - Flex-Dent<\/title>\n<meta name=\"robots\" content=\"index, follow, max-snippet:-1, max-image-preview:large, max-video-preview:-1\" \/>\n<link rel=\"canonical\" href=\"https:\/\/flexdent.hu\/en\/fogaszatoknak\/femlemezes-potlasok\/\" \/>\n<meta property=\"og:locale\" content=\"en_GB\" \/>\n<meta property=\"og:type\" content=\"article\" \/>\n<meta property=\"og:title\" content=\"F\u00e9mlemezes P\u00f3tl\u00e1sok - Flex-Dent\" \/>\n<meta property=\"og:description\" content=\"Fog\u00e1szat F\u00e9mlemezes fogp\u00f3tl\u00e1sok, olyan fogorvosi \u00e9s fogtechnikai elj\u00e1r\u00e1sok, amelyek a foghi\u00e1ny hely\u00e9re ker\u00fclnek. Ezek a fogp\u00f3tl\u00e1sok tart\u00f3sak \u00e9s megb\u00edzhat\u00f3ak, mivel a f\u00e9m alap er\u0151s\u00edt\u00e9s\u00e9vel \u00e9s a fogsz\u00edn\u0171 ker\u00e1mia kompozit bevonattal vagy akril\u00e1t m\u0171fog alkalmaz\u00e1s\u00e1val kombin\u00e1lj\u00e1k a funkcionalit\u00e1st \u00e9s az eszt\u00e9tikumot.\" \/>\n<meta property=\"og:url\" content=\"https:\/\/flexdent.hu\/en\/fogaszatoknak\/femlemezes-potlasok\/\" \/>\n<meta property=\"og:site_name\" content=\"Flex-Dent\" \/>\n<meta property=\"article:publisher\" content=\"https:\/\/www.facebook.com\/flexdent.hu\" \/>\n<meta property=\"article:modified_time\" content=\"2026-03-23T18:27:05+00:00\" \/>\n<meta property=\"og:image\" content=\"https:\/\/flexdent.hu\/wp-content\/uploads\/2026\/03\/2a.-femlemez_felso-scaled.jpg\" \/>\n\t<meta property=\"og:image:width\" content=\"2560\" \/>\n\t<meta property=\"og:image:height\" content=\"2560\" \/>\n\t<meta property=\"og:image:type\" content=\"image\/jpeg\" \/>\n<meta name=\"twitter:card\" content=\"summary_large_image\" \/>\n<meta name=\"twitter:label1\" content=\"Estimated reading time\" \/>\n\t<meta name=\"twitter:data1\" content=\"1 minute\" \/>\n<script type=\"application\/ld+json\" class=\"yoast-schema-graph\">{\"@context\":\"https:\/\/schema.org\",\"@graph\":[{\"@type\":\"WebPage\",\"@id\":\"https:\/\/flexdent.hu\/fogaszatoknak\/femlemezes-potlasok\/\",\"url\":\"https:\/\/flexdent.hu\/fogaszatoknak\/femlemezes-potlasok\/\",\"name\":\"F\u00e9mlemezes P\u00f3tl\u00e1sok - Flex-Dent\",\"isPartOf\":{\"@id\":\"https:\/\/flexdent.hu\/#website\"},\"primaryImageOfPage\":{\"@id\":\"https:\/\/flexdent.hu\/fogaszatoknak\/femlemezes-potlasok\/#primaryimage\"},\"image\":{\"@id\":\"https:\/\/flexdent.hu\/fogaszatoknak\/femlemezes-potlasok\/#primaryimage\"},\"thumbnailUrl\":\"https:\/\/flexdent.hu\/wp-content\/uploads\/2026\/03\/2a.-femlemez_felso-1024x1024.jpg\",\"datePublished\":\"2023-09-01T08:01:36+00:00\",\"dateModified\":\"2026-03-23T18:27:05+00:00\",\"breadcrumb\":{\"@id\":\"https:\/\/flexdent.hu\/fogaszatoknak\/femlemezes-potlasok\/#breadcrumb\"},\"inLanguage\":\"en-GB\",\"potentialAction\":[{\"@type\":\"ReadAction\",\"target\":[\"https:\/\/flexdent.hu\/fogaszatoknak\/femlemezes-potlasok\/\"]}]},{\"@type\":\"ImageObject\",\"inLanguage\":\"en-GB\",\"@id\":\"https:\/\/flexdent.hu\/fogaszatoknak\/femlemezes-potlasok\/#primaryimage\",\"url\":\"https:\/\/flexdent.hu\/wp-content\/uploads\/2026\/03\/2a.-femlemez_felso-1024x1024.jpg\",\"contentUrl\":\"https:\/\/flexdent.hu\/wp-content\/uploads\/2026\/03\/2a.-femlemez_felso-1024x1024.jpg\"},{\"@type\":\"BreadcrumbList\",\"@id\":\"https:\/\/flexdent.hu\/fogaszatoknak\/femlemezes-potlasok\/#breadcrumb\",\"itemListElement\":[{\"@type\":\"ListItem\",\"position\":1,\"name\":\"Home\",\"item\":\"https:\/\/flexdent.hu\/\"},{\"@type\":\"ListItem\",\"position\":2,\"name\":\"Fog\u00e1szatoknak\",\"item\":\"https:\/\/flexdent.hu\/fogaszatoknak\/\"},{\"@type\":\"ListItem\",\"position\":3,\"name\":\"F\u00e9mlemezes P\u00f3tl\u00e1sok\"}]},{\"@type\":\"WebSite\",\"@id\":\"https:\/\/flexdent.hu\/#website\",\"url\":\"https:\/\/flexdent.hu\/\",\"name\":\"Flex-Dent\",\"description\":\"CAD-CAM Fr\u00e9zcentrum - Mosonmagyar\u00f3v\u00e1r\",\"potentialAction\":[{\"@type\":\"SearchAction\",\"target\":{\"@type\":\"EntryPoint\",\"urlTemplate\":\"https:\/\/flexdent.hu\/?s={search_term_string}\"},\"query-input\":{\"@type\":\"PropertyValueSpecification\",\"valueRequired\":true,\"valueName\":\"search_term_string\"}}],\"inLanguage\":\"en-GB\"}]}<\/script>\n<!-- \/ Yoast SEO plugin. -->","yoast_head_json":{"title":"F\u00e9mlemezes P\u00f3tl\u00e1sok - Flex-Dent","robots":{"index":"index","follow":"follow","max-snippet":"max-snippet:-1","max-image-preview":"max-image-preview:large","max-video-preview":"max-video-preview:-1"},"canonical":"https:\/\/flexdent.hu\/en\/fogaszatoknak\/femlemezes-potlasok\/","og_locale":"en_GB","og_type":"article","og_title":"F\u00e9mlemezes P\u00f3tl\u00e1sok - Flex-Dent","og_description":"Fog\u00e1szat F\u00e9mlemezes fogp\u00f3tl\u00e1sok, olyan fogorvosi \u00e9s fogtechnikai elj\u00e1r\u00e1sok, amelyek a foghi\u00e1ny hely\u00e9re ker\u00fclnek. Ezek a fogp\u00f3tl\u00e1sok tart\u00f3sak \u00e9s megb\u00edzhat\u00f3ak, mivel a f\u00e9m alap er\u0151s\u00edt\u00e9s\u00e9vel \u00e9s a fogsz\u00edn\u0171 ker\u00e1mia kompozit bevonattal vagy akril\u00e1t m\u0171fog alkalmaz\u00e1s\u00e1val kombin\u00e1lj\u00e1k a funkcionalit\u00e1st \u00e9s az eszt\u00e9tikumot.","og_url":"https:\/\/flexdent.hu\/en\/fogaszatoknak\/femlemezes-potlasok\/","og_site_name":"Flex-Dent","article_publisher":"https:\/\/www.facebook.com\/flexdent.hu","article_modified_time":"2026-03-23T18:27:05+00:00","og_image":[{"width":2560,"height":2560,"url":"https:\/\/flexdent.hu\/wp-content\/uploads\/2026\/03\/2a.-femlemez_felso-scaled.jpg","type":"image\/jpeg"}],"twitter_card":"summary_large_image","twitter_misc":{"Estimated reading time":"1 minute"},"schema":{"@context":"https:\/\/schema.org","@graph":[{"@type":"WebPage","@id":"https:\/\/flexdent.hu\/fogaszatoknak\/femlemezes-potlasok\/","url":"https:\/\/flexdent.hu\/fogaszatoknak\/femlemezes-potlasok\/","name":"F\u00e9mlemezes P\u00f3tl\u00e1sok - Flex-Dent","isPartOf":{"@id":"https:\/\/flexdent.hu\/#website"},"primaryImageOfPage":{"@id":"https:\/\/flexdent.hu\/fogaszatoknak\/femlemezes-potlasok\/#primaryimage"},"image":{"@id":"https:\/\/flexdent.hu\/fogaszatoknak\/femlemezes-potlasok\/#primaryimage"},"thumbnailUrl":"https:\/\/flexdent.hu\/wp-content\/uploads\/2026\/03\/2a.-femlemez_felso-1024x1024.jpg","datePublished":"2023-09-01T08:01:36+00:00","dateModified":"2026-03-23T18:27:05+00:00","breadcrumb":{"@id":"https:\/\/flexdent.hu\/fogaszatoknak\/femlemezes-potlasok\/#breadcrumb"},"inLanguage":"en-GB","potentialAction":[{"@type":"ReadAction","target":["https:\/\/flexdent.hu\/fogaszatoknak\/femlemezes-potlasok\/"]}]},{"@type":"ImageObject","inLanguage":"en-GB","@id":"https:\/\/flexdent.hu\/fogaszatoknak\/femlemezes-potlasok\/#primaryimage","url":"https:\/\/flexdent.hu\/wp-content\/uploads\/2026\/03\/2a.-femlemez_felso-1024x1024.jpg","contentUrl":"https:\/\/flexdent.hu\/wp-content\/uploads\/2026\/03\/2a.-femlemez_felso-1024x1024.jpg"},{"@type":"BreadcrumbList","@id":"https:\/\/flexdent.hu\/fogaszatoknak\/femlemezes-potlasok\/#breadcrumb","itemListElement":[{"@type":"ListItem","position":1,"name":"Home","item":"https:\/\/flexdent.hu\/"},{"@type":"ListItem","position":2,"name":"Fog\u00e1szatoknak","item":"https:\/\/flexdent.hu\/fogaszatoknak\/"},{"@type":"ListItem","position":3,"name":"F\u00e9mlemezes P\u00f3tl\u00e1sok"}]},{"@type":"WebSite","@id":"https:\/\/flexdent.hu\/#website","url":"https:\/\/flexdent.hu\/","name":"Flex-Dent","description":"CAD-CAM Fr\u00e9zcentrum - Mosonmagyar\u00f3v\u00e1r","potentialAction":[{"@type":"SearchAction","target":{"@type":"EntryPoint","urlTemplate":"https:\/\/flexdent.hu\/?s={search_term_string}"},"query-input":{"@type":"PropertyValueSpecification","valueRequired":true,"valueName":"search_term_string"}}],"inLanguage":"en-GB"}]}},"_links":{"self":[{"href":"https:\/\/flexdent.hu\/en\/wp-json\/wp\/v2\/pages\/415","targetHints":{"allow":["GET"]}}],"collection":[{"href":"https:\/\/flexdent.hu\/en\/wp-json\/wp\/v2\/pages"}],"about":[{"href":"https:\/\/flexdent.hu\/en\/wp-json\/wp\/v2\/types\/page"}],"author":[{"embeddable":true,"href":"https:\/\/flexdent.hu\/en\/wp-json\/wp\/v2\/users\/4"}],"replies":[{"embeddable":true,"href":"https:\/\/flexdent.hu\/en\/wp-json\/wp\/v2\/comments?post=415"}],"version-history":[{"count":11,"href":"https:\/\/flexdent.hu\/en\/wp-json\/wp\/v2\/pages\/415\/revisions"}],"predecessor-version":[{"id":2611,"href":"https:\/\/flexdent.hu\/en\/wp-json\/wp\/v2\/pages\/415\/revisions\/2611"}],"up":[{"embeddable":true,"href":"https:\/\/flexdent.hu\/en\/wp-json\/wp\/v2\/pages\/61"}],"wp:attachment":[{"href":"https:\/\/flexdent.hu\/en\/wp-json\/wp\/v2\/media?parent=415"}],"curies":[{"name":"wp","href":"https:\/\/api.w.org\/{rel}","templated":true}]}}