



{"id":408,"date":"2023-09-01T07:56:29","date_gmt":"2023-09-01T07:56:29","guid":{"rendered":"https:\/\/flexdent.hu\/?page_id=408"},"modified":"2026-03-23T18:54:28","modified_gmt":"2026-03-23T17:54:28","slug":"cirkon-multilayer-anatomikus-koronak","status":"publish","type":"page","link":"https:\/\/flexdent.hu\/en\/fogaszatoknak\/cirkon-multilayer-anatomikus-koronak\/","title":{"rendered":"Zirkonia multilayer Anatomic crowns"},"content":{"rendered":"<div data-elementor-type=\"wp-post\" data-elementor-id=\"408\" class=\"elementor elementor-408\" data-elementor-post-type=\"page\">\n\t\t\t\t<div class=\"elementor-element elementor-element-2f17cde e-flex e-con-boxed e-con e-parent\" data-id=\"2f17cde\" data-element_type=\"container\" data-e-type=\"container\" data-settings=\"{&quot;background_background&quot;:&quot;classic&quot;}\">\n\t\t\t\t\t<div class=\"e-con-inner\">\n\t\t<div class=\"elementor-element elementor-element-eb7884a e-con-full e-flex e-con e-child\" data-id=\"eb7884a\" data-element_type=\"container\" data-e-type=\"container\">\n\t\t\t\t<div class=\"elementor-element elementor-element-add5eed elementor-widget elementor-widget-heading\" data-id=\"add5eed\" data-element_type=\"widget\" data-e-type=\"widget\" data-widget_type=\"heading.default\">\n\t\t\t\t<div class=\"elementor-widget-container\">\n\t\t\t\t\t<div class=\"elementor-heading-title elementor-size-default\"><a href=\"https:\/\/flexdent.hu\/en\/fogaszatoknak\/\">For Dentists<\/a><\/div>\t\t\t\t<\/div>\n\t\t\t\t<\/div>\n\t\t\t\t<div class=\"elementor-element elementor-element-3cab6ef elementor-widget elementor-widget-heading\" data-id=\"3cab6ef\" data-element_type=\"widget\" data-e-type=\"widget\" data-widget_type=\"heading.default\">\n\t\t\t\t<div class=\"elementor-widget-container\">\n\t\t\t\t\t<h1 class=\"elementor-heading-title elementor-size-default\">Zirkonia multilayer Anatomic crowns<\/h1>\t\t\t\t<\/div>\n\t\t\t\t<\/div>\n\t\t\t\t<\/div>\n\t\t\t\t\t<\/div>\n\t\t\t\t<\/div>\n\t\t<div class=\"elementor-element elementor-element-c693cfb e-flex e-con-boxed e-con e-parent\" data-id=\"c693cfb\" data-element_type=\"container\" data-e-type=\"container\">\n\t\t\t\t\t<div class=\"e-con-inner\">\n\t\t<div class=\"elementor-element elementor-element-3b8f3b5 e-con-full e-flex e-con e-child\" data-id=\"3b8f3b5\" data-element_type=\"container\" data-e-type=\"container\">\n\t\t\t\t<div class=\"elementor-element elementor-element-0c2887e elementor-widget elementor-widget-text-editor\" data-id=\"0c2887e\" data-element_type=\"widget\" data-e-type=\"widget\" data-widget_type=\"text-editor.default\">\n\t\t\t\t<div class=\"elementor-widget-container\">\n\t\t\t\t\t\t\t\t\t<p>Zirconium multilayer anatomical crowns are dental crowns that are made of zirconia and anatomically fit the teeth precisely. They promote a more natural appearance and improved tooth aesthetics thanks to the multilayer construction.<\/p>\n<p>These crowns have excellent strength and resistance, providing a durable and stable solution for tooth replacement.<\/p>\t\t\t\t\t\t\t\t<\/div>\n\t\t\t\t<\/div>\n\t\t\t\t<\/div>\n\t\t<div class=\"elementor-element elementor-element-588886d e-con-full e-flex e-con e-child\" data-id=\"588886d\" data-element_type=\"container\" data-e-type=\"container\">\n\t\t\t\t<div class=\"elementor-element elementor-element-de3f491 elementor-widget elementor-widget-image\" data-id=\"de3f491\" data-element_type=\"widget\" data-e-type=\"widget\" data-widget_type=\"image.default\">\n\t\t\t\t<div class=\"elementor-widget-container\">\n\t\t\t\t\t\t\t\t\t\t\t\t\t\t\t\t<a href=\"https:\/\/flexdent.hu\/wp-content\/uploads\/2023\/09\/Cirkon-Multilayer-Anatomikus-Koronak.jpeg\" data-elementor-open-lightbox=\"yes\" data-elementor-lightbox-title=\"Cirkon Multilayer Anat\u00f3mikus Koron\u00e1k\" data-e-action-hash=\"#elementor-action%3Aaction%3Dlightbox%26settings%3DeyJpZCI6NDExLCJ1cmwiOiJodHRwczpcL1wvZmxleGRlbnQuaHVcL3dwLWNvbnRlbnRcL3VwbG9hZHNcLzIwMjNcLzA5XC9DaXJrb24tTXVsdGlsYXllci1BbmF0b21pa3VzLUtvcm9uYWsuanBlZyJ9\">\n\t\t\t\t\t\t\t<img fetchpriority=\"high\" decoding=\"async\" width=\"1600\" height=\"1067\" src=\"https:\/\/flexdent.hu\/wp-content\/uploads\/2023\/09\/Cirkon-Multilayer-Anatomikus-Koronak.jpeg\" class=\"attachment-full size-full wp-image-411\" alt=\"\" srcset=\"https:\/\/flexdent.hu\/wp-content\/uploads\/2023\/09\/Cirkon-Multilayer-Anatomikus-Koronak.jpeg 1600w, https:\/\/flexdent.hu\/wp-content\/uploads\/2023\/09\/Cirkon-Multilayer-Anatomikus-Koronak-300x200.jpeg 300w, https:\/\/flexdent.hu\/wp-content\/uploads\/2023\/09\/Cirkon-Multilayer-Anatomikus-Koronak-1024x683.jpeg 1024w, https:\/\/flexdent.hu\/wp-content\/uploads\/2023\/09\/Cirkon-Multilayer-Anatomikus-Koronak-768x512.jpeg 768w, https:\/\/flexdent.hu\/wp-content\/uploads\/2023\/09\/Cirkon-Multilayer-Anatomikus-Koronak-1536x1024.jpeg 1536w\" sizes=\"(max-width: 1600px) 100vw, 1600px\" \/>\t\t\t\t\t\t\t\t<\/a>\n\t\t\t\t\t\t\t\t\t\t\t\t\t\t\t<\/div>\n\t\t\t\t<\/div>\n\t\t\t\t<\/div>\n\t\t\t\t\t<\/div>\n\t\t\t\t<\/div>\n\t\t<div class=\"elementor-element elementor-element-7af872f e-grid e-con-boxed e-con e-parent\" data-id=\"7af872f\" data-element_type=\"container\" data-e-type=\"container\">\n\t\t\t\t\t<div class=\"e-con-inner\">\n\t\t\t\t<div class=\"elementor-element elementor-element-6c00fd8 elementor-widget elementor-widget-image\" data-id=\"6c00fd8\" data-element_type=\"widget\" data-e-type=\"widget\" data-widget_type=\"image.default\">\n\t\t\t\t<div class=\"elementor-widget-container\">\n\t\t\t\t\t\t\t\t\t\t\t\t\t\t\t\t<a href=\"https:\/\/flexdent.hu\/wp-content\/uploads\/2026\/03\/413346-scaled.jpg\" data-elementor-open-lightbox=\"yes\" data-elementor-lightbox-title=\"Stacked from 5 images. Method=C (S=1)\" data-e-action-hash=\"#elementor-action%3Aaction%3Dlightbox%26settings%3DeyJpZCI6MjU0MSwidXJsIjoiaHR0cHM6XC9cL2ZsZXhkZW50Lmh1XC93cC1jb250ZW50XC91cGxvYWRzXC8yMDI2XC8wM1wvNDEzMzQ2LXNjYWxlZC5qcGcifQ%3D%3D\">\n\t\t\t\t\t\t\t<img decoding=\"async\" width=\"2560\" height=\"2560\" src=\"https:\/\/flexdent.hu\/wp-content\/uploads\/2026\/03\/413346-scaled.jpg\" class=\"attachment-full size-full wp-image-2541\" alt=\"\" srcset=\"https:\/\/flexdent.hu\/wp-content\/uploads\/2026\/03\/413346-scaled.jpg 2560w, https:\/\/flexdent.hu\/wp-content\/uploads\/2026\/03\/413346-300x300.jpg 300w, https:\/\/flexdent.hu\/wp-content\/uploads\/2026\/03\/413346-1024x1024.jpg 1024w, https:\/\/flexdent.hu\/wp-content\/uploads\/2026\/03\/413346-150x150.jpg 150w, https:\/\/flexdent.hu\/wp-content\/uploads\/2026\/03\/413346-768x768.jpg 768w, https:\/\/flexdent.hu\/wp-content\/uploads\/2026\/03\/413346-1536x1536.jpg 1536w, https:\/\/flexdent.hu\/wp-content\/uploads\/2026\/03\/413346-2048x2048.jpg 2048w, https:\/\/flexdent.hu\/wp-content\/uploads\/2026\/03\/413346-12x12.jpg 12w\" sizes=\"(max-width: 2560px) 100vw, 2560px\" \/>\t\t\t\t\t\t\t\t<\/a>\n\t\t\t\t\t\t\t\t\t\t\t\t\t\t\t<\/div>\n\t\t\t\t<\/div>\n\t\t\t\t<div class=\"elementor-element elementor-element-b277c41 elementor-widget elementor-widget-image\" data-id=\"b277c41\" data-element_type=\"widget\" data-e-type=\"widget\" data-widget_type=\"image.default\">\n\t\t\t\t<div class=\"elementor-widget-container\">\n\t\t\t\t\t\t\t\t\t\t\t\t\t\t\t\t<a href=\"https:\/\/flexdent.hu\/wp-content\/uploads\/2026\/03\/997172.jpg-scaled.jpg\" data-elementor-open-lightbox=\"yes\" data-elementor-lightbox-title=\"Stacked from 3 images. Method=C (S=1)\" data-e-action-hash=\"#elementor-action%3Aaction%3Dlightbox%26settings%3DeyJpZCI6MjUzOSwidXJsIjoiaHR0cHM6XC9cL2ZsZXhkZW50Lmh1XC93cC1jb250ZW50XC91cGxvYWRzXC8yMDI2XC8wM1wvOTk3MTcyLmpwZy1zY2FsZWQuanBnIn0%3D\">\n\t\t\t\t\t\t\t<img decoding=\"async\" width=\"2560\" height=\"2560\" src=\"https:\/\/flexdent.hu\/wp-content\/uploads\/2026\/03\/997172.jpg-scaled.jpg\" class=\"attachment-full size-full wp-image-2539\" alt=\"\" srcset=\"https:\/\/flexdent.hu\/wp-content\/uploads\/2026\/03\/997172.jpg-scaled.jpg 2560w, https:\/\/flexdent.hu\/wp-content\/uploads\/2026\/03\/997172.jpg-300x300.jpg 300w, https:\/\/flexdent.hu\/wp-content\/uploads\/2026\/03\/997172.jpg-1024x1024.jpg 1024w, https:\/\/flexdent.hu\/wp-content\/uploads\/2026\/03\/997172.jpg-150x150.jpg 150w, https:\/\/flexdent.hu\/wp-content\/uploads\/2026\/03\/997172.jpg-768x768.jpg 768w, https:\/\/flexdent.hu\/wp-content\/uploads\/2026\/03\/997172.jpg-1536x1536.jpg 1536w, https:\/\/flexdent.hu\/wp-content\/uploads\/2026\/03\/997172.jpg-2048x2048.jpg 2048w, https:\/\/flexdent.hu\/wp-content\/uploads\/2026\/03\/997172.jpg-12x12.jpg 12w\" sizes=\"(max-width: 2560px) 100vw, 2560px\" \/>\t\t\t\t\t\t\t\t<\/a>\n\t\t\t\t\t\t\t\t\t\t\t\t\t\t\t<\/div>\n\t\t\t\t<\/div>\n\t\t\t\t<div class=\"elementor-element elementor-element-046ccc2 elementor-widget elementor-widget-spacer\" data-id=\"046ccc2\" data-element_type=\"widget\" data-e-type=\"widget\" data-widget_type=\"spacer.default\">\n\t\t\t\t<div class=\"elementor-widget-container\">\n\t\t\t\t\t\t\t<div class=\"elementor-spacer\">\n\t\t\t<div class=\"elementor-spacer-inner\"><\/div>\n\t\t<\/div>\n\t\t\t\t\t\t<\/div>\n\t\t\t\t<\/div>\n\t\t\t\t\t<\/div>\n\t\t\t\t<\/div>\n\t\t\t\t<\/div>","protected":false},"excerpt":{"rendered":"<p>Fog\u00e1szat A cirkon multilayer anat\u00f3mikus koron\u00e1k olyan fog\u00e1szati koron\u00e1k, amelyek cirk\u00f3nium-dioxidb\u00f3l k\u00e9sz\u00fclnek \u00e9s anat\u00f3miailag pontosan illeszkednek a fogakhoz. Ezek az elj\u00e1r\u00e1sok el\u0151seg\u00edtik a term\u00e9szetesebb megjelen\u00e9st \u00e9s a fogak jobb eszt\u00e9tik\u00e1j\u00e1t a t\u00f6bbr\u00e9teg\u0171 fel\u00e9p\u00edt\u00e9snek k\u00f6sz\u00f6nhet\u0151en. Ezek a koron\u00e1k kiv\u00e1l\u00f3 szil\u00e1rds\u00e1ggal \u00e9s ellen\u00e1ll\u00f3 k\u00e9pess\u00e9ggel rendelkeznek, \u00edgy tart\u00f3s \u00e9s stabil megold\u00e1st ny\u00fajtanak a fogp\u00f3tl\u00e1s ter\u00e9n.<\/p>","protected":false},"author":4,"featured_media":0,"parent":61,"menu_order":3,"comment_status":"closed","ping_status":"closed","template":"","meta":{"footnotes":""},"class_list":["post-408","page","type-page","status-publish","hentry"],"yoast_head":"<!-- This site is optimized with the Yoast SEO plugin v27.2 - https:\/\/yoast.com\/product\/yoast-seo-wordpress\/ -->\n<title>Cirkon Multilayer Anat\u00f3mikus Koron\u00e1k - Flex-Dent<\/title>\n<meta name=\"robots\" content=\"index, follow, max-snippet:-1, max-image-preview:large, max-video-preview:-1\" \/>\n<link rel=\"canonical\" href=\"https:\/\/flexdent.hu\/en\/fogaszatoknak\/cirkon-multilayer-anatomikus-koronak\/\" \/>\n<meta property=\"og:locale\" content=\"en_GB\" \/>\n<meta property=\"og:type\" content=\"article\" \/>\n<meta property=\"og:title\" content=\"Cirkon Multilayer Anat\u00f3mikus Koron\u00e1k - Flex-Dent\" \/>\n<meta property=\"og:description\" content=\"Fog\u00e1szat A cirkon multilayer anat\u00f3mikus koron\u00e1k olyan fog\u00e1szati koron\u00e1k, amelyek cirk\u00f3nium-dioxidb\u00f3l k\u00e9sz\u00fclnek \u00e9s anat\u00f3miailag pontosan illeszkednek a fogakhoz. Ezek az elj\u00e1r\u00e1sok el\u0151seg\u00edtik a term\u00e9szetesebb megjelen\u00e9st \u00e9s a fogak jobb eszt\u00e9tik\u00e1j\u00e1t a t\u00f6bbr\u00e9teg\u0171 fel\u00e9p\u00edt\u00e9snek k\u00f6sz\u00f6nhet\u0151en. Ezek a koron\u00e1k kiv\u00e1l\u00f3 szil\u00e1rds\u00e1ggal \u00e9s ellen\u00e1ll\u00f3 k\u00e9pess\u00e9ggel rendelkeznek, \u00edgy tart\u00f3s \u00e9s stabil megold\u00e1st ny\u00fajtanak a fogp\u00f3tl\u00e1s ter\u00e9n.\" \/>\n<meta property=\"og:url\" content=\"https:\/\/flexdent.hu\/en\/fogaszatoknak\/cirkon-multilayer-anatomikus-koronak\/\" \/>\n<meta property=\"og:site_name\" content=\"Flex-Dent\" \/>\n<meta property=\"article:publisher\" content=\"https:\/\/www.facebook.com\/flexdent.hu\" \/>\n<meta property=\"article:modified_time\" content=\"2026-03-23T17:54:28+00:00\" \/>\n<meta property=\"og:image\" content=\"https:\/\/flexdent.hu\/wp-content\/uploads\/2023\/09\/Cirkon-Multilayer-Anatomikus-Koronak.jpeg\" \/>\n\t<meta property=\"og:image:width\" content=\"1600\" \/>\n\t<meta property=\"og:image:height\" content=\"1067\" \/>\n\t<meta property=\"og:image:type\" content=\"image\/jpeg\" \/>\n<meta name=\"twitter:card\" content=\"summary_large_image\" \/>\n<meta name=\"twitter:label1\" content=\"Estimated reading time\" \/>\n\t<meta name=\"twitter:data1\" content=\"1 minute\" \/>\n<script type=\"application\/ld+json\" class=\"yoast-schema-graph\">{\"@context\":\"https:\/\/schema.org\",\"@graph\":[{\"@type\":\"WebPage\",\"@id\":\"https:\/\/flexdent.hu\/fogaszatoknak\/cirkon-multilayer-anatomikus-koronak\/\",\"url\":\"https:\/\/flexdent.hu\/fogaszatoknak\/cirkon-multilayer-anatomikus-koronak\/\",\"name\":\"Cirkon Multilayer Anat\u00f3mikus Koron\u00e1k - Flex-Dent\",\"isPartOf\":{\"@id\":\"https:\/\/flexdent.hu\/#website\"},\"primaryImageOfPage\":{\"@id\":\"https:\/\/flexdent.hu\/fogaszatoknak\/cirkon-multilayer-anatomikus-koronak\/#primaryimage\"},\"image\":{\"@id\":\"https:\/\/flexdent.hu\/fogaszatoknak\/cirkon-multilayer-anatomikus-koronak\/#primaryimage\"},\"thumbnailUrl\":\"https:\/\/flexdent.hu\/wp-content\/uploads\/2023\/09\/Cirkon-Multilayer-Anatomikus-Koronak.jpeg\",\"datePublished\":\"2023-09-01T07:56:29+00:00\",\"dateModified\":\"2026-03-23T17:54:28+00:00\",\"breadcrumb\":{\"@id\":\"https:\/\/flexdent.hu\/fogaszatoknak\/cirkon-multilayer-anatomikus-koronak\/#breadcrumb\"},\"inLanguage\":\"en-GB\",\"potentialAction\":[{\"@type\":\"ReadAction\",\"target\":[\"https:\/\/flexdent.hu\/fogaszatoknak\/cirkon-multilayer-anatomikus-koronak\/\"]}]},{\"@type\":\"ImageObject\",\"inLanguage\":\"en-GB\",\"@id\":\"https:\/\/flexdent.hu\/fogaszatoknak\/cirkon-multilayer-anatomikus-koronak\/#primaryimage\",\"url\":\"https:\/\/flexdent.hu\/wp-content\/uploads\/2023\/09\/Cirkon-Multilayer-Anatomikus-Koronak.jpeg\",\"contentUrl\":\"https:\/\/flexdent.hu\/wp-content\/uploads\/2023\/09\/Cirkon-Multilayer-Anatomikus-Koronak.jpeg\"},{\"@type\":\"BreadcrumbList\",\"@id\":\"https:\/\/flexdent.hu\/fogaszatoknak\/cirkon-multilayer-anatomikus-koronak\/#breadcrumb\",\"itemListElement\":[{\"@type\":\"ListItem\",\"position\":1,\"name\":\"Home\",\"item\":\"https:\/\/flexdent.hu\/\"},{\"@type\":\"ListItem\",\"position\":2,\"name\":\"Fog\u00e1szatoknak\",\"item\":\"https:\/\/flexdent.hu\/fogaszatoknak\/\"},{\"@type\":\"ListItem\",\"position\":3,\"name\":\"Cirkon Multilayer Anat\u00f3mikus Koron\u00e1k\"}]},{\"@type\":\"WebSite\",\"@id\":\"https:\/\/flexdent.hu\/#website\",\"url\":\"https:\/\/flexdent.hu\/\",\"name\":\"Flex-Dent\",\"description\":\"CAD-CAM Fr\u00e9zcentrum - Mosonmagyar\u00f3v\u00e1r\",\"potentialAction\":[{\"@type\":\"SearchAction\",\"target\":{\"@type\":\"EntryPoint\",\"urlTemplate\":\"https:\/\/flexdent.hu\/?s={search_term_string}\"},\"query-input\":{\"@type\":\"PropertyValueSpecification\",\"valueRequired\":true,\"valueName\":\"search_term_string\"}}],\"inLanguage\":\"en-GB\"}]}<\/script>\n<!-- \/ Yoast SEO plugin. -->","yoast_head_json":{"title":"Cirkon Multilayer Anat\u00f3mikus Koron\u00e1k - Flex-Dent","robots":{"index":"index","follow":"follow","max-snippet":"max-snippet:-1","max-image-preview":"max-image-preview:large","max-video-preview":"max-video-preview:-1"},"canonical":"https:\/\/flexdent.hu\/en\/fogaszatoknak\/cirkon-multilayer-anatomikus-koronak\/","og_locale":"en_GB","og_type":"article","og_title":"Cirkon Multilayer Anat\u00f3mikus Koron\u00e1k - Flex-Dent","og_description":"Fog\u00e1szat A cirkon multilayer anat\u00f3mikus koron\u00e1k olyan fog\u00e1szati koron\u00e1k, amelyek cirk\u00f3nium-dioxidb\u00f3l k\u00e9sz\u00fclnek \u00e9s anat\u00f3miailag pontosan illeszkednek a fogakhoz. Ezek az elj\u00e1r\u00e1sok el\u0151seg\u00edtik a term\u00e9szetesebb megjelen\u00e9st \u00e9s a fogak jobb eszt\u00e9tik\u00e1j\u00e1t a t\u00f6bbr\u00e9teg\u0171 fel\u00e9p\u00edt\u00e9snek k\u00f6sz\u00f6nhet\u0151en. Ezek a koron\u00e1k kiv\u00e1l\u00f3 szil\u00e1rds\u00e1ggal \u00e9s ellen\u00e1ll\u00f3 k\u00e9pess\u00e9ggel rendelkeznek, \u00edgy tart\u00f3s \u00e9s stabil megold\u00e1st ny\u00fajtanak a fogp\u00f3tl\u00e1s ter\u00e9n.","og_url":"https:\/\/flexdent.hu\/en\/fogaszatoknak\/cirkon-multilayer-anatomikus-koronak\/","og_site_name":"Flex-Dent","article_publisher":"https:\/\/www.facebook.com\/flexdent.hu","article_modified_time":"2026-03-23T17:54:28+00:00","og_image":[{"width":1600,"height":1067,"url":"https:\/\/flexdent.hu\/wp-content\/uploads\/2023\/09\/Cirkon-Multilayer-Anatomikus-Koronak.jpeg","type":"image\/jpeg"}],"twitter_card":"summary_large_image","twitter_misc":{"Estimated reading time":"1 minute"},"schema":{"@context":"https:\/\/schema.org","@graph":[{"@type":"WebPage","@id":"https:\/\/flexdent.hu\/fogaszatoknak\/cirkon-multilayer-anatomikus-koronak\/","url":"https:\/\/flexdent.hu\/fogaszatoknak\/cirkon-multilayer-anatomikus-koronak\/","name":"Cirkon Multilayer Anat\u00f3mikus Koron\u00e1k - Flex-Dent","isPartOf":{"@id":"https:\/\/flexdent.hu\/#website"},"primaryImageOfPage":{"@id":"https:\/\/flexdent.hu\/fogaszatoknak\/cirkon-multilayer-anatomikus-koronak\/#primaryimage"},"image":{"@id":"https:\/\/flexdent.hu\/fogaszatoknak\/cirkon-multilayer-anatomikus-koronak\/#primaryimage"},"thumbnailUrl":"https:\/\/flexdent.hu\/wp-content\/uploads\/2023\/09\/Cirkon-Multilayer-Anatomikus-Koronak.jpeg","datePublished":"2023-09-01T07:56:29+00:00","dateModified":"2026-03-23T17:54:28+00:00","breadcrumb":{"@id":"https:\/\/flexdent.hu\/fogaszatoknak\/cirkon-multilayer-anatomikus-koronak\/#breadcrumb"},"inLanguage":"en-GB","potentialAction":[{"@type":"ReadAction","target":["https:\/\/flexdent.hu\/fogaszatoknak\/cirkon-multilayer-anatomikus-koronak\/"]}]},{"@type":"ImageObject","inLanguage":"en-GB","@id":"https:\/\/flexdent.hu\/fogaszatoknak\/cirkon-multilayer-anatomikus-koronak\/#primaryimage","url":"https:\/\/flexdent.hu\/wp-content\/uploads\/2023\/09\/Cirkon-Multilayer-Anatomikus-Koronak.jpeg","contentUrl":"https:\/\/flexdent.hu\/wp-content\/uploads\/2023\/09\/Cirkon-Multilayer-Anatomikus-Koronak.jpeg"},{"@type":"BreadcrumbList","@id":"https:\/\/flexdent.hu\/fogaszatoknak\/cirkon-multilayer-anatomikus-koronak\/#breadcrumb","itemListElement":[{"@type":"ListItem","position":1,"name":"Home","item":"https:\/\/flexdent.hu\/"},{"@type":"ListItem","position":2,"name":"Fog\u00e1szatoknak","item":"https:\/\/flexdent.hu\/fogaszatoknak\/"},{"@type":"ListItem","position":3,"name":"Cirkon Multilayer Anat\u00f3mikus Koron\u00e1k"}]},{"@type":"WebSite","@id":"https:\/\/flexdent.hu\/#website","url":"https:\/\/flexdent.hu\/","name":"Flex-Dent","description":"CAD-CAM Fr\u00e9zcentrum - Mosonmagyar\u00f3v\u00e1r","potentialAction":[{"@type":"SearchAction","target":{"@type":"EntryPoint","urlTemplate":"https:\/\/flexdent.hu\/?s={search_term_string}"},"query-input":{"@type":"PropertyValueSpecification","valueRequired":true,"valueName":"search_term_string"}}],"inLanguage":"en-GB"}]}},"_links":{"self":[{"href":"https:\/\/flexdent.hu\/en\/wp-json\/wp\/v2\/pages\/408","targetHints":{"allow":["GET"]}}],"collection":[{"href":"https:\/\/flexdent.hu\/en\/wp-json\/wp\/v2\/pages"}],"about":[{"href":"https:\/\/flexdent.hu\/en\/wp-json\/wp\/v2\/types\/page"}],"author":[{"embeddable":true,"href":"https:\/\/flexdent.hu\/en\/wp-json\/wp\/v2\/users\/4"}],"replies":[{"embeddable":true,"href":"https:\/\/flexdent.hu\/en\/wp-json\/wp\/v2\/comments?post=408"}],"version-history":[{"count":25,"href":"https:\/\/flexdent.hu\/en\/wp-json\/wp\/v2\/pages\/408\/revisions"}],"predecessor-version":[{"id":2562,"href":"https:\/\/flexdent.hu\/en\/wp-json\/wp\/v2\/pages\/408\/revisions\/2562"}],"up":[{"embeddable":true,"href":"https:\/\/flexdent.hu\/en\/wp-json\/wp\/v2\/pages\/61"}],"wp:attachment":[{"href":"https:\/\/flexdent.hu\/en\/wp-json\/wp\/v2\/media?parent=408"}],"curies":[{"name":"wp","href":"https:\/\/api.w.org\/{rel}","templated":true}]}}