



{"id":391,"date":"2023-09-01T07:24:56","date_gmt":"2023-09-01T07:24:56","guid":{"rendered":"https:\/\/flexdent.hu\/?page_id=391"},"modified":"2026-03-23T19:20:10","modified_gmt":"2026-03-23T18:20:10","slug":"steges-potlasok","status":"publish","type":"page","link":"https:\/\/flexdent.hu\/en\/fogaszatoknak\/steges-potlasok\/","title":{"rendered":"St\u00e9ges P\u00f3tl\u00e1sok \/ iBar"},"content":{"rendered":"<div data-elementor-type=\"wp-post\" data-elementor-id=\"391\" class=\"elementor elementor-391\" data-elementor-post-type=\"page\">\n\t\t\t\t<div class=\"elementor-element elementor-element-2af3e7e e-flex e-con-boxed e-con e-parent\" data-id=\"2af3e7e\" data-element_type=\"container\" data-e-type=\"container\" data-settings=\"{&quot;background_background&quot;:&quot;classic&quot;}\">\n\t\t\t\t\t<div class=\"e-con-inner\">\n\t\t<div class=\"elementor-element elementor-element-f1f61d2 e-con-full e-flex e-con e-child\" data-id=\"f1f61d2\" data-element_type=\"container\" data-e-type=\"container\">\n\t\t\t\t<div class=\"elementor-element elementor-element-3e2475c elementor-widget elementor-widget-heading\" data-id=\"3e2475c\" data-element_type=\"widget\" data-e-type=\"widget\" data-widget_type=\"heading.default\">\n\t\t\t\t<div class=\"elementor-widget-container\">\n\t\t\t\t\t<div class=\"elementor-heading-title elementor-size-default\"><a href=\"https:\/\/flexdent.hu\/en\/fogaszatoknak\/\">For Dentists<\/a><\/div>\t\t\t\t<\/div>\n\t\t\t\t<\/div>\n\t\t\t\t<div class=\"elementor-element elementor-element-b364b8f elementor-widget elementor-widget-heading\" data-id=\"b364b8f\" data-element_type=\"widget\" data-e-type=\"widget\" data-widget_type=\"heading.default\">\n\t\t\t\t<div class=\"elementor-widget-container\">\n\t\t\t\t\t<h1 class=\"elementor-heading-title elementor-size-default\">St\u00e9ges P\u00f3tl\u00e1sok \/ iBar<\/h1>\t\t\t\t<\/div>\n\t\t\t\t<\/div>\n\t\t\t\t<\/div>\n\t\t\t\t\t<\/div>\n\t\t\t\t<\/div>\n\t\t<div class=\"elementor-element elementor-element-9701b3b e-flex e-con-boxed e-con e-parent\" data-id=\"9701b3b\" data-element_type=\"container\" data-e-type=\"container\">\n\t\t\t\t\t<div class=\"e-con-inner\">\n\t\t<div class=\"elementor-element elementor-element-02959fd e-con-full e-flex e-con e-child\" data-id=\"02959fd\" data-element_type=\"container\" data-e-type=\"container\">\n\t\t\t\t<div class=\"elementor-element elementor-element-f2f754c elementor-widget elementor-widget-text-editor\" data-id=\"f2f754c\" data-element_type=\"widget\" data-e-type=\"widget\" data-widget_type=\"text-editor.default\">\n\t\t\t\t<div class=\"elementor-widget-container\">\n\t\t\t\t\t\t\t\t\t<p>There are several solutions to treat complete tooth loss. One commonly used version is a fixed denture, which is a denture that is fixed on implants but can still be removed.<\/p>\n<p>To create a replacement, 4 implants are required. A metal frame (which is the prosthesis itself) fixed to the four implants in the lower (or upper) jawbone stabilises the denture.<\/p>\n<p>The great advantage of this solution is that the denture resembles a removable bridge, but is held in place by the bridge. The prosthesis is easy to clean and has a good chance of being used in cases of major bone loss.<\/p>\t\t\t\t\t\t\t\t<\/div>\n\t\t\t\t<\/div>\n\t\t\t\t<\/div>\n\t\t<div class=\"elementor-element elementor-element-2e74f7b e-con-full e-flex e-con e-child\" data-id=\"2e74f7b\" data-element_type=\"container\" data-e-type=\"container\">\n\t\t\t\t<\/div>\n\t\t\t\t\t<\/div>\n\t\t\t\t<\/div>\n\t\t<div class=\"elementor-element elementor-element-945898a e-grid e-con-boxed e-con e-parent\" data-id=\"945898a\" data-element_type=\"container\" data-e-type=\"container\">\n\t\t\t\t\t<div class=\"e-con-inner\">\n\t\t\t\t<div class=\"elementor-element elementor-element-08722b2 elementor-widget elementor-widget-image\" data-id=\"08722b2\" data-element_type=\"widget\" data-e-type=\"widget\" data-widget_type=\"image.default\">\n\t\t\t\t<div class=\"elementor-widget-container\">\n\t\t\t\t\t\t\t\t\t\t\t\t\t\t\t\t<a href=\"https:\/\/flexdent.hu\/wp-content\/uploads\/2026\/03\/14c.-all-on-4-robb-1-scaled.jpg\" data-elementor-open-lightbox=\"yes\" data-elementor-lightbox-title=\"Stacked from 5 images. Method=C (S=1)\" data-e-action-hash=\"#elementor-action%3Aaction%3Dlightbox%26settings%3DeyJpZCI6MjU4NSwidXJsIjoiaHR0cHM6XC9cL2ZsZXhkZW50Lmh1XC93cC1jb250ZW50XC91cGxvYWRzXC8yMDI2XC8wM1wvMTRjLi1hbGwtb24tNC1yb2JiLTEtc2NhbGVkLmpwZyJ9\">\n\t\t\t\t\t\t\t<img fetchpriority=\"high\" decoding=\"async\" width=\"800\" height=\"800\" src=\"https:\/\/flexdent.hu\/wp-content\/uploads\/2026\/03\/14c.-all-on-4-robb-1-1024x1024.jpg\" class=\"attachment-large size-large wp-image-2585\" alt=\"\" srcset=\"https:\/\/flexdent.hu\/wp-content\/uploads\/2026\/03\/14c.-all-on-4-robb-1-1024x1024.jpg 1024w, https:\/\/flexdent.hu\/wp-content\/uploads\/2026\/03\/14c.-all-on-4-robb-1-300x300.jpg 300w, https:\/\/flexdent.hu\/wp-content\/uploads\/2026\/03\/14c.-all-on-4-robb-1-150x150.jpg 150w, https:\/\/flexdent.hu\/wp-content\/uploads\/2026\/03\/14c.-all-on-4-robb-1-768x768.jpg 768w, https:\/\/flexdent.hu\/wp-content\/uploads\/2026\/03\/14c.-all-on-4-robb-1-1536x1536.jpg 1536w, https:\/\/flexdent.hu\/wp-content\/uploads\/2026\/03\/14c.-all-on-4-robb-1-2048x2048.jpg 2048w, https:\/\/flexdent.hu\/wp-content\/uploads\/2026\/03\/14c.-all-on-4-robb-1-12x12.jpg 12w\" sizes=\"(max-width: 800px) 100vw, 800px\" \/>\t\t\t\t\t\t\t\t<\/a>\n\t\t\t\t\t\t\t\t\t\t\t\t\t\t\t<\/div>\n\t\t\t\t<\/div>\n\t\t\t\t<div class=\"elementor-element elementor-element-4f13eb2 elementor-widget elementor-widget-image\" data-id=\"4f13eb2\" data-element_type=\"widget\" data-e-type=\"widget\" data-widget_type=\"image.default\">\n\t\t\t\t<div class=\"elementor-widget-container\">\n\t\t\t\t\t\t\t\t\t\t\t\t\t\t\t\t<a href=\"https:\/\/flexdent.hu\/wp-content\/uploads\/2023\/09\/Steges-potlasok.jpeg\" data-elementor-open-lightbox=\"yes\" data-elementor-lightbox-title=\"St\u00e9ges p\u00f3tl\u00e1sok\" data-e-action-hash=\"#elementor-action%3Aaction%3Dlightbox%26settings%3DeyJpZCI6Mzk4LCJ1cmwiOiJodHRwczpcL1wvZmxleGRlbnQuaHVcL3dwLWNvbnRlbnRcL3VwbG9hZHNcLzIwMjNcLzA5XC9TdGVnZXMtcG90bGFzb2suanBlZyJ9\">\n\t\t\t\t\t\t\t<img decoding=\"async\" width=\"1600\" height=\"1067\" src=\"https:\/\/flexdent.hu\/wp-content\/uploads\/2023\/09\/Steges-potlasok.jpeg\" class=\"attachment-full size-full wp-image-398\" alt=\"\" srcset=\"https:\/\/flexdent.hu\/wp-content\/uploads\/2023\/09\/Steges-potlasok.jpeg 1600w, https:\/\/flexdent.hu\/wp-content\/uploads\/2023\/09\/Steges-potlasok-300x200.jpeg 300w, https:\/\/flexdent.hu\/wp-content\/uploads\/2023\/09\/Steges-potlasok-1024x683.jpeg 1024w, https:\/\/flexdent.hu\/wp-content\/uploads\/2023\/09\/Steges-potlasok-768x512.jpeg 768w, https:\/\/flexdent.hu\/wp-content\/uploads\/2023\/09\/Steges-potlasok-1536x1024.jpeg 1536w\" sizes=\"(max-width: 1600px) 100vw, 1600px\" \/>\t\t\t\t\t\t\t\t<\/a>\n\t\t\t\t\t\t\t\t\t\t\t\t\t\t\t<\/div>\n\t\t\t\t<\/div>\n\t\t\t\t\t<\/div>\n\t\t\t\t<\/div>\n\t\t\t\t<\/div>","protected":false},"excerpt":{"rendered":"<p>Fog\u00e1szat Teljes foghi\u00e1ny eset\u00e9nek kezel\u00e9s\u00e9re t\u00f6bb megold\u00e1s is k\u00edn\u00e1lkozik. Ennek egyik gyakran alkalmazott verzi\u00f3ja a st\u00e9ges fogsor, amely egy implant\u00e1tumokon r\u00f6gz\u00fcl\u0151, ugyanakkor tov\u00e1bbra is kivehet\u0151 fogsor. A p\u00f3tl\u00e1s elk\u00e9sz\u00edt\u00e9s\u00e9hez 4 implant\u00e1tum be\u00fcltet\u00e9s\u00e9re van sz\u00fcks\u00e9g. Az als\u00f3 (vagy fels\u0151) \u00e1llcsontba behelyezett n\u00e9gy darab implant\u00e1tumra r\u00f6gz\u00edtett f\u00e9mv\u00e1z (ami maga a st\u00e9g) stabiliz\u00e1lja a fogsort. A megold\u00e1s nagy [&hellip;]<\/p>\n","protected":false},"author":4,"featured_media":0,"parent":61,"menu_order":2,"comment_status":"closed","ping_status":"closed","template":"","meta":{"footnotes":""},"class_list":["post-391","page","type-page","status-publish","hentry"],"yoast_head":"<!-- This site is optimized with the Yoast SEO plugin v27.2 - https:\/\/yoast.com\/product\/yoast-seo-wordpress\/ -->\n<title>St\u00e9ges P\u00f3tl\u00e1sok \/ iBar - Flex-Dent<\/title>\n<meta name=\"robots\" content=\"index, follow, max-snippet:-1, max-image-preview:large, max-video-preview:-1\" \/>\n<link rel=\"canonical\" href=\"https:\/\/flexdent.hu\/en\/fogaszatoknak\/steges-potlasok\/\" \/>\n<meta property=\"og:locale\" content=\"en_GB\" \/>\n<meta property=\"og:type\" content=\"article\" \/>\n<meta property=\"og:title\" content=\"St\u00e9ges P\u00f3tl\u00e1sok \/ iBar - Flex-Dent\" \/>\n<meta property=\"og:description\" content=\"Fog\u00e1szat Teljes foghi\u00e1ny eset\u00e9nek kezel\u00e9s\u00e9re t\u00f6bb megold\u00e1s is k\u00edn\u00e1lkozik. Ennek egyik gyakran alkalmazott verzi\u00f3ja a st\u00e9ges fogsor, amely egy implant\u00e1tumokon r\u00f6gz\u00fcl\u0151, ugyanakkor tov\u00e1bbra is kivehet\u0151 fogsor. A p\u00f3tl\u00e1s elk\u00e9sz\u00edt\u00e9s\u00e9hez 4 implant\u00e1tum be\u00fcltet\u00e9s\u00e9re van sz\u00fcks\u00e9g. Az als\u00f3 (vagy fels\u0151) \u00e1llcsontba behelyezett n\u00e9gy darab implant\u00e1tumra r\u00f6gz\u00edtett f\u00e9mv\u00e1z (ami maga a st\u00e9g) stabiliz\u00e1lja a fogsort. A megold\u00e1s nagy [&hellip;]\" \/>\n<meta property=\"og:url\" content=\"https:\/\/flexdent.hu\/en\/fogaszatoknak\/steges-potlasok\/\" \/>\n<meta property=\"og:site_name\" content=\"Flex-Dent\" \/>\n<meta property=\"article:publisher\" content=\"https:\/\/www.facebook.com\/flexdent.hu\" \/>\n<meta property=\"article:modified_time\" content=\"2026-03-23T18:20:10+00:00\" \/>\n<meta property=\"og:image\" content=\"https:\/\/flexdent.hu\/wp-content\/uploads\/2026\/03\/14c.-all-on-4-robb-1-scaled.jpg\" \/>\n\t<meta property=\"og:image:width\" content=\"2560\" \/>\n\t<meta property=\"og:image:height\" content=\"2560\" \/>\n\t<meta property=\"og:image:type\" content=\"image\/jpeg\" \/>\n<meta name=\"twitter:card\" content=\"summary_large_image\" \/>\n<meta name=\"twitter:label1\" content=\"Estimated reading time\" \/>\n\t<meta name=\"twitter:data1\" content=\"1 minute\" \/>\n<script type=\"application\/ld+json\" class=\"yoast-schema-graph\">{\"@context\":\"https:\/\/schema.org\",\"@graph\":[{\"@type\":\"WebPage\",\"@id\":\"https:\/\/flexdent.hu\/fogaszatoknak\/steges-potlasok\/\",\"url\":\"https:\/\/flexdent.hu\/fogaszatoknak\/steges-potlasok\/\",\"name\":\"St\u00e9ges P\u00f3tl\u00e1sok \/ iBar - Flex-Dent\",\"isPartOf\":{\"@id\":\"https:\/\/flexdent.hu\/#website\"},\"primaryImageOfPage\":{\"@id\":\"https:\/\/flexdent.hu\/fogaszatoknak\/steges-potlasok\/#primaryimage\"},\"image\":{\"@id\":\"https:\/\/flexdent.hu\/fogaszatoknak\/steges-potlasok\/#primaryimage\"},\"thumbnailUrl\":\"https:\/\/flexdent.hu\/wp-content\/uploads\/2026\/03\/14c.-all-on-4-robb-1-1024x1024.jpg\",\"datePublished\":\"2023-09-01T07:24:56+00:00\",\"dateModified\":\"2026-03-23T18:20:10+00:00\",\"breadcrumb\":{\"@id\":\"https:\/\/flexdent.hu\/fogaszatoknak\/steges-potlasok\/#breadcrumb\"},\"inLanguage\":\"en-GB\",\"potentialAction\":[{\"@type\":\"ReadAction\",\"target\":[\"https:\/\/flexdent.hu\/fogaszatoknak\/steges-potlasok\/\"]}]},{\"@type\":\"ImageObject\",\"inLanguage\":\"en-GB\",\"@id\":\"https:\/\/flexdent.hu\/fogaszatoknak\/steges-potlasok\/#primaryimage\",\"url\":\"https:\/\/flexdent.hu\/wp-content\/uploads\/2026\/03\/14c.-all-on-4-robb-1-1024x1024.jpg\",\"contentUrl\":\"https:\/\/flexdent.hu\/wp-content\/uploads\/2026\/03\/14c.-all-on-4-robb-1-1024x1024.jpg\"},{\"@type\":\"BreadcrumbList\",\"@id\":\"https:\/\/flexdent.hu\/fogaszatoknak\/steges-potlasok\/#breadcrumb\",\"itemListElement\":[{\"@type\":\"ListItem\",\"position\":1,\"name\":\"Home\",\"item\":\"https:\/\/flexdent.hu\/\"},{\"@type\":\"ListItem\",\"position\":2,\"name\":\"Fog\u00e1szatoknak\",\"item\":\"https:\/\/flexdent.hu\/fogaszatoknak\/\"},{\"@type\":\"ListItem\",\"position\":3,\"name\":\"St\u00e9ges P\u00f3tl\u00e1sok \/ iBar\"}]},{\"@type\":\"WebSite\",\"@id\":\"https:\/\/flexdent.hu\/#website\",\"url\":\"https:\/\/flexdent.hu\/\",\"name\":\"Flex-Dent\",\"description\":\"CAD-CAM Fr\u00e9zcentrum - Mosonmagyar\u00f3v\u00e1r\",\"potentialAction\":[{\"@type\":\"SearchAction\",\"target\":{\"@type\":\"EntryPoint\",\"urlTemplate\":\"https:\/\/flexdent.hu\/?s={search_term_string}\"},\"query-input\":{\"@type\":\"PropertyValueSpecification\",\"valueRequired\":true,\"valueName\":\"search_term_string\"}}],\"inLanguage\":\"en-GB\"}]}<\/script>\n<!-- \/ Yoast SEO plugin. -->","yoast_head_json":{"title":"St\u00e9ges P\u00f3tl\u00e1sok \/ iBar - Flex-Dent","robots":{"index":"index","follow":"follow","max-snippet":"max-snippet:-1","max-image-preview":"max-image-preview:large","max-video-preview":"max-video-preview:-1"},"canonical":"https:\/\/flexdent.hu\/en\/fogaszatoknak\/steges-potlasok\/","og_locale":"en_GB","og_type":"article","og_title":"St\u00e9ges P\u00f3tl\u00e1sok \/ iBar - Flex-Dent","og_description":"Fog\u00e1szat Teljes foghi\u00e1ny eset\u00e9nek kezel\u00e9s\u00e9re t\u00f6bb megold\u00e1s is k\u00edn\u00e1lkozik. Ennek egyik gyakran alkalmazott verzi\u00f3ja a st\u00e9ges fogsor, amely egy implant\u00e1tumokon r\u00f6gz\u00fcl\u0151, ugyanakkor tov\u00e1bbra is kivehet\u0151 fogsor. A p\u00f3tl\u00e1s elk\u00e9sz\u00edt\u00e9s\u00e9hez 4 implant\u00e1tum be\u00fcltet\u00e9s\u00e9re van sz\u00fcks\u00e9g. Az als\u00f3 (vagy fels\u0151) \u00e1llcsontba behelyezett n\u00e9gy darab implant\u00e1tumra r\u00f6gz\u00edtett f\u00e9mv\u00e1z (ami maga a st\u00e9g) stabiliz\u00e1lja a fogsort. A megold\u00e1s nagy [&hellip;]","og_url":"https:\/\/flexdent.hu\/en\/fogaszatoknak\/steges-potlasok\/","og_site_name":"Flex-Dent","article_publisher":"https:\/\/www.facebook.com\/flexdent.hu","article_modified_time":"2026-03-23T18:20:10+00:00","og_image":[{"width":2560,"height":2560,"url":"https:\/\/flexdent.hu\/wp-content\/uploads\/2026\/03\/14c.-all-on-4-robb-1-scaled.jpg","type":"image\/jpeg"}],"twitter_card":"summary_large_image","twitter_misc":{"Estimated reading time":"1 minute"},"schema":{"@context":"https:\/\/schema.org","@graph":[{"@type":"WebPage","@id":"https:\/\/flexdent.hu\/fogaszatoknak\/steges-potlasok\/","url":"https:\/\/flexdent.hu\/fogaszatoknak\/steges-potlasok\/","name":"St\u00e9ges P\u00f3tl\u00e1sok \/ iBar - Flex-Dent","isPartOf":{"@id":"https:\/\/flexdent.hu\/#website"},"primaryImageOfPage":{"@id":"https:\/\/flexdent.hu\/fogaszatoknak\/steges-potlasok\/#primaryimage"},"image":{"@id":"https:\/\/flexdent.hu\/fogaszatoknak\/steges-potlasok\/#primaryimage"},"thumbnailUrl":"https:\/\/flexdent.hu\/wp-content\/uploads\/2026\/03\/14c.-all-on-4-robb-1-1024x1024.jpg","datePublished":"2023-09-01T07:24:56+00:00","dateModified":"2026-03-23T18:20:10+00:00","breadcrumb":{"@id":"https:\/\/flexdent.hu\/fogaszatoknak\/steges-potlasok\/#breadcrumb"},"inLanguage":"en-GB","potentialAction":[{"@type":"ReadAction","target":["https:\/\/flexdent.hu\/fogaszatoknak\/steges-potlasok\/"]}]},{"@type":"ImageObject","inLanguage":"en-GB","@id":"https:\/\/flexdent.hu\/fogaszatoknak\/steges-potlasok\/#primaryimage","url":"https:\/\/flexdent.hu\/wp-content\/uploads\/2026\/03\/14c.-all-on-4-robb-1-1024x1024.jpg","contentUrl":"https:\/\/flexdent.hu\/wp-content\/uploads\/2026\/03\/14c.-all-on-4-robb-1-1024x1024.jpg"},{"@type":"BreadcrumbList","@id":"https:\/\/flexdent.hu\/fogaszatoknak\/steges-potlasok\/#breadcrumb","itemListElement":[{"@type":"ListItem","position":1,"name":"Home","item":"https:\/\/flexdent.hu\/"},{"@type":"ListItem","position":2,"name":"Fog\u00e1szatoknak","item":"https:\/\/flexdent.hu\/fogaszatoknak\/"},{"@type":"ListItem","position":3,"name":"St\u00e9ges P\u00f3tl\u00e1sok \/ iBar"}]},{"@type":"WebSite","@id":"https:\/\/flexdent.hu\/#website","url":"https:\/\/flexdent.hu\/","name":"Flex-Dent","description":"CAD-CAM Fr\u00e9zcentrum - Mosonmagyar\u00f3v\u00e1r","potentialAction":[{"@type":"SearchAction","target":{"@type":"EntryPoint","urlTemplate":"https:\/\/flexdent.hu\/?s={search_term_string}"},"query-input":{"@type":"PropertyValueSpecification","valueRequired":true,"valueName":"search_term_string"}}],"inLanguage":"en-GB"}]}},"_links":{"self":[{"href":"https:\/\/flexdent.hu\/en\/wp-json\/wp\/v2\/pages\/391","targetHints":{"allow":["GET"]}}],"collection":[{"href":"https:\/\/flexdent.hu\/en\/wp-json\/wp\/v2\/pages"}],"about":[{"href":"https:\/\/flexdent.hu\/en\/wp-json\/wp\/v2\/types\/page"}],"author":[{"embeddable":true,"href":"https:\/\/flexdent.hu\/en\/wp-json\/wp\/v2\/users\/4"}],"replies":[{"embeddable":true,"href":"https:\/\/flexdent.hu\/en\/wp-json\/wp\/v2\/comments?post=391"}],"version-history":[{"count":25,"href":"https:\/\/flexdent.hu\/en\/wp-json\/wp\/v2\/pages\/391\/revisions"}],"predecessor-version":[{"id":2603,"href":"https:\/\/flexdent.hu\/en\/wp-json\/wp\/v2\/pages\/391\/revisions\/2603"}],"up":[{"embeddable":true,"href":"https:\/\/flexdent.hu\/en\/wp-json\/wp\/v2\/pages\/61"}],"wp:attachment":[{"href":"https:\/\/flexdent.hu\/en\/wp-json\/wp\/v2\/media?parent=391"}],"curies":[{"name":"wp","href":"https:\/\/api.w.org\/{rel}","templated":true}]}}