



{"id":374,"date":"2023-08-30T18:14:44","date_gmt":"2023-08-30T18:14:44","guid":{"rendered":"https:\/\/flexdent.hu\/?page_id=374"},"modified":"2026-03-23T18:35:41","modified_gmt":"2026-03-23T17:35:41","slug":"cirkon-keramia-koronak-hidak","status":"publish","type":"page","link":"https:\/\/flexdent.hu\/en\/fogaszatoknak\/cirkon-keramia-koronak-hidak\/","title":{"rendered":"ZIRCONIA-ceramic crowns\/Bridges"},"content":{"rendered":"<div data-elementor-type=\"wp-post\" data-elementor-id=\"374\" class=\"elementor elementor-374\" data-elementor-post-type=\"page\">\n\t\t\t\t<div class=\"elementor-element elementor-element-5a5b8b2 e-flex e-con-boxed e-con e-parent\" data-id=\"5a5b8b2\" data-element_type=\"container\" data-e-type=\"container\" data-settings=\"{&quot;background_background&quot;:&quot;classic&quot;}\">\n\t\t\t\t\t<div class=\"e-con-inner\">\n\t\t<div class=\"elementor-element elementor-element-ab28429 e-con-full e-flex e-con e-child\" data-id=\"ab28429\" data-element_type=\"container\" data-e-type=\"container\">\n\t\t\t\t<div class=\"elementor-element elementor-element-2642fba elementor-widget elementor-widget-heading\" data-id=\"2642fba\" data-element_type=\"widget\" data-e-type=\"widget\" data-widget_type=\"heading.default\">\n\t\t\t\t<div class=\"elementor-widget-container\">\n\t\t\t\t\t<div class=\"elementor-heading-title elementor-size-default\"><a href=\"https:\/\/flexdent.hu\/en\/fogaszatoknak\/\">For Dentists<\/a><\/div>\t\t\t\t<\/div>\n\t\t\t\t<\/div>\n\t\t\t\t<div class=\"elementor-element elementor-element-35ca2b7 elementor-widget elementor-widget-heading\" data-id=\"35ca2b7\" data-element_type=\"widget\" data-e-type=\"widget\" data-widget_type=\"heading.default\">\n\t\t\t\t<div class=\"elementor-widget-container\">\n\t\t\t\t\t<h1 class=\"elementor-heading-title elementor-size-default\">ZIRCONIA-ceramic crowns\/Bridges<\/h1>\t\t\t\t<\/div>\n\t\t\t\t<\/div>\n\t\t\t\t<\/div>\n\t\t\t\t\t<\/div>\n\t\t\t\t<\/div>\n\t\t<div class=\"elementor-element elementor-element-a600b8c e-flex e-con-boxed e-con e-parent\" data-id=\"a600b8c\" data-element_type=\"container\" data-e-type=\"container\">\n\t\t\t\t\t<div class=\"e-con-inner\">\n\t\t\t\t\t<\/div>\n\t\t\t\t<\/div>\n\t\t<div class=\"elementor-element elementor-element-f6c6b98 e-grid e-con-boxed e-con e-parent\" data-id=\"f6c6b98\" data-element_type=\"container\" data-e-type=\"container\">\n\t\t\t\t\t<div class=\"e-con-inner\">\n\t\t\t\t<div class=\"elementor-element elementor-element-e438409 elementor-widget elementor-widget-text-editor\" data-id=\"e438409\" data-element_type=\"widget\" data-e-type=\"widget\" data-widget_type=\"text-editor.default\">\n\t\t\t\t<div class=\"elementor-widget-container\">\n\t\t\t\t\t\t\t\t\t<p>Zirconia ceramic is a type of dental restoration that has a layer of ceramic fired onto a frame made of zirconia material. Zirconia is an extremely strong and durable material that is ideal for dental restorations such as crowns, bridges or implants.<\/p>\n<p>Zirconia ceramic crowns provide an excellent aesthetic appearance, as the zirconia material is white in colour and very similar to natural teeth. It is also hypoallergenic and biocompatible.<br><\/p>\t\t\t\t\t\t\t\t<\/div>\n\t\t\t\t<\/div>\n\t\t\t\t\t<\/div>\n\t\t\t\t<\/div>\n\t\t<div class=\"elementor-element elementor-element-8add15e e-grid e-con-boxed e-con e-parent\" data-id=\"8add15e\" data-element_type=\"container\" data-e-type=\"container\">\n\t\t\t\t\t<div class=\"e-con-inner\">\n\t\t\t\t<div class=\"elementor-element elementor-element-2835f17 elementor-widget elementor-widget-image\" data-id=\"2835f17\" data-element_type=\"widget\" data-e-type=\"widget\" data-widget_type=\"image.default\">\n\t\t\t\t<div class=\"elementor-widget-container\">\n\t\t\t\t\t\t\t\t\t\t\t\t\t\t\t\t<a href=\"https:\/\/flexdent.hu\/wp-content\/uploads\/2023\/09\/Cirkon-keramia-koronak-hidak.jpeg\" data-elementor-open-lightbox=\"yes\" data-elementor-lightbox-title=\"Cirkon-ker\u00e1mia koron\u00e1k\/hidak\" data-e-action-hash=\"#elementor-action%3Aaction%3Dlightbox%26settings%3DeyJpZCI6Mzg3LCJ1cmwiOiJodHRwczpcL1wvZmxleGRlbnQuaHVcL3dwLWNvbnRlbnRcL3VwbG9hZHNcLzIwMjNcLzA5XC9DaXJrb24ta2VyYW1pYS1rb3JvbmFrLWhpZGFrLmpwZWcifQ%3D%3D\">\n\t\t\t\t\t\t\t<img fetchpriority=\"high\" decoding=\"async\" width=\"500\" height=\"400\" src=\"https:\/\/flexdent.hu\/wp-content\/uploads\/2023\/09\/Cirkon-keramia-koronak-hidak.jpeg\" class=\"attachment-full size-full wp-image-387\" alt=\"\" srcset=\"https:\/\/flexdent.hu\/wp-content\/uploads\/2023\/09\/Cirkon-keramia-koronak-hidak.jpeg 500w, https:\/\/flexdent.hu\/wp-content\/uploads\/2023\/09\/Cirkon-keramia-koronak-hidak-300x240.jpeg 300w\" sizes=\"(max-width: 500px) 100vw, 500px\" \/>\t\t\t\t\t\t\t\t<\/a>\n\t\t\t\t\t\t\t\t\t\t\t\t\t\t\t<\/div>\n\t\t\t\t<\/div>\n\t\t\t\t<div class=\"elementor-element elementor-element-8ce9a29 elementor-widget elementor-widget-image\" data-id=\"8ce9a29\" data-element_type=\"widget\" data-e-type=\"widget\" data-widget_type=\"image.default\">\n\t\t\t\t<div class=\"elementor-widget-container\">\n\t\t\t\t\t\t\t\t\t\t\t\t\t\t\t\t<a href=\"https:\/\/flexdent.hu\/wp-content\/uploads\/2026\/03\/15b.-cirkon-keramia-scaled.jpeg\" data-elementor-open-lightbox=\"yes\" data-elementor-lightbox-title=\"Stacked from 5 images. Method=C (S=1)\" data-e-action-hash=\"#elementor-action%3Aaction%3Dlightbox%26settings%3DeyJpZCI6MjUxNCwidXJsIjoiaHR0cHM6XC9cL2ZsZXhkZW50Lmh1XC93cC1jb250ZW50XC91cGxvYWRzXC8yMDI2XC8wM1wvMTViLi1jaXJrb24ta2VyYW1pYS1zY2FsZWQuanBlZyJ9\">\n\t\t\t\t\t\t\t<img decoding=\"async\" src=\"https:\/\/flexdent.hu\/wp-content\/uploads\/2026\/03\/15b.-cirkon-keramia-scaled.jpeg\" title=\"Stacked from 5 images. Method=C (S=1)\" alt=\"Stacked from 5 images. Method=C (S=1)\" loading=\"lazy\" \/>\t\t\t\t\t\t\t\t<\/a>\n\t\t\t\t\t\t\t\t\t\t\t\t\t\t\t<\/div>\n\t\t\t\t<\/div>\n\t\t\t\t<div class=\"elementor-element elementor-element-1a62eb9 elementor-widget elementor-widget-spacer\" data-id=\"1a62eb9\" data-element_type=\"widget\" data-e-type=\"widget\" data-widget_type=\"spacer.default\">\n\t\t\t\t<div class=\"elementor-widget-container\">\n\t\t\t\t\t\t\t<div class=\"elementor-spacer\">\n\t\t\t<div class=\"elementor-spacer-inner\"><\/div>\n\t\t<\/div>\n\t\t\t\t\t\t<\/div>\n\t\t\t\t<\/div>\n\t\t\t\t\t<\/div>\n\t\t\t\t<\/div>\n\t\t\t\t<\/div>","protected":false},"excerpt":{"rendered":"<p>Fog\u00e1szat A cirkon-ker\u00e1mia egy olyan fogp\u00f3tl\u00e1s t\u00edpus, amely a cirk\u00f3nium-dioxid anyagb\u00f3l k\u00e9sz\u00fclt v\u00e1zra \u00e9getett ker\u00e1mia r\u00e9teggel rendelkezik. A cirk\u00f3nium-dioxid egy rendk\u00edv\u00fcl er\u0151s \u00e9s tart\u00f3s anyag, amely ide\u00e1lis fogp\u00f3tl\u00e1sokhoz, p\u00e9ld\u00e1ul koron\u00e1khoz, h\u00eddakhoz vagy implant\u00e1tumokhoz. A cirkon-ker\u00e1mia koron\u00e1k kiv\u00e1l\u00f3 eszt\u00e9tikai megjelen\u00e9st biztos\u00edtanak, mivel a cirk\u00f3nium-dioxid anyag feh\u00e9r sz\u00edn\u0171 \u00e9s nagyon hasonl\u00edt a term\u00e9szetes fogakra. Emellett allergiamentes \u00e9s [&hellip;]<\/p>\n","protected":false},"author":4,"featured_media":0,"parent":61,"menu_order":1,"comment_status":"closed","ping_status":"closed","template":"","meta":{"footnotes":""},"class_list":["post-374","page","type-page","status-publish","hentry"],"yoast_head":"<!-- This site is optimized with the Yoast SEO plugin v27.2 - https:\/\/yoast.com\/product\/yoast-seo-wordpress\/ -->\n<title>Cirkon-ker\u00e1mia koron\u00e1k\/hidak - Flex-Dent<\/title>\n<meta name=\"robots\" content=\"index, follow, max-snippet:-1, max-image-preview:large, max-video-preview:-1\" \/>\n<link rel=\"canonical\" href=\"https:\/\/flexdent.hu\/en\/fogaszatoknak\/cirkon-keramia-koronak-hidak\/\" \/>\n<meta property=\"og:locale\" content=\"en_GB\" \/>\n<meta property=\"og:type\" content=\"article\" \/>\n<meta property=\"og:title\" content=\"Cirkon-ker\u00e1mia koron\u00e1k\/hidak - Flex-Dent\" \/>\n<meta property=\"og:description\" content=\"Fog\u00e1szat A cirkon-ker\u00e1mia egy olyan fogp\u00f3tl\u00e1s t\u00edpus, amely a cirk\u00f3nium-dioxid anyagb\u00f3l k\u00e9sz\u00fclt v\u00e1zra \u00e9getett ker\u00e1mia r\u00e9teggel rendelkezik. A cirk\u00f3nium-dioxid egy rendk\u00edv\u00fcl er\u0151s \u00e9s tart\u00f3s anyag, amely ide\u00e1lis fogp\u00f3tl\u00e1sokhoz, p\u00e9ld\u00e1ul koron\u00e1khoz, h\u00eddakhoz vagy implant\u00e1tumokhoz. A cirkon-ker\u00e1mia koron\u00e1k kiv\u00e1l\u00f3 eszt\u00e9tikai megjelen\u00e9st biztos\u00edtanak, mivel a cirk\u00f3nium-dioxid anyag feh\u00e9r sz\u00edn\u0171 \u00e9s nagyon hasonl\u00edt a term\u00e9szetes fogakra. Emellett allergiamentes \u00e9s [&hellip;]\" \/>\n<meta property=\"og:url\" content=\"https:\/\/flexdent.hu\/en\/fogaszatoknak\/cirkon-keramia-koronak-hidak\/\" \/>\n<meta property=\"og:site_name\" content=\"Flex-Dent\" \/>\n<meta property=\"article:publisher\" content=\"https:\/\/www.facebook.com\/flexdent.hu\" \/>\n<meta property=\"article:modified_time\" content=\"2026-03-23T17:35:41+00:00\" \/>\n<meta property=\"og:image\" content=\"https:\/\/flexdent.hu\/wp-content\/uploads\/2023\/09\/Cirkon-keramia-koronak-hidak.jpeg\" \/>\n\t<meta property=\"og:image:width\" content=\"500\" \/>\n\t<meta property=\"og:image:height\" content=\"400\" \/>\n\t<meta property=\"og:image:type\" content=\"image\/jpeg\" \/>\n<meta name=\"twitter:card\" content=\"summary_large_image\" \/>\n<meta name=\"twitter:label1\" content=\"Estimated reading time\" \/>\n\t<meta name=\"twitter:data1\" content=\"1 minute\" \/>\n<script type=\"application\/ld+json\" class=\"yoast-schema-graph\">{\"@context\":\"https:\/\/schema.org\",\"@graph\":[{\"@type\":\"WebPage\",\"@id\":\"https:\/\/flexdent.hu\/fogaszatoknak\/cirkon-keramia-koronak-hidak\/\",\"url\":\"https:\/\/flexdent.hu\/fogaszatoknak\/cirkon-keramia-koronak-hidak\/\",\"name\":\"Cirkon-ker\u00e1mia koron\u00e1k\/hidak - Flex-Dent\",\"isPartOf\":{\"@id\":\"https:\/\/flexdent.hu\/#website\"},\"primaryImageOfPage\":{\"@id\":\"https:\/\/flexdent.hu\/fogaszatoknak\/cirkon-keramia-koronak-hidak\/#primaryimage\"},\"image\":{\"@id\":\"https:\/\/flexdent.hu\/fogaszatoknak\/cirkon-keramia-koronak-hidak\/#primaryimage\"},\"thumbnailUrl\":\"https:\/\/flexdent.hu\/wp-content\/uploads\/2023\/09\/Cirkon-keramia-koronak-hidak.jpeg\",\"datePublished\":\"2023-08-30T18:14:44+00:00\",\"dateModified\":\"2026-03-23T17:35:41+00:00\",\"breadcrumb\":{\"@id\":\"https:\/\/flexdent.hu\/fogaszatoknak\/cirkon-keramia-koronak-hidak\/#breadcrumb\"},\"inLanguage\":\"en-GB\",\"potentialAction\":[{\"@type\":\"ReadAction\",\"target\":[\"https:\/\/flexdent.hu\/fogaszatoknak\/cirkon-keramia-koronak-hidak\/\"]}]},{\"@type\":\"ImageObject\",\"inLanguage\":\"en-GB\",\"@id\":\"https:\/\/flexdent.hu\/fogaszatoknak\/cirkon-keramia-koronak-hidak\/#primaryimage\",\"url\":\"https:\/\/flexdent.hu\/wp-content\/uploads\/2023\/09\/Cirkon-keramia-koronak-hidak.jpeg\",\"contentUrl\":\"https:\/\/flexdent.hu\/wp-content\/uploads\/2023\/09\/Cirkon-keramia-koronak-hidak.jpeg\"},{\"@type\":\"BreadcrumbList\",\"@id\":\"https:\/\/flexdent.hu\/fogaszatoknak\/cirkon-keramia-koronak-hidak\/#breadcrumb\",\"itemListElement\":[{\"@type\":\"ListItem\",\"position\":1,\"name\":\"Home\",\"item\":\"https:\/\/flexdent.hu\/\"},{\"@type\":\"ListItem\",\"position\":2,\"name\":\"Fog\u00e1szatoknak\",\"item\":\"https:\/\/flexdent.hu\/fogaszatoknak\/\"},{\"@type\":\"ListItem\",\"position\":3,\"name\":\"Cirkon-ker\u00e1mia koron\u00e1k\/hidak\"}]},{\"@type\":\"WebSite\",\"@id\":\"https:\/\/flexdent.hu\/#website\",\"url\":\"https:\/\/flexdent.hu\/\",\"name\":\"Flex-Dent\",\"description\":\"CAD-CAM Fr\u00e9zcentrum - Mosonmagyar\u00f3v\u00e1r\",\"potentialAction\":[{\"@type\":\"SearchAction\",\"target\":{\"@type\":\"EntryPoint\",\"urlTemplate\":\"https:\/\/flexdent.hu\/?s={search_term_string}\"},\"query-input\":{\"@type\":\"PropertyValueSpecification\",\"valueRequired\":true,\"valueName\":\"search_term_string\"}}],\"inLanguage\":\"en-GB\"}]}<\/script>\n<!-- \/ Yoast SEO plugin. -->","yoast_head_json":{"title":"Cirkon-ker\u00e1mia koron\u00e1k\/hidak - Flex-Dent","robots":{"index":"index","follow":"follow","max-snippet":"max-snippet:-1","max-image-preview":"max-image-preview:large","max-video-preview":"max-video-preview:-1"},"canonical":"https:\/\/flexdent.hu\/en\/fogaszatoknak\/cirkon-keramia-koronak-hidak\/","og_locale":"en_GB","og_type":"article","og_title":"Cirkon-ker\u00e1mia koron\u00e1k\/hidak - Flex-Dent","og_description":"Fog\u00e1szat A cirkon-ker\u00e1mia egy olyan fogp\u00f3tl\u00e1s t\u00edpus, amely a cirk\u00f3nium-dioxid anyagb\u00f3l k\u00e9sz\u00fclt v\u00e1zra \u00e9getett ker\u00e1mia r\u00e9teggel rendelkezik. A cirk\u00f3nium-dioxid egy rendk\u00edv\u00fcl er\u0151s \u00e9s tart\u00f3s anyag, amely ide\u00e1lis fogp\u00f3tl\u00e1sokhoz, p\u00e9ld\u00e1ul koron\u00e1khoz, h\u00eddakhoz vagy implant\u00e1tumokhoz. A cirkon-ker\u00e1mia koron\u00e1k kiv\u00e1l\u00f3 eszt\u00e9tikai megjelen\u00e9st biztos\u00edtanak, mivel a cirk\u00f3nium-dioxid anyag feh\u00e9r sz\u00edn\u0171 \u00e9s nagyon hasonl\u00edt a term\u00e9szetes fogakra. Emellett allergiamentes \u00e9s [&hellip;]","og_url":"https:\/\/flexdent.hu\/en\/fogaszatoknak\/cirkon-keramia-koronak-hidak\/","og_site_name":"Flex-Dent","article_publisher":"https:\/\/www.facebook.com\/flexdent.hu","article_modified_time":"2026-03-23T17:35:41+00:00","og_image":[{"width":500,"height":400,"url":"https:\/\/flexdent.hu\/wp-content\/uploads\/2023\/09\/Cirkon-keramia-koronak-hidak.jpeg","type":"image\/jpeg"}],"twitter_card":"summary_large_image","twitter_misc":{"Estimated reading time":"1 minute"},"schema":{"@context":"https:\/\/schema.org","@graph":[{"@type":"WebPage","@id":"https:\/\/flexdent.hu\/fogaszatoknak\/cirkon-keramia-koronak-hidak\/","url":"https:\/\/flexdent.hu\/fogaszatoknak\/cirkon-keramia-koronak-hidak\/","name":"Cirkon-ker\u00e1mia koron\u00e1k\/hidak - Flex-Dent","isPartOf":{"@id":"https:\/\/flexdent.hu\/#website"},"primaryImageOfPage":{"@id":"https:\/\/flexdent.hu\/fogaszatoknak\/cirkon-keramia-koronak-hidak\/#primaryimage"},"image":{"@id":"https:\/\/flexdent.hu\/fogaszatoknak\/cirkon-keramia-koronak-hidak\/#primaryimage"},"thumbnailUrl":"https:\/\/flexdent.hu\/wp-content\/uploads\/2023\/09\/Cirkon-keramia-koronak-hidak.jpeg","datePublished":"2023-08-30T18:14:44+00:00","dateModified":"2026-03-23T17:35:41+00:00","breadcrumb":{"@id":"https:\/\/flexdent.hu\/fogaszatoknak\/cirkon-keramia-koronak-hidak\/#breadcrumb"},"inLanguage":"en-GB","potentialAction":[{"@type":"ReadAction","target":["https:\/\/flexdent.hu\/fogaszatoknak\/cirkon-keramia-koronak-hidak\/"]}]},{"@type":"ImageObject","inLanguage":"en-GB","@id":"https:\/\/flexdent.hu\/fogaszatoknak\/cirkon-keramia-koronak-hidak\/#primaryimage","url":"https:\/\/flexdent.hu\/wp-content\/uploads\/2023\/09\/Cirkon-keramia-koronak-hidak.jpeg","contentUrl":"https:\/\/flexdent.hu\/wp-content\/uploads\/2023\/09\/Cirkon-keramia-koronak-hidak.jpeg"},{"@type":"BreadcrumbList","@id":"https:\/\/flexdent.hu\/fogaszatoknak\/cirkon-keramia-koronak-hidak\/#breadcrumb","itemListElement":[{"@type":"ListItem","position":1,"name":"Home","item":"https:\/\/flexdent.hu\/"},{"@type":"ListItem","position":2,"name":"Fog\u00e1szatoknak","item":"https:\/\/flexdent.hu\/fogaszatoknak\/"},{"@type":"ListItem","position":3,"name":"Cirkon-ker\u00e1mia koron\u00e1k\/hidak"}]},{"@type":"WebSite","@id":"https:\/\/flexdent.hu\/#website","url":"https:\/\/flexdent.hu\/","name":"Flex-Dent","description":"CAD-CAM Fr\u00e9zcentrum - Mosonmagyar\u00f3v\u00e1r","potentialAction":[{"@type":"SearchAction","target":{"@type":"EntryPoint","urlTemplate":"https:\/\/flexdent.hu\/?s={search_term_string}"},"query-input":{"@type":"PropertyValueSpecification","valueRequired":true,"valueName":"search_term_string"}}],"inLanguage":"en-GB"}]}},"_links":{"self":[{"href":"https:\/\/flexdent.hu\/en\/wp-json\/wp\/v2\/pages\/374","targetHints":{"allow":["GET"]}}],"collection":[{"href":"https:\/\/flexdent.hu\/en\/wp-json\/wp\/v2\/pages"}],"about":[{"href":"https:\/\/flexdent.hu\/en\/wp-json\/wp\/v2\/types\/page"}],"author":[{"embeddable":true,"href":"https:\/\/flexdent.hu\/en\/wp-json\/wp\/v2\/users\/4"}],"replies":[{"embeddable":true,"href":"https:\/\/flexdent.hu\/en\/wp-json\/wp\/v2\/comments?post=374"}],"version-history":[{"count":25,"href":"https:\/\/flexdent.hu\/en\/wp-json\/wp\/v2\/pages\/374\/revisions"}],"predecessor-version":[{"id":2537,"href":"https:\/\/flexdent.hu\/en\/wp-json\/wp\/v2\/pages\/374\/revisions\/2537"}],"up":[{"embeddable":true,"href":"https:\/\/flexdent.hu\/en\/wp-json\/wp\/v2\/pages\/61"}],"wp:attachment":[{"href":"https:\/\/flexdent.hu\/en\/wp-json\/wp\/v2\/media?parent=374"}],"curies":[{"name":"wp","href":"https:\/\/api.w.org\/{rel}","templated":true}]}}