



{"id":2713,"date":"2023-09-01T16:36:18","date_gmt":"2023-09-01T14:36:18","guid":{"rendered":"https:\/\/flexdent.hu\/?page_id=2713"},"modified":"2026-03-24T10:46:39","modified_gmt":"2026-03-24T09:46:39","slug":"ibar","status":"publish","type":"page","link":"https:\/\/flexdent.hu\/en\/fogtechnikusoknak\/ibar\/","title":{"rendered":"iBar"},"content":{"rendered":"<div data-elementor-type=\"wp-post\" data-elementor-id=\"2713\" class=\"elementor elementor-2713\" data-elementor-post-type=\"page\">\n\t\t\t\t<div class=\"elementor-element elementor-element-ba9c38b e-flex e-con-boxed e-con e-parent\" data-id=\"ba9c38b\" data-element_type=\"container\" data-e-type=\"container\" data-settings=\"{&quot;background_background&quot;:&quot;classic&quot;}\">\n\t\t\t\t\t<div class=\"e-con-inner\">\n\t\t<div class=\"elementor-element elementor-element-3280a13 e-con-full e-flex e-con e-child\" data-id=\"3280a13\" data-element_type=\"container\" data-e-type=\"container\">\n\t\t\t\t<div class=\"elementor-element elementor-element-2b39c74 elementor-widget elementor-widget-heading\" data-id=\"2b39c74\" data-element_type=\"widget\" data-e-type=\"widget\" data-widget_type=\"heading.default\">\n\t\t\t\t<div class=\"elementor-widget-container\">\n\t\t\t\t\t<div class=\"elementor-heading-title elementor-size-default\"><a href=\"https:\/\/flexdent.hu\/en\/fogtechnikusoknak\/\">For Dental Labs<\/a><\/div>\t\t\t\t<\/div>\n\t\t\t\t<\/div>\n\t\t\t\t<div class=\"elementor-element elementor-element-4e2320a elementor-widget elementor-widget-heading\" data-id=\"4e2320a\" data-element_type=\"widget\" data-e-type=\"widget\" data-widget_type=\"heading.default\">\n\t\t\t\t<div class=\"elementor-widget-container\">\n\t\t\t\t\t<h1 class=\"elementor-heading-title elementor-size-default\">iBar<\/h1>\t\t\t\t<\/div>\n\t\t\t\t<\/div>\n\t\t\t\t<\/div>\n\t\t\t\t\t<\/div>\n\t\t\t\t<\/div>\n\t\t<div class=\"elementor-element elementor-element-b100d1e e-grid e-con-boxed e-con e-parent\" data-id=\"b100d1e\" data-element_type=\"container\" data-e-type=\"container\">\n\t\t\t\t\t<div class=\"e-con-inner\">\n\t\t\t\t<div class=\"elementor-element elementor-element-b20c172 elementor-widget elementor-widget-text-editor\" data-id=\"b20c172\" data-element_type=\"widget\" data-e-type=\"widget\" data-widget_type=\"text-editor.default\">\n\t\t\t\t<div class=\"elementor-widget-container\">\n\t\t\t\t\t\t\t\t\t<p>\u00a0<\/p><p><br \/><br \/>Az iBar egy korszer\u0171, implant\u00e1tumokra \u00e9p\u00fcl\u0151 fogp\u00f3tl\u00e1si megold\u00e1s, amely egy egyedileg tervezett f\u00e9m s\u00ednre (bar) r\u00f6gz\u00edtett teljes h\u00edd vagy prot\u00e9zis. A rendszer stabil, tart\u00f3s \u00e9s eszt\u00e9tikus megold\u00e1st ny\u00fajt teljes foghi\u00e1ny eset\u00e9n, mik\u00f6zben biztos\u00edtja a r\u00e1g\u00f3er\u0151 egyenletes eloszl\u00e1s\u00e1t \u00e9s a k\u00e9nyelmes visel\u00e9st. Az iBar k\u00e9sz\u00fclhet fix (nem kivehet\u0151) vagy kivehet\u0151 v\u00e1ltozatban, a p\u00e1ciens ig\u00e9nyeihez igaz\u00edtva.<\/p>\t\t\t\t\t\t\t\t<\/div>\n\t\t\t\t<\/div>\n\t\t\t\t<div class=\"elementor-element elementor-element-bd1e677 elementor-widget elementor-widget-image\" data-id=\"bd1e677\" data-element_type=\"widget\" data-e-type=\"widget\" data-widget_type=\"image.default\">\n\t\t\t\t<div class=\"elementor-widget-container\">\n\t\t\t\t\t\t\t\t\t\t\t\t\t\t\t\t<a href=\"https:\/\/flexdent.hu\/wp-content\/uploads\/2026\/03\/ibar-3.png\" data-elementor-open-lightbox=\"yes\" data-elementor-lightbox-title=\"ibar-3\" data-e-action-hash=\"#elementor-action%3Aaction%3Dlightbox%26settings%3DeyJpZCI6MjcyMCwidXJsIjoiaHR0cHM6XC9cL2ZsZXhkZW50Lmh1XC93cC1jb250ZW50XC91cGxvYWRzXC8yMDI2XC8wM1wvaWJhci0zLnBuZyJ9\">\n\t\t\t\t\t\t\t<img fetchpriority=\"high\" decoding=\"async\" width=\"497\" height=\"439\" src=\"https:\/\/flexdent.hu\/wp-content\/uploads\/2026\/03\/ibar-3.png\" class=\"attachment-large size-large wp-image-2720\" alt=\"\" srcset=\"https:\/\/flexdent.hu\/wp-content\/uploads\/2026\/03\/ibar-3.png 497w, https:\/\/flexdent.hu\/wp-content\/uploads\/2026\/03\/ibar-3-300x265.png 300w, https:\/\/flexdent.hu\/wp-content\/uploads\/2026\/03\/ibar-3-14x12.png 14w\" sizes=\"(max-width: 497px) 100vw, 497px\" \/>\t\t\t\t\t\t\t\t<\/a>\n\t\t\t\t\t\t\t\t\t\t\t\t\t\t\t<\/div>\n\t\t\t\t<\/div>\n\t\t\t\t\t<\/div>\n\t\t\t\t<\/div>\n\t\t<div class=\"elementor-element elementor-element-becd548 e-grid e-con-boxed e-con e-parent\" data-id=\"becd548\" data-element_type=\"container\" data-e-type=\"container\">\n\t\t\t\t\t<div class=\"e-con-inner\">\n\t\t\t\t<div class=\"elementor-element elementor-element-d17de0e elementor-widget elementor-widget-image\" data-id=\"d17de0e\" data-element_type=\"widget\" data-e-type=\"widget\" data-widget_type=\"image.default\">\n\t\t\t\t<div class=\"elementor-widget-container\">\n\t\t\t\t\t\t\t\t\t\t\t\t\t\t\t\t<a href=\"https:\/\/flexdent.hu\/wp-content\/uploads\/2026\/03\/ibar-1.png\" data-elementor-open-lightbox=\"yes\" data-elementor-lightbox-title=\"ibar-1\" data-e-action-hash=\"#elementor-action%3Aaction%3Dlightbox%26settings%3DeyJpZCI6MjcxOCwidXJsIjoiaHR0cHM6XC9cL2ZsZXhkZW50Lmh1XC93cC1jb250ZW50XC91cGxvYWRzXC8yMDI2XC8wM1wvaWJhci0xLnBuZyJ9\">\n\t\t\t\t\t\t\t<img decoding=\"async\" width=\"499\" height=\"348\" src=\"https:\/\/flexdent.hu\/wp-content\/uploads\/2026\/03\/ibar-1.png\" class=\"attachment-full size-full wp-image-2718\" alt=\"\" srcset=\"https:\/\/flexdent.hu\/wp-content\/uploads\/2026\/03\/ibar-1.png 499w, https:\/\/flexdent.hu\/wp-content\/uploads\/2026\/03\/ibar-1-300x209.png 300w, https:\/\/flexdent.hu\/wp-content\/uploads\/2026\/03\/ibar-1-18x12.png 18w\" sizes=\"(max-width: 499px) 100vw, 499px\" \/>\t\t\t\t\t\t\t\t<\/a>\n\t\t\t\t\t\t\t\t\t\t\t\t\t\t\t<\/div>\n\t\t\t\t<\/div>\n\t\t\t\t<div class=\"elementor-element elementor-element-4bb8a78 elementor-widget elementor-widget-image\" data-id=\"4bb8a78\" data-element_type=\"widget\" data-e-type=\"widget\" data-widget_type=\"image.default\">\n\t\t\t\t<div class=\"elementor-widget-container\">\n\t\t\t\t\t\t\t\t\t\t\t\t\t\t\t\t<a href=\"https:\/\/flexdent.hu\/wp-content\/uploads\/2026\/03\/ibar-2.png\" data-elementor-open-lightbox=\"yes\" data-elementor-lightbox-title=\"ibar-2\" data-e-action-hash=\"#elementor-action%3Aaction%3Dlightbox%26settings%3DeyJpZCI6MjcxOSwidXJsIjoiaHR0cHM6XC9cL2ZsZXhkZW50Lmh1XC93cC1jb250ZW50XC91cGxvYWRzXC8yMDI2XC8wM1wvaWJhci0yLnBuZyJ9\">\n\t\t\t\t\t\t\t<img decoding=\"async\" width=\"621\" height=\"501\" src=\"https:\/\/flexdent.hu\/wp-content\/uploads\/2026\/03\/ibar-2.png\" class=\"attachment-large size-large wp-image-2719\" alt=\"\" srcset=\"https:\/\/flexdent.hu\/wp-content\/uploads\/2026\/03\/ibar-2.png 621w, https:\/\/flexdent.hu\/wp-content\/uploads\/2026\/03\/ibar-2-300x242.png 300w, https:\/\/flexdent.hu\/wp-content\/uploads\/2026\/03\/ibar-2-15x12.png 15w\" sizes=\"(max-width: 621px) 100vw, 621px\" \/>\t\t\t\t\t\t\t\t<\/a>\n\t\t\t\t\t\t\t\t\t\t\t\t\t\t\t<\/div>\n\t\t\t\t<\/div>\n\t\t\t\t<div class=\"elementor-element elementor-element-b49dc54 elementor-widget elementor-widget-spacer\" data-id=\"b49dc54\" data-element_type=\"widget\" data-e-type=\"widget\" data-widget_type=\"spacer.default\">\n\t\t\t\t<div class=\"elementor-widget-container\">\n\t\t\t\t\t\t\t<div class=\"elementor-spacer\">\n\t\t\t<div class=\"elementor-spacer-inner\"><\/div>\n\t\t<\/div>\n\t\t\t\t\t\t<\/div>\n\t\t\t\t<\/div>\n\t\t\t\t\t<\/div>\n\t\t\t\t<\/div>\n\t\t<div class=\"elementor-element elementor-element-da0b48e e-flex e-con-boxed e-con e-parent\" data-id=\"da0b48e\" data-element_type=\"container\" data-e-type=\"container\">\n\t\t\t\t\t<div class=\"e-con-inner\">\n\t\t\t\t\t<\/div>\n\t\t\t\t<\/div>\n\t\t\t\t<\/div>","protected":false},"excerpt":{"rendered":"<p>Fogtechnika \u00a0 Az iBar egy korszer\u0171, implant\u00e1tumokra \u00e9p\u00fcl\u0151 fogp\u00f3tl\u00e1si megold\u00e1s, amely egy egyedileg tervezett f\u00e9m s\u00ednre (bar) r\u00f6gz\u00edtett teljes h\u00edd vagy prot\u00e9zis. A rendszer stabil, tart\u00f3s \u00e9s eszt\u00e9tikus megold\u00e1st ny\u00fajt teljes foghi\u00e1ny eset\u00e9n, mik\u00f6zben biztos\u00edtja a r\u00e1g\u00f3er\u0151 egyenletes eloszl\u00e1s\u00e1t \u00e9s a k\u00e9nyelmes visel\u00e9st. Az iBar k\u00e9sz\u00fclhet fix (nem kivehet\u0151) vagy kivehet\u0151 v\u00e1ltozatban, a p\u00e1ciens ig\u00e9nyeihez [&hellip;]<\/p>\n","protected":false},"author":4,"featured_media":0,"parent":67,"menu_order":0,"comment_status":"closed","ping_status":"closed","template":"","meta":{"footnotes":""},"class_list":["post-2713","page","type-page","status-publish","hentry"],"yoast_head":"<!-- This site is optimized with the Yoast SEO plugin v27.2 - https:\/\/yoast.com\/product\/yoast-seo-wordpress\/ -->\n<title>iBar - Flex-Dent<\/title>\n<meta name=\"robots\" content=\"index, follow, max-snippet:-1, max-image-preview:large, max-video-preview:-1\" \/>\n<link rel=\"canonical\" href=\"https:\/\/flexdent.hu\/en\/fogtechnikusoknak\/ibar\/\" \/>\n<meta property=\"og:locale\" content=\"en_GB\" \/>\n<meta property=\"og:type\" content=\"article\" \/>\n<meta property=\"og:title\" content=\"iBar - Flex-Dent\" \/>\n<meta property=\"og:description\" content=\"Fogtechnika \u00a0 Az iBar egy korszer\u0171, implant\u00e1tumokra \u00e9p\u00fcl\u0151 fogp\u00f3tl\u00e1si megold\u00e1s, amely egy egyedileg tervezett f\u00e9m s\u00ednre (bar) r\u00f6gz\u00edtett teljes h\u00edd vagy prot\u00e9zis. A rendszer stabil, tart\u00f3s \u00e9s eszt\u00e9tikus megold\u00e1st ny\u00fajt teljes foghi\u00e1ny eset\u00e9n, mik\u00f6zben biztos\u00edtja a r\u00e1g\u00f3er\u0151 egyenletes eloszl\u00e1s\u00e1t \u00e9s a k\u00e9nyelmes visel\u00e9st. Az iBar k\u00e9sz\u00fclhet fix (nem kivehet\u0151) vagy kivehet\u0151 v\u00e1ltozatban, a p\u00e1ciens ig\u00e9nyeihez [&hellip;]\" \/>\n<meta property=\"og:url\" content=\"https:\/\/flexdent.hu\/en\/fogtechnikusoknak\/ibar\/\" \/>\n<meta property=\"og:site_name\" content=\"Flex-Dent\" \/>\n<meta property=\"article:publisher\" content=\"https:\/\/www.facebook.com\/flexdent.hu\" \/>\n<meta property=\"article:modified_time\" content=\"2026-03-24T09:46:39+00:00\" \/>\n<meta property=\"og:image\" content=\"https:\/\/flexdent.hu\/wp-content\/uploads\/2026\/03\/ibar-3.png\" \/>\n\t<meta property=\"og:image:width\" content=\"497\" \/>\n\t<meta property=\"og:image:height\" content=\"439\" \/>\n\t<meta property=\"og:image:type\" content=\"image\/png\" \/>\n<meta name=\"twitter:card\" content=\"summary_large_image\" \/>\n<meta name=\"twitter:label1\" content=\"Estimated reading time\" \/>\n\t<meta name=\"twitter:data1\" content=\"1 minute\" \/>\n<script type=\"application\/ld+json\" class=\"yoast-schema-graph\">{\"@context\":\"https:\/\/schema.org\",\"@graph\":[{\"@type\":\"WebPage\",\"@id\":\"https:\/\/flexdent.hu\/fogtechnikusoknak\/ibar\/\",\"url\":\"https:\/\/flexdent.hu\/fogtechnikusoknak\/ibar\/\",\"name\":\"iBar - Flex-Dent\",\"isPartOf\":{\"@id\":\"https:\/\/flexdent.hu\/#website\"},\"primaryImageOfPage\":{\"@id\":\"https:\/\/flexdent.hu\/fogtechnikusoknak\/ibar\/#primaryimage\"},\"image\":{\"@id\":\"https:\/\/flexdent.hu\/fogtechnikusoknak\/ibar\/#primaryimage\"},\"thumbnailUrl\":\"https:\/\/flexdent.hu\/wp-content\/uploads\/2026\/03\/ibar-3.png\",\"datePublished\":\"2023-09-01T14:36:18+00:00\",\"dateModified\":\"2026-03-24T09:46:39+00:00\",\"breadcrumb\":{\"@id\":\"https:\/\/flexdent.hu\/fogtechnikusoknak\/ibar\/#breadcrumb\"},\"inLanguage\":\"en-GB\",\"potentialAction\":[{\"@type\":\"ReadAction\",\"target\":[\"https:\/\/flexdent.hu\/fogtechnikusoknak\/ibar\/\"]}]},{\"@type\":\"ImageObject\",\"inLanguage\":\"en-GB\",\"@id\":\"https:\/\/flexdent.hu\/fogtechnikusoknak\/ibar\/#primaryimage\",\"url\":\"https:\/\/flexdent.hu\/wp-content\/uploads\/2026\/03\/ibar-3.png\",\"contentUrl\":\"https:\/\/flexdent.hu\/wp-content\/uploads\/2026\/03\/ibar-3.png\"},{\"@type\":\"BreadcrumbList\",\"@id\":\"https:\/\/flexdent.hu\/fogtechnikusoknak\/ibar\/#breadcrumb\",\"itemListElement\":[{\"@type\":\"ListItem\",\"position\":1,\"name\":\"Home\",\"item\":\"https:\/\/flexdent.hu\/\"},{\"@type\":\"ListItem\",\"position\":2,\"name\":\"Fogtechnikusoknak\",\"item\":\"https:\/\/flexdent.hu\/fogtechnikusoknak\/\"},{\"@type\":\"ListItem\",\"position\":3,\"name\":\"iBar\"}]},{\"@type\":\"WebSite\",\"@id\":\"https:\/\/flexdent.hu\/#website\",\"url\":\"https:\/\/flexdent.hu\/\",\"name\":\"Flex-Dent\",\"description\":\"CAD-CAM Fr\u00e9zcentrum - Mosonmagyar\u00f3v\u00e1r\",\"potentialAction\":[{\"@type\":\"SearchAction\",\"target\":{\"@type\":\"EntryPoint\",\"urlTemplate\":\"https:\/\/flexdent.hu\/?s={search_term_string}\"},\"query-input\":{\"@type\":\"PropertyValueSpecification\",\"valueRequired\":true,\"valueName\":\"search_term_string\"}}],\"inLanguage\":\"en-GB\"}]}<\/script>\n<!-- \/ Yoast SEO plugin. -->","yoast_head_json":{"title":"iBar - Flex-Dent","robots":{"index":"index","follow":"follow","max-snippet":"max-snippet:-1","max-image-preview":"max-image-preview:large","max-video-preview":"max-video-preview:-1"},"canonical":"https:\/\/flexdent.hu\/en\/fogtechnikusoknak\/ibar\/","og_locale":"en_GB","og_type":"article","og_title":"iBar - Flex-Dent","og_description":"Fogtechnika \u00a0 Az iBar egy korszer\u0171, implant\u00e1tumokra \u00e9p\u00fcl\u0151 fogp\u00f3tl\u00e1si megold\u00e1s, amely egy egyedileg tervezett f\u00e9m s\u00ednre (bar) r\u00f6gz\u00edtett teljes h\u00edd vagy prot\u00e9zis. A rendszer stabil, tart\u00f3s \u00e9s eszt\u00e9tikus megold\u00e1st ny\u00fajt teljes foghi\u00e1ny eset\u00e9n, mik\u00f6zben biztos\u00edtja a r\u00e1g\u00f3er\u0151 egyenletes eloszl\u00e1s\u00e1t \u00e9s a k\u00e9nyelmes visel\u00e9st. Az iBar k\u00e9sz\u00fclhet fix (nem kivehet\u0151) vagy kivehet\u0151 v\u00e1ltozatban, a p\u00e1ciens ig\u00e9nyeihez [&hellip;]","og_url":"https:\/\/flexdent.hu\/en\/fogtechnikusoknak\/ibar\/","og_site_name":"Flex-Dent","article_publisher":"https:\/\/www.facebook.com\/flexdent.hu","article_modified_time":"2026-03-24T09:46:39+00:00","og_image":[{"width":497,"height":439,"url":"https:\/\/flexdent.hu\/wp-content\/uploads\/2026\/03\/ibar-3.png","type":"image\/png"}],"twitter_card":"summary_large_image","twitter_misc":{"Estimated reading time":"1 minute"},"schema":{"@context":"https:\/\/schema.org","@graph":[{"@type":"WebPage","@id":"https:\/\/flexdent.hu\/fogtechnikusoknak\/ibar\/","url":"https:\/\/flexdent.hu\/fogtechnikusoknak\/ibar\/","name":"iBar - Flex-Dent","isPartOf":{"@id":"https:\/\/flexdent.hu\/#website"},"primaryImageOfPage":{"@id":"https:\/\/flexdent.hu\/fogtechnikusoknak\/ibar\/#primaryimage"},"image":{"@id":"https:\/\/flexdent.hu\/fogtechnikusoknak\/ibar\/#primaryimage"},"thumbnailUrl":"https:\/\/flexdent.hu\/wp-content\/uploads\/2026\/03\/ibar-3.png","datePublished":"2023-09-01T14:36:18+00:00","dateModified":"2026-03-24T09:46:39+00:00","breadcrumb":{"@id":"https:\/\/flexdent.hu\/fogtechnikusoknak\/ibar\/#breadcrumb"},"inLanguage":"en-GB","potentialAction":[{"@type":"ReadAction","target":["https:\/\/flexdent.hu\/fogtechnikusoknak\/ibar\/"]}]},{"@type":"ImageObject","inLanguage":"en-GB","@id":"https:\/\/flexdent.hu\/fogtechnikusoknak\/ibar\/#primaryimage","url":"https:\/\/flexdent.hu\/wp-content\/uploads\/2026\/03\/ibar-3.png","contentUrl":"https:\/\/flexdent.hu\/wp-content\/uploads\/2026\/03\/ibar-3.png"},{"@type":"BreadcrumbList","@id":"https:\/\/flexdent.hu\/fogtechnikusoknak\/ibar\/#breadcrumb","itemListElement":[{"@type":"ListItem","position":1,"name":"Home","item":"https:\/\/flexdent.hu\/"},{"@type":"ListItem","position":2,"name":"Fogtechnikusoknak","item":"https:\/\/flexdent.hu\/fogtechnikusoknak\/"},{"@type":"ListItem","position":3,"name":"iBar"}]},{"@type":"WebSite","@id":"https:\/\/flexdent.hu\/#website","url":"https:\/\/flexdent.hu\/","name":"Flex-Dent","description":"CAD-CAM Fr\u00e9zcentrum - Mosonmagyar\u00f3v\u00e1r","potentialAction":[{"@type":"SearchAction","target":{"@type":"EntryPoint","urlTemplate":"https:\/\/flexdent.hu\/?s={search_term_string}"},"query-input":{"@type":"PropertyValueSpecification","valueRequired":true,"valueName":"search_term_string"}}],"inLanguage":"en-GB"}]}},"_links":{"self":[{"href":"https:\/\/flexdent.hu\/en\/wp-json\/wp\/v2\/pages\/2713","targetHints":{"allow":["GET"]}}],"collection":[{"href":"https:\/\/flexdent.hu\/en\/wp-json\/wp\/v2\/pages"}],"about":[{"href":"https:\/\/flexdent.hu\/en\/wp-json\/wp\/v2\/types\/page"}],"author":[{"embeddable":true,"href":"https:\/\/flexdent.hu\/en\/wp-json\/wp\/v2\/users\/4"}],"replies":[{"embeddable":true,"href":"https:\/\/flexdent.hu\/en\/wp-json\/wp\/v2\/comments?post=2713"}],"version-history":[{"count":13,"href":"https:\/\/flexdent.hu\/en\/wp-json\/wp\/v2\/pages\/2713\/revisions"}],"predecessor-version":[{"id":2733,"href":"https:\/\/flexdent.hu\/en\/wp-json\/wp\/v2\/pages\/2713\/revisions\/2733"}],"up":[{"embeddable":true,"href":"https:\/\/flexdent.hu\/en\/wp-json\/wp\/v2\/pages\/67"}],"wp:attachment":[{"href":"https:\/\/flexdent.hu\/en\/wp-json\/wp\/v2\/media?parent=2713"}],"curies":[{"name":"wp","href":"https:\/\/api.w.org\/{rel}","templated":true}]}}