



{"id":243,"date":"2023-08-30T10:57:40","date_gmt":"2023-08-30T10:57:40","guid":{"rendered":"https:\/\/flexdent.hu\/?page_id=243"},"modified":"2023-08-30T15:20:55","modified_gmt":"2023-08-30T15:20:55","slug":"all-on-4-all-on-6","status":"publish","type":"page","link":"https:\/\/flexdent.hu\/en\/sint-mill\/all-on-4-all-on-6\/","title":{"rendered":"All on 4 \/ All on 6"},"content":{"rendered":"<div data-elementor-type=\"wp-post\" data-elementor-id=\"243\" class=\"elementor elementor-243\" data-elementor-post-type=\"page\">\n\t\t\t\t<div class=\"elementor-element elementor-element-8361072 e-flex e-con-boxed e-con e-parent\" data-id=\"8361072\" data-element_type=\"container\" data-e-type=\"container\" data-settings=\"{&quot;background_background&quot;:&quot;classic&quot;}\">\n\t\t\t\t\t<div class=\"e-con-inner\">\n\t\t<div class=\"elementor-element elementor-element-15c852a e-con-full e-flex e-con e-child\" data-id=\"15c852a\" data-element_type=\"container\" data-e-type=\"container\">\n\t\t\t\t<div class=\"elementor-element elementor-element-37b07d4 elementor-widget elementor-widget-heading\" data-id=\"37b07d4\" data-element_type=\"widget\" data-e-type=\"widget\" data-widget_type=\"heading.default\">\n\t\t\t\t<div class=\"elementor-widget-container\">\n\t\t\t\t\t<div class=\"elementor-heading-title elementor-size-default\"><a href=\"https:\/\/flexdent.hu\/en\/sint-mill\/\">Sint &amp; Mill<\/a><\/div>\t\t\t\t<\/div>\n\t\t\t\t<\/div>\n\t\t\t\t<div class=\"elementor-element elementor-element-8a1a9f5 elementor-widget elementor-widget-heading\" data-id=\"8a1a9f5\" data-element_type=\"widget\" data-e-type=\"widget\" data-widget_type=\"heading.default\">\n\t\t\t\t<div class=\"elementor-widget-container\">\n\t\t\t\t\t<h1 class=\"elementor-heading-title elementor-size-default\">All on 4 \/ All on 6<\/h1>\t\t\t\t<\/div>\n\t\t\t\t<\/div>\n\t\t\t\t<\/div>\n\t\t\t\t\t<\/div>\n\t\t\t\t<\/div>\n\t\t<div class=\"elementor-element elementor-element-3bd0607 e-flex e-con-boxed e-con e-parent\" data-id=\"3bd0607\" data-element_type=\"container\" data-e-type=\"container\">\n\t\t\t\t\t<div class=\"e-con-inner\">\n\t\t<div class=\"elementor-element elementor-element-78c41c3 e-con-full e-flex e-con e-child\" data-id=\"78c41c3\" data-element_type=\"container\" data-e-type=\"container\">\n\t\t\t\t<div class=\"elementor-element elementor-element-43410a0 elementor-widget elementor-widget-text-editor\" data-id=\"43410a0\" data-element_type=\"widget\" data-e-type=\"widget\" data-widget_type=\"text-editor.default\">\n\t\t\t\t<div class=\"elementor-widget-container\">\n\t\t\t\t\t\t\t\t\t<p>\"All-on-4\" is a special tooth replacement procedure for patients with tooth loss. This method allows the replacement of all teeth with only four or six implants in the lower and\/or upper jaw.<\/p>\n<p>These implants form a base on which the denture is fixed. The position and arrangement of the implants are optimised to provide maximum stability and support for the denture. This method offers advantages such as faster healing times and fewer invasive procedures thanks to the minimised number of implants.<\/p> \n<p>The \"All-on-4\", \"All-on-6\" prosthesis allows patients to regain full chewing function and an aesthetic smile even after severe tooth loss.<\/p>\t\t\t\t\t\t\t\t<\/div>\n\t\t\t\t<\/div>\n\t\t\t\t<\/div>\n\t\t<div class=\"elementor-element elementor-element-30bc361 e-con-full e-flex e-con e-child\" data-id=\"30bc361\" data-element_type=\"container\" data-e-type=\"container\">\n\t\t\t\t<div class=\"elementor-element elementor-element-7e0bd01 elementor-widget elementor-widget-image\" data-id=\"7e0bd01\" data-element_type=\"widget\" data-e-type=\"widget\" data-widget_type=\"image.default\">\n\t\t\t\t<div class=\"elementor-widget-container\">\n\t\t\t\t\t\t\t\t\t\t\t\t\t\t\t<img fetchpriority=\"high\" decoding=\"async\" width=\"660\" height=\"510\" src=\"https:\/\/flexdent.hu\/wp-content\/uploads\/2023\/08\/Sint-Mill-Image-4.jpg\" class=\"attachment-full size-full wp-image-350\" alt=\"\" srcset=\"https:\/\/flexdent.hu\/wp-content\/uploads\/2023\/08\/Sint-Mill-Image-4.jpg 660w, https:\/\/flexdent.hu\/wp-content\/uploads\/2023\/08\/Sint-Mill-Image-4-300x232.jpg 300w\" sizes=\"(max-width: 660px) 100vw, 660px\" \/>\t\t\t\t\t\t\t\t\t\t\t\t\t\t\t<\/div>\n\t\t\t\t<\/div>\n\t\t\t\t<\/div>\n\t\t\t\t\t<\/div>\n\t\t\t\t<\/div>\n\t\t\t\t<\/div>","protected":false},"excerpt":{"rendered":"<p>Sint &#038; Mill Az &#8222;All-on-4&#8221; fogp\u00f3tl\u00e1s egy speci\u00e1lis fogp\u00f3tl\u00e1si elj\u00e1r\u00e1s, amely a foghi\u00e1nyos p\u00e1ciensek sz\u00e1m\u00e1ra k\u00e9sz\u00fcl. Ez a m\u00f3dszer lehet\u0151v\u00e9 teszi az \u00f6sszes fog p\u00f3tl\u00e1s\u00e1t mind\u00f6ssze n\u00e9gy, illetve hat implant\u00e1tum seg\u00edts\u00e9g\u00e9vel az als\u00f3 \u00e9s\/vagy fels\u0151 \u00e1llkapocsban. Ezek az implant\u00e1tumok olyan alapokat k\u00e9peznek, amelyekre a fogsort r\u00f6gz\u00edtik. Az implant\u00e1tumok helyzete \u00e9s elrendez\u00e9se optimaliz\u00e1lva van, hogy maxim\u00e1lis [&hellip;]<\/p>\n","protected":false},"author":4,"featured_media":0,"parent":73,"menu_order":3,"comment_status":"closed","ping_status":"closed","template":"","meta":{"footnotes":""},"class_list":["post-243","page","type-page","status-publish","hentry"],"yoast_head":"<!-- This site is optimized with the Yoast SEO plugin v27.2 - https:\/\/yoast.com\/product\/yoast-seo-wordpress\/ -->\n<title>All on 4 \/ All on 6 - Flex-Dent<\/title>\n<meta name=\"robots\" content=\"index, follow, max-snippet:-1, max-image-preview:large, max-video-preview:-1\" \/>\n<link rel=\"canonical\" href=\"https:\/\/flexdent.hu\/en\/sint-mill\/all-on-4-all-on-6\/\" \/>\n<meta property=\"og:locale\" content=\"en_GB\" \/>\n<meta property=\"og:type\" content=\"article\" \/>\n<meta property=\"og:title\" content=\"All on 4 \/ All on 6 - Flex-Dent\" \/>\n<meta property=\"og:description\" content=\"Sint &#038; Mill Az &#8222;All-on-4&#8221; fogp\u00f3tl\u00e1s egy speci\u00e1lis fogp\u00f3tl\u00e1si elj\u00e1r\u00e1s, amely a foghi\u00e1nyos p\u00e1ciensek sz\u00e1m\u00e1ra k\u00e9sz\u00fcl. Ez a m\u00f3dszer lehet\u0151v\u00e9 teszi az \u00f6sszes fog p\u00f3tl\u00e1s\u00e1t mind\u00f6ssze n\u00e9gy, illetve hat implant\u00e1tum seg\u00edts\u00e9g\u00e9vel az als\u00f3 \u00e9s\/vagy fels\u0151 \u00e1llkapocsban. Ezek az implant\u00e1tumok olyan alapokat k\u00e9peznek, amelyekre a fogsort r\u00f6gz\u00edtik. Az implant\u00e1tumok helyzete \u00e9s elrendez\u00e9se optimaliz\u00e1lva van, hogy maxim\u00e1lis [&hellip;]\" \/>\n<meta property=\"og:url\" content=\"https:\/\/flexdent.hu\/en\/sint-mill\/all-on-4-all-on-6\/\" \/>\n<meta property=\"og:site_name\" content=\"Flex-Dent\" \/>\n<meta property=\"article:publisher\" content=\"https:\/\/www.facebook.com\/flexdent.hu\" \/>\n<meta property=\"article:modified_time\" content=\"2023-08-30T15:20:55+00:00\" \/>\n<meta property=\"og:image\" content=\"https:\/\/flexdent.hu\/wp-content\/uploads\/2023\/08\/Sint-Mill-Image-4.jpg\" \/>\n<meta name=\"twitter:card\" content=\"summary_large_image\" \/>\n<meta name=\"twitter:label1\" content=\"Estimated reading time\" \/>\n\t<meta name=\"twitter:data1\" content=\"1 minute\" \/>\n<script type=\"application\/ld+json\" class=\"yoast-schema-graph\">{\"@context\":\"https:\/\/schema.org\",\"@graph\":[{\"@type\":\"WebPage\",\"@id\":\"https:\/\/flexdent.hu\/sint-mill\/all-on-4-all-on-6\/\",\"url\":\"https:\/\/flexdent.hu\/sint-mill\/all-on-4-all-on-6\/\",\"name\":\"All on 4 \/ All on 6 - Flex-Dent\",\"isPartOf\":{\"@id\":\"https:\/\/flexdent.hu\/#website\"},\"primaryImageOfPage\":{\"@id\":\"https:\/\/flexdent.hu\/sint-mill\/all-on-4-all-on-6\/#primaryimage\"},\"image\":{\"@id\":\"https:\/\/flexdent.hu\/sint-mill\/all-on-4-all-on-6\/#primaryimage\"},\"thumbnailUrl\":\"https:\/\/flexdent.hu\/wp-content\/uploads\/2023\/08\/Sint-Mill-Image-4.jpg\",\"datePublished\":\"2023-08-30T10:57:40+00:00\",\"dateModified\":\"2023-08-30T15:20:55+00:00\",\"breadcrumb\":{\"@id\":\"https:\/\/flexdent.hu\/sint-mill\/all-on-4-all-on-6\/#breadcrumb\"},\"inLanguage\":\"en-GB\",\"potentialAction\":[{\"@type\":\"ReadAction\",\"target\":[\"https:\/\/flexdent.hu\/sint-mill\/all-on-4-all-on-6\/\"]}]},{\"@type\":\"ImageObject\",\"inLanguage\":\"en-GB\",\"@id\":\"https:\/\/flexdent.hu\/sint-mill\/all-on-4-all-on-6\/#primaryimage\",\"url\":\"https:\/\/flexdent.hu\/wp-content\/uploads\/2023\/08\/Sint-Mill-Image-4.jpg\",\"contentUrl\":\"https:\/\/flexdent.hu\/wp-content\/uploads\/2023\/08\/Sint-Mill-Image-4.jpg\"},{\"@type\":\"BreadcrumbList\",\"@id\":\"https:\/\/flexdent.hu\/sint-mill\/all-on-4-all-on-6\/#breadcrumb\",\"itemListElement\":[{\"@type\":\"ListItem\",\"position\":1,\"name\":\"Home\",\"item\":\"https:\/\/flexdent.hu\/\"},{\"@type\":\"ListItem\",\"position\":2,\"name\":\"Sint &#038; Mill\",\"item\":\"https:\/\/flexdent.hu\/sint-mill\/\"},{\"@type\":\"ListItem\",\"position\":3,\"name\":\"All on 4 \/ All on 6\"}]},{\"@type\":\"WebSite\",\"@id\":\"https:\/\/flexdent.hu\/#website\",\"url\":\"https:\/\/flexdent.hu\/\",\"name\":\"Flex-Dent\",\"description\":\"CAD-CAM Fr\u00e9zcentrum - Mosonmagyar\u00f3v\u00e1r\",\"potentialAction\":[{\"@type\":\"SearchAction\",\"target\":{\"@type\":\"EntryPoint\",\"urlTemplate\":\"https:\/\/flexdent.hu\/?s={search_term_string}\"},\"query-input\":{\"@type\":\"PropertyValueSpecification\",\"valueRequired\":true,\"valueName\":\"search_term_string\"}}],\"inLanguage\":\"en-GB\"}]}<\/script>\n<!-- \/ Yoast SEO plugin. -->","yoast_head_json":{"title":"All on 4 \/ All on 6 - Flex-Dent","robots":{"index":"index","follow":"follow","max-snippet":"max-snippet:-1","max-image-preview":"max-image-preview:large","max-video-preview":"max-video-preview:-1"},"canonical":"https:\/\/flexdent.hu\/en\/sint-mill\/all-on-4-all-on-6\/","og_locale":"en_GB","og_type":"article","og_title":"All on 4 \/ All on 6 - Flex-Dent","og_description":"Sint &#038; Mill Az &#8222;All-on-4&#8221; fogp\u00f3tl\u00e1s egy speci\u00e1lis fogp\u00f3tl\u00e1si elj\u00e1r\u00e1s, amely a foghi\u00e1nyos p\u00e1ciensek sz\u00e1m\u00e1ra k\u00e9sz\u00fcl. Ez a m\u00f3dszer lehet\u0151v\u00e9 teszi az \u00f6sszes fog p\u00f3tl\u00e1s\u00e1t mind\u00f6ssze n\u00e9gy, illetve hat implant\u00e1tum seg\u00edts\u00e9g\u00e9vel az als\u00f3 \u00e9s\/vagy fels\u0151 \u00e1llkapocsban. Ezek az implant\u00e1tumok olyan alapokat k\u00e9peznek, amelyekre a fogsort r\u00f6gz\u00edtik. Az implant\u00e1tumok helyzete \u00e9s elrendez\u00e9se optimaliz\u00e1lva van, hogy maxim\u00e1lis [&hellip;]","og_url":"https:\/\/flexdent.hu\/en\/sint-mill\/all-on-4-all-on-6\/","og_site_name":"Flex-Dent","article_publisher":"https:\/\/www.facebook.com\/flexdent.hu","article_modified_time":"2023-08-30T15:20:55+00:00","og_image":[{"url":"https:\/\/flexdent.hu\/wp-content\/uploads\/2023\/08\/Sint-Mill-Image-4.jpg","type":"","width":"","height":""}],"twitter_card":"summary_large_image","twitter_misc":{"Estimated reading time":"1 minute"},"schema":{"@context":"https:\/\/schema.org","@graph":[{"@type":"WebPage","@id":"https:\/\/flexdent.hu\/sint-mill\/all-on-4-all-on-6\/","url":"https:\/\/flexdent.hu\/sint-mill\/all-on-4-all-on-6\/","name":"All on 4 \/ All on 6 - Flex-Dent","isPartOf":{"@id":"https:\/\/flexdent.hu\/#website"},"primaryImageOfPage":{"@id":"https:\/\/flexdent.hu\/sint-mill\/all-on-4-all-on-6\/#primaryimage"},"image":{"@id":"https:\/\/flexdent.hu\/sint-mill\/all-on-4-all-on-6\/#primaryimage"},"thumbnailUrl":"https:\/\/flexdent.hu\/wp-content\/uploads\/2023\/08\/Sint-Mill-Image-4.jpg","datePublished":"2023-08-30T10:57:40+00:00","dateModified":"2023-08-30T15:20:55+00:00","breadcrumb":{"@id":"https:\/\/flexdent.hu\/sint-mill\/all-on-4-all-on-6\/#breadcrumb"},"inLanguage":"en-GB","potentialAction":[{"@type":"ReadAction","target":["https:\/\/flexdent.hu\/sint-mill\/all-on-4-all-on-6\/"]}]},{"@type":"ImageObject","inLanguage":"en-GB","@id":"https:\/\/flexdent.hu\/sint-mill\/all-on-4-all-on-6\/#primaryimage","url":"https:\/\/flexdent.hu\/wp-content\/uploads\/2023\/08\/Sint-Mill-Image-4.jpg","contentUrl":"https:\/\/flexdent.hu\/wp-content\/uploads\/2023\/08\/Sint-Mill-Image-4.jpg"},{"@type":"BreadcrumbList","@id":"https:\/\/flexdent.hu\/sint-mill\/all-on-4-all-on-6\/#breadcrumb","itemListElement":[{"@type":"ListItem","position":1,"name":"Home","item":"https:\/\/flexdent.hu\/"},{"@type":"ListItem","position":2,"name":"Sint &#038; Mill","item":"https:\/\/flexdent.hu\/sint-mill\/"},{"@type":"ListItem","position":3,"name":"All on 4 \/ All on 6"}]},{"@type":"WebSite","@id":"https:\/\/flexdent.hu\/#website","url":"https:\/\/flexdent.hu\/","name":"Flex-Dent","description":"CAD-CAM Fr\u00e9zcentrum - Mosonmagyar\u00f3v\u00e1r","potentialAction":[{"@type":"SearchAction","target":{"@type":"EntryPoint","urlTemplate":"https:\/\/flexdent.hu\/?s={search_term_string}"},"query-input":{"@type":"PropertyValueSpecification","valueRequired":true,"valueName":"search_term_string"}}],"inLanguage":"en-GB"}]}},"_links":{"self":[{"href":"https:\/\/flexdent.hu\/en\/wp-json\/wp\/v2\/pages\/243","targetHints":{"allow":["GET"]}}],"collection":[{"href":"https:\/\/flexdent.hu\/en\/wp-json\/wp\/v2\/pages"}],"about":[{"href":"https:\/\/flexdent.hu\/en\/wp-json\/wp\/v2\/types\/page"}],"author":[{"embeddable":true,"href":"https:\/\/flexdent.hu\/en\/wp-json\/wp\/v2\/users\/4"}],"replies":[{"embeddable":true,"href":"https:\/\/flexdent.hu\/en\/wp-json\/wp\/v2\/comments?post=243"}],"version-history":[{"count":8,"href":"https:\/\/flexdent.hu\/en\/wp-json\/wp\/v2\/pages\/243\/revisions"}],"predecessor-version":[{"id":365,"href":"https:\/\/flexdent.hu\/en\/wp-json\/wp\/v2\/pages\/243\/revisions\/365"}],"up":[{"embeddable":true,"href":"https:\/\/flexdent.hu\/en\/wp-json\/wp\/v2\/pages\/73"}],"wp:attachment":[{"href":"https:\/\/flexdent.hu\/en\/wp-json\/wp\/v2\/media?parent=243"}],"curies":[{"name":"wp","href":"https:\/\/api.w.org\/{rel}","templated":true}]}}