



{"id":240,"date":"2023-08-30T10:55:50","date_gmt":"2023-08-30T10:55:50","guid":{"rendered":"https:\/\/flexdent.hu\/?page_id=240"},"modified":"2023-08-30T15:20:02","modified_gmt":"2023-08-30T15:20:02","slug":"csavaros-rogzitesu-potlasok","status":"publish","type":"page","link":"https:\/\/flexdent.hu\/en\/sint-mill\/csavaros-rogzitesu-potlasok\/","title":{"rendered":"SCREW-DETAINED REPLACEMENT"},"content":{"rendered":"<div data-elementor-type=\"wp-post\" data-elementor-id=\"240\" class=\"elementor elementor-240\" data-elementor-post-type=\"page\">\n\t\t\t\t<div class=\"elementor-element elementor-element-a085496 e-flex e-con-boxed e-con e-parent\" data-id=\"a085496\" data-element_type=\"container\" data-e-type=\"container\" data-settings=\"{&quot;background_background&quot;:&quot;classic&quot;}\">\n\t\t\t\t\t<div class=\"e-con-inner\">\n\t\t<div class=\"elementor-element elementor-element-5182c11 e-con-full e-flex e-con e-child\" data-id=\"5182c11\" data-element_type=\"container\" data-e-type=\"container\">\n\t\t\t\t<div class=\"elementor-element elementor-element-a63c1ea elementor-widget elementor-widget-heading\" data-id=\"a63c1ea\" data-element_type=\"widget\" data-e-type=\"widget\" data-widget_type=\"heading.default\">\n\t\t\t\t<div class=\"elementor-widget-container\">\n\t\t\t\t\t<div class=\"elementor-heading-title elementor-size-default\"><a href=\"https:\/\/flexdent.hu\/en\/sint-mill\/\">Sint &amp; Mill<\/a><\/div>\t\t\t\t<\/div>\n\t\t\t\t<\/div>\n\t\t\t\t<div class=\"elementor-element elementor-element-87f2ace elementor-widget elementor-widget-heading\" data-id=\"87f2ace\" data-element_type=\"widget\" data-e-type=\"widget\" data-widget_type=\"heading.default\">\n\t\t\t\t<div class=\"elementor-widget-container\">\n\t\t\t\t\t<h1 class=\"elementor-heading-title elementor-size-default\">SCREW-DETAINED REPLACEMENT<\/h1>\t\t\t\t<\/div>\n\t\t\t\t<\/div>\n\t\t\t\t<\/div>\n\t\t\t\t\t<\/div>\n\t\t\t\t<\/div>\n\t\t<div class=\"elementor-element elementor-element-542e61e e-flex e-con-boxed e-con e-parent\" data-id=\"542e61e\" data-element_type=\"container\" data-e-type=\"container\">\n\t\t\t\t\t<div class=\"e-con-inner\">\n\t\t<div class=\"elementor-element elementor-element-d96ab7e e-con-full e-flex e-con e-child\" data-id=\"d96ab7e\" data-element_type=\"container\" data-e-type=\"container\">\n\t\t\t\t<div class=\"elementor-element elementor-element-963efc3 elementor-widget elementor-widget-text-editor\" data-id=\"963efc3\" data-element_type=\"widget\" data-e-type=\"widget\" data-widget_type=\"text-editor.default\">\n\t\t\t\t<div class=\"elementor-widget-container\">\n\t\t\t\t\t\t\t\t\t<p>A screw-retained replacement is a dental and prosthetic solution that is permanently and stably fixed to implants in the mouth. The implants are placed in place of the teeth.<\/p>\n<p>These implants can be screw-fixed to dental restorations such as crowns or bridges. This solution allows the use of natural-looking and functional restorations to restore missing teeth.<\/p>\t\t\t\t\t\t\t\t<\/div>\n\t\t\t\t<\/div>\n\t\t\t\t<\/div>\n\t\t<div class=\"elementor-element elementor-element-a77c45d e-con-full e-flex e-con e-child\" data-id=\"a77c45d\" data-element_type=\"container\" data-e-type=\"container\">\n\t\t\t\t<div class=\"elementor-element elementor-element-8937b77 elementor-widget elementor-widget-image\" data-id=\"8937b77\" data-element_type=\"widget\" data-e-type=\"widget\" data-widget_type=\"image.default\">\n\t\t\t\t<div class=\"elementor-widget-container\">\n\t\t\t\t\t\t\t\t\t\t\t\t\t\t\t<img fetchpriority=\"high\" decoding=\"async\" width=\"660\" height=\"510\" src=\"https:\/\/flexdent.hu\/wp-content\/uploads\/2023\/08\/Sint-Mill-Image-3.jpg\" class=\"attachment-full size-full wp-image-336\" alt=\"\" srcset=\"https:\/\/flexdent.hu\/wp-content\/uploads\/2023\/08\/Sint-Mill-Image-3.jpg 660w, https:\/\/flexdent.hu\/wp-content\/uploads\/2023\/08\/Sint-Mill-Image-3-300x232.jpg 300w\" sizes=\"(max-width: 660px) 100vw, 660px\" \/>\t\t\t\t\t\t\t\t\t\t\t\t\t\t\t<\/div>\n\t\t\t\t<\/div>\n\t\t\t\t<\/div>\n\t\t\t\t\t<\/div>\n\t\t\t\t<\/div>\n\t\t\t\t<\/div>","protected":false},"excerpt":{"rendered":"<p>Sint &#038; Mill A csavaros r\u00f6gz\u00edt\u00e9s\u0171 fogp\u00f3tl\u00e1s olyan fogorvosi \u00e9s fogtechnikai megold\u00e1st jelent, amely tart\u00f3san \u00e9s stabilan r\u00f6gz\u00fcl a sz\u00e1jban l\u00e9v\u0151 implant\u00e1tumokra. Az implant\u00e1tumokat a fogak hely\u00e9re \u00fcltetik be. Ezekre az implant\u00e1tumokra csavaros r\u00f6gz\u00edt\u00e9ssel helyezhet\u0151k be a fogp\u00f3tl\u00e1sok, p\u00e9ld\u00e1ul koron\u00e1k vagy hidak. Ez a megold\u00e1s lehet\u0151v\u00e9 teszi a term\u00e9szetes kin\u00e9zet\u0171 \u00e9s funkcionalit\u00e1s\u00fa p\u00f3tl\u00e1sok haszn\u00e1lat\u00e1t a [&hellip;]<\/p>\n","protected":false},"author":4,"featured_media":0,"parent":73,"menu_order":2,"comment_status":"closed","ping_status":"closed","template":"","meta":{"footnotes":""},"class_list":["post-240","page","type-page","status-publish","hentry"],"yoast_head":"<!-- This site is optimized with the Yoast SEO plugin v27.2 - https:\/\/yoast.com\/product\/yoast-seo-wordpress\/ -->\n<title>Csavaros R\u00f6gz\u00edt\u00e9s\u0171 P\u00f3tl\u00e1sok - Flex-Dent<\/title>\n<meta name=\"robots\" content=\"index, follow, max-snippet:-1, max-image-preview:large, max-video-preview:-1\" \/>\n<link rel=\"canonical\" href=\"https:\/\/flexdent.hu\/en\/sint-mill\/csavaros-rogzitesu-potlasok\/\" \/>\n<meta property=\"og:locale\" content=\"en_GB\" \/>\n<meta property=\"og:type\" content=\"article\" \/>\n<meta property=\"og:title\" content=\"Csavaros R\u00f6gz\u00edt\u00e9s\u0171 P\u00f3tl\u00e1sok - Flex-Dent\" \/>\n<meta property=\"og:description\" content=\"Sint &#038; Mill A csavaros r\u00f6gz\u00edt\u00e9s\u0171 fogp\u00f3tl\u00e1s olyan fogorvosi \u00e9s fogtechnikai megold\u00e1st jelent, amely tart\u00f3san \u00e9s stabilan r\u00f6gz\u00fcl a sz\u00e1jban l\u00e9v\u0151 implant\u00e1tumokra. Az implant\u00e1tumokat a fogak hely\u00e9re \u00fcltetik be. Ezekre az implant\u00e1tumokra csavaros r\u00f6gz\u00edt\u00e9ssel helyezhet\u0151k be a fogp\u00f3tl\u00e1sok, p\u00e9ld\u00e1ul koron\u00e1k vagy hidak. Ez a megold\u00e1s lehet\u0151v\u00e9 teszi a term\u00e9szetes kin\u00e9zet\u0171 \u00e9s funkcionalit\u00e1s\u00fa p\u00f3tl\u00e1sok haszn\u00e1lat\u00e1t a [&hellip;]\" \/>\n<meta property=\"og:url\" content=\"https:\/\/flexdent.hu\/en\/sint-mill\/csavaros-rogzitesu-potlasok\/\" \/>\n<meta property=\"og:site_name\" content=\"Flex-Dent\" \/>\n<meta property=\"article:publisher\" content=\"https:\/\/www.facebook.com\/flexdent.hu\" \/>\n<meta property=\"article:modified_time\" content=\"2023-08-30T15:20:02+00:00\" \/>\n<meta property=\"og:image\" content=\"https:\/\/flexdent.hu\/wp-content\/uploads\/2023\/08\/Sint-Mill-Image-3.jpg\" \/>\n<meta name=\"twitter:card\" content=\"summary_large_image\" \/>\n<script type=\"application\/ld+json\" class=\"yoast-schema-graph\">{\"@context\":\"https:\/\/schema.org\",\"@graph\":[{\"@type\":\"WebPage\",\"@id\":\"https:\/\/flexdent.hu\/sint-mill\/csavaros-rogzitesu-potlasok\/\",\"url\":\"https:\/\/flexdent.hu\/sint-mill\/csavaros-rogzitesu-potlasok\/\",\"name\":\"Csavaros R\u00f6gz\u00edt\u00e9s\u0171 P\u00f3tl\u00e1sok - Flex-Dent\",\"isPartOf\":{\"@id\":\"https:\/\/flexdent.hu\/#website\"},\"primaryImageOfPage\":{\"@id\":\"https:\/\/flexdent.hu\/sint-mill\/csavaros-rogzitesu-potlasok\/#primaryimage\"},\"image\":{\"@id\":\"https:\/\/flexdent.hu\/sint-mill\/csavaros-rogzitesu-potlasok\/#primaryimage\"},\"thumbnailUrl\":\"https:\/\/flexdent.hu\/wp-content\/uploads\/2023\/08\/Sint-Mill-Image-3.jpg\",\"datePublished\":\"2023-08-30T10:55:50+00:00\",\"dateModified\":\"2023-08-30T15:20:02+00:00\",\"breadcrumb\":{\"@id\":\"https:\/\/flexdent.hu\/sint-mill\/csavaros-rogzitesu-potlasok\/#breadcrumb\"},\"inLanguage\":\"en-GB\",\"potentialAction\":[{\"@type\":\"ReadAction\",\"target\":[\"https:\/\/flexdent.hu\/sint-mill\/csavaros-rogzitesu-potlasok\/\"]}]},{\"@type\":\"ImageObject\",\"inLanguage\":\"en-GB\",\"@id\":\"https:\/\/flexdent.hu\/sint-mill\/csavaros-rogzitesu-potlasok\/#primaryimage\",\"url\":\"https:\/\/flexdent.hu\/wp-content\/uploads\/2023\/08\/Sint-Mill-Image-3.jpg\",\"contentUrl\":\"https:\/\/flexdent.hu\/wp-content\/uploads\/2023\/08\/Sint-Mill-Image-3.jpg\"},{\"@type\":\"BreadcrumbList\",\"@id\":\"https:\/\/flexdent.hu\/sint-mill\/csavaros-rogzitesu-potlasok\/#breadcrumb\",\"itemListElement\":[{\"@type\":\"ListItem\",\"position\":1,\"name\":\"Home\",\"item\":\"https:\/\/flexdent.hu\/\"},{\"@type\":\"ListItem\",\"position\":2,\"name\":\"Sint &#038; Mill\",\"item\":\"https:\/\/flexdent.hu\/sint-mill\/\"},{\"@type\":\"ListItem\",\"position\":3,\"name\":\"Csavaros R\u00f6gz\u00edt\u00e9s\u0171 P\u00f3tl\u00e1sok\"}]},{\"@type\":\"WebSite\",\"@id\":\"https:\/\/flexdent.hu\/#website\",\"url\":\"https:\/\/flexdent.hu\/\",\"name\":\"Flex-Dent\",\"description\":\"CAD-CAM Fr\u00e9zcentrum - Mosonmagyar\u00f3v\u00e1r\",\"potentialAction\":[{\"@type\":\"SearchAction\",\"target\":{\"@type\":\"EntryPoint\",\"urlTemplate\":\"https:\/\/flexdent.hu\/?s={search_term_string}\"},\"query-input\":{\"@type\":\"PropertyValueSpecification\",\"valueRequired\":true,\"valueName\":\"search_term_string\"}}],\"inLanguage\":\"en-GB\"}]}<\/script>\n<!-- \/ Yoast SEO plugin. -->","yoast_head_json":{"title":"Csavaros R\u00f6gz\u00edt\u00e9s\u0171 P\u00f3tl\u00e1sok - Flex-Dent","robots":{"index":"index","follow":"follow","max-snippet":"max-snippet:-1","max-image-preview":"max-image-preview:large","max-video-preview":"max-video-preview:-1"},"canonical":"https:\/\/flexdent.hu\/en\/sint-mill\/csavaros-rogzitesu-potlasok\/","og_locale":"en_GB","og_type":"article","og_title":"Csavaros R\u00f6gz\u00edt\u00e9s\u0171 P\u00f3tl\u00e1sok - Flex-Dent","og_description":"Sint &#038; Mill A csavaros r\u00f6gz\u00edt\u00e9s\u0171 fogp\u00f3tl\u00e1s olyan fogorvosi \u00e9s fogtechnikai megold\u00e1st jelent, amely tart\u00f3san \u00e9s stabilan r\u00f6gz\u00fcl a sz\u00e1jban l\u00e9v\u0151 implant\u00e1tumokra. Az implant\u00e1tumokat a fogak hely\u00e9re \u00fcltetik be. Ezekre az implant\u00e1tumokra csavaros r\u00f6gz\u00edt\u00e9ssel helyezhet\u0151k be a fogp\u00f3tl\u00e1sok, p\u00e9ld\u00e1ul koron\u00e1k vagy hidak. Ez a megold\u00e1s lehet\u0151v\u00e9 teszi a term\u00e9szetes kin\u00e9zet\u0171 \u00e9s funkcionalit\u00e1s\u00fa p\u00f3tl\u00e1sok haszn\u00e1lat\u00e1t a [&hellip;]","og_url":"https:\/\/flexdent.hu\/en\/sint-mill\/csavaros-rogzitesu-potlasok\/","og_site_name":"Flex-Dent","article_publisher":"https:\/\/www.facebook.com\/flexdent.hu","article_modified_time":"2023-08-30T15:20:02+00:00","og_image":[{"url":"https:\/\/flexdent.hu\/wp-content\/uploads\/2023\/08\/Sint-Mill-Image-3.jpg","type":"","width":"","height":""}],"twitter_card":"summary_large_image","schema":{"@context":"https:\/\/schema.org","@graph":[{"@type":"WebPage","@id":"https:\/\/flexdent.hu\/sint-mill\/csavaros-rogzitesu-potlasok\/","url":"https:\/\/flexdent.hu\/sint-mill\/csavaros-rogzitesu-potlasok\/","name":"Csavaros R\u00f6gz\u00edt\u00e9s\u0171 P\u00f3tl\u00e1sok - Flex-Dent","isPartOf":{"@id":"https:\/\/flexdent.hu\/#website"},"primaryImageOfPage":{"@id":"https:\/\/flexdent.hu\/sint-mill\/csavaros-rogzitesu-potlasok\/#primaryimage"},"image":{"@id":"https:\/\/flexdent.hu\/sint-mill\/csavaros-rogzitesu-potlasok\/#primaryimage"},"thumbnailUrl":"https:\/\/flexdent.hu\/wp-content\/uploads\/2023\/08\/Sint-Mill-Image-3.jpg","datePublished":"2023-08-30T10:55:50+00:00","dateModified":"2023-08-30T15:20:02+00:00","breadcrumb":{"@id":"https:\/\/flexdent.hu\/sint-mill\/csavaros-rogzitesu-potlasok\/#breadcrumb"},"inLanguage":"en-GB","potentialAction":[{"@type":"ReadAction","target":["https:\/\/flexdent.hu\/sint-mill\/csavaros-rogzitesu-potlasok\/"]}]},{"@type":"ImageObject","inLanguage":"en-GB","@id":"https:\/\/flexdent.hu\/sint-mill\/csavaros-rogzitesu-potlasok\/#primaryimage","url":"https:\/\/flexdent.hu\/wp-content\/uploads\/2023\/08\/Sint-Mill-Image-3.jpg","contentUrl":"https:\/\/flexdent.hu\/wp-content\/uploads\/2023\/08\/Sint-Mill-Image-3.jpg"},{"@type":"BreadcrumbList","@id":"https:\/\/flexdent.hu\/sint-mill\/csavaros-rogzitesu-potlasok\/#breadcrumb","itemListElement":[{"@type":"ListItem","position":1,"name":"Home","item":"https:\/\/flexdent.hu\/"},{"@type":"ListItem","position":2,"name":"Sint &#038; Mill","item":"https:\/\/flexdent.hu\/sint-mill\/"},{"@type":"ListItem","position":3,"name":"Csavaros R\u00f6gz\u00edt\u00e9s\u0171 P\u00f3tl\u00e1sok"}]},{"@type":"WebSite","@id":"https:\/\/flexdent.hu\/#website","url":"https:\/\/flexdent.hu\/","name":"Flex-Dent","description":"CAD-CAM Fr\u00e9zcentrum - Mosonmagyar\u00f3v\u00e1r","potentialAction":[{"@type":"SearchAction","target":{"@type":"EntryPoint","urlTemplate":"https:\/\/flexdent.hu\/?s={search_term_string}"},"query-input":{"@type":"PropertyValueSpecification","valueRequired":true,"valueName":"search_term_string"}}],"inLanguage":"en-GB"}]}},"_links":{"self":[{"href":"https:\/\/flexdent.hu\/en\/wp-json\/wp\/v2\/pages\/240","targetHints":{"allow":["GET"]}}],"collection":[{"href":"https:\/\/flexdent.hu\/en\/wp-json\/wp\/v2\/pages"}],"about":[{"href":"https:\/\/flexdent.hu\/en\/wp-json\/wp\/v2\/types\/page"}],"author":[{"embeddable":true,"href":"https:\/\/flexdent.hu\/en\/wp-json\/wp\/v2\/users\/4"}],"replies":[{"embeddable":true,"href":"https:\/\/flexdent.hu\/en\/wp-json\/wp\/v2\/comments?post=240"}],"version-history":[{"count":14,"href":"https:\/\/flexdent.hu\/en\/wp-json\/wp\/v2\/pages\/240\/revisions"}],"predecessor-version":[{"id":359,"href":"https:\/\/flexdent.hu\/en\/wp-json\/wp\/v2\/pages\/240\/revisions\/359"}],"up":[{"embeddable":true,"href":"https:\/\/flexdent.hu\/en\/wp-json\/wp\/v2\/pages\/73"}],"wp:attachment":[{"href":"https:\/\/flexdent.hu\/en\/wp-json\/wp\/v2\/media?parent=240"}],"curies":[{"name":"wp","href":"https:\/\/api.w.org\/{rel}","templated":true}]}}