



{"id":234,"date":"2023-08-30T10:53:43","date_gmt":"2023-08-30T10:53:43","guid":{"rendered":"https:\/\/flexdent.hu\/?page_id=234"},"modified":"2023-08-30T15:20:06","modified_gmt":"2023-08-30T15:20:06","slug":"stegek","status":"publish","type":"page","link":"https:\/\/flexdent.hu\/en\/sint-mill\/stegek\/","title":{"rendered":"Bars"},"content":{"rendered":"<div data-elementor-type=\"wp-post\" data-elementor-id=\"234\" class=\"elementor elementor-234\" data-elementor-post-type=\"page\">\n\t\t\t\t<div class=\"elementor-element elementor-element-67b799e e-flex e-con-boxed e-con e-parent\" data-id=\"67b799e\" data-element_type=\"container\" data-e-type=\"container\" data-settings=\"{&quot;background_background&quot;:&quot;classic&quot;}\">\n\t\t\t\t\t<div class=\"e-con-inner\">\n\t\t<div class=\"elementor-element elementor-element-b149411 e-con-full e-flex e-con e-child\" data-id=\"b149411\" data-element_type=\"container\" data-e-type=\"container\">\n\t\t\t\t<div class=\"elementor-element elementor-element-c1f8162 elementor-widget elementor-widget-heading\" data-id=\"c1f8162\" data-element_type=\"widget\" data-e-type=\"widget\" data-widget_type=\"heading.default\">\n\t\t\t\t<div class=\"elementor-widget-container\">\n\t\t\t\t\t<div class=\"elementor-heading-title elementor-size-default\"><a href=\"https:\/\/flexdent.hu\/en\/sint-mill\/\">Sint &amp; Mill<\/a><\/div>\t\t\t\t<\/div>\n\t\t\t\t<\/div>\n\t\t\t\t<div class=\"elementor-element elementor-element-052b023 elementor-widget elementor-widget-heading\" data-id=\"052b023\" data-element_type=\"widget\" data-e-type=\"widget\" data-widget_type=\"heading.default\">\n\t\t\t\t<div class=\"elementor-widget-container\">\n\t\t\t\t\t<h1 class=\"elementor-heading-title elementor-size-default\">Bars<\/h1>\t\t\t\t<\/div>\n\t\t\t\t<\/div>\n\t\t\t\t<\/div>\n\t\t\t\t\t<\/div>\n\t\t\t\t<\/div>\n\t\t<div class=\"elementor-element elementor-element-3d4c73d e-flex e-con-boxed e-con e-parent\" data-id=\"3d4c73d\" data-element_type=\"container\" data-e-type=\"container\">\n\t\t\t\t\t<div class=\"e-con-inner\">\n\t\t<div class=\"elementor-element elementor-element-e97dba8 e-con-full e-flex e-con e-child\" data-id=\"e97dba8\" data-element_type=\"container\" data-e-type=\"container\">\n\t\t\t\t<div class=\"elementor-element elementor-element-af5d3b9 elementor-widget elementor-widget-text-editor\" data-id=\"af5d3b9\" data-element_type=\"widget\" data-e-type=\"widget\" data-widget_type=\"text-editor.default\">\n\t\t\t\t<div class=\"elementor-widget-container\">\n\t\t\t\t\t\t\t\t\t<p class=\"translation-block\">A dental prosthesis is a dental procedure that uses a dental bridge, a type of framework that is attached to implants, to replace lost teeth. A dental prosthesis can be made with a zirconia bridge or dentures.<br>A metal frame (which is the prosthesis itself) is fixed to four implants in the lower (or upper) jawbone to stabilise the denture.<\/p>\n<p>The great advantage of this solution is that the denture resembles a removable bridge, but is fixed in a stable position by the bridge. With a bridgework restoration, a new denture is placed in the area of the missing tooth to improve aesthetics, chewing and speech.<\/p>\t\t\t\t\t\t\t\t<\/div>\n\t\t\t\t<\/div>\n\t\t\t\t<\/div>\n\t\t<div class=\"elementor-element elementor-element-6fedc55 e-con-full e-flex e-con e-child\" data-id=\"6fedc55\" data-element_type=\"container\" data-e-type=\"container\">\n\t\t\t\t<div class=\"elementor-element elementor-element-8002e13 elementor-widget elementor-widget-image\" data-id=\"8002e13\" data-element_type=\"widget\" data-e-type=\"widget\" data-widget_type=\"image.default\">\n\t\t\t\t<div class=\"elementor-widget-container\">\n\t\t\t\t\t\t\t\t\t\t\t\t\t\t\t<img fetchpriority=\"high\" decoding=\"async\" width=\"660\" height=\"510\" src=\"https:\/\/flexdent.hu\/wp-content\/uploads\/2023\/08\/Sint-Mill-Image-2.jpg\" class=\"attachment-full size-full wp-image-306\" alt=\"\" srcset=\"https:\/\/flexdent.hu\/wp-content\/uploads\/2023\/08\/Sint-Mill-Image-2.jpg 660w, https:\/\/flexdent.hu\/wp-content\/uploads\/2023\/08\/Sint-Mill-Image-2-300x232.jpg 300w\" sizes=\"(max-width: 660px) 100vw, 660px\" \/>\t\t\t\t\t\t\t\t\t\t\t\t\t\t\t<\/div>\n\t\t\t\t<\/div>\n\t\t\t\t<\/div>\n\t\t\t\t\t<\/div>\n\t\t\t\t<\/div>\n\t\t\t\t<\/div>","protected":false},"excerpt":{"rendered":"<p>Sint &#038; Mill A fogtechnikai st\u00e9ges fogp\u00f3tl\u00e1s egy olyan fog\u00e1szati elj\u00e1r\u00e1s, ahol az elveszett fogak p\u00f3tl\u00e1s\u00e1ra haszn\u00e1lnak st\u00e9get, vagyis egyfajta tart\u00f3v\u00e1zat, amelyet implant\u00e1tumokhoz r\u00f6gz\u00edtenek. A st\u00e9ges fogp\u00f3tl\u00e1s k\u00e9sz\u00fclhet cirkon hiddal, illetve m\u0171fogsorral is. Az als\u00f3 (vagy fels\u0151) \u00e1llcsontba be\u00fcltetett n\u00e9gy darab implant\u00e1tumra r\u00f6gz\u00edtett f\u00e9mv\u00e1z (ami maga a st\u00e9g) stabiliz\u00e1lja a fogsort. A megold\u00e1s nagy el\u0151nye, [&hellip;]<\/p>\n","protected":false},"author":4,"featured_media":0,"parent":73,"menu_order":1,"comment_status":"closed","ping_status":"closed","template":"","meta":{"footnotes":""},"class_list":["post-234","page","type-page","status-publish","hentry"],"yoast_head":"<!-- This site is optimized with the Yoast SEO plugin v27.2 - https:\/\/yoast.com\/product\/yoast-seo-wordpress\/ -->\n<title>St\u00e9gek - Flex-Dent<\/title>\n<meta name=\"robots\" content=\"index, follow, max-snippet:-1, max-image-preview:large, max-video-preview:-1\" \/>\n<link rel=\"canonical\" href=\"https:\/\/flexdent.hu\/en\/sint-mill\/stegek\/\" \/>\n<meta property=\"og:locale\" content=\"en_GB\" \/>\n<meta property=\"og:type\" content=\"article\" \/>\n<meta property=\"og:title\" content=\"St\u00e9gek - Flex-Dent\" \/>\n<meta property=\"og:description\" content=\"Sint &#038; Mill A fogtechnikai st\u00e9ges fogp\u00f3tl\u00e1s egy olyan fog\u00e1szati elj\u00e1r\u00e1s, ahol az elveszett fogak p\u00f3tl\u00e1s\u00e1ra haszn\u00e1lnak st\u00e9get, vagyis egyfajta tart\u00f3v\u00e1zat, amelyet implant\u00e1tumokhoz r\u00f6gz\u00edtenek. A st\u00e9ges fogp\u00f3tl\u00e1s k\u00e9sz\u00fclhet cirkon hiddal, illetve m\u0171fogsorral is. Az als\u00f3 (vagy fels\u0151) \u00e1llcsontba be\u00fcltetett n\u00e9gy darab implant\u00e1tumra r\u00f6gz\u00edtett f\u00e9mv\u00e1z (ami maga a st\u00e9g) stabiliz\u00e1lja a fogsort. A megold\u00e1s nagy el\u0151nye, [&hellip;]\" \/>\n<meta property=\"og:url\" content=\"https:\/\/flexdent.hu\/en\/sint-mill\/stegek\/\" \/>\n<meta property=\"og:site_name\" content=\"Flex-Dent\" \/>\n<meta property=\"article:publisher\" content=\"https:\/\/www.facebook.com\/flexdent.hu\" \/>\n<meta property=\"article:modified_time\" content=\"2023-08-30T15:20:06+00:00\" \/>\n<meta property=\"og:image\" content=\"https:\/\/flexdent.hu\/wp-content\/uploads\/2023\/08\/Sint-Mill-Image-2.jpg\" \/>\n<meta name=\"twitter:card\" content=\"summary_large_image\" \/>\n<meta name=\"twitter:label1\" content=\"Estimated reading time\" \/>\n\t<meta name=\"twitter:data1\" content=\"1 minute\" \/>\n<script type=\"application\/ld+json\" class=\"yoast-schema-graph\">{\"@context\":\"https:\/\/schema.org\",\"@graph\":[{\"@type\":\"WebPage\",\"@id\":\"https:\/\/flexdent.hu\/sint-mill\/stegek\/\",\"url\":\"https:\/\/flexdent.hu\/sint-mill\/stegek\/\",\"name\":\"St\u00e9gek - Flex-Dent\",\"isPartOf\":{\"@id\":\"https:\/\/flexdent.hu\/#website\"},\"primaryImageOfPage\":{\"@id\":\"https:\/\/flexdent.hu\/sint-mill\/stegek\/#primaryimage\"},\"image\":{\"@id\":\"https:\/\/flexdent.hu\/sint-mill\/stegek\/#primaryimage\"},\"thumbnailUrl\":\"https:\/\/flexdent.hu\/wp-content\/uploads\/2023\/08\/Sint-Mill-Image-2.jpg\",\"datePublished\":\"2023-08-30T10:53:43+00:00\",\"dateModified\":\"2023-08-30T15:20:06+00:00\",\"breadcrumb\":{\"@id\":\"https:\/\/flexdent.hu\/sint-mill\/stegek\/#breadcrumb\"},\"inLanguage\":\"en-GB\",\"potentialAction\":[{\"@type\":\"ReadAction\",\"target\":[\"https:\/\/flexdent.hu\/sint-mill\/stegek\/\"]}]},{\"@type\":\"ImageObject\",\"inLanguage\":\"en-GB\",\"@id\":\"https:\/\/flexdent.hu\/sint-mill\/stegek\/#primaryimage\",\"url\":\"https:\/\/flexdent.hu\/wp-content\/uploads\/2023\/08\/Sint-Mill-Image-2.jpg\",\"contentUrl\":\"https:\/\/flexdent.hu\/wp-content\/uploads\/2023\/08\/Sint-Mill-Image-2.jpg\"},{\"@type\":\"BreadcrumbList\",\"@id\":\"https:\/\/flexdent.hu\/sint-mill\/stegek\/#breadcrumb\",\"itemListElement\":[{\"@type\":\"ListItem\",\"position\":1,\"name\":\"Home\",\"item\":\"https:\/\/flexdent.hu\/\"},{\"@type\":\"ListItem\",\"position\":2,\"name\":\"Sint &#038; Mill\",\"item\":\"https:\/\/flexdent.hu\/sint-mill\/\"},{\"@type\":\"ListItem\",\"position\":3,\"name\":\"St\u00e9gek\"}]},{\"@type\":\"WebSite\",\"@id\":\"https:\/\/flexdent.hu\/#website\",\"url\":\"https:\/\/flexdent.hu\/\",\"name\":\"Flex-Dent\",\"description\":\"CAD-CAM Fr\u00e9zcentrum - Mosonmagyar\u00f3v\u00e1r\",\"potentialAction\":[{\"@type\":\"SearchAction\",\"target\":{\"@type\":\"EntryPoint\",\"urlTemplate\":\"https:\/\/flexdent.hu\/?s={search_term_string}\"},\"query-input\":{\"@type\":\"PropertyValueSpecification\",\"valueRequired\":true,\"valueName\":\"search_term_string\"}}],\"inLanguage\":\"en-GB\"}]}<\/script>\n<!-- \/ Yoast SEO plugin. -->","yoast_head_json":{"title":"St\u00e9gek - Flex-Dent","robots":{"index":"index","follow":"follow","max-snippet":"max-snippet:-1","max-image-preview":"max-image-preview:large","max-video-preview":"max-video-preview:-1"},"canonical":"https:\/\/flexdent.hu\/en\/sint-mill\/stegek\/","og_locale":"en_GB","og_type":"article","og_title":"St\u00e9gek - Flex-Dent","og_description":"Sint &#038; Mill A fogtechnikai st\u00e9ges fogp\u00f3tl\u00e1s egy olyan fog\u00e1szati elj\u00e1r\u00e1s, ahol az elveszett fogak p\u00f3tl\u00e1s\u00e1ra haszn\u00e1lnak st\u00e9get, vagyis egyfajta tart\u00f3v\u00e1zat, amelyet implant\u00e1tumokhoz r\u00f6gz\u00edtenek. A st\u00e9ges fogp\u00f3tl\u00e1s k\u00e9sz\u00fclhet cirkon hiddal, illetve m\u0171fogsorral is. Az als\u00f3 (vagy fels\u0151) \u00e1llcsontba be\u00fcltetett n\u00e9gy darab implant\u00e1tumra r\u00f6gz\u00edtett f\u00e9mv\u00e1z (ami maga a st\u00e9g) stabiliz\u00e1lja a fogsort. A megold\u00e1s nagy el\u0151nye, [&hellip;]","og_url":"https:\/\/flexdent.hu\/en\/sint-mill\/stegek\/","og_site_name":"Flex-Dent","article_publisher":"https:\/\/www.facebook.com\/flexdent.hu","article_modified_time":"2023-08-30T15:20:06+00:00","og_image":[{"url":"https:\/\/flexdent.hu\/wp-content\/uploads\/2023\/08\/Sint-Mill-Image-2.jpg","type":"","width":"","height":""}],"twitter_card":"summary_large_image","twitter_misc":{"Estimated reading time":"1 minute"},"schema":{"@context":"https:\/\/schema.org","@graph":[{"@type":"WebPage","@id":"https:\/\/flexdent.hu\/sint-mill\/stegek\/","url":"https:\/\/flexdent.hu\/sint-mill\/stegek\/","name":"St\u00e9gek - Flex-Dent","isPartOf":{"@id":"https:\/\/flexdent.hu\/#website"},"primaryImageOfPage":{"@id":"https:\/\/flexdent.hu\/sint-mill\/stegek\/#primaryimage"},"image":{"@id":"https:\/\/flexdent.hu\/sint-mill\/stegek\/#primaryimage"},"thumbnailUrl":"https:\/\/flexdent.hu\/wp-content\/uploads\/2023\/08\/Sint-Mill-Image-2.jpg","datePublished":"2023-08-30T10:53:43+00:00","dateModified":"2023-08-30T15:20:06+00:00","breadcrumb":{"@id":"https:\/\/flexdent.hu\/sint-mill\/stegek\/#breadcrumb"},"inLanguage":"en-GB","potentialAction":[{"@type":"ReadAction","target":["https:\/\/flexdent.hu\/sint-mill\/stegek\/"]}]},{"@type":"ImageObject","inLanguage":"en-GB","@id":"https:\/\/flexdent.hu\/sint-mill\/stegek\/#primaryimage","url":"https:\/\/flexdent.hu\/wp-content\/uploads\/2023\/08\/Sint-Mill-Image-2.jpg","contentUrl":"https:\/\/flexdent.hu\/wp-content\/uploads\/2023\/08\/Sint-Mill-Image-2.jpg"},{"@type":"BreadcrumbList","@id":"https:\/\/flexdent.hu\/sint-mill\/stegek\/#breadcrumb","itemListElement":[{"@type":"ListItem","position":1,"name":"Home","item":"https:\/\/flexdent.hu\/"},{"@type":"ListItem","position":2,"name":"Sint &#038; Mill","item":"https:\/\/flexdent.hu\/sint-mill\/"},{"@type":"ListItem","position":3,"name":"St\u00e9gek"}]},{"@type":"WebSite","@id":"https:\/\/flexdent.hu\/#website","url":"https:\/\/flexdent.hu\/","name":"Flex-Dent","description":"CAD-CAM Fr\u00e9zcentrum - Mosonmagyar\u00f3v\u00e1r","potentialAction":[{"@type":"SearchAction","target":{"@type":"EntryPoint","urlTemplate":"https:\/\/flexdent.hu\/?s={search_term_string}"},"query-input":{"@type":"PropertyValueSpecification","valueRequired":true,"valueName":"search_term_string"}}],"inLanguage":"en-GB"}]}},"_links":{"self":[{"href":"https:\/\/flexdent.hu\/en\/wp-json\/wp\/v2\/pages\/234","targetHints":{"allow":["GET"]}}],"collection":[{"href":"https:\/\/flexdent.hu\/en\/wp-json\/wp\/v2\/pages"}],"about":[{"href":"https:\/\/flexdent.hu\/en\/wp-json\/wp\/v2\/types\/page"}],"author":[{"embeddable":true,"href":"https:\/\/flexdent.hu\/en\/wp-json\/wp\/v2\/users\/4"}],"replies":[{"embeddable":true,"href":"https:\/\/flexdent.hu\/en\/wp-json\/wp\/v2\/comments?post=234"}],"version-history":[{"count":25,"href":"https:\/\/flexdent.hu\/en\/wp-json\/wp\/v2\/pages\/234\/revisions"}],"predecessor-version":[{"id":362,"href":"https:\/\/flexdent.hu\/en\/wp-json\/wp\/v2\/pages\/234\/revisions\/362"}],"up":[{"embeddable":true,"href":"https:\/\/flexdent.hu\/en\/wp-json\/wp\/v2\/pages\/73"}],"wp:attachment":[{"href":"https:\/\/flexdent.hu\/en\/wp-json\/wp\/v2\/media?parent=234"}],"curies":[{"name":"wp","href":"https:\/\/api.w.org\/{rel}","templated":true}]}}