



{"id":108,"date":"2023-08-29T09:47:58","date_gmt":"2023-08-29T09:47:58","guid":{"rendered":"https:\/\/flexdent.hu\/?page_id=108"},"modified":"2026-03-30T14:25:08","modified_gmt":"2026-03-30T12:25:08","slug":"impresszum","status":"publish","type":"page","link":"https:\/\/flexdent.hu\/en\/impresszum\/","title":{"rendered":"Imprint"},"content":{"rendered":"<div data-elementor-type=\"wp-post\" data-elementor-id=\"108\" class=\"elementor elementor-108\" data-elementor-post-type=\"page\">\n\t\t\t\t<div class=\"elementor-element elementor-element-797f3cc e-flex e-con-boxed e-con e-parent\" data-id=\"797f3cc\" data-element_type=\"container\" data-e-type=\"container\" data-settings=\"{&quot;background_background&quot;:&quot;classic&quot;}\">\n\t\t\t\t\t<div class=\"e-con-inner\">\n\t\t<div class=\"elementor-element elementor-element-85c569b e-con-full e-flex e-con e-child\" data-id=\"85c569b\" data-element_type=\"container\" data-e-type=\"container\">\n\t\t\t\t<div class=\"elementor-element elementor-element-85b866f elementor-widget-mobile__width-auto elementor-widget elementor-widget-heading\" data-id=\"85b866f\" data-element_type=\"widget\" data-e-type=\"widget\" data-widget_type=\"heading.default\">\n\t\t\t\t<div class=\"elementor-widget-container\">\n\t\t\t\t\t<div class=\"elementor-heading-title elementor-size-default\">Imprint<\/div>\t\t\t\t<\/div>\n\t\t\t\t<\/div>\n\t\t\t\t<\/div>\n\t\t\t\t\t<\/div>\n\t\t\t\t<\/div>\n\t\t<div class=\"elementor-element elementor-element-9ef56ef e-flex e-con-boxed e-con e-parent\" data-id=\"9ef56ef\" data-element_type=\"container\" data-e-type=\"container\">\n\t\t\t\t\t<div class=\"e-con-inner\">\n\t\t\t\t<div class=\"elementor-element elementor-element-2365b5c elementor-widget elementor-widget-text-editor\" data-id=\"2365b5c\" data-element_type=\"widget\" data-e-type=\"widget\" data-widget_type=\"text-editor.default\">\n\t\t\t\t<div class=\"elementor-widget-container\">\n\t\t\t\t\t\t\t\t\t<p>C\u00e9gn\u00e9v: <b>FLEX-DENT Kft.<\/b><\/p><p>Sz\u00e9khely: 9200 Mosonmagyar\u00f3v\u00e1r, Pozsonyi utca 11<\/p><p>Ad\u00f3sz\u00e1m: 13915911-2-08<\/p><p>C\u00e9gjegyz\u00e9ksz\u00e1m: 08-09-014767<\/p><p>Telefonsz\u00e1m: <a href=\"tel:+36302356552\">+36 30 235 6552<\/a><\/p><p>E-mail: <a href=\"mailto:labor@flexdent.hu\">labor@flexdent.hu<\/a>; <a href=\"mailto:job@flexdent.hu\">job@flexdent.hu<\/a><\/p><p>Nyilv\u00e1ntart\u00e1sba vev\u0151 hat\u00f3s\u00e1g neve:\u00a0Gy\u0151r-Moson-Sopron Megyei B\u00edr\u00f3s\u00e1g C\u00e9gb\u00edr\u00f3s\u00e1ga<\/p><p><b><u>A honlap t\u00e1rhelyszolg\u00e1ltat\u00f3ja:<br \/><\/u><\/b><\/p><p>Inter.hu Kft<br \/>Kontakt szem\u00e9ly: Masszi Tam\u00e1s<strong><br \/><\/strong>Sz\u00e9khely: 2030 \u00c9rd, Di\u00f3sdi \u00fat 18.<br \/>E-mail: mt@inter.hu<br \/>Weboldal:\u00a0<a href=\"http:\/\/inter.hu\/\" target=\"_blank\" rel=\"nofollow noopener noreferrer\">http:\/\/inter.hu<\/a><\/p><p><strong>A honlap domain fenntart\u00f3ja:<\/strong><\/p><p>C\u00e9gn\u00e9v: DotRoll Kft.<\/p><p>Sz\u00e9khely: 1148 Budapest, Fogarasi \u00fat 3-5.<\/p><p>Ad\u00f3sz\u00e1m: 13962982-2-42<\/p><p>C\u00e9gjegyz\u00e9ksz\u00e1m: 01 09 882068<\/p><p>Telefonsz\u00e1m: <a href=\"tel:+3614323232\">+36 &#8211; 1 &#8211; 432 &#8211; 3232<\/a><\/p><p>E-mail: <a href=\"mailto:support@dotroll.com\">\u00a0support@dotroll.com<\/a><\/p><p><span style=\"text-decoration: underline;\"><strong>Levelez\u00e9s \u00e9s domain k\u00f6zvet\u00edtett szolg\u00e1ltat\u00e1s: <\/strong><\/span><\/p><p>www.owp.hu\/<\/p><p><strong>A honlap jelenlegi fejleszt\u0151je<\/strong> <a href=\"https:\/\/www.spiritlab.hu\/programozas\/\">(SpiritLab)<\/a> <strong>\u00e9s karbantart\u00f3ja<\/strong><a href=\"https:\/\/weblapsuszter.hu\/\"> (WeblapSuszter)<\/a><\/p>\t\t\t\t\t\t\t\t<\/div>\n\t\t\t\t<\/div>\n\t\t\t\t\t<\/div>\n\t\t\t\t<\/div>\n\t\t\t\t<\/div>","protected":false},"excerpt":{"rendered":"<p>C\u00e9gn\u00e9v: FLEX-DENT Kft. Sz\u00e9khely: 9200 Mosonmagyar\u00f3v\u00e1r, Pozsonyi utca 11 Ad\u00f3sz\u00e1m: 13915911-2-08 C\u00e9gjegyz\u00e9ksz\u00e1m: 08-09-014767 Telefonsz\u00e1m: +36 30 235 6552 E-mail: labor@flexdent.hu; job@flexdent.hu Nyilv\u00e1ntart\u00e1sba vev\u0151 hat\u00f3s\u00e1g neve:\u00a0Gy\u0151r-Moson-Sopron Megyei B\u00edr\u00f3s\u00e1g C\u00e9gb\u00edr\u00f3s\u00e1ga A honlap t\u00e1rhelyszolg\u00e1ltat\u00f3ja: Inter.hu KftKontakt szem\u00e9ly: Masszi Tam\u00e1sSz\u00e9khely: 2030 \u00c9rd, Di\u00f3sdi \u00fat 18.E-mail: mt@inter.huWeboldal:\u00a0http:\/\/inter.hu A honlap domain fenntart\u00f3ja: C\u00e9gn\u00e9v: DotRoll Kft. Sz\u00e9khely: 1148 Budapest, Fogarasi \u00fat 3-5. [&hellip;]<\/p>\n","protected":false},"author":4,"featured_media":0,"parent":0,"menu_order":0,"comment_status":"closed","ping_status":"closed","template":"","meta":{"footnotes":""},"class_list":["post-108","page","type-page","status-publish","hentry"],"yoast_head":"<!-- This site is optimized with the Yoast SEO plugin v27.2 - https:\/\/yoast.com\/product\/yoast-seo-wordpress\/ -->\n<title>Impresszum - Flex-Dent<\/title>\n<meta name=\"robots\" content=\"index, follow, max-snippet:-1, max-image-preview:large, max-video-preview:-1\" \/>\n<link rel=\"canonical\" href=\"https:\/\/flexdent.hu\/en\/impresszum\/\" \/>\n<meta property=\"og:locale\" content=\"en_GB\" \/>\n<meta property=\"og:type\" content=\"article\" \/>\n<meta property=\"og:title\" content=\"Impresszum - Flex-Dent\" \/>\n<meta property=\"og:description\" content=\"C\u00e9gn\u00e9v: FLEX-DENT Kft. Sz\u00e9khely: 9200 Mosonmagyar\u00f3v\u00e1r, Pozsonyi utca 11 Ad\u00f3sz\u00e1m: 13915911-2-08 C\u00e9gjegyz\u00e9ksz\u00e1m: 08-09-014767 Telefonsz\u00e1m: +36 30 235 6552 E-mail: labor@flexdent.hu; job@flexdent.hu Nyilv\u00e1ntart\u00e1sba vev\u0151 hat\u00f3s\u00e1g neve:\u00a0Gy\u0151r-Moson-Sopron Megyei B\u00edr\u00f3s\u00e1g C\u00e9gb\u00edr\u00f3s\u00e1ga A honlap t\u00e1rhelyszolg\u00e1ltat\u00f3ja: Inter.hu KftKontakt szem\u00e9ly: Masszi Tam\u00e1sSz\u00e9khely: 2030 \u00c9rd, Di\u00f3sdi \u00fat 18.E-mail: mt@inter.huWeboldal:\u00a0http:\/\/inter.hu A honlap domain fenntart\u00f3ja: C\u00e9gn\u00e9v: DotRoll Kft. Sz\u00e9khely: 1148 Budapest, Fogarasi \u00fat 3-5. [&hellip;]\" \/>\n<meta property=\"og:url\" content=\"https:\/\/flexdent.hu\/en\/impresszum\/\" \/>\n<meta property=\"og:site_name\" content=\"Flex-Dent\" \/>\n<meta property=\"article:publisher\" content=\"https:\/\/www.facebook.com\/flexdent.hu\" \/>\n<meta property=\"article:modified_time\" content=\"2026-03-30T12:25:08+00:00\" \/>\n<meta name=\"twitter:card\" content=\"summary_large_image\" \/>\n<meta name=\"twitter:label1\" content=\"Estimated reading time\" \/>\n\t<meta name=\"twitter:data1\" content=\"1 minute\" \/>\n<script type=\"application\/ld+json\" class=\"yoast-schema-graph\">{\"@context\":\"https:\/\/schema.org\",\"@graph\":[{\"@type\":\"WebPage\",\"@id\":\"https:\/\/flexdent.hu\/impresszum\/\",\"url\":\"https:\/\/flexdent.hu\/impresszum\/\",\"name\":\"Impresszum - Flex-Dent\",\"isPartOf\":{\"@id\":\"https:\/\/flexdent.hu\/#website\"},\"datePublished\":\"2023-08-29T09:47:58+00:00\",\"dateModified\":\"2026-03-30T12:25:08+00:00\",\"breadcrumb\":{\"@id\":\"https:\/\/flexdent.hu\/impresszum\/#breadcrumb\"},\"inLanguage\":\"en-GB\",\"potentialAction\":[{\"@type\":\"ReadAction\",\"target\":[\"https:\/\/flexdent.hu\/impresszum\/\"]}]},{\"@type\":\"BreadcrumbList\",\"@id\":\"https:\/\/flexdent.hu\/impresszum\/#breadcrumb\",\"itemListElement\":[{\"@type\":\"ListItem\",\"position\":1,\"name\":\"Home\",\"item\":\"https:\/\/flexdent.hu\/\"},{\"@type\":\"ListItem\",\"position\":2,\"name\":\"Impresszum\"}]},{\"@type\":\"WebSite\",\"@id\":\"https:\/\/flexdent.hu\/#website\",\"url\":\"https:\/\/flexdent.hu\/\",\"name\":\"Flex-Dent\",\"description\":\"CAD-CAM Fr\u00e9zcentrum - Mosonmagyar\u00f3v\u00e1r\",\"potentialAction\":[{\"@type\":\"SearchAction\",\"target\":{\"@type\":\"EntryPoint\",\"urlTemplate\":\"https:\/\/flexdent.hu\/?s={search_term_string}\"},\"query-input\":{\"@type\":\"PropertyValueSpecification\",\"valueRequired\":true,\"valueName\":\"search_term_string\"}}],\"inLanguage\":\"en-GB\"}]}<\/script>\n<!-- \/ Yoast SEO plugin. -->","yoast_head_json":{"title":"Impresszum - Flex-Dent","robots":{"index":"index","follow":"follow","max-snippet":"max-snippet:-1","max-image-preview":"max-image-preview:large","max-video-preview":"max-video-preview:-1"},"canonical":"https:\/\/flexdent.hu\/en\/impresszum\/","og_locale":"en_GB","og_type":"article","og_title":"Impresszum - Flex-Dent","og_description":"C\u00e9gn\u00e9v: FLEX-DENT Kft. Sz\u00e9khely: 9200 Mosonmagyar\u00f3v\u00e1r, Pozsonyi utca 11 Ad\u00f3sz\u00e1m: 13915911-2-08 C\u00e9gjegyz\u00e9ksz\u00e1m: 08-09-014767 Telefonsz\u00e1m: +36 30 235 6552 E-mail: labor@flexdent.hu; job@flexdent.hu Nyilv\u00e1ntart\u00e1sba vev\u0151 hat\u00f3s\u00e1g neve:\u00a0Gy\u0151r-Moson-Sopron Megyei B\u00edr\u00f3s\u00e1g C\u00e9gb\u00edr\u00f3s\u00e1ga A honlap t\u00e1rhelyszolg\u00e1ltat\u00f3ja: Inter.hu KftKontakt szem\u00e9ly: Masszi Tam\u00e1sSz\u00e9khely: 2030 \u00c9rd, Di\u00f3sdi \u00fat 18.E-mail: mt@inter.huWeboldal:\u00a0http:\/\/inter.hu A honlap domain fenntart\u00f3ja: C\u00e9gn\u00e9v: DotRoll Kft. Sz\u00e9khely: 1148 Budapest, Fogarasi \u00fat 3-5. [&hellip;]","og_url":"https:\/\/flexdent.hu\/en\/impresszum\/","og_site_name":"Flex-Dent","article_publisher":"https:\/\/www.facebook.com\/flexdent.hu","article_modified_time":"2026-03-30T12:25:08+00:00","twitter_card":"summary_large_image","twitter_misc":{"Estimated reading time":"1 minute"},"schema":{"@context":"https:\/\/schema.org","@graph":[{"@type":"WebPage","@id":"https:\/\/flexdent.hu\/impresszum\/","url":"https:\/\/flexdent.hu\/impresszum\/","name":"Impresszum - Flex-Dent","isPartOf":{"@id":"https:\/\/flexdent.hu\/#website"},"datePublished":"2023-08-29T09:47:58+00:00","dateModified":"2026-03-30T12:25:08+00:00","breadcrumb":{"@id":"https:\/\/flexdent.hu\/impresszum\/#breadcrumb"},"inLanguage":"en-GB","potentialAction":[{"@type":"ReadAction","target":["https:\/\/flexdent.hu\/impresszum\/"]}]},{"@type":"BreadcrumbList","@id":"https:\/\/flexdent.hu\/impresszum\/#breadcrumb","itemListElement":[{"@type":"ListItem","position":1,"name":"Home","item":"https:\/\/flexdent.hu\/"},{"@type":"ListItem","position":2,"name":"Impresszum"}]},{"@type":"WebSite","@id":"https:\/\/flexdent.hu\/#website","url":"https:\/\/flexdent.hu\/","name":"Flex-Dent","description":"CAD-CAM Fr\u00e9zcentrum - Mosonmagyar\u00f3v\u00e1r","potentialAction":[{"@type":"SearchAction","target":{"@type":"EntryPoint","urlTemplate":"https:\/\/flexdent.hu\/?s={search_term_string}"},"query-input":{"@type":"PropertyValueSpecification","valueRequired":true,"valueName":"search_term_string"}}],"inLanguage":"en-GB"}]}},"_links":{"self":[{"href":"https:\/\/flexdent.hu\/en\/wp-json\/wp\/v2\/pages\/108","targetHints":{"allow":["GET"]}}],"collection":[{"href":"https:\/\/flexdent.hu\/en\/wp-json\/wp\/v2\/pages"}],"about":[{"href":"https:\/\/flexdent.hu\/en\/wp-json\/wp\/v2\/types\/page"}],"author":[{"embeddable":true,"href":"https:\/\/flexdent.hu\/en\/wp-json\/wp\/v2\/users\/4"}],"replies":[{"embeddable":true,"href":"https:\/\/flexdent.hu\/en\/wp-json\/wp\/v2\/comments?post=108"}],"version-history":[{"count":28,"href":"https:\/\/flexdent.hu\/en\/wp-json\/wp\/v2\/pages\/108\/revisions"}],"predecessor-version":[{"id":2755,"href":"https:\/\/flexdent.hu\/en\/wp-json\/wp\/v2\/pages\/108\/revisions\/2755"}],"wp:attachment":[{"href":"https:\/\/flexdent.hu\/en\/wp-json\/wp\/v2\/media?parent=108"}],"curies":[{"name":"wp","href":"https:\/\/api.w.org\/{rel}","templated":true}]}}