



{"id":105,"date":"2023-08-29T09:47:12","date_gmt":"2023-08-29T09:47:12","guid":{"rendered":"https:\/\/flexdent.hu\/?page_id=105"},"modified":"2023-09-03T09:06:41","modified_gmt":"2023-09-03T09:06:41","slug":"cookie-szabalyzat","status":"publish","type":"page","link":"https:\/\/flexdent.hu\/en\/cookie-szabalyzat\/","title":{"rendered":"Cookie Policy"},"content":{"rendered":"<div data-elementor-type=\"wp-post\" data-elementor-id=\"105\" class=\"elementor elementor-105\" data-elementor-post-type=\"page\">\n\t\t\t\t<div class=\"elementor-element elementor-element-9f6e748 e-flex e-con-boxed e-con e-parent\" data-id=\"9f6e748\" data-element_type=\"container\" data-e-type=\"container\" data-settings=\"{&quot;background_background&quot;:&quot;classic&quot;}\">\n\t\t\t\t\t<div class=\"e-con-inner\">\n\t\t<div class=\"elementor-element elementor-element-8dbe843 e-con-full e-flex e-con e-child\" data-id=\"8dbe843\" data-element_type=\"container\" data-e-type=\"container\">\n\t\t\t\t<div class=\"elementor-element elementor-element-c53cc3a elementor-widget-mobile__width-auto elementor-widget elementor-widget-heading\" data-id=\"c53cc3a\" data-element_type=\"widget\" data-e-type=\"widget\" data-widget_type=\"heading.default\">\n\t\t\t\t<div class=\"elementor-widget-container\">\n\t\t\t\t\t<div class=\"elementor-heading-title elementor-size-default\">Cookie Policy<\/div>\t\t\t\t<\/div>\n\t\t\t\t<\/div>\n\t\t\t\t<\/div>\n\t\t\t\t\t<\/div>\n\t\t\t\t<\/div>\n\t\t<div class=\"elementor-element elementor-element-404178c e-flex e-con-boxed e-con e-parent\" data-id=\"404178c\" data-element_type=\"container\" data-e-type=\"container\">\n\t\t\t\t\t<div class=\"e-con-inner\">\n\t\t\t\t<div class=\"elementor-element elementor-element-39a7619 elementor-widget elementor-widget-text-editor\" data-id=\"39a7619\" data-element_type=\"widget\" data-e-type=\"widget\" data-widget_type=\"text-editor.default\">\n\t\t\t\t<div class=\"elementor-widget-container\">\n\t\t\t\t\t\t\t\t\t<p><b>Cookiek (s\u00fctik) felhaszn\u00e1l\u00e1si politik\u00e1ja \u00e9s hasonl\u00f3 technol\u00f3gi\u00e1k<\/b><\/p>\n\n<p>A jelen szab\u00e1lyzat hat\u00e1lya kiterjed mindazon s\u00fctikre, illet\u0151leg egy\u00e9b technol\u00f3gi\u00e1kra, amelyeket a <b>FLEX-DENT Kft.<\/b> (sz\u00e9khelyc\u00edm: 9200 Mosonmagyar\u00f3v\u00e1r, Pozsonyi utca 11. (Magyarorsz\u00e1g), a tov\u00e1bbiakban: \u201eT\u00e1rsas\u00e1g\u201d) \u00e1ltal \u00fczemeltetett flexdent.hu weboldal \u00e9s alkalmaz\u00e1sok haszn\u00e1lnak.<\/p>\n\n<p><b>1. Mik azok a s\u00fctik \u00e9s hogyan kezelj\u00fck \u0151ket?<\/b><\/p>\n\n<p>A s\u00fctik (cookie-k) olyan kism\u00e9ret\u0171 adatf\u00e1jlok (tov\u00e1bbiakban: s\u00fctik), amelyek a weboldalon kereszt\u00fcl a weboldal haszn\u00e1lat\u00e1val ker\u00fclnek az \u00d6n sz\u00e1m\u00edt\u00f3g\u00e9p\u00e9re \u00fagy, hogy azokat az \u00d6n internetes b\u00f6ng\u00e9sz\u0151je menti le \u00e9s t\u00e1rolja el. A leggyakrabban haszn\u00e1lt internetes b\u00f6ng\u00e9sz\u0151k (Chrome, Firefox, stb.) t\u00f6bbs\u00e9ge alapbe\u00e1ll\u00edt\u00e1sk\u00e9nt elfogadja \u00e9s enged\u00e9lyezi a s\u00fctik let\u00f6lt\u00e9s\u00e9t \u00e9s\nhaszn\u00e1lat\u00e1t, az viszont m\u00e1r \u00d6nt\u0151l f\u00fcgg, hogy a b\u00f6ng\u00e9sz\u0151 be\u00e1ll\u00edt\u00e1sainak m\u00f3dos\u00edt\u00e1s\u00e1val ezeket visszautas\u00edtja vagy letiltja, illetve \u00d6n a m\u00e1r a sz\u00e1m\u00edt\u00f3g\u00e9pen l\u00e9v\u0151 elt\u00e1rolt s\u00fctiket is tudja t\u00f6r\u00f6lni. A s\u00fctik haszn\u00e1lat\u00e1r\u00f3l az egyes b\u00f6ng\u00e9sz\u0151k \u201es\u00fag\u00f3\u201d men\u00fcpontja ny\u00fajt b\u0151vebb t\u00e1j\u00e9koztat\u00e1st.<\/p>\n\n<p>Vannak olyan s\u00fctik, amelyek nem ig\u00e9nylik az \u00d6n el\u0151zetes hozz\u00e1j\u00e1rul\u00e1s\u00e1t. Ezekr\u0151l weblapunk az \u00d6n els\u0151 l\u00e1togat\u00e1s\u00e1nak megkezd\u00e9sekor ad r\u00f6vid t\u00e1j\u00e9koztat\u00e1st, ilyenek p\u00e9ld\u00e1ul a hiteles\u00edt\u00e9si, multim\u00e9dia-lej\u00e1tsz\u00f3, terhel\u00e9skiegyenl\u00edt\u0151, a felhaszn\u00e1l\u00f3i fel\u00fclet testreszab\u00e1s\u00e1t seg\u00edt\u0151 munkamenet-s\u00fctik, valamint a felhaszn\u00e1l\u00f3-k\u00f6zpont\u00fa biztons\u00e1gi s\u00fctik.<\/p>\n\n<p>A hozz\u00e1j\u00e1rul\u00e1st ig\u00e9nyl\u0151 s\u00fctikr\u0151l \u2013 amennyiben az adatkezel\u00e9s m\u00e1r az oldal felkeres\u00e9s\u00e9vel megkezd\u0151dik \u2013 a T\u00e1rsas\u00e1gunk az els\u0151 l\u00e1togat\u00e1s megkezd\u00e9sekor t\u00e1j\u00e9koztatja \u00d6nt \u00e9s k\u00e9rj\u00fck az \u00d6n hozz\u00e1j\u00e1rul\u00e1s\u00e1t.<\/p>\n\n<p>T\u00e1rsas\u00e1gunk nem alkalmaz \u00e9s nem is enged\u00e9lyez olyan s\u00fctiket, amelyek seg\u00edts\u00e9g\u00e9vel harmadik szem\u00e9lyek az \u00d6n hozz\u00e1j\u00e1rul\u00e1sa n\u00e9lk\u00fcl adatot gy\u0171jthetnek.<\/p>\n\n<p>A s\u00fctik elfogad\u00e1sa nem k\u00f6telez\u0151, a T\u00e1rsas\u00e1gunk azonban nem v\u00e1llal az\u00e9rt felel\u0151ss\u00e9get, ha s\u00fctik enged\u00e9lyez\u00e9se hi\u00e1ny\u00e1ban a weblapunk esetleg nem az elv\u00e1rt m\u00f3don m\u0171k\u00f6dik.<\/p>\n\n<p><b>2. Milyen s\u00fctiket haszn\u00e1lunk?<\/b><\/p>\n\n<p>a) rendszer s\u00fctik:<\/p>\n\n<ul>\n<li>hozz\u00e1j\u00e1rul\u00e1st ig\u00e9nyel: NEM;<\/li>\n<li>le\u00edr\u00e1s: a webes alkalmaz\u00e1s t\u0171zfal\u00e1nak session s\u00fctije, amely a kereszthivatkoz\u00e1sok elleni vissza\u00e9l\u00e9s megel\u0151z\u00e9s\u00e9re szolg\u00e1l;<\/li>\n<li>c\u00e9lja: honlap m\u0171k\u00f6d\u00e9s\u00e9nek biztos\u00edt\u00e1sa;<\/li>\n<li>\u00e9rv\u00e9nyess\u00e9gi id\u0151: b\u00f6ng\u00e9sz\u0151 session v\u00e9ge.<\/li>\n<\/ul>\n\n<p>b) nyomk\u00f6vet\u0151 s\u00fcti<\/p>\n\n<ul>\n<li>hozz\u00e1j\u00e1rul\u00e1st ig\u00e9nyel: IGEN;<\/li>\n<li>le\u00edr\u00e1s: szem\u00e9lyre szab\u00e1shoz;<\/li>\n<li>c\u00e9lja: \u00d6n be\u00e1ll\u00edt\u00e1sainak megjegyz\u00e9se \u00e1ltal szolg\u00e1ltat\u00e1sunk hat\u00e9konys\u00e1g\u00e1nak n\u00f6vel\u00e9se;<\/li>\n<li>\u00e9rv\u00e9nyess\u00e9gi id\u0151: 90 nap.<\/li>\n<\/ul>\n\n\n<p>c) nyomk\u00f6vet\u0151 s\u00fcti (harmadik f\u00e9lt\u0151l sz\u00e1rmaz\u00f3)<\/p>\n<ul>\n<li>hozz\u00e1j\u00e1rul\u00e1st ig\u00e9nyel: NEM;<\/li>\n<li>le\u00edr\u00e1s: \u00faj session-\u00f6k \u00e9s l\u00e1togat\u00f3k azonos\u00edt\u00e1s\u00e1ra, a Google Analytics webes nyomk\u00f6vet\u0151 szolg\u00e1ltat\u00e1s ment le;<\/li>\n<li>c\u00e9lja: a weboldal l\u00e1togat\u00e1sa sor\u00e1n harmadik szem\u00e9lyek (pl. Google) szolg\u00e1ltat\u00e1saihoz kapcsol\u00f3dik;<\/li>\n<li>\u00e9rv\u00e9nyess\u00e9gi id\u0151: 90 nap.<\/li>\n<\/ul>\n\n<p><b>3. Hol t\u00f6rt\u00e9nik meg a t\u00e1j\u00e9koztat\u00e1s \u00e9s a hozz\u00e1j\u00e1rul\u00e1s a s\u00fcti kezel\u00e9ssel kapcsolatban?<\/b><\/p>\n\n<p>Amikor a T\u00e1rsas\u00e1gunk weblapj\u00e1t els\u0151 alkalommal l\u00e1togatja meg, akkor egy pop-up (felugr\u00f3) ablak jelenik meg a k\u00e9perny\u0151 k\u00f6zep\u00e9n, amely t\u00e1j\u00e9koztatja \u00d6nt arr\u00f3l, hogy a T\u00e1rsas\u00e1g milyen s\u00fctiket alkalmaz, \u00e9s itt van m\u00f3d az \u00d6n hozz\u00e1j\u00e1rul\u00e1s\u00e1nak megad\u00e1s\u00e1ra. Ezen t\u00e1j\u00e9koztat\u00f3 ablak tartalmaz egy linket jelen cookie t\u00e1j\u00e9koztat\u00f3hoz is.<\/p>\n\n<p><b>4. \u00c1ltal\u00e1nos t\u00e1j\u00e9koztat\u00f3 a harmadik f\u00e9lt\u0151l sz\u00e1rmaz\u00f3 s\u00fctikr\u0151l (third party cookie):<\/b><\/p>\n\n<p><a href=\"https:\/\/policies.google.com\/technologies\/types?hl=hu\">https:\/\/policies.google.com\/technologies\/types?hl=hu<\/a><\/p>\n\n<p><a href=\"https:\/\/www.allaboutcookies.org\/\">https:\/\/www.allaboutcookies.org\/<\/a> (angol nyelven)<\/p>\n\n<p><b>5.Kihez fordulhatok, ha a s\u00fctik kezel\u00e9ssel kapcsolatos k\u00e9rd\u00e9seim vannak?<\/b><\/p>\n\n<p>K\u00f6zvetlen\u00fcl T\u00e1rsas\u00e1gunkhoz a <a href=\"mailto:labor@flexdent.hu\">labor@flexdent.hu<\/a> elektronikus c\u00edmen.<\/p>\t\t\t\t\t\t\t\t<\/div>\n\t\t\t\t<\/div>\n\t\t\t\t\t<\/div>\n\t\t\t\t<\/div>\n\t\t\t\t<\/div>","protected":false},"excerpt":{"rendered":"<p>Cookiek (s\u00fctik) felhaszn\u00e1l\u00e1si politik\u00e1ja \u00e9s hasonl\u00f3 technol\u00f3gi\u00e1k A jelen szab\u00e1lyzat hat\u00e1lya kiterjed mindazon s\u00fctikre, illet\u0151leg egy\u00e9b technol\u00f3gi\u00e1kra, amelyeket a FLEX-DENT Kft. (sz\u00e9khelyc\u00edm: 9200 Mosonmagyar\u00f3v\u00e1r, Pozsonyi utca 11. (Magyarorsz\u00e1g), a tov\u00e1bbiakban: \u201eT\u00e1rsas\u00e1g\u201d) \u00e1ltal \u00fczemeltetett flexdent.hu weboldal \u00e9s alkalmaz\u00e1sok haszn\u00e1lnak. 1. Mik azok a s\u00fctik \u00e9s hogyan kezelj\u00fck \u0151ket? A s\u00fctik (cookie-k) olyan kism\u00e9ret\u0171 adatf\u00e1jlok (tov\u00e1bbiakban: s\u00fctik), [&hellip;]<\/p>\n","protected":false},"author":4,"featured_media":0,"parent":0,"menu_order":0,"comment_status":"closed","ping_status":"closed","template":"","meta":{"footnotes":""},"class_list":["post-105","page","type-page","status-publish","hentry"],"yoast_head":"<!-- This site is optimized with the Yoast SEO plugin v27.2 - https:\/\/yoast.com\/product\/yoast-seo-wordpress\/ -->\n<title>Cookie Szab\u00e1lyzat - Flex-Dent<\/title>\n<meta name=\"robots\" content=\"index, follow, max-snippet:-1, max-image-preview:large, max-video-preview:-1\" \/>\n<link rel=\"canonical\" href=\"https:\/\/flexdent.hu\/en\/cookie-szabalyzat\/\" \/>\n<meta property=\"og:locale\" content=\"en_GB\" \/>\n<meta property=\"og:type\" content=\"article\" \/>\n<meta property=\"og:title\" content=\"Cookie Szab\u00e1lyzat - Flex-Dent\" \/>\n<meta property=\"og:description\" content=\"Cookiek (s\u00fctik) felhaszn\u00e1l\u00e1si politik\u00e1ja \u00e9s hasonl\u00f3 technol\u00f3gi\u00e1k A jelen szab\u00e1lyzat hat\u00e1lya kiterjed mindazon s\u00fctikre, illet\u0151leg egy\u00e9b technol\u00f3gi\u00e1kra, amelyeket a FLEX-DENT Kft. (sz\u00e9khelyc\u00edm: 9200 Mosonmagyar\u00f3v\u00e1r, Pozsonyi utca 11. (Magyarorsz\u00e1g), a tov\u00e1bbiakban: \u201eT\u00e1rsas\u00e1g\u201d) \u00e1ltal \u00fczemeltetett flexdent.hu weboldal \u00e9s alkalmaz\u00e1sok haszn\u00e1lnak. 1. Mik azok a s\u00fctik \u00e9s hogyan kezelj\u00fck \u0151ket? A s\u00fctik (cookie-k) olyan kism\u00e9ret\u0171 adatf\u00e1jlok (tov\u00e1bbiakban: s\u00fctik), [&hellip;]\" \/>\n<meta property=\"og:url\" content=\"https:\/\/flexdent.hu\/en\/cookie-szabalyzat\/\" \/>\n<meta property=\"og:site_name\" content=\"Flex-Dent\" \/>\n<meta property=\"article:publisher\" content=\"https:\/\/www.facebook.com\/flexdent.hu\" \/>\n<meta property=\"article:modified_time\" content=\"2023-09-03T09:06:41+00:00\" \/>\n<meta name=\"twitter:card\" content=\"summary_large_image\" \/>\n<meta name=\"twitter:label1\" content=\"Estimated reading time\" \/>\n\t<meta name=\"twitter:data1\" content=\"4 minutes\" \/>\n<script type=\"application\/ld+json\" class=\"yoast-schema-graph\">{\"@context\":\"https:\/\/schema.org\",\"@graph\":[{\"@type\":\"WebPage\",\"@id\":\"https:\/\/flexdent.hu\/cookie-szabalyzat\/\",\"url\":\"https:\/\/flexdent.hu\/cookie-szabalyzat\/\",\"name\":\"Cookie Szab\u00e1lyzat - Flex-Dent\",\"isPartOf\":{\"@id\":\"https:\/\/flexdent.hu\/#website\"},\"datePublished\":\"2023-08-29T09:47:12+00:00\",\"dateModified\":\"2023-09-03T09:06:41+00:00\",\"breadcrumb\":{\"@id\":\"https:\/\/flexdent.hu\/cookie-szabalyzat\/#breadcrumb\"},\"inLanguage\":\"en-GB\",\"potentialAction\":[{\"@type\":\"ReadAction\",\"target\":[\"https:\/\/flexdent.hu\/cookie-szabalyzat\/\"]}]},{\"@type\":\"BreadcrumbList\",\"@id\":\"https:\/\/flexdent.hu\/cookie-szabalyzat\/#breadcrumb\",\"itemListElement\":[{\"@type\":\"ListItem\",\"position\":1,\"name\":\"Home\",\"item\":\"https:\/\/flexdent.hu\/\"},{\"@type\":\"ListItem\",\"position\":2,\"name\":\"Cookie Szab\u00e1lyzat\"}]},{\"@type\":\"WebSite\",\"@id\":\"https:\/\/flexdent.hu\/#website\",\"url\":\"https:\/\/flexdent.hu\/\",\"name\":\"Flex-Dent\",\"description\":\"CAD-CAM Fr\u00e9zcentrum - Mosonmagyar\u00f3v\u00e1r\",\"potentialAction\":[{\"@type\":\"SearchAction\",\"target\":{\"@type\":\"EntryPoint\",\"urlTemplate\":\"https:\/\/flexdent.hu\/?s={search_term_string}\"},\"query-input\":{\"@type\":\"PropertyValueSpecification\",\"valueRequired\":true,\"valueName\":\"search_term_string\"}}],\"inLanguage\":\"en-GB\"}]}<\/script>\n<!-- \/ Yoast SEO plugin. -->","yoast_head_json":{"title":"Cookie Szab\u00e1lyzat - Flex-Dent","robots":{"index":"index","follow":"follow","max-snippet":"max-snippet:-1","max-image-preview":"max-image-preview:large","max-video-preview":"max-video-preview:-1"},"canonical":"https:\/\/flexdent.hu\/en\/cookie-szabalyzat\/","og_locale":"en_GB","og_type":"article","og_title":"Cookie Szab\u00e1lyzat - Flex-Dent","og_description":"Cookiek (s\u00fctik) felhaszn\u00e1l\u00e1si politik\u00e1ja \u00e9s hasonl\u00f3 technol\u00f3gi\u00e1k A jelen szab\u00e1lyzat hat\u00e1lya kiterjed mindazon s\u00fctikre, illet\u0151leg egy\u00e9b technol\u00f3gi\u00e1kra, amelyeket a FLEX-DENT Kft. (sz\u00e9khelyc\u00edm: 9200 Mosonmagyar\u00f3v\u00e1r, Pozsonyi utca 11. (Magyarorsz\u00e1g), a tov\u00e1bbiakban: \u201eT\u00e1rsas\u00e1g\u201d) \u00e1ltal \u00fczemeltetett flexdent.hu weboldal \u00e9s alkalmaz\u00e1sok haszn\u00e1lnak. 1. Mik azok a s\u00fctik \u00e9s hogyan kezelj\u00fck \u0151ket? A s\u00fctik (cookie-k) olyan kism\u00e9ret\u0171 adatf\u00e1jlok (tov\u00e1bbiakban: s\u00fctik), [&hellip;]","og_url":"https:\/\/flexdent.hu\/en\/cookie-szabalyzat\/","og_site_name":"Flex-Dent","article_publisher":"https:\/\/www.facebook.com\/flexdent.hu","article_modified_time":"2023-09-03T09:06:41+00:00","twitter_card":"summary_large_image","twitter_misc":{"Estimated reading time":"4 minutes"},"schema":{"@context":"https:\/\/schema.org","@graph":[{"@type":"WebPage","@id":"https:\/\/flexdent.hu\/cookie-szabalyzat\/","url":"https:\/\/flexdent.hu\/cookie-szabalyzat\/","name":"Cookie Szab\u00e1lyzat - Flex-Dent","isPartOf":{"@id":"https:\/\/flexdent.hu\/#website"},"datePublished":"2023-08-29T09:47:12+00:00","dateModified":"2023-09-03T09:06:41+00:00","breadcrumb":{"@id":"https:\/\/flexdent.hu\/cookie-szabalyzat\/#breadcrumb"},"inLanguage":"en-GB","potentialAction":[{"@type":"ReadAction","target":["https:\/\/flexdent.hu\/cookie-szabalyzat\/"]}]},{"@type":"BreadcrumbList","@id":"https:\/\/flexdent.hu\/cookie-szabalyzat\/#breadcrumb","itemListElement":[{"@type":"ListItem","position":1,"name":"Home","item":"https:\/\/flexdent.hu\/"},{"@type":"ListItem","position":2,"name":"Cookie Szab\u00e1lyzat"}]},{"@type":"WebSite","@id":"https:\/\/flexdent.hu\/#website","url":"https:\/\/flexdent.hu\/","name":"Flex-Dent","description":"CAD-CAM Fr\u00e9zcentrum - Mosonmagyar\u00f3v\u00e1r","potentialAction":[{"@type":"SearchAction","target":{"@type":"EntryPoint","urlTemplate":"https:\/\/flexdent.hu\/?s={search_term_string}"},"query-input":{"@type":"PropertyValueSpecification","valueRequired":true,"valueName":"search_term_string"}}],"inLanguage":"en-GB"}]}},"_links":{"self":[{"href":"https:\/\/flexdent.hu\/en\/wp-json\/wp\/v2\/pages\/105","targetHints":{"allow":["GET"]}}],"collection":[{"href":"https:\/\/flexdent.hu\/en\/wp-json\/wp\/v2\/pages"}],"about":[{"href":"https:\/\/flexdent.hu\/en\/wp-json\/wp\/v2\/types\/page"}],"author":[{"embeddable":true,"href":"https:\/\/flexdent.hu\/en\/wp-json\/wp\/v2\/users\/4"}],"replies":[{"embeddable":true,"href":"https:\/\/flexdent.hu\/en\/wp-json\/wp\/v2\/comments?post=105"}],"version-history":[{"count":23,"href":"https:\/\/flexdent.hu\/en\/wp-json\/wp\/v2\/pages\/105\/revisions"}],"predecessor-version":[{"id":710,"href":"https:\/\/flexdent.hu\/en\/wp-json\/wp\/v2\/pages\/105\/revisions\/710"}],"wp:attachment":[{"href":"https:\/\/flexdent.hu\/en\/wp-json\/wp\/v2\/media?parent=105"}],"curies":[{"name":"wp","href":"https:\/\/api.w.org\/{rel}","templated":true}]}}